{"id":423236,"date":"2026-02-10T15:07:01","date_gmt":"2026-02-10T13:07:01","guid":{"rendered":"https:\/\/lartusihome.com\/product\/rosemary-mint-magnum-candle-1500g\/"},"modified":"2026-02-10T16:52:49","modified_gmt":"2026-02-10T14:52:49","slug":"rosemary-mint-magnum-candle-1500g","status":"publish","type":"product","link":"https:\/\/lartusihome.com\/et\/toode\/rosemary-mint-magnum-candle-1500g\/","title":{"rendered":"Rosemary &#038; Mint Magnum k\u00fc\u00fcnal"},"content":{"rendered":"<p>Naturaalne sojavaha segu<\/p>\n<p>1500 grammi<\/p>\n<p>K\u00f5rgus\u00a0 18,5 cm<\/p>\n<p>5 puhtast puuvillast tahti<\/p>\n<p>Elegantne vaas metallikv\u00e4rviga<\/p>\n<p>Kvaliteetne, vetth\u00fclgav ja UV-kindel taastatud nahast silt<\/p>\n<p>Tipunoodid: sidrun, musts\u00f5star, t\u00fc\u00fcmian<\/p>\n<p>Keskmised noodid: rabarber, rosmariin, piparm\u00fcndilehed<\/p>\n<p>P\u00f5hinoodid: k\u00fcpress, viigileht, kask<\/p>\n<p>Kasutage k\u00fc\u00fcnalt v\u00e4hemalt 1 tund ja maksimaalselt 4 tundi j\u00e4rjest; l\u00f5igake taht 1 cm pikkuseks<\/p>\n<p>Eeldatav p\u00f5lemisaeg: 120 tundi<\/p>\n","protected":false},"excerpt":{"rendered":"<p>Naturaalne sojavaha segu 1500 grammi K\u00f5rgus\u00a0 18,5 cm 5 puhtast puuvillast tahti Elegantne vaas metallikv\u00e4rviga Kvaliteetne, vetth\u00fclgav ja UV-kindel taastatud nahast silt Tipunoodid: sidrun, musts\u00f5star, t\u00fc\u00fcmian Keskmised noodid: rabarber, rosmariin, piparm\u00fcndilehed P\u00f5hinoodid: k\u00fcpress, viigileht, kask Kasutage k\u00fc\u00fcnalt v\u00e4hemalt 1 tund ja maksimaalselt 4 tundi j\u00e4rjest; l\u00f5igake taht 1 cm pikkuseks Eeldatav p\u00f5lemisaeg: 120 tundi<\/p>\n","protected":false},"featured_media":423232,"template":"","meta":{"_acf_changed":false,"inline_featured_image":false},"product_cat":[2965,4365,1281],"product_tag":[],"giftcard-category":[],"class_list":{"0":"post-423236","1":"product","2":"type-product","3":"status-publish","4":"has-post-thumbnail","6":"product_cat-uus","7":"product_cat-aksessuaarid","8":"product_cat-kuunlad","9":"pa_brand-pernici-et","10":"pa_collection-magnum","12":"first","13":"instock","14":"shipping-taxable","15":"purchasable","16":"product-type-simple"},"acf":[],"yoast_head":"<!-- This site is optimized with the Yoast SEO plugin v25.6 - https:\/\/yoast.com\/wordpress\/plugins\/seo\/ -->\n<title>Rosemary &amp; Mint Magnum k\u00fc\u00fcnal - Lartusihome.com<\/title>\n<meta name=\"robots\" content=\"index, follow, max-snippet:-1, max-image-preview:large, max-video-preview:-1\" \/>\n<link rel=\"canonical\" href=\"https:\/\/lartusihome.com\/et\/toode\/rosemary-mint-magnum-candle-1500g\/\" \/>\n<meta property=\"og:locale\" content=\"et_EE\" \/>\n<meta property=\"og:type\" content=\"article\" \/>\n<meta property=\"og:title\" content=\"Rosemary &amp; Mint Magnum k\u00fc\u00fcnal - Lartusihome.com\" \/>\n<meta property=\"og:description\" content=\"Naturaalne sojavaha segu 1500 grammi K\u00f5rgus\u00a0 18,5 cm 5 puhtast puuvillast tahti Elegantne vaas metallikv\u00e4rviga Kvaliteetne, vetth\u00fclgav ja UV-kindel taastatud nahast silt Tipunoodid: sidrun, musts\u00f5star, t\u00fc\u00fcmian Keskmised noodid: rabarber, rosmariin, piparm\u00fcndilehed P\u00f5hinoodid: k\u00fcpress, viigileht, kask Kasutage k\u00fc\u00fcnalt v\u00e4hemalt 1 tund ja maksimaalselt 4 tundi j\u00e4rjest; l\u00f5igake taht 1 cm pikkuseks Eeldatav p\u00f5lemisaeg: 120 tundi\" \/>\n<meta property=\"og:url\" content=\"https:\/\/lartusihome.com\/et\/toode\/rosemary-mint-magnum-candle-1500g\/\" \/>\n<meta property=\"og:site_name\" content=\"Lartusihome.com\" \/>\n<meta property=\"article:publisher\" content=\"https:\/\/www.facebook.com\/lartusihome\/\" \/>\n<meta property=\"article:modified_time\" content=\"2026-02-10T14:52:49+00:00\" \/>\n<meta property=\"og:image\" content=\"https:\/\/lartusihome.com\/wp-content\/uploads\/2026\/02\/102.1501_1-2.jpg\" \/>\n\t<meta property=\"og:image:width\" content=\"2000\" \/>\n\t<meta property=\"og:image:height\" content=\"2000\" \/>\n\t<meta property=\"og:image:type\" content=\"image\/jpeg\" \/>\n<meta name=\"twitter:card\" content=\"summary_large_image\" \/>\n<meta name=\"twitter:label1\" content=\"Est. reading time\" \/>\n\t<meta name=\"twitter:data1\" content=\"1 minut\" \/>\n<script type=\"application\/ld+json\" class=\"yoast-schema-graph\">{\"@context\":\"https:\/\/schema.org\",\"@graph\":[{\"@type\":\"WebPage\",\"@id\":\"https:\/\/lartusihome.com\/et\/toode\/rosemary-mint-magnum-candle-1500g\/\",\"url\":\"https:\/\/lartusihome.com\/et\/toode\/rosemary-mint-magnum-candle-1500g\/\",\"name\":\"Rosemary & Mint Magnum k\u00fc\u00fcnal - Lartusihome.com\",\"isPartOf\":{\"@id\":\"https:\/\/lartusihome.com\/et\/#website\"},\"primaryImageOfPage\":{\"@id\":\"https:\/\/lartusihome.com\/et\/toode\/rosemary-mint-magnum-candle-1500g\/#primaryimage\"},\"image\":{\"@id\":\"https:\/\/lartusihome.com\/et\/toode\/rosemary-mint-magnum-candle-1500g\/#primaryimage\"},\"thumbnailUrl\":\"https:\/\/lartusihome.com\/wp-content\/uploads\/2026\/02\/102.1501_1-2.jpg\",\"datePublished\":\"2026-02-10T13:07:01+00:00\",\"dateModified\":\"2026-02-10T14:52:49+00:00\",\"breadcrumb\":{\"@id\":\"https:\/\/lartusihome.com\/et\/toode\/rosemary-mint-magnum-candle-1500g\/#breadcrumb\"},\"inLanguage\":\"et\",\"potentialAction\":[{\"@type\":\"ReadAction\",\"target\":[\"https:\/\/lartusihome.com\/et\/toode\/rosemary-mint-magnum-candle-1500g\/\"]}]},{\"@type\":\"ImageObject\",\"inLanguage\":\"et\",\"@id\":\"https:\/\/lartusihome.com\/et\/toode\/rosemary-mint-magnum-candle-1500g\/#primaryimage\",\"url\":\"https:\/\/lartusihome.com\/wp-content\/uploads\/2026\/02\/102.1501_1-2.jpg\",\"contentUrl\":\"https:\/\/lartusihome.com\/wp-content\/uploads\/2026\/02\/102.1501_1-2.jpg\",\"width\":2000,\"height\":2000},{\"@type\":\"BreadcrumbList\",\"@id\":\"https:\/\/lartusihome.com\/et\/toode\/rosemary-mint-magnum-candle-1500g\/#breadcrumb\",\"itemListElement\":[{\"@type\":\"ListItem\",\"position\":1,\"name\":\"Home\",\"item\":\"https:\/\/lartusihome.com\/et\/\"},{\"@type\":\"ListItem\",\"position\":2,\"name\":\"Pood\",\"item\":\"https:\/\/lartusihome.com\/et\/pood\/\"},{\"@type\":\"ListItem\",\"position\":3,\"name\":\"Rosemary &#038; Mint Magnum k\u00fc\u00fcnal\"}]},{\"@type\":\"WebSite\",\"@id\":\"https:\/\/lartusihome.com\/et\/#website\",\"url\":\"https:\/\/lartusihome.com\/et\/\",\"name\":\"Lartusihome.com\",\"description\":\"Kodu \/ sisustus\",\"potentialAction\":[{\"@type\":\"SearchAction\",\"target\":{\"@type\":\"EntryPoint\",\"urlTemplate\":\"https:\/\/lartusihome.com\/et\/?s={search_term_string}\"},\"query-input\":{\"@type\":\"PropertyValueSpecification\",\"valueRequired\":true,\"valueName\":\"search_term_string\"}}],\"inLanguage\":\"et\"}]}<\/script>\n<!-- \/ Yoast SEO plugin. -->","yoast_head_json":{"title":"Rosemary & Mint Magnum k\u00fc\u00fcnal - Lartusihome.com","robots":{"index":"index","follow":"follow","max-snippet":"max-snippet:-1","max-image-preview":"max-image-preview:large","max-video-preview":"max-video-preview:-1"},"canonical":"https:\/\/lartusihome.com\/et\/toode\/rosemary-mint-magnum-candle-1500g\/","og_locale":"et_EE","og_type":"article","og_title":"Rosemary & Mint Magnum k\u00fc\u00fcnal - Lartusihome.com","og_description":"Naturaalne sojavaha segu 1500 grammi K\u00f5rgus\u00a0 18,5 cm 5 puhtast puuvillast tahti Elegantne vaas metallikv\u00e4rviga Kvaliteetne, vetth\u00fclgav ja UV-kindel taastatud nahast silt Tipunoodid: sidrun, musts\u00f5star, t\u00fc\u00fcmian Keskmised noodid: rabarber, rosmariin, piparm\u00fcndilehed P\u00f5hinoodid: k\u00fcpress, viigileht, kask Kasutage k\u00fc\u00fcnalt v\u00e4hemalt 1 tund ja maksimaalselt 4 tundi j\u00e4rjest; l\u00f5igake taht 1 cm pikkuseks Eeldatav p\u00f5lemisaeg: 120 tundi","og_url":"https:\/\/lartusihome.com\/et\/toode\/rosemary-mint-magnum-candle-1500g\/","og_site_name":"Lartusihome.com","article_publisher":"https:\/\/www.facebook.com\/lartusihome\/","article_modified_time":"2026-02-10T14:52:49+00:00","og_image":[{"width":2000,"height":2000,"url":"https:\/\/lartusihome.com\/wp-content\/uploads\/2026\/02\/102.1501_1-2.jpg","type":"image\/jpeg"}],"twitter_card":"summary_large_image","twitter_misc":{"Est. reading time":"1 minut"},"schema":{"@context":"https:\/\/schema.org","@graph":[{"@type":"WebPage","@id":"https:\/\/lartusihome.com\/et\/toode\/rosemary-mint-magnum-candle-1500g\/","url":"https:\/\/lartusihome.com\/et\/toode\/rosemary-mint-magnum-candle-1500g\/","name":"Rosemary & Mint Magnum k\u00fc\u00fcnal - Lartusihome.com","isPartOf":{"@id":"https:\/\/lartusihome.com\/et\/#website"},"primaryImageOfPage":{"@id":"https:\/\/lartusihome.com\/et\/toode\/rosemary-mint-magnum-candle-1500g\/#primaryimage"},"image":{"@id":"https:\/\/lartusihome.com\/et\/toode\/rosemary-mint-magnum-candle-1500g\/#primaryimage"},"thumbnailUrl":"https:\/\/lartusihome.com\/wp-content\/uploads\/2026\/02\/102.1501_1-2.jpg","datePublished":"2026-02-10T13:07:01+00:00","dateModified":"2026-02-10T14:52:49+00:00","breadcrumb":{"@id":"https:\/\/lartusihome.com\/et\/toode\/rosemary-mint-magnum-candle-1500g\/#breadcrumb"},"inLanguage":"et","potentialAction":[{"@type":"ReadAction","target":["https:\/\/lartusihome.com\/et\/toode\/rosemary-mint-magnum-candle-1500g\/"]}]},{"@type":"ImageObject","inLanguage":"et","@id":"https:\/\/lartusihome.com\/et\/toode\/rosemary-mint-magnum-candle-1500g\/#primaryimage","url":"https:\/\/lartusihome.com\/wp-content\/uploads\/2026\/02\/102.1501_1-2.jpg","contentUrl":"https:\/\/lartusihome.com\/wp-content\/uploads\/2026\/02\/102.1501_1-2.jpg","width":2000,"height":2000},{"@type":"BreadcrumbList","@id":"https:\/\/lartusihome.com\/et\/toode\/rosemary-mint-magnum-candle-1500g\/#breadcrumb","itemListElement":[{"@type":"ListItem","position":1,"name":"Home","item":"https:\/\/lartusihome.com\/et\/"},{"@type":"ListItem","position":2,"name":"Pood","item":"https:\/\/lartusihome.com\/et\/pood\/"},{"@type":"ListItem","position":3,"name":"Rosemary &#038; Mint Magnum k\u00fc\u00fcnal"}]},{"@type":"WebSite","@id":"https:\/\/lartusihome.com\/et\/#website","url":"https:\/\/lartusihome.com\/et\/","name":"Lartusihome.com","description":"Kodu \/ sisustus","potentialAction":[{"@type":"SearchAction","target":{"@type":"EntryPoint","urlTemplate":"https:\/\/lartusihome.com\/et\/?s={search_term_string}"},"query-input":{"@type":"PropertyValueSpecification","valueRequired":true,"valueName":"search_term_string"}}],"inLanguage":"et"}]}},"_links":{"self":[{"href":"https:\/\/lartusihome.com\/et\/wp-json\/wp\/v2\/product\/423236"}],"collection":[{"href":"https:\/\/lartusihome.com\/et\/wp-json\/wp\/v2\/product"}],"about":[{"href":"https:\/\/lartusihome.com\/et\/wp-json\/wp\/v2\/types\/product"}],"wp:featuredmedia":[{"embeddable":true,"href":"https:\/\/lartusihome.com\/et\/wp-json\/wp\/v2\/media\/423232"}],"wp:attachment":[{"href":"https:\/\/lartusihome.com\/et\/wp-json\/wp\/v2\/media?parent=423236"}],"wp:term":[{"taxonomy":"product_cat","embeddable":true,"href":"https:\/\/lartusihome.com\/et\/wp-json\/wp\/v2\/product_cat?post=423236"},{"taxonomy":"product_tag","embeddable":true,"href":"https:\/\/lartusihome.com\/et\/wp-json\/wp\/v2\/product_tag?post=423236"},{"taxonomy":"giftcard-category","embeddable":true,"href":"https:\/\/lartusihome.com\/et\/wp-json\/wp\/v2\/giftcard-category?post=423236"}],"curies":[{"name":"wp","href":"https:\/\/api.w.org\/{rel}","templated":true}]}}