{"id":419557,"date":"2025-11-18T13:58:25","date_gmt":"2025-11-18T11:58:25","guid":{"rendered":"https:\/\/lartusihome.com\/product\/wire-rack-chrome\/"},"modified":"2025-11-18T14:02:57","modified_gmt":"2025-11-18T12:02:57","slug":"wire-rack-chrome","status":"publish","type":"product","link":"https:\/\/lartusihome.com\/et\/toode\/wire-rack-chrome\/","title":{"rendered":"Wire riiul, kroom"},"content":{"rendered":"<p>Wire riiul on mitmek\u00fclgne hoiustamislahendus t\u00f6\u00f6stusliku tunnetusega. Seda saab paigaldada seinale v\u00f5i asetada otse p\u00f5randale, s\u00f5ltuvalt teie ruumist ja vajadustest. Kasutage seda esikus jalatsite jaoks, k\u00f6\u00f6gitarvikute hoiustamiseks v\u00f5i vannitoas r\u00e4tikute jaoks.<\/p>\n<p>Wire riiul toimib suurep\u00e4raselt iseseisvana, kuid riiuleid saab ka kombineerida, et luua suurem ja silmapaistvam hoiustamislahendus.<\/p>\n<p>Laius: 26 cm<\/p>\n<p>Pikkus: 70,5 cm<\/p>\n<p>K\u00f5rgus: 31 cm<\/p>\n<p>Materjal: metall<\/p>\n<p>&nbsp;<\/p>\n","protected":false},"excerpt":{"rendered":"<p>Wire riiul on mitmek\u00fclgne hoiustamislahendus t\u00f6\u00f6stusliku tunnetusega. Seda saab paigaldada seinale v\u00f5i asetada otse p\u00f5randale, s\u00f5ltuvalt teie ruumist ja vajadustest. Kasutage seda esikus jalatsite jaoks, k\u00f6\u00f6gitarvikute hoiustamiseks v\u00f5i vannitoas r\u00e4tikute jaoks. Wire riiul toimib suurep\u00e4raselt iseseisvana, kuid riiuleid saab ka kombineerida, et luua suurem ja silmapaistvam hoiustamislahendus. Laius: 26 cm Pikkus: 70,5 cm K\u00f5rgus: 31&hellip;<\/p>\n","protected":false},"featured_media":419542,"template":"","meta":{"_acf_changed":false,"inline_featured_image":false},"product_cat":[24850,24852,5273],"product_tag":[],"giftcard-category":[],"class_list":{"0":"post-419557","1":"product","2":"type-product","3":"status-publish","4":"has-post-thumbnail","6":"product_cat-kapid-ja-riiulid","7":"product_cat-riiulid-et","8":"product_cat-moobel","9":"pa_brand-mette-ditmer","10":"pa_collection-wire","12":"first","13":"instock","14":"shipping-taxable","15":"purchasable","16":"product-type-simple"},"acf":[],"yoast_head":"<!-- This site is optimized with the Yoast SEO plugin v25.6 - https:\/\/yoast.com\/wordpress\/plugins\/seo\/ -->\n<title>Wire riiul, kroom - Lartusihome.com<\/title>\n<meta name=\"robots\" content=\"index, follow, max-snippet:-1, max-image-preview:large, max-video-preview:-1\" \/>\n<link rel=\"canonical\" href=\"https:\/\/lartusihome.com\/et\/toode\/wire-rack-chrome\/\" \/>\n<meta property=\"og:locale\" content=\"et_EE\" \/>\n<meta property=\"og:type\" content=\"article\" \/>\n<meta property=\"og:title\" content=\"Wire riiul, kroom - Lartusihome.com\" \/>\n<meta property=\"og:description\" content=\"Wire riiul on mitmek\u00fclgne hoiustamislahendus t\u00f6\u00f6stusliku tunnetusega. Seda saab paigaldada seinale v\u00f5i asetada otse p\u00f5randale, s\u00f5ltuvalt teie ruumist ja vajadustest. Kasutage seda esikus jalatsite jaoks, k\u00f6\u00f6gitarvikute hoiustamiseks v\u00f5i vannitoas r\u00e4tikute jaoks. Wire riiul toimib suurep\u00e4raselt iseseisvana, kuid riiuleid saab ka kombineerida, et luua suurem ja silmapaistvam hoiustamislahendus. Laius: 26 cm Pikkus: 70,5 cm K\u00f5rgus: 31&hellip;\" \/>\n<meta property=\"og:url\" content=\"https:\/\/lartusihome.com\/et\/toode\/wire-rack-chrome\/\" \/>\n<meta property=\"og:site_name\" content=\"Lartusihome.com\" \/>\n<meta property=\"article:publisher\" content=\"https:\/\/www.facebook.com\/lartusihome\/\" \/>\n<meta property=\"article:modified_time\" content=\"2025-11-18T12:02:57+00:00\" \/>\n<meta property=\"og:image\" content=\"https:\/\/lartusihome.com\/wp-content\/uploads\/2025\/11\/MetteDitmer_WIRRAC10.jpg\" \/>\n\t<meta property=\"og:image:width\" content=\"2000\" \/>\n\t<meta property=\"og:image:height\" content=\"2000\" \/>\n\t<meta property=\"og:image:type\" content=\"image\/jpeg\" \/>\n<meta name=\"twitter:card\" content=\"summary_large_image\" \/>\n<meta name=\"twitter:label1\" content=\"Est. reading time\" \/>\n\t<meta name=\"twitter:data1\" content=\"1 minut\" \/>\n<script type=\"application\/ld+json\" class=\"yoast-schema-graph\">{\"@context\":\"https:\/\/schema.org\",\"@graph\":[{\"@type\":\"WebPage\",\"@id\":\"https:\/\/lartusihome.com\/et\/toode\/wire-rack-chrome\/\",\"url\":\"https:\/\/lartusihome.com\/et\/toode\/wire-rack-chrome\/\",\"name\":\"Wire riiul, kroom - Lartusihome.com\",\"isPartOf\":{\"@id\":\"https:\/\/lartusihome.com\/et\/#website\"},\"primaryImageOfPage\":{\"@id\":\"https:\/\/lartusihome.com\/et\/toode\/wire-rack-chrome\/#primaryimage\"},\"image\":{\"@id\":\"https:\/\/lartusihome.com\/et\/toode\/wire-rack-chrome\/#primaryimage\"},\"thumbnailUrl\":\"https:\/\/lartusihome.com\/wp-content\/uploads\/2025\/11\/MetteDitmer_WIRRAC10.jpg\",\"datePublished\":\"2025-11-18T11:58:25+00:00\",\"dateModified\":\"2025-11-18T12:02:57+00:00\",\"breadcrumb\":{\"@id\":\"https:\/\/lartusihome.com\/et\/toode\/wire-rack-chrome\/#breadcrumb\"},\"inLanguage\":\"et\",\"potentialAction\":[{\"@type\":\"ReadAction\",\"target\":[\"https:\/\/lartusihome.com\/et\/toode\/wire-rack-chrome\/\"]}]},{\"@type\":\"ImageObject\",\"inLanguage\":\"et\",\"@id\":\"https:\/\/lartusihome.com\/et\/toode\/wire-rack-chrome\/#primaryimage\",\"url\":\"https:\/\/lartusihome.com\/wp-content\/uploads\/2025\/11\/MetteDitmer_WIRRAC10.jpg\",\"contentUrl\":\"https:\/\/lartusihome.com\/wp-content\/uploads\/2025\/11\/MetteDitmer_WIRRAC10.jpg\",\"width\":2000,\"height\":2000},{\"@type\":\"BreadcrumbList\",\"@id\":\"https:\/\/lartusihome.com\/et\/toode\/wire-rack-chrome\/#breadcrumb\",\"itemListElement\":[{\"@type\":\"ListItem\",\"position\":1,\"name\":\"Home\",\"item\":\"https:\/\/lartusihome.com\/et\/\"},{\"@type\":\"ListItem\",\"position\":2,\"name\":\"Pood\",\"item\":\"https:\/\/lartusihome.com\/et\/pood\/\"},{\"@type\":\"ListItem\",\"position\":3,\"name\":\"Wire riiul, kroom\"}]},{\"@type\":\"WebSite\",\"@id\":\"https:\/\/lartusihome.com\/et\/#website\",\"url\":\"https:\/\/lartusihome.com\/et\/\",\"name\":\"Lartusihome.com\",\"description\":\"Kodu \/ sisustus\",\"potentialAction\":[{\"@type\":\"SearchAction\",\"target\":{\"@type\":\"EntryPoint\",\"urlTemplate\":\"https:\/\/lartusihome.com\/et\/?s={search_term_string}\"},\"query-input\":{\"@type\":\"PropertyValueSpecification\",\"valueRequired\":true,\"valueName\":\"search_term_string\"}}],\"inLanguage\":\"et\"}]}<\/script>\n<!-- \/ Yoast SEO plugin. -->","yoast_head_json":{"title":"Wire riiul, kroom - Lartusihome.com","robots":{"index":"index","follow":"follow","max-snippet":"max-snippet:-1","max-image-preview":"max-image-preview:large","max-video-preview":"max-video-preview:-1"},"canonical":"https:\/\/lartusihome.com\/et\/toode\/wire-rack-chrome\/","og_locale":"et_EE","og_type":"article","og_title":"Wire riiul, kroom - Lartusihome.com","og_description":"Wire riiul on mitmek\u00fclgne hoiustamislahendus t\u00f6\u00f6stusliku tunnetusega. Seda saab paigaldada seinale v\u00f5i asetada otse p\u00f5randale, s\u00f5ltuvalt teie ruumist ja vajadustest. Kasutage seda esikus jalatsite jaoks, k\u00f6\u00f6gitarvikute hoiustamiseks v\u00f5i vannitoas r\u00e4tikute jaoks. Wire riiul toimib suurep\u00e4raselt iseseisvana, kuid riiuleid saab ka kombineerida, et luua suurem ja silmapaistvam hoiustamislahendus. Laius: 26 cm Pikkus: 70,5 cm K\u00f5rgus: 31&hellip;","og_url":"https:\/\/lartusihome.com\/et\/toode\/wire-rack-chrome\/","og_site_name":"Lartusihome.com","article_publisher":"https:\/\/www.facebook.com\/lartusihome\/","article_modified_time":"2025-11-18T12:02:57+00:00","og_image":[{"width":2000,"height":2000,"url":"https:\/\/lartusihome.com\/wp-content\/uploads\/2025\/11\/MetteDitmer_WIRRAC10.jpg","type":"image\/jpeg"}],"twitter_card":"summary_large_image","twitter_misc":{"Est. reading time":"1 minut"},"schema":{"@context":"https:\/\/schema.org","@graph":[{"@type":"WebPage","@id":"https:\/\/lartusihome.com\/et\/toode\/wire-rack-chrome\/","url":"https:\/\/lartusihome.com\/et\/toode\/wire-rack-chrome\/","name":"Wire riiul, kroom - Lartusihome.com","isPartOf":{"@id":"https:\/\/lartusihome.com\/et\/#website"},"primaryImageOfPage":{"@id":"https:\/\/lartusihome.com\/et\/toode\/wire-rack-chrome\/#primaryimage"},"image":{"@id":"https:\/\/lartusihome.com\/et\/toode\/wire-rack-chrome\/#primaryimage"},"thumbnailUrl":"https:\/\/lartusihome.com\/wp-content\/uploads\/2025\/11\/MetteDitmer_WIRRAC10.jpg","datePublished":"2025-11-18T11:58:25+00:00","dateModified":"2025-11-18T12:02:57+00:00","breadcrumb":{"@id":"https:\/\/lartusihome.com\/et\/toode\/wire-rack-chrome\/#breadcrumb"},"inLanguage":"et","potentialAction":[{"@type":"ReadAction","target":["https:\/\/lartusihome.com\/et\/toode\/wire-rack-chrome\/"]}]},{"@type":"ImageObject","inLanguage":"et","@id":"https:\/\/lartusihome.com\/et\/toode\/wire-rack-chrome\/#primaryimage","url":"https:\/\/lartusihome.com\/wp-content\/uploads\/2025\/11\/MetteDitmer_WIRRAC10.jpg","contentUrl":"https:\/\/lartusihome.com\/wp-content\/uploads\/2025\/11\/MetteDitmer_WIRRAC10.jpg","width":2000,"height":2000},{"@type":"BreadcrumbList","@id":"https:\/\/lartusihome.com\/et\/toode\/wire-rack-chrome\/#breadcrumb","itemListElement":[{"@type":"ListItem","position":1,"name":"Home","item":"https:\/\/lartusihome.com\/et\/"},{"@type":"ListItem","position":2,"name":"Pood","item":"https:\/\/lartusihome.com\/et\/pood\/"},{"@type":"ListItem","position":3,"name":"Wire riiul, kroom"}]},{"@type":"WebSite","@id":"https:\/\/lartusihome.com\/et\/#website","url":"https:\/\/lartusihome.com\/et\/","name":"Lartusihome.com","description":"Kodu \/ sisustus","potentialAction":[{"@type":"SearchAction","target":{"@type":"EntryPoint","urlTemplate":"https:\/\/lartusihome.com\/et\/?s={search_term_string}"},"query-input":{"@type":"PropertyValueSpecification","valueRequired":true,"valueName":"search_term_string"}}],"inLanguage":"et"}]}},"_links":{"self":[{"href":"https:\/\/lartusihome.com\/et\/wp-json\/wp\/v2\/product\/419557"}],"collection":[{"href":"https:\/\/lartusihome.com\/et\/wp-json\/wp\/v2\/product"}],"about":[{"href":"https:\/\/lartusihome.com\/et\/wp-json\/wp\/v2\/types\/product"}],"wp:featuredmedia":[{"embeddable":true,"href":"https:\/\/lartusihome.com\/et\/wp-json\/wp\/v2\/media\/419542"}],"wp:attachment":[{"href":"https:\/\/lartusihome.com\/et\/wp-json\/wp\/v2\/media?parent=419557"}],"wp:term":[{"taxonomy":"product_cat","embeddable":true,"href":"https:\/\/lartusihome.com\/et\/wp-json\/wp\/v2\/product_cat?post=419557"},{"taxonomy":"product_tag","embeddable":true,"href":"https:\/\/lartusihome.com\/et\/wp-json\/wp\/v2\/product_tag?post=419557"},{"taxonomy":"giftcard-category","embeddable":true,"href":"https:\/\/lartusihome.com\/et\/wp-json\/wp\/v2\/giftcard-category?post=419557"}],"curies":[{"name":"wp","href":"https:\/\/api.w.org\/{rel}","templated":true}]}}