{"id":419358,"date":"2025-11-14T17:20:47","date_gmt":"2025-11-14T15:20:47","guid":{"rendered":"https:\/\/lartusihome.com\/product\/damo-footed-platter-21cm-dark-grape\/"},"modified":"2025-11-14T17:22:59","modified_gmt":"2025-11-14T15:22:59","slug":"damo-footed-platter-21cm-dark-grape","status":"publish","type":"product","link":"https:\/\/lartusihome.com\/et\/toode\/damo-footed-platter-21cm-dark-grape\/","title":{"rendered":"Damo jalaga vaagen 21cm, Dark Grape"},"content":{"rendered":"<p>Laius: 21 cm<\/p>\n<p>K\u00f5rgus: 14 cm<\/p>\n<p>Materjal: k\u00e4sit\u00f6\u00f6klaas<\/p>\n","protected":false},"excerpt":{"rendered":"<p>Laius: 21 cm K\u00f5rgus: 14 cm Materjal: k\u00e4sit\u00f6\u00f6klaas<\/p>\n","protected":false},"featured_media":419281,"template":"","meta":{"_acf_changed":false,"inline_featured_image":false},"product_cat":[22601,3574,28,14485,4365],"product_tag":[],"giftcard-category":[],"class_list":{"0":"post-419358","1":"product","2":"type-product","3":"status-publish","4":"has-post-thumbnail","6":"product_cat-kausid-ja-kandikud","7":"product_cat-lauanoud","8":"product_cat-klaas-ja-kristall","9":"product_cat-kausid-ja-vaagnad","10":"product_cat-aksessuaarid","11":"pa_brand-ferm-living-et","12":"pa_collection-damo","14":"first","15":"instock","16":"shipping-taxable","17":"purchasable","18":"product-type-simple"},"acf":[],"yoast_head":"<!-- This site is optimized with the Yoast SEO plugin v25.6 - https:\/\/yoast.com\/wordpress\/plugins\/seo\/ -->\n<title>Damo jalaga vaagen 21cm, Dark Grape - Lartusihome.com<\/title>\n<meta name=\"robots\" content=\"index, follow, max-snippet:-1, max-image-preview:large, max-video-preview:-1\" \/>\n<link rel=\"canonical\" href=\"https:\/\/lartusihome.com\/et\/toode\/damo-footed-platter-21cm-dark-grape\/\" \/>\n<meta property=\"og:locale\" content=\"et_EE\" \/>\n<meta property=\"og:type\" content=\"article\" \/>\n<meta property=\"og:title\" content=\"Damo jalaga vaagen 21cm, Dark Grape - Lartusihome.com\" \/>\n<meta property=\"og:description\" content=\"Laius: 21 cm K\u00f5rgus: 14 cm Materjal: k\u00e4sit\u00f6\u00f6klaas\" \/>\n<meta property=\"og:url\" content=\"https:\/\/lartusihome.com\/et\/toode\/damo-footed-platter-21cm-dark-grape\/\" \/>\n<meta property=\"og:site_name\" content=\"Lartusihome.com\" \/>\n<meta property=\"article:publisher\" content=\"https:\/\/www.facebook.com\/lartusihome\/\" \/>\n<meta property=\"article:modified_time\" content=\"2025-11-14T15:22:59+00:00\" \/>\n<meta property=\"og:image\" content=\"https:\/\/lartusihome.com\/wp-content\/uploads\/2025\/11\/FermLiving_AW25_DamoGlassCentrepiece_21_DarkGrape_1104272104_1.jpg\" \/>\n\t<meta property=\"og:image:width\" content=\"2000\" \/>\n\t<meta property=\"og:image:height\" content=\"2000\" \/>\n\t<meta property=\"og:image:type\" content=\"image\/jpeg\" \/>\n<meta name=\"twitter:card\" content=\"summary_large_image\" \/>\n<meta name=\"twitter:label1\" content=\"Est. reading time\" \/>\n\t<meta name=\"twitter:data1\" content=\"1 minut\" \/>\n<script type=\"application\/ld+json\" class=\"yoast-schema-graph\">{\"@context\":\"https:\/\/schema.org\",\"@graph\":[{\"@type\":\"WebPage\",\"@id\":\"https:\/\/lartusihome.com\/et\/toode\/damo-footed-platter-21cm-dark-grape\/\",\"url\":\"https:\/\/lartusihome.com\/et\/toode\/damo-footed-platter-21cm-dark-grape\/\",\"name\":\"Damo jalaga vaagen 21cm, Dark Grape - Lartusihome.com\",\"isPartOf\":{\"@id\":\"https:\/\/lartusihome.com\/et\/#website\"},\"primaryImageOfPage\":{\"@id\":\"https:\/\/lartusihome.com\/et\/toode\/damo-footed-platter-21cm-dark-grape\/#primaryimage\"},\"image\":{\"@id\":\"https:\/\/lartusihome.com\/et\/toode\/damo-footed-platter-21cm-dark-grape\/#primaryimage\"},\"thumbnailUrl\":\"https:\/\/lartusihome.com\/wp-content\/uploads\/2025\/11\/FermLiving_AW25_DamoGlassCentrepiece_21_DarkGrape_1104272104_1.jpg\",\"datePublished\":\"2025-11-14T15:20:47+00:00\",\"dateModified\":\"2025-11-14T15:22:59+00:00\",\"breadcrumb\":{\"@id\":\"https:\/\/lartusihome.com\/et\/toode\/damo-footed-platter-21cm-dark-grape\/#breadcrumb\"},\"inLanguage\":\"et\",\"potentialAction\":[{\"@type\":\"ReadAction\",\"target\":[\"https:\/\/lartusihome.com\/et\/toode\/damo-footed-platter-21cm-dark-grape\/\"]}]},{\"@type\":\"ImageObject\",\"inLanguage\":\"et\",\"@id\":\"https:\/\/lartusihome.com\/et\/toode\/damo-footed-platter-21cm-dark-grape\/#primaryimage\",\"url\":\"https:\/\/lartusihome.com\/wp-content\/uploads\/2025\/11\/FermLiving_AW25_DamoGlassCentrepiece_21_DarkGrape_1104272104_1.jpg\",\"contentUrl\":\"https:\/\/lartusihome.com\/wp-content\/uploads\/2025\/11\/FermLiving_AW25_DamoGlassCentrepiece_21_DarkGrape_1104272104_1.jpg\",\"width\":2000,\"height\":2000},{\"@type\":\"BreadcrumbList\",\"@id\":\"https:\/\/lartusihome.com\/et\/toode\/damo-footed-platter-21cm-dark-grape\/#breadcrumb\",\"itemListElement\":[{\"@type\":\"ListItem\",\"position\":1,\"name\":\"Home\",\"item\":\"https:\/\/lartusihome.com\/et\/\"},{\"@type\":\"ListItem\",\"position\":2,\"name\":\"Pood\",\"item\":\"https:\/\/lartusihome.com\/et\/pood\/\"},{\"@type\":\"ListItem\",\"position\":3,\"name\":\"Damo jalaga vaagen 21cm, Dark Grape\"}]},{\"@type\":\"WebSite\",\"@id\":\"https:\/\/lartusihome.com\/et\/#website\",\"url\":\"https:\/\/lartusihome.com\/et\/\",\"name\":\"Lartusihome.com\",\"description\":\"Kodu \/ sisustus\",\"potentialAction\":[{\"@type\":\"SearchAction\",\"target\":{\"@type\":\"EntryPoint\",\"urlTemplate\":\"https:\/\/lartusihome.com\/et\/?s={search_term_string}\"},\"query-input\":{\"@type\":\"PropertyValueSpecification\",\"valueRequired\":true,\"valueName\":\"search_term_string\"}}],\"inLanguage\":\"et\"}]}<\/script>\n<!-- \/ Yoast SEO plugin. -->","yoast_head_json":{"title":"Damo jalaga vaagen 21cm, Dark Grape - Lartusihome.com","robots":{"index":"index","follow":"follow","max-snippet":"max-snippet:-1","max-image-preview":"max-image-preview:large","max-video-preview":"max-video-preview:-1"},"canonical":"https:\/\/lartusihome.com\/et\/toode\/damo-footed-platter-21cm-dark-grape\/","og_locale":"et_EE","og_type":"article","og_title":"Damo jalaga vaagen 21cm, Dark Grape - Lartusihome.com","og_description":"Laius: 21 cm K\u00f5rgus: 14 cm Materjal: k\u00e4sit\u00f6\u00f6klaas","og_url":"https:\/\/lartusihome.com\/et\/toode\/damo-footed-platter-21cm-dark-grape\/","og_site_name":"Lartusihome.com","article_publisher":"https:\/\/www.facebook.com\/lartusihome\/","article_modified_time":"2025-11-14T15:22:59+00:00","og_image":[{"width":2000,"height":2000,"url":"https:\/\/lartusihome.com\/wp-content\/uploads\/2025\/11\/FermLiving_AW25_DamoGlassCentrepiece_21_DarkGrape_1104272104_1.jpg","type":"image\/jpeg"}],"twitter_card":"summary_large_image","twitter_misc":{"Est. reading time":"1 minut"},"schema":{"@context":"https:\/\/schema.org","@graph":[{"@type":"WebPage","@id":"https:\/\/lartusihome.com\/et\/toode\/damo-footed-platter-21cm-dark-grape\/","url":"https:\/\/lartusihome.com\/et\/toode\/damo-footed-platter-21cm-dark-grape\/","name":"Damo jalaga vaagen 21cm, Dark Grape - Lartusihome.com","isPartOf":{"@id":"https:\/\/lartusihome.com\/et\/#website"},"primaryImageOfPage":{"@id":"https:\/\/lartusihome.com\/et\/toode\/damo-footed-platter-21cm-dark-grape\/#primaryimage"},"image":{"@id":"https:\/\/lartusihome.com\/et\/toode\/damo-footed-platter-21cm-dark-grape\/#primaryimage"},"thumbnailUrl":"https:\/\/lartusihome.com\/wp-content\/uploads\/2025\/11\/FermLiving_AW25_DamoGlassCentrepiece_21_DarkGrape_1104272104_1.jpg","datePublished":"2025-11-14T15:20:47+00:00","dateModified":"2025-11-14T15:22:59+00:00","breadcrumb":{"@id":"https:\/\/lartusihome.com\/et\/toode\/damo-footed-platter-21cm-dark-grape\/#breadcrumb"},"inLanguage":"et","potentialAction":[{"@type":"ReadAction","target":["https:\/\/lartusihome.com\/et\/toode\/damo-footed-platter-21cm-dark-grape\/"]}]},{"@type":"ImageObject","inLanguage":"et","@id":"https:\/\/lartusihome.com\/et\/toode\/damo-footed-platter-21cm-dark-grape\/#primaryimage","url":"https:\/\/lartusihome.com\/wp-content\/uploads\/2025\/11\/FermLiving_AW25_DamoGlassCentrepiece_21_DarkGrape_1104272104_1.jpg","contentUrl":"https:\/\/lartusihome.com\/wp-content\/uploads\/2025\/11\/FermLiving_AW25_DamoGlassCentrepiece_21_DarkGrape_1104272104_1.jpg","width":2000,"height":2000},{"@type":"BreadcrumbList","@id":"https:\/\/lartusihome.com\/et\/toode\/damo-footed-platter-21cm-dark-grape\/#breadcrumb","itemListElement":[{"@type":"ListItem","position":1,"name":"Home","item":"https:\/\/lartusihome.com\/et\/"},{"@type":"ListItem","position":2,"name":"Pood","item":"https:\/\/lartusihome.com\/et\/pood\/"},{"@type":"ListItem","position":3,"name":"Damo jalaga vaagen 21cm, Dark Grape"}]},{"@type":"WebSite","@id":"https:\/\/lartusihome.com\/et\/#website","url":"https:\/\/lartusihome.com\/et\/","name":"Lartusihome.com","description":"Kodu \/ sisustus","potentialAction":[{"@type":"SearchAction","target":{"@type":"EntryPoint","urlTemplate":"https:\/\/lartusihome.com\/et\/?s={search_term_string}"},"query-input":{"@type":"PropertyValueSpecification","valueRequired":true,"valueName":"search_term_string"}}],"inLanguage":"et"}]}},"_links":{"self":[{"href":"https:\/\/lartusihome.com\/et\/wp-json\/wp\/v2\/product\/419358"}],"collection":[{"href":"https:\/\/lartusihome.com\/et\/wp-json\/wp\/v2\/product"}],"about":[{"href":"https:\/\/lartusihome.com\/et\/wp-json\/wp\/v2\/types\/product"}],"wp:featuredmedia":[{"embeddable":true,"href":"https:\/\/lartusihome.com\/et\/wp-json\/wp\/v2\/media\/419281"}],"wp:attachment":[{"href":"https:\/\/lartusihome.com\/et\/wp-json\/wp\/v2\/media?parent=419358"}],"wp:term":[{"taxonomy":"product_cat","embeddable":true,"href":"https:\/\/lartusihome.com\/et\/wp-json\/wp\/v2\/product_cat?post=419358"},{"taxonomy":"product_tag","embeddable":true,"href":"https:\/\/lartusihome.com\/et\/wp-json\/wp\/v2\/product_tag?post=419358"},{"taxonomy":"giftcard-category","embeddable":true,"href":"https:\/\/lartusihome.com\/et\/wp-json\/wp\/v2\/giftcard-category?post=419358"}],"curies":[{"name":"wp","href":"https:\/\/api.w.org\/{rel}","templated":true}]}}