{"id":418167,"date":"2025-10-30T15:49:27","date_gmt":"2025-10-30T13:49:27","guid":{"rendered":"https:\/\/lartusihome.com\/product\/cone-candle-25cm-green-soil-matt\/"},"modified":"2025-12-12T15:10:29","modified_gmt":"2025-12-12T13:10:29","slug":"cone-candle-25cm-green-soil-matt","status":"publish","type":"product","link":"https:\/\/lartusihome.com\/et\/toode\/cone-candle-25cm-green-soil-matt\/","title":{"rendered":"Koonusk\u00fc\u00fcnal 25cm, Green Soil (matt)"},"content":{"rendered":"<p>K\u00fc\u00fcnlad on valmistatud puhtaima kvaliteediga 100% parafiinvahast, mida saab kuumutada ja kasutada ilma kunstlikke koostisosi lisamata. Taht on valmistatud 100% puhtast puuvillast, nii v\u00e4rvained kui ka lakid on veep\u00f5hised ega sisalda seet\u00f5ttu atsetooni ega aniliini<\/p>\n<p>p\u00f5lemisaeg: umbes 13h<\/p>\n<p>k\u00fc\u00fcnal kustub ise 2-3cm pikkusena<\/p>\n","protected":false},"excerpt":{"rendered":"<p>K\u00fc\u00fcnlad on valmistatud puhtaima kvaliteediga 100% parafiinvahast, mida saab kuumutada ja kasutada ilma kunstlikke koostisosi lisamata. Taht on valmistatud 100% puhtast puuvillast, nii v\u00e4rvained kui ka lakid on veep\u00f5hised ega sisalda seet\u00f5ttu atsetooni ega aniliini p\u00f5lemisaeg: umbes 13h k\u00fc\u00fcnal kustub ise 2-3cm pikkusena<\/p>\n","protected":false},"featured_media":418191,"template":"","meta":{"_acf_changed":false,"inline_featured_image":false},"product_cat":[4365,1281],"product_tag":[],"giftcard-category":[],"class_list":{"0":"post-418167","1":"product","2":"type-product","3":"status-publish","4":"has-post-thumbnail","6":"product_cat-aksessuaarid","7":"product_cat-kuunlad","8":"pa_brand-ester-erik","10":"first","11":"instock","12":"shipping-taxable","13":"purchasable","14":"product-type-simple"},"acf":[],"yoast_head":"<!-- This site is optimized with the Yoast SEO plugin v25.6 - https:\/\/yoast.com\/wordpress\/plugins\/seo\/ -->\n<title>Koonusk\u00fc\u00fcnal 25cm, Green Soil (matt) - Lartusihome.com<\/title>\n<meta name=\"robots\" content=\"index, follow, max-snippet:-1, max-image-preview:large, max-video-preview:-1\" \/>\n<link rel=\"canonical\" href=\"https:\/\/lartusihome.com\/et\/toode\/cone-candle-25cm-green-soil-matt\/\" \/>\n<meta property=\"og:locale\" content=\"et_EE\" \/>\n<meta property=\"og:type\" content=\"article\" \/>\n<meta property=\"og:title\" content=\"Koonusk\u00fc\u00fcnal 25cm, Green Soil (matt) - Lartusihome.com\" \/>\n<meta property=\"og:description\" content=\"K\u00fc\u00fcnlad on valmistatud puhtaima kvaliteediga 100% parafiinvahast, mida saab kuumutada ja kasutada ilma kunstlikke koostisosi lisamata. Taht on valmistatud 100% puhtast puuvillast, nii v\u00e4rvained kui ka lakid on veep\u00f5hised ega sisalda seet\u00f5ttu atsetooni ega aniliini p\u00f5lemisaeg: umbes 13h k\u00fc\u00fcnal kustub ise 2-3cm pikkusena\" \/>\n<meta property=\"og:url\" content=\"https:\/\/lartusihome.com\/et\/toode\/cone-candle-25cm-green-soil-matt\/\" \/>\n<meta property=\"og:site_name\" content=\"Lartusihome.com\" \/>\n<meta property=\"article:publisher\" content=\"https:\/\/www.facebook.com\/lartusihome\/\" \/>\n<meta property=\"article:modified_time\" content=\"2025-12-12T13:10:29+00:00\" \/>\n<meta property=\"og:image\" content=\"https:\/\/lartusihome.com\/wp-content\/uploads\/2025\/10\/green_soil_25cm.jpg\" \/>\n\t<meta property=\"og:image:width\" content=\"2000\" \/>\n\t<meta property=\"og:image:height\" content=\"2000\" \/>\n\t<meta property=\"og:image:type\" content=\"image\/jpeg\" \/>\n<meta name=\"twitter:card\" content=\"summary_large_image\" \/>\n<meta name=\"twitter:label1\" content=\"Est. reading time\" \/>\n\t<meta name=\"twitter:data1\" content=\"1 minut\" \/>\n<script type=\"application\/ld+json\" class=\"yoast-schema-graph\">{\"@context\":\"https:\/\/schema.org\",\"@graph\":[{\"@type\":\"WebPage\",\"@id\":\"https:\/\/lartusihome.com\/et\/toode\/cone-candle-25cm-green-soil-matt\/\",\"url\":\"https:\/\/lartusihome.com\/et\/toode\/cone-candle-25cm-green-soil-matt\/\",\"name\":\"Koonusk\u00fc\u00fcnal 25cm, Green Soil (matt) - Lartusihome.com\",\"isPartOf\":{\"@id\":\"https:\/\/lartusihome.com\/et\/#website\"},\"primaryImageOfPage\":{\"@id\":\"https:\/\/lartusihome.com\/et\/toode\/cone-candle-25cm-green-soil-matt\/#primaryimage\"},\"image\":{\"@id\":\"https:\/\/lartusihome.com\/et\/toode\/cone-candle-25cm-green-soil-matt\/#primaryimage\"},\"thumbnailUrl\":\"https:\/\/lartusihome.com\/wp-content\/uploads\/2025\/10\/green_soil_25cm.jpg\",\"datePublished\":\"2025-10-30T13:49:27+00:00\",\"dateModified\":\"2025-12-12T13:10:29+00:00\",\"breadcrumb\":{\"@id\":\"https:\/\/lartusihome.com\/et\/toode\/cone-candle-25cm-green-soil-matt\/#breadcrumb\"},\"inLanguage\":\"et\",\"potentialAction\":[{\"@type\":\"ReadAction\",\"target\":[\"https:\/\/lartusihome.com\/et\/toode\/cone-candle-25cm-green-soil-matt\/\"]}]},{\"@type\":\"ImageObject\",\"inLanguage\":\"et\",\"@id\":\"https:\/\/lartusihome.com\/et\/toode\/cone-candle-25cm-green-soil-matt\/#primaryimage\",\"url\":\"https:\/\/lartusihome.com\/wp-content\/uploads\/2025\/10\/green_soil_25cm.jpg\",\"contentUrl\":\"https:\/\/lartusihome.com\/wp-content\/uploads\/2025\/10\/green_soil_25cm.jpg\",\"width\":2000,\"height\":2000},{\"@type\":\"BreadcrumbList\",\"@id\":\"https:\/\/lartusihome.com\/et\/toode\/cone-candle-25cm-green-soil-matt\/#breadcrumb\",\"itemListElement\":[{\"@type\":\"ListItem\",\"position\":1,\"name\":\"Home\",\"item\":\"https:\/\/lartusihome.com\/et\/\"},{\"@type\":\"ListItem\",\"position\":2,\"name\":\"Pood\",\"item\":\"https:\/\/lartusihome.com\/et\/pood\/\"},{\"@type\":\"ListItem\",\"position\":3,\"name\":\"Koonusk\u00fc\u00fcnal 25cm, Green Soil (matt)\"}]},{\"@type\":\"WebSite\",\"@id\":\"https:\/\/lartusihome.com\/et\/#website\",\"url\":\"https:\/\/lartusihome.com\/et\/\",\"name\":\"Lartusihome.com\",\"description\":\"Kodu \/ sisustus\",\"potentialAction\":[{\"@type\":\"SearchAction\",\"target\":{\"@type\":\"EntryPoint\",\"urlTemplate\":\"https:\/\/lartusihome.com\/et\/?s={search_term_string}\"},\"query-input\":{\"@type\":\"PropertyValueSpecification\",\"valueRequired\":true,\"valueName\":\"search_term_string\"}}],\"inLanguage\":\"et\"}]}<\/script>\n<!-- \/ Yoast SEO plugin. -->","yoast_head_json":{"title":"Koonusk\u00fc\u00fcnal 25cm, Green Soil (matt) - Lartusihome.com","robots":{"index":"index","follow":"follow","max-snippet":"max-snippet:-1","max-image-preview":"max-image-preview:large","max-video-preview":"max-video-preview:-1"},"canonical":"https:\/\/lartusihome.com\/et\/toode\/cone-candle-25cm-green-soil-matt\/","og_locale":"et_EE","og_type":"article","og_title":"Koonusk\u00fc\u00fcnal 25cm, Green Soil (matt) - Lartusihome.com","og_description":"K\u00fc\u00fcnlad on valmistatud puhtaima kvaliteediga 100% parafiinvahast, mida saab kuumutada ja kasutada ilma kunstlikke koostisosi lisamata. Taht on valmistatud 100% puhtast puuvillast, nii v\u00e4rvained kui ka lakid on veep\u00f5hised ega sisalda seet\u00f5ttu atsetooni ega aniliini p\u00f5lemisaeg: umbes 13h k\u00fc\u00fcnal kustub ise 2-3cm pikkusena","og_url":"https:\/\/lartusihome.com\/et\/toode\/cone-candle-25cm-green-soil-matt\/","og_site_name":"Lartusihome.com","article_publisher":"https:\/\/www.facebook.com\/lartusihome\/","article_modified_time":"2025-12-12T13:10:29+00:00","og_image":[{"width":2000,"height":2000,"url":"https:\/\/lartusihome.com\/wp-content\/uploads\/2025\/10\/green_soil_25cm.jpg","type":"image\/jpeg"}],"twitter_card":"summary_large_image","twitter_misc":{"Est. reading time":"1 minut"},"schema":{"@context":"https:\/\/schema.org","@graph":[{"@type":"WebPage","@id":"https:\/\/lartusihome.com\/et\/toode\/cone-candle-25cm-green-soil-matt\/","url":"https:\/\/lartusihome.com\/et\/toode\/cone-candle-25cm-green-soil-matt\/","name":"Koonusk\u00fc\u00fcnal 25cm, Green Soil (matt) - Lartusihome.com","isPartOf":{"@id":"https:\/\/lartusihome.com\/et\/#website"},"primaryImageOfPage":{"@id":"https:\/\/lartusihome.com\/et\/toode\/cone-candle-25cm-green-soil-matt\/#primaryimage"},"image":{"@id":"https:\/\/lartusihome.com\/et\/toode\/cone-candle-25cm-green-soil-matt\/#primaryimage"},"thumbnailUrl":"https:\/\/lartusihome.com\/wp-content\/uploads\/2025\/10\/green_soil_25cm.jpg","datePublished":"2025-10-30T13:49:27+00:00","dateModified":"2025-12-12T13:10:29+00:00","breadcrumb":{"@id":"https:\/\/lartusihome.com\/et\/toode\/cone-candle-25cm-green-soil-matt\/#breadcrumb"},"inLanguage":"et","potentialAction":[{"@type":"ReadAction","target":["https:\/\/lartusihome.com\/et\/toode\/cone-candle-25cm-green-soil-matt\/"]}]},{"@type":"ImageObject","inLanguage":"et","@id":"https:\/\/lartusihome.com\/et\/toode\/cone-candle-25cm-green-soil-matt\/#primaryimage","url":"https:\/\/lartusihome.com\/wp-content\/uploads\/2025\/10\/green_soil_25cm.jpg","contentUrl":"https:\/\/lartusihome.com\/wp-content\/uploads\/2025\/10\/green_soil_25cm.jpg","width":2000,"height":2000},{"@type":"BreadcrumbList","@id":"https:\/\/lartusihome.com\/et\/toode\/cone-candle-25cm-green-soil-matt\/#breadcrumb","itemListElement":[{"@type":"ListItem","position":1,"name":"Home","item":"https:\/\/lartusihome.com\/et\/"},{"@type":"ListItem","position":2,"name":"Pood","item":"https:\/\/lartusihome.com\/et\/pood\/"},{"@type":"ListItem","position":3,"name":"Koonusk\u00fc\u00fcnal 25cm, Green Soil (matt)"}]},{"@type":"WebSite","@id":"https:\/\/lartusihome.com\/et\/#website","url":"https:\/\/lartusihome.com\/et\/","name":"Lartusihome.com","description":"Kodu \/ sisustus","potentialAction":[{"@type":"SearchAction","target":{"@type":"EntryPoint","urlTemplate":"https:\/\/lartusihome.com\/et\/?s={search_term_string}"},"query-input":{"@type":"PropertyValueSpecification","valueRequired":true,"valueName":"search_term_string"}}],"inLanguage":"et"}]}},"_links":{"self":[{"href":"https:\/\/lartusihome.com\/et\/wp-json\/wp\/v2\/product\/418167"}],"collection":[{"href":"https:\/\/lartusihome.com\/et\/wp-json\/wp\/v2\/product"}],"about":[{"href":"https:\/\/lartusihome.com\/et\/wp-json\/wp\/v2\/types\/product"}],"wp:featuredmedia":[{"embeddable":true,"href":"https:\/\/lartusihome.com\/et\/wp-json\/wp\/v2\/media\/418191"}],"wp:attachment":[{"href":"https:\/\/lartusihome.com\/et\/wp-json\/wp\/v2\/media?parent=418167"}],"wp:term":[{"taxonomy":"product_cat","embeddable":true,"href":"https:\/\/lartusihome.com\/et\/wp-json\/wp\/v2\/product_cat?post=418167"},{"taxonomy":"product_tag","embeddable":true,"href":"https:\/\/lartusihome.com\/et\/wp-json\/wp\/v2\/product_tag?post=418167"},{"taxonomy":"giftcard-category","embeddable":true,"href":"https:\/\/lartusihome.com\/et\/wp-json\/wp\/v2\/giftcard-category?post=418167"}],"curies":[{"name":"wp","href":"https:\/\/api.w.org\/{rel}","templated":true}]}}