{"id":418092,"date":"2025-10-30T13:19:30","date_gmt":"2025-10-30T11:19:30","guid":{"rendered":"https:\/\/lartusihome.com\/product\/scented-candle-jasmine\/"},"modified":"2026-03-10T13:24:12","modified_gmt":"2026-03-10T11:24:12","slug":"scented-candle-jasmine","status":"publish","type":"product","link":"https:\/\/lartusihome.com\/et\/toode\/scented-candle-jasmine\/","title":{"rendered":"L\u00f5hnak\u00fc\u00fcnal, jasmiin"},"content":{"rendered":"<p>L\u00f5hn: safran, jasmiin ja sandlipuu<\/p>\n<p>K\u00e4sitsi valatud sojavahast<\/p>\n<p>Disainer: Piet Boon<\/p>\n<p>&nbsp;<\/p>\n<p>S<\/p>\n<p>P\u00f5lemisaeg: 36 tundi<\/p>\n<p>Laius: 10,5 cm<\/p>\n<p>K\u00f5rgus: 9 cm<\/p>\n<p>M<\/p>\n<p>P\u00f5lemisaeg: 42 tundi<\/p>\n<p>Laius: 12,5 cm<\/p>\n<p>K\u00f5rgus: 10,5 cm<\/p>\n<p>L<\/p>\n<p>P\u00f5lemisaeg: 54 tundi<\/p>\n<p>Laius: 14,8 cm<\/p>\n<p>K\u00f5rgus: 13 cm<\/p>\n","protected":false},"excerpt":{"rendered":"<p>L\u00f5hn: safran, jasmiin ja sandlipuu K\u00e4sitsi valatud sojavahast Disainer: Piet Boon &nbsp; S P\u00f5lemisaeg: 36 tundi Laius: 10,5 cm K\u00f5rgus: 9 cm M P\u00f5lemisaeg: 42 tundi Laius: 12,5 cm K\u00f5rgus: 10,5 cm L P\u00f5lemisaeg: 54 tundi Laius: 14,8 cm K\u00f5rgus: 13 cm<\/p>\n","protected":false},"featured_media":418067,"template":"","meta":{"_acf_changed":false,"inline_featured_image":false},"product_cat":[24125,22606,4365,1281],"product_tag":[],"giftcard-category":[],"class_list":{"0":"post-418092","1":"product","2":"type-product","3":"status-publish","4":"has-post-thumbnail","6":"product_cat-aksessuaarid-et","7":"product_cat-allahindlus","8":"product_cat-aksessuaarid","9":"product_cat-kuunlad","10":"pa_brand-serax","12":"first","13":"instock","14":"sale","15":"shipping-taxable","16":"purchasable","17":"product-type-variable"},"acf":[],"yoast_head":"<!-- This site is optimized with the Yoast SEO plugin v25.6 - https:\/\/yoast.com\/wordpress\/plugins\/seo\/ -->\n<title>L\u00f5hnak\u00fc\u00fcnal, jasmiin - Lartusihome.com<\/title>\n<meta name=\"robots\" content=\"index, follow, max-snippet:-1, max-image-preview:large, max-video-preview:-1\" \/>\n<link rel=\"canonical\" href=\"https:\/\/lartusihome.com\/et\/toode\/scented-candle-jasmine\/\" \/>\n<meta property=\"og:locale\" content=\"et_EE\" \/>\n<meta property=\"og:type\" content=\"article\" \/>\n<meta property=\"og:title\" content=\"L\u00f5hnak\u00fc\u00fcnal, jasmiin - Lartusihome.com\" \/>\n<meta property=\"og:description\" content=\"L\u00f5hn: safran, jasmiin ja sandlipuu K\u00e4sitsi valatud sojavahast Disainer: Piet Boon &nbsp; S P\u00f5lemisaeg: 36 tundi Laius: 10,5 cm K\u00f5rgus: 9 cm M P\u00f5lemisaeg: 42 tundi Laius: 12,5 cm K\u00f5rgus: 10,5 cm L P\u00f5lemisaeg: 54 tundi Laius: 14,8 cm K\u00f5rgus: 13 cm\" \/>\n<meta property=\"og:url\" content=\"https:\/\/lartusihome.com\/et\/toode\/scented-candle-jasmine\/\" \/>\n<meta property=\"og:site_name\" content=\"Lartusihome.com\" \/>\n<meta property=\"article:publisher\" content=\"https:\/\/www.facebook.com\/lartusihome\/\" \/>\n<meta property=\"article:modified_time\" content=\"2026-03-10T11:24:12+00:00\" \/>\n<meta property=\"og:image\" content=\"https:\/\/lartusihome.com\/wp-content\/uploads\/2025\/10\/B6525106-825_01.jpg\" \/>\n\t<meta property=\"og:image:width\" content=\"2000\" \/>\n\t<meta property=\"og:image:height\" content=\"2000\" \/>\n\t<meta property=\"og:image:type\" content=\"image\/jpeg\" \/>\n<meta name=\"twitter:card\" content=\"summary_large_image\" \/>\n<meta name=\"twitter:label1\" content=\"Est. reading time\" \/>\n\t<meta name=\"twitter:data1\" content=\"1 minut\" \/>\n<script type=\"application\/ld+json\" class=\"yoast-schema-graph\">{\"@context\":\"https:\/\/schema.org\",\"@graph\":[{\"@type\":\"WebPage\",\"@id\":\"https:\/\/lartusihome.com\/et\/toode\/scented-candle-jasmine\/\",\"url\":\"https:\/\/lartusihome.com\/et\/toode\/scented-candle-jasmine\/\",\"name\":\"L\u00f5hnak\u00fc\u00fcnal, jasmiin - Lartusihome.com\",\"isPartOf\":{\"@id\":\"https:\/\/lartusihome.com\/et\/#website\"},\"primaryImageOfPage\":{\"@id\":\"https:\/\/lartusihome.com\/et\/toode\/scented-candle-jasmine\/#primaryimage\"},\"image\":{\"@id\":\"https:\/\/lartusihome.com\/et\/toode\/scented-candle-jasmine\/#primaryimage\"},\"thumbnailUrl\":\"https:\/\/lartusihome.com\/wp-content\/uploads\/2025\/10\/B6525106-825_01.jpg\",\"datePublished\":\"2025-10-30T11:19:30+00:00\",\"dateModified\":\"2026-03-10T11:24:12+00:00\",\"breadcrumb\":{\"@id\":\"https:\/\/lartusihome.com\/et\/toode\/scented-candle-jasmine\/#breadcrumb\"},\"inLanguage\":\"et\",\"potentialAction\":[{\"@type\":\"ReadAction\",\"target\":[\"https:\/\/lartusihome.com\/et\/toode\/scented-candle-jasmine\/\"]}]},{\"@type\":\"ImageObject\",\"inLanguage\":\"et\",\"@id\":\"https:\/\/lartusihome.com\/et\/toode\/scented-candle-jasmine\/#primaryimage\",\"url\":\"https:\/\/lartusihome.com\/wp-content\/uploads\/2025\/10\/B6525106-825_01.jpg\",\"contentUrl\":\"https:\/\/lartusihome.com\/wp-content\/uploads\/2025\/10\/B6525106-825_01.jpg\",\"width\":2000,\"height\":2000},{\"@type\":\"BreadcrumbList\",\"@id\":\"https:\/\/lartusihome.com\/et\/toode\/scented-candle-jasmine\/#breadcrumb\",\"itemListElement\":[{\"@type\":\"ListItem\",\"position\":1,\"name\":\"Home\",\"item\":\"https:\/\/lartusihome.com\/et\/\"},{\"@type\":\"ListItem\",\"position\":2,\"name\":\"Pood\",\"item\":\"https:\/\/lartusihome.com\/et\/pood\/\"},{\"@type\":\"ListItem\",\"position\":3,\"name\":\"L\u00f5hnak\u00fc\u00fcnal, jasmiin\"}]},{\"@type\":\"WebSite\",\"@id\":\"https:\/\/lartusihome.com\/et\/#website\",\"url\":\"https:\/\/lartusihome.com\/et\/\",\"name\":\"Lartusihome.com\",\"description\":\"Kodu \/ sisustus\",\"potentialAction\":[{\"@type\":\"SearchAction\",\"target\":{\"@type\":\"EntryPoint\",\"urlTemplate\":\"https:\/\/lartusihome.com\/et\/?s={search_term_string}\"},\"query-input\":{\"@type\":\"PropertyValueSpecification\",\"valueRequired\":true,\"valueName\":\"search_term_string\"}}],\"inLanguage\":\"et\"}]}<\/script>\n<!-- \/ Yoast SEO plugin. -->","yoast_head_json":{"title":"L\u00f5hnak\u00fc\u00fcnal, jasmiin - Lartusihome.com","robots":{"index":"index","follow":"follow","max-snippet":"max-snippet:-1","max-image-preview":"max-image-preview:large","max-video-preview":"max-video-preview:-1"},"canonical":"https:\/\/lartusihome.com\/et\/toode\/scented-candle-jasmine\/","og_locale":"et_EE","og_type":"article","og_title":"L\u00f5hnak\u00fc\u00fcnal, jasmiin - Lartusihome.com","og_description":"L\u00f5hn: safran, jasmiin ja sandlipuu K\u00e4sitsi valatud sojavahast Disainer: Piet Boon &nbsp; S P\u00f5lemisaeg: 36 tundi Laius: 10,5 cm K\u00f5rgus: 9 cm M P\u00f5lemisaeg: 42 tundi Laius: 12,5 cm K\u00f5rgus: 10,5 cm L P\u00f5lemisaeg: 54 tundi Laius: 14,8 cm K\u00f5rgus: 13 cm","og_url":"https:\/\/lartusihome.com\/et\/toode\/scented-candle-jasmine\/","og_site_name":"Lartusihome.com","article_publisher":"https:\/\/www.facebook.com\/lartusihome\/","article_modified_time":"2026-03-10T11:24:12+00:00","og_image":[{"width":2000,"height":2000,"url":"https:\/\/lartusihome.com\/wp-content\/uploads\/2025\/10\/B6525106-825_01.jpg","type":"image\/jpeg"}],"twitter_card":"summary_large_image","twitter_misc":{"Est. reading time":"1 minut"},"schema":{"@context":"https:\/\/schema.org","@graph":[{"@type":"WebPage","@id":"https:\/\/lartusihome.com\/et\/toode\/scented-candle-jasmine\/","url":"https:\/\/lartusihome.com\/et\/toode\/scented-candle-jasmine\/","name":"L\u00f5hnak\u00fc\u00fcnal, jasmiin - Lartusihome.com","isPartOf":{"@id":"https:\/\/lartusihome.com\/et\/#website"},"primaryImageOfPage":{"@id":"https:\/\/lartusihome.com\/et\/toode\/scented-candle-jasmine\/#primaryimage"},"image":{"@id":"https:\/\/lartusihome.com\/et\/toode\/scented-candle-jasmine\/#primaryimage"},"thumbnailUrl":"https:\/\/lartusihome.com\/wp-content\/uploads\/2025\/10\/B6525106-825_01.jpg","datePublished":"2025-10-30T11:19:30+00:00","dateModified":"2026-03-10T11:24:12+00:00","breadcrumb":{"@id":"https:\/\/lartusihome.com\/et\/toode\/scented-candle-jasmine\/#breadcrumb"},"inLanguage":"et","potentialAction":[{"@type":"ReadAction","target":["https:\/\/lartusihome.com\/et\/toode\/scented-candle-jasmine\/"]}]},{"@type":"ImageObject","inLanguage":"et","@id":"https:\/\/lartusihome.com\/et\/toode\/scented-candle-jasmine\/#primaryimage","url":"https:\/\/lartusihome.com\/wp-content\/uploads\/2025\/10\/B6525106-825_01.jpg","contentUrl":"https:\/\/lartusihome.com\/wp-content\/uploads\/2025\/10\/B6525106-825_01.jpg","width":2000,"height":2000},{"@type":"BreadcrumbList","@id":"https:\/\/lartusihome.com\/et\/toode\/scented-candle-jasmine\/#breadcrumb","itemListElement":[{"@type":"ListItem","position":1,"name":"Home","item":"https:\/\/lartusihome.com\/et\/"},{"@type":"ListItem","position":2,"name":"Pood","item":"https:\/\/lartusihome.com\/et\/pood\/"},{"@type":"ListItem","position":3,"name":"L\u00f5hnak\u00fc\u00fcnal, jasmiin"}]},{"@type":"WebSite","@id":"https:\/\/lartusihome.com\/et\/#website","url":"https:\/\/lartusihome.com\/et\/","name":"Lartusihome.com","description":"Kodu \/ sisustus","potentialAction":[{"@type":"SearchAction","target":{"@type":"EntryPoint","urlTemplate":"https:\/\/lartusihome.com\/et\/?s={search_term_string}"},"query-input":{"@type":"PropertyValueSpecification","valueRequired":true,"valueName":"search_term_string"}}],"inLanguage":"et"}]}},"_links":{"self":[{"href":"https:\/\/lartusihome.com\/et\/wp-json\/wp\/v2\/product\/418092"}],"collection":[{"href":"https:\/\/lartusihome.com\/et\/wp-json\/wp\/v2\/product"}],"about":[{"href":"https:\/\/lartusihome.com\/et\/wp-json\/wp\/v2\/types\/product"}],"wp:featuredmedia":[{"embeddable":true,"href":"https:\/\/lartusihome.com\/et\/wp-json\/wp\/v2\/media\/418067"}],"wp:attachment":[{"href":"https:\/\/lartusihome.com\/et\/wp-json\/wp\/v2\/media?parent=418092"}],"wp:term":[{"taxonomy":"product_cat","embeddable":true,"href":"https:\/\/lartusihome.com\/et\/wp-json\/wp\/v2\/product_cat?post=418092"},{"taxonomy":"product_tag","embeddable":true,"href":"https:\/\/lartusihome.com\/et\/wp-json\/wp\/v2\/product_tag?post=418092"},{"taxonomy":"giftcard-category","embeddable":true,"href":"https:\/\/lartusihome.com\/et\/wp-json\/wp\/v2\/giftcard-category?post=418092"}],"curies":[{"name":"wp","href":"https:\/\/api.w.org\/{rel}","templated":true}]}}