{"id":412350,"date":"2025-09-02T15:39:36","date_gmt":"2025-09-02T12:39:36","guid":{"rendered":"https:\/\/lartusihome.com\/product\/rico-lounge-chair-faded-velvet\/"},"modified":"2025-09-02T15:41:15","modified_gmt":"2025-09-02T12:41:15","slug":"rico-lounge-chair-faded-velvet","status":"publish","type":"product","link":"https:\/\/lartusihome.com\/et\/toode\/rico-lounge-chair-faded-velvet\/","title":{"rendered":"Rico tugitool, Faded Velvet"},"content":{"rendered":"<p>Valmistatakse eritellimusel<\/p>\n<p>Laius: 87 cm<\/p>\n<p>K\u00f5rgus: 76,5 cm<\/p>\n<p>S\u00fcgavus: 76 cm<\/p>\n<p>Kaal: 30,5 kg<\/p>\n<p>Istmumisk\u00f5rgus: 41 cm<\/p>\n<p>Seljatoe k\u00f5rgus: 35,5 cm<\/p>\n<p>Materjal:<span class=\"Apple-converted-space\">\u00a0<\/span><\/p>\n<p>Kangas: <span class=\"Y2IQFc\" lang=\"et\">51% akr\u00fc\u00fcl, 40% pol\u00fcester ja 9% viskoos<\/span><\/p>\n<p>Seljatugi: vaht ja metallstruktuur<\/p>\n<p>Iste: PU vaht ja FSC\u2122 Mix-sertifikaadiga puidust struktuur<\/p>\n<p>Jalad: pol\u00fcet\u00fcleen<\/p>\n","protected":false},"excerpt":{"rendered":"<p>Valmistatakse eritellimusel Laius: 87 cm K\u00f5rgus: 76,5 cm S\u00fcgavus: 76 cm Kaal: 30,5 kg Istmumisk\u00f5rgus: 41 cm Seljatoe k\u00f5rgus: 35,5 cm Materjal:\u00a0 Kangas: 51% akr\u00fc\u00fcl, 40% pol\u00fcester ja 9% viskoos Seljatugi: vaht ja metallstruktuur Iste: PU vaht ja FSC\u2122 Mix-sertifikaadiga puidust struktuur Jalad: pol\u00fcet\u00fcleen<\/p>\n","protected":false},"featured_media":412333,"template":"","meta":{"_acf_changed":false,"inline_featured_image":false},"product_cat":[24476,5273,3237],"product_tag":[],"giftcard-category":[],"class_list":{"0":"post-412350","1":"product","2":"type-product","3":"status-publish","4":"has-post-thumbnail","6":"product_cat-tugitoolid","7":"product_cat-moobel","8":"product_cat-toolid","9":"pa_brand-ferm-living-et","10":"pa_collection-rico","12":"first","13":"onbackorder","14":"shipping-taxable","15":"purchasable","16":"product-type-variable"},"acf":[],"yoast_head":"<!-- This site is optimized with the Yoast SEO plugin v25.6 - https:\/\/yoast.com\/wordpress\/plugins\/seo\/ -->\n<title>Rico tugitool, Faded Velvet - Lartusihome.com<\/title>\n<meta name=\"robots\" content=\"index, follow, max-snippet:-1, max-image-preview:large, max-video-preview:-1\" \/>\n<link rel=\"canonical\" href=\"https:\/\/lartusihome.com\/et\/toode\/rico-lounge-chair-faded-velvet\/\" \/>\n<meta property=\"og:locale\" content=\"et_EE\" \/>\n<meta property=\"og:type\" content=\"article\" \/>\n<meta property=\"og:title\" content=\"Rico tugitool, Faded Velvet - Lartusihome.com\" \/>\n<meta property=\"og:description\" content=\"Valmistatakse eritellimusel Laius: 87 cm K\u00f5rgus: 76,5 cm S\u00fcgavus: 76 cm Kaal: 30,5 kg Istmumisk\u00f5rgus: 41 cm Seljatoe k\u00f5rgus: 35,5 cm Materjal:\u00a0 Kangas: 51% akr\u00fc\u00fcl, 40% pol\u00fcester ja 9% viskoos Seljatugi: vaht ja metallstruktuur Iste: PU vaht ja FSC\u2122 Mix-sertifikaadiga puidust struktuur Jalad: pol\u00fcet\u00fcleen\" \/>\n<meta property=\"og:url\" content=\"https:\/\/lartusihome.com\/et\/toode\/rico-lounge-chair-faded-velvet\/\" \/>\n<meta property=\"og:site_name\" content=\"Lartusihome.com\" \/>\n<meta property=\"article:publisher\" content=\"https:\/\/www.facebook.com\/lartusihome\/\" \/>\n<meta property=\"article:modified_time\" content=\"2025-09-02T12:41:15+00:00\" \/>\n<meta property=\"og:image\" content=\"https:\/\/lartusihome.com\/wp-content\/uploads\/2025\/09\/fermLIVING-RicoLoungeChair-Faded-Velvet-Beige-100460671.jpg\" \/>\n\t<meta property=\"og:image:width\" content=\"2000\" \/>\n\t<meta property=\"og:image:height\" content=\"2000\" \/>\n\t<meta property=\"og:image:type\" content=\"image\/jpeg\" \/>\n<meta name=\"twitter:card\" content=\"summary_large_image\" \/>\n<meta name=\"twitter:label1\" content=\"Est. reading time\" \/>\n\t<meta name=\"twitter:data1\" content=\"1 minut\" \/>\n<script type=\"application\/ld+json\" class=\"yoast-schema-graph\">{\"@context\":\"https:\/\/schema.org\",\"@graph\":[{\"@type\":\"WebPage\",\"@id\":\"https:\/\/lartusihome.com\/et\/toode\/rico-lounge-chair-faded-velvet\/\",\"url\":\"https:\/\/lartusihome.com\/et\/toode\/rico-lounge-chair-faded-velvet\/\",\"name\":\"Rico tugitool, Faded Velvet - Lartusihome.com\",\"isPartOf\":{\"@id\":\"https:\/\/lartusihome.com\/et\/#website\"},\"primaryImageOfPage\":{\"@id\":\"https:\/\/lartusihome.com\/et\/toode\/rico-lounge-chair-faded-velvet\/#primaryimage\"},\"image\":{\"@id\":\"https:\/\/lartusihome.com\/et\/toode\/rico-lounge-chair-faded-velvet\/#primaryimage\"},\"thumbnailUrl\":\"https:\/\/lartusihome.com\/wp-content\/uploads\/2025\/09\/fermLIVING-RicoLoungeChair-Faded-Velvet-Beige-100460671.jpg\",\"datePublished\":\"2025-09-02T12:39:36+00:00\",\"dateModified\":\"2025-09-02T12:41:15+00:00\",\"breadcrumb\":{\"@id\":\"https:\/\/lartusihome.com\/et\/toode\/rico-lounge-chair-faded-velvet\/#breadcrumb\"},\"inLanguage\":\"et\",\"potentialAction\":[{\"@type\":\"ReadAction\",\"target\":[\"https:\/\/lartusihome.com\/et\/toode\/rico-lounge-chair-faded-velvet\/\"]}]},{\"@type\":\"ImageObject\",\"inLanguage\":\"et\",\"@id\":\"https:\/\/lartusihome.com\/et\/toode\/rico-lounge-chair-faded-velvet\/#primaryimage\",\"url\":\"https:\/\/lartusihome.com\/wp-content\/uploads\/2025\/09\/fermLIVING-RicoLoungeChair-Faded-Velvet-Beige-100460671.jpg\",\"contentUrl\":\"https:\/\/lartusihome.com\/wp-content\/uploads\/2025\/09\/fermLIVING-RicoLoungeChair-Faded-Velvet-Beige-100460671.jpg\",\"width\":2000,\"height\":2000},{\"@type\":\"BreadcrumbList\",\"@id\":\"https:\/\/lartusihome.com\/et\/toode\/rico-lounge-chair-faded-velvet\/#breadcrumb\",\"itemListElement\":[{\"@type\":\"ListItem\",\"position\":1,\"name\":\"Home\",\"item\":\"https:\/\/lartusihome.com\/et\/\"},{\"@type\":\"ListItem\",\"position\":2,\"name\":\"Pood\",\"item\":\"https:\/\/lartusihome.com\/et\/pood\/\"},{\"@type\":\"ListItem\",\"position\":3,\"name\":\"Rico tugitool, Faded Velvet\"}]},{\"@type\":\"WebSite\",\"@id\":\"https:\/\/lartusihome.com\/et\/#website\",\"url\":\"https:\/\/lartusihome.com\/et\/\",\"name\":\"Lartusihome.com\",\"description\":\"Kodu \/ sisustus\",\"potentialAction\":[{\"@type\":\"SearchAction\",\"target\":{\"@type\":\"EntryPoint\",\"urlTemplate\":\"https:\/\/lartusihome.com\/et\/?s={search_term_string}\"},\"query-input\":{\"@type\":\"PropertyValueSpecification\",\"valueRequired\":true,\"valueName\":\"search_term_string\"}}],\"inLanguage\":\"et\"}]}<\/script>\n<!-- \/ Yoast SEO plugin. -->","yoast_head_json":{"title":"Rico tugitool, Faded Velvet - Lartusihome.com","robots":{"index":"index","follow":"follow","max-snippet":"max-snippet:-1","max-image-preview":"max-image-preview:large","max-video-preview":"max-video-preview:-1"},"canonical":"https:\/\/lartusihome.com\/et\/toode\/rico-lounge-chair-faded-velvet\/","og_locale":"et_EE","og_type":"article","og_title":"Rico tugitool, Faded Velvet - Lartusihome.com","og_description":"Valmistatakse eritellimusel Laius: 87 cm K\u00f5rgus: 76,5 cm S\u00fcgavus: 76 cm Kaal: 30,5 kg Istmumisk\u00f5rgus: 41 cm Seljatoe k\u00f5rgus: 35,5 cm Materjal:\u00a0 Kangas: 51% akr\u00fc\u00fcl, 40% pol\u00fcester ja 9% viskoos Seljatugi: vaht ja metallstruktuur Iste: PU vaht ja FSC\u2122 Mix-sertifikaadiga puidust struktuur Jalad: pol\u00fcet\u00fcleen","og_url":"https:\/\/lartusihome.com\/et\/toode\/rico-lounge-chair-faded-velvet\/","og_site_name":"Lartusihome.com","article_publisher":"https:\/\/www.facebook.com\/lartusihome\/","article_modified_time":"2025-09-02T12:41:15+00:00","og_image":[{"width":2000,"height":2000,"url":"https:\/\/lartusihome.com\/wp-content\/uploads\/2025\/09\/fermLIVING-RicoLoungeChair-Faded-Velvet-Beige-100460671.jpg","type":"image\/jpeg"}],"twitter_card":"summary_large_image","twitter_misc":{"Est. reading time":"1 minut"},"schema":{"@context":"https:\/\/schema.org","@graph":[{"@type":"WebPage","@id":"https:\/\/lartusihome.com\/et\/toode\/rico-lounge-chair-faded-velvet\/","url":"https:\/\/lartusihome.com\/et\/toode\/rico-lounge-chair-faded-velvet\/","name":"Rico tugitool, Faded Velvet - Lartusihome.com","isPartOf":{"@id":"https:\/\/lartusihome.com\/et\/#website"},"primaryImageOfPage":{"@id":"https:\/\/lartusihome.com\/et\/toode\/rico-lounge-chair-faded-velvet\/#primaryimage"},"image":{"@id":"https:\/\/lartusihome.com\/et\/toode\/rico-lounge-chair-faded-velvet\/#primaryimage"},"thumbnailUrl":"https:\/\/lartusihome.com\/wp-content\/uploads\/2025\/09\/fermLIVING-RicoLoungeChair-Faded-Velvet-Beige-100460671.jpg","datePublished":"2025-09-02T12:39:36+00:00","dateModified":"2025-09-02T12:41:15+00:00","breadcrumb":{"@id":"https:\/\/lartusihome.com\/et\/toode\/rico-lounge-chair-faded-velvet\/#breadcrumb"},"inLanguage":"et","potentialAction":[{"@type":"ReadAction","target":["https:\/\/lartusihome.com\/et\/toode\/rico-lounge-chair-faded-velvet\/"]}]},{"@type":"ImageObject","inLanguage":"et","@id":"https:\/\/lartusihome.com\/et\/toode\/rico-lounge-chair-faded-velvet\/#primaryimage","url":"https:\/\/lartusihome.com\/wp-content\/uploads\/2025\/09\/fermLIVING-RicoLoungeChair-Faded-Velvet-Beige-100460671.jpg","contentUrl":"https:\/\/lartusihome.com\/wp-content\/uploads\/2025\/09\/fermLIVING-RicoLoungeChair-Faded-Velvet-Beige-100460671.jpg","width":2000,"height":2000},{"@type":"BreadcrumbList","@id":"https:\/\/lartusihome.com\/et\/toode\/rico-lounge-chair-faded-velvet\/#breadcrumb","itemListElement":[{"@type":"ListItem","position":1,"name":"Home","item":"https:\/\/lartusihome.com\/et\/"},{"@type":"ListItem","position":2,"name":"Pood","item":"https:\/\/lartusihome.com\/et\/pood\/"},{"@type":"ListItem","position":3,"name":"Rico tugitool, Faded Velvet"}]},{"@type":"WebSite","@id":"https:\/\/lartusihome.com\/et\/#website","url":"https:\/\/lartusihome.com\/et\/","name":"Lartusihome.com","description":"Kodu \/ sisustus","potentialAction":[{"@type":"SearchAction","target":{"@type":"EntryPoint","urlTemplate":"https:\/\/lartusihome.com\/et\/?s={search_term_string}"},"query-input":{"@type":"PropertyValueSpecification","valueRequired":true,"valueName":"search_term_string"}}],"inLanguage":"et"}]}},"_links":{"self":[{"href":"https:\/\/lartusihome.com\/et\/wp-json\/wp\/v2\/product\/412350"}],"collection":[{"href":"https:\/\/lartusihome.com\/et\/wp-json\/wp\/v2\/product"}],"about":[{"href":"https:\/\/lartusihome.com\/et\/wp-json\/wp\/v2\/types\/product"}],"wp:featuredmedia":[{"embeddable":true,"href":"https:\/\/lartusihome.com\/et\/wp-json\/wp\/v2\/media\/412333"}],"wp:attachment":[{"href":"https:\/\/lartusihome.com\/et\/wp-json\/wp\/v2\/media?parent=412350"}],"wp:term":[{"taxonomy":"product_cat","embeddable":true,"href":"https:\/\/lartusihome.com\/et\/wp-json\/wp\/v2\/product_cat?post=412350"},{"taxonomy":"product_tag","embeddable":true,"href":"https:\/\/lartusihome.com\/et\/wp-json\/wp\/v2\/product_tag?post=412350"},{"taxonomy":"giftcard-category","embeddable":true,"href":"https:\/\/lartusihome.com\/et\/wp-json\/wp\/v2\/giftcard-category?post=412350"}],"curies":[{"name":"wp","href":"https:\/\/api.w.org\/{rel}","templated":true}]}}