{"id":407254,"date":"2025-06-10T17:56:11","date_gmt":"2025-06-10T14:56:11","guid":{"rendered":"https:\/\/lartusihome.com\/product\/sicily-vase-04\/"},"modified":"2025-06-10T18:00:47","modified_gmt":"2025-06-10T15:00:47","slug":"sicily-vase-04","status":"publish","type":"product","link":"https:\/\/lartusihome.com\/et\/toode\/sicily-vase-04\/","title":{"rendered":"Sicily vaas 04"},"content":{"rendered":"<p>Sicily vaasid on inspireeritud iidsest legendist, kuid disainer Bisignano on neile andnud moodsa h\u00f5ngu. K\u00e4sitsi maalitud kivikeraamikast vaasid on silmatorkavad, r\u00f5\u00f5msameelsed ja v\u00e4rvilised ning v\u00f5tavad ilmekalt kokku Ottolenghi lopsaka kokakunsti. Need vaasid on dekoratiivesemed ja me ei saa garanteerida, et need on t\u00e4ielikult veekindlad.<\/p>\n<p>Pikkus: 26 cm<\/p>\n<p>Laius: 16 cm<\/p>\n<p>K\u00f5rgus: 35 cm<\/p>\n<p>Materjal: kivikeraamika<\/p>\n","protected":false},"excerpt":{"rendered":"<p>Sicily vaasid on inspireeritud iidsest legendist, kuid disainer Bisignano on neile andnud moodsa h\u00f5ngu. K\u00e4sitsi maalitud kivikeraamikast vaasid on silmatorkavad, r\u00f5\u00f5msameelsed ja v\u00e4rvilised ning v\u00f5tavad ilmekalt kokku Ottolenghi lopsaka kokakunsti. Need vaasid on dekoratiivesemed ja me ei saa garanteerida, et need on t\u00e4ielikult veekindlad. Pikkus: 26 cm Laius: 16 cm K\u00f5rgus: 35 cm Materjal: kivikeraamika<\/p>\n","protected":false},"featured_media":407181,"template":"","meta":{"_acf_changed":false,"inline_featured_image":false},"product_cat":[4365,108],"product_tag":[],"giftcard-category":[],"class_list":{"0":"post-407254","1":"product","2":"type-product","3":"status-publish","4":"has-post-thumbnail","6":"product_cat-aksessuaarid","7":"product_cat-vaasid","8":"pa_brand-serax","9":"pa_collection-sicily","11":"first","12":"outofstock","13":"shipping-taxable","14":"purchasable","15":"product-type-simple"},"acf":[],"yoast_head":"<!-- This site is optimized with the Yoast SEO plugin v25.6 - https:\/\/yoast.com\/wordpress\/plugins\/seo\/ -->\n<title>Sicily vaas 04 - Lartusihome.com<\/title>\n<meta name=\"robots\" content=\"index, follow, max-snippet:-1, max-image-preview:large, max-video-preview:-1\" \/>\n<link rel=\"canonical\" href=\"https:\/\/lartusihome.com\/et\/toode\/sicily-vase-04\/\" \/>\n<meta property=\"og:locale\" content=\"et_EE\" \/>\n<meta property=\"og:type\" content=\"article\" \/>\n<meta property=\"og:title\" content=\"Sicily vaas 04 - Lartusihome.com\" \/>\n<meta property=\"og:description\" content=\"Sicily vaasid on inspireeritud iidsest legendist, kuid disainer Bisignano on neile andnud moodsa h\u00f5ngu. K\u00e4sitsi maalitud kivikeraamikast vaasid on silmatorkavad, r\u00f5\u00f5msameelsed ja v\u00e4rvilised ning v\u00f5tavad ilmekalt kokku Ottolenghi lopsaka kokakunsti. Need vaasid on dekoratiivesemed ja me ei saa garanteerida, et need on t\u00e4ielikult veekindlad. Pikkus: 26 cm Laius: 16 cm K\u00f5rgus: 35 cm Materjal: kivikeraamika\" \/>\n<meta property=\"og:url\" content=\"https:\/\/lartusihome.com\/et\/toode\/sicily-vase-04\/\" \/>\n<meta property=\"og:site_name\" content=\"Lartusihome.com\" \/>\n<meta property=\"article:publisher\" content=\"https:\/\/www.facebook.com\/lartusihome\/\" \/>\n<meta property=\"article:modified_time\" content=\"2025-06-10T15:00:47+00:00\" \/>\n<meta property=\"og:image\" content=\"https:\/\/lartusihome.com\/wp-content\/uploads\/2025\/05\/B8922014s5.jpg\" \/>\n\t<meta property=\"og:image:width\" content=\"2000\" \/>\n\t<meta property=\"og:image:height\" content=\"2000\" \/>\n\t<meta property=\"og:image:type\" content=\"image\/jpeg\" \/>\n<meta name=\"twitter:card\" content=\"summary_large_image\" \/>\n<meta name=\"twitter:label1\" content=\"Est. reading time\" \/>\n\t<meta name=\"twitter:data1\" content=\"1 minut\" \/>\n<script type=\"application\/ld+json\" class=\"yoast-schema-graph\">{\"@context\":\"https:\/\/schema.org\",\"@graph\":[{\"@type\":\"WebPage\",\"@id\":\"https:\/\/lartusihome.com\/et\/toode\/sicily-vase-04\/\",\"url\":\"https:\/\/lartusihome.com\/et\/toode\/sicily-vase-04\/\",\"name\":\"Sicily vaas 04 - Lartusihome.com\",\"isPartOf\":{\"@id\":\"https:\/\/lartusihome.com\/et\/#website\"},\"primaryImageOfPage\":{\"@id\":\"https:\/\/lartusihome.com\/et\/toode\/sicily-vase-04\/#primaryimage\"},\"image\":{\"@id\":\"https:\/\/lartusihome.com\/et\/toode\/sicily-vase-04\/#primaryimage\"},\"thumbnailUrl\":\"https:\/\/lartusihome.com\/wp-content\/uploads\/2025\/05\/B8922014s5.jpg\",\"datePublished\":\"2025-06-10T14:56:11+00:00\",\"dateModified\":\"2025-06-10T15:00:47+00:00\",\"breadcrumb\":{\"@id\":\"https:\/\/lartusihome.com\/et\/toode\/sicily-vase-04\/#breadcrumb\"},\"inLanguage\":\"et\",\"potentialAction\":[{\"@type\":\"ReadAction\",\"target\":[\"https:\/\/lartusihome.com\/et\/toode\/sicily-vase-04\/\"]}]},{\"@type\":\"ImageObject\",\"inLanguage\":\"et\",\"@id\":\"https:\/\/lartusihome.com\/et\/toode\/sicily-vase-04\/#primaryimage\",\"url\":\"https:\/\/lartusihome.com\/wp-content\/uploads\/2025\/05\/B8922014s5.jpg\",\"contentUrl\":\"https:\/\/lartusihome.com\/wp-content\/uploads\/2025\/05\/B8922014s5.jpg\",\"width\":2000,\"height\":2000},{\"@type\":\"BreadcrumbList\",\"@id\":\"https:\/\/lartusihome.com\/et\/toode\/sicily-vase-04\/#breadcrumb\",\"itemListElement\":[{\"@type\":\"ListItem\",\"position\":1,\"name\":\"Home\",\"item\":\"https:\/\/lartusihome.com\/et\/\"},{\"@type\":\"ListItem\",\"position\":2,\"name\":\"Pood\",\"item\":\"https:\/\/lartusihome.com\/et\/pood\/\"},{\"@type\":\"ListItem\",\"position\":3,\"name\":\"Sicily vaas 04\"}]},{\"@type\":\"WebSite\",\"@id\":\"https:\/\/lartusihome.com\/et\/#website\",\"url\":\"https:\/\/lartusihome.com\/et\/\",\"name\":\"Lartusihome.com\",\"description\":\"Kodu \/ sisustus\",\"potentialAction\":[{\"@type\":\"SearchAction\",\"target\":{\"@type\":\"EntryPoint\",\"urlTemplate\":\"https:\/\/lartusihome.com\/et\/?s={search_term_string}\"},\"query-input\":{\"@type\":\"PropertyValueSpecification\",\"valueRequired\":true,\"valueName\":\"search_term_string\"}}],\"inLanguage\":\"et\"}]}<\/script>\n<!-- \/ Yoast SEO plugin. -->","yoast_head_json":{"title":"Sicily vaas 04 - Lartusihome.com","robots":{"index":"index","follow":"follow","max-snippet":"max-snippet:-1","max-image-preview":"max-image-preview:large","max-video-preview":"max-video-preview:-1"},"canonical":"https:\/\/lartusihome.com\/et\/toode\/sicily-vase-04\/","og_locale":"et_EE","og_type":"article","og_title":"Sicily vaas 04 - Lartusihome.com","og_description":"Sicily vaasid on inspireeritud iidsest legendist, kuid disainer Bisignano on neile andnud moodsa h\u00f5ngu. K\u00e4sitsi maalitud kivikeraamikast vaasid on silmatorkavad, r\u00f5\u00f5msameelsed ja v\u00e4rvilised ning v\u00f5tavad ilmekalt kokku Ottolenghi lopsaka kokakunsti. Need vaasid on dekoratiivesemed ja me ei saa garanteerida, et need on t\u00e4ielikult veekindlad. Pikkus: 26 cm Laius: 16 cm K\u00f5rgus: 35 cm Materjal: kivikeraamika","og_url":"https:\/\/lartusihome.com\/et\/toode\/sicily-vase-04\/","og_site_name":"Lartusihome.com","article_publisher":"https:\/\/www.facebook.com\/lartusihome\/","article_modified_time":"2025-06-10T15:00:47+00:00","og_image":[{"width":2000,"height":2000,"url":"https:\/\/lartusihome.com\/wp-content\/uploads\/2025\/05\/B8922014s5.jpg","type":"image\/jpeg"}],"twitter_card":"summary_large_image","twitter_misc":{"Est. reading time":"1 minut"},"schema":{"@context":"https:\/\/schema.org","@graph":[{"@type":"WebPage","@id":"https:\/\/lartusihome.com\/et\/toode\/sicily-vase-04\/","url":"https:\/\/lartusihome.com\/et\/toode\/sicily-vase-04\/","name":"Sicily vaas 04 - Lartusihome.com","isPartOf":{"@id":"https:\/\/lartusihome.com\/et\/#website"},"primaryImageOfPage":{"@id":"https:\/\/lartusihome.com\/et\/toode\/sicily-vase-04\/#primaryimage"},"image":{"@id":"https:\/\/lartusihome.com\/et\/toode\/sicily-vase-04\/#primaryimage"},"thumbnailUrl":"https:\/\/lartusihome.com\/wp-content\/uploads\/2025\/05\/B8922014s5.jpg","datePublished":"2025-06-10T14:56:11+00:00","dateModified":"2025-06-10T15:00:47+00:00","breadcrumb":{"@id":"https:\/\/lartusihome.com\/et\/toode\/sicily-vase-04\/#breadcrumb"},"inLanguage":"et","potentialAction":[{"@type":"ReadAction","target":["https:\/\/lartusihome.com\/et\/toode\/sicily-vase-04\/"]}]},{"@type":"ImageObject","inLanguage":"et","@id":"https:\/\/lartusihome.com\/et\/toode\/sicily-vase-04\/#primaryimage","url":"https:\/\/lartusihome.com\/wp-content\/uploads\/2025\/05\/B8922014s5.jpg","contentUrl":"https:\/\/lartusihome.com\/wp-content\/uploads\/2025\/05\/B8922014s5.jpg","width":2000,"height":2000},{"@type":"BreadcrumbList","@id":"https:\/\/lartusihome.com\/et\/toode\/sicily-vase-04\/#breadcrumb","itemListElement":[{"@type":"ListItem","position":1,"name":"Home","item":"https:\/\/lartusihome.com\/et\/"},{"@type":"ListItem","position":2,"name":"Pood","item":"https:\/\/lartusihome.com\/et\/pood\/"},{"@type":"ListItem","position":3,"name":"Sicily vaas 04"}]},{"@type":"WebSite","@id":"https:\/\/lartusihome.com\/et\/#website","url":"https:\/\/lartusihome.com\/et\/","name":"Lartusihome.com","description":"Kodu \/ sisustus","potentialAction":[{"@type":"SearchAction","target":{"@type":"EntryPoint","urlTemplate":"https:\/\/lartusihome.com\/et\/?s={search_term_string}"},"query-input":{"@type":"PropertyValueSpecification","valueRequired":true,"valueName":"search_term_string"}}],"inLanguage":"et"}]}},"_links":{"self":[{"href":"https:\/\/lartusihome.com\/et\/wp-json\/wp\/v2\/product\/407254"}],"collection":[{"href":"https:\/\/lartusihome.com\/et\/wp-json\/wp\/v2\/product"}],"about":[{"href":"https:\/\/lartusihome.com\/et\/wp-json\/wp\/v2\/types\/product"}],"wp:featuredmedia":[{"embeddable":true,"href":"https:\/\/lartusihome.com\/et\/wp-json\/wp\/v2\/media\/407181"}],"wp:attachment":[{"href":"https:\/\/lartusihome.com\/et\/wp-json\/wp\/v2\/media?parent=407254"}],"wp:term":[{"taxonomy":"product_cat","embeddable":true,"href":"https:\/\/lartusihome.com\/et\/wp-json\/wp\/v2\/product_cat?post=407254"},{"taxonomy":"product_tag","embeddable":true,"href":"https:\/\/lartusihome.com\/et\/wp-json\/wp\/v2\/product_tag?post=407254"},{"taxonomy":"giftcard-category","embeddable":true,"href":"https:\/\/lartusihome.com\/et\/wp-json\/wp\/v2\/giftcard-category?post=407254"}],"curies":[{"name":"wp","href":"https:\/\/api.w.org\/{rel}","templated":true}]}}