{"id":400867,"date":"2025-04-21T17:05:54","date_gmt":"2025-04-21T14:05:54","guid":{"rendered":"https:\/\/lartusihome.com\/product\/ryu-platter-185cm\/"},"modified":"2026-02-07T17:47:01","modified_gmt":"2026-02-07T15:47:01","slug":"ryu-platter-185cm","status":"publish","type":"product","link":"https:\/\/lartusihome.com\/et\/toode\/ryu-platter-185cm\/","title":{"rendered":"Ryu taldrik 18,5cm"},"content":{"rendered":"<p id=\"tw-target-text\" class=\"tw-data-text tw-text-large tw-ta\" dir=\"ltr\" data-placeholder=\"T\u00f5lge\" data-ved=\"2ahUKEwiR9bGapOmMAxWFUXcKHQ85MNwQ3ewLegQICBAV\" aria-label=\"T\u00f5lgitud tekst: Ryu lauan\u00f5ude kollektsioon tuleneb oma nime jaapanikeelsest s\u00f5nast &quot;vool&quot;, mis viitab keerukatele mustritele, mis neid eristavaid taldrikuid kaunistavad. See protsess on valmistatud traditsioonilises Nerikomi tehnikas, kus s\u00f5tkutakse, rullitakse ja l\u00f5igatakse k\u00e4sitsi kahte erinevat v\u00e4rvi savi, mille tulemuseks on ainulaadsed mustrid, mis on iga \u00fcksiku t\u00fcki jaoks ainulaadsed.\n\nSee on k\u00e4sit\u00f6\u00f6na valmistatud ese. Iga t\u00fckk on ainulaadne ja mustrid v\u00f5ivad oluliselt erineda. Ei ole n\u00f5udepesumasinas pestav \u2013 ainult k\u00e4sipesu.\"><span class=\"Y2IQFc\" lang=\"et\">Ryu lauan\u00f5ude kollektsioon saab oma nime jaapanikeelsest s\u00f5nast \u201cvool\u201d, mis viitab keerukatele mustritele, mis neid taldrikuid kaunistavad. See protsess on valmistatud traditsioonilises Nerikomi tehnikas, kus s\u00f5tkutakse, rullitakse ja l\u00f5igatakse k\u00e4sitsi kahte erinevat v\u00e4rvi savi, mille tulemuseks on ainulaadsed mustrid.<\/span><\/p>\n<p class=\"tw-data-text tw-text-large tw-ta\" dir=\"ltr\" data-placeholder=\"T\u00f5lge\" data-ved=\"2ahUKEwiR9bGapOmMAxWFUXcKHQ85MNwQ3ewLegQICBAV\" aria-label=\"T\u00f5lgitud tekst: Ryu lauan\u00f5ude kollektsioon tuleneb oma nime jaapanikeelsest s\u00f5nast &quot;vool&quot;, mis viitab keerukatele mustritele, mis neid eristavaid taldrikuid kaunistavad. See protsess on valmistatud traditsioonilises Nerikomi tehnikas, kus s\u00f5tkutakse, rullitakse ja l\u00f5igatakse k\u00e4sitsi kahte erinevat v\u00e4rvi savi, mille tulemuseks on ainulaadsed mustrid, mis on iga \u00fcksiku t\u00fcki jaoks ainulaadsed.\n\nSee on k\u00e4sit\u00f6\u00f6na valmistatud ese. Iga t\u00fckk on ainulaadne ja mustrid v\u00f5ivad oluliselt erineda. Ei ole n\u00f5udepesumasinas pestav \u2013 ainult k\u00e4sipesu.\"><span class=\"Y2IQFc\" lang=\"et\">See on k\u00e4sit\u00f6\u00f6na valmistatud ese. Iga tese on ainulaadne ja mustrid v\u00f5ivad oluliselt erineda. Ei ole n\u00f5udepesumasinas pestav \u2013 ainult k\u00e4sipesu.<\/span><\/p>\n<p class=\"item\"><span class=\"value\" data-v-6c1492fc=\"\">Laius: 18,5 cm <\/span><\/p>\n<p class=\"item\"><span class=\"value\" data-v-6c1492fc=\"\">K\u00f5rgus: 2,5 cm<\/span><\/p>\n<p class=\"item\"><span class=\"label\" data-v-6c1492fc=\"\">Kaal: <\/span><span class=\"value\" data-v-6c1492fc=\"\">0,4 kg<\/span><\/p>\n<p class=\"item\"><span class=\"label\" data-v-6c1492fc=\"\">Materjal: kivikeraamika<\/span><\/p>\n<p>&nbsp;<\/p>\n","protected":false},"excerpt":{"rendered":"<p>Ryu lauan\u00f5ude kollektsioon saab oma nime jaapanikeelsest s\u00f5nast \u201cvool\u201d, mis viitab keerukatele mustritele, mis neid taldrikuid kaunistavad. See protsess on valmistatud traditsioonilises Nerikomi tehnikas, kus s\u00f5tkutakse, rullitakse ja l\u00f5igatakse k\u00e4sitsi kahte erinevat v\u00e4rvi savi, mille tulemuseks on ainulaadsed mustrid. See on k\u00e4sit\u00f6\u00f6na valmistatud ese. Iga tese on ainulaadne ja mustrid v\u00f5ivad oluliselt erineda. Ei ole&hellip;<\/p>\n","protected":false},"featured_media":400774,"template":"","meta":{"_acf_changed":false,"inline_featured_image":false},"product_cat":[3574,1557],"product_tag":[],"giftcard-category":[],"class_list":{"0":"post-400867","1":"product","2":"type-product","3":"status-publish","4":"has-post-thumbnail","6":"product_cat-lauanoud","7":"product_cat-kivikeraamika","8":"pa_brand-ferm-living-et","9":"pa_collection-ryu","11":"first","12":"onbackorder","13":"shipping-taxable","14":"purchasable","15":"product-type-simple"},"acf":[],"yoast_head":"<!-- This site is optimized with the Yoast SEO plugin v25.6 - https:\/\/yoast.com\/wordpress\/plugins\/seo\/ -->\n<title>Ryu taldrik 18,5cm - Lartusihome.com<\/title>\n<meta name=\"robots\" content=\"index, follow, max-snippet:-1, max-image-preview:large, max-video-preview:-1\" \/>\n<link rel=\"canonical\" href=\"https:\/\/lartusihome.com\/et\/toode\/ryu-platter-185cm\/\" \/>\n<meta property=\"og:locale\" content=\"et_EE\" \/>\n<meta property=\"og:type\" content=\"article\" \/>\n<meta property=\"og:title\" content=\"Ryu taldrik 18,5cm - Lartusihome.com\" \/>\n<meta property=\"og:description\" content=\"Ryu lauan\u00f5ude kollektsioon saab oma nime jaapanikeelsest s\u00f5nast \u201cvool\u201d, mis viitab keerukatele mustritele, mis neid taldrikuid kaunistavad. See protsess on valmistatud traditsioonilises Nerikomi tehnikas, kus s\u00f5tkutakse, rullitakse ja l\u00f5igatakse k\u00e4sitsi kahte erinevat v\u00e4rvi savi, mille tulemuseks on ainulaadsed mustrid. See on k\u00e4sit\u00f6\u00f6na valmistatud ese. Iga tese on ainulaadne ja mustrid v\u00f5ivad oluliselt erineda. Ei ole&hellip;\" \/>\n<meta property=\"og:url\" content=\"https:\/\/lartusihome.com\/et\/toode\/ryu-platter-185cm\/\" \/>\n<meta property=\"og:site_name\" content=\"Lartusihome.com\" \/>\n<meta property=\"article:publisher\" content=\"https:\/\/www.facebook.com\/lartusihome\/\" \/>\n<meta property=\"article:modified_time\" content=\"2026-02-07T15:47:01+00:00\" \/>\n<meta property=\"og:image\" content=\"https:\/\/lartusihome.com\/wp-content\/uploads\/2025\/04\/fermLIVING_AW23_RyuPlatter18.5_1104268261_03.jpg\" \/>\n\t<meta property=\"og:image:width\" content=\"2000\" \/>\n\t<meta property=\"og:image:height\" content=\"2000\" \/>\n\t<meta property=\"og:image:type\" content=\"image\/jpeg\" \/>\n<meta name=\"twitter:card\" content=\"summary_large_image\" \/>\n<meta name=\"twitter:label1\" content=\"Est. reading time\" \/>\n\t<meta name=\"twitter:data1\" content=\"1 minut\" \/>\n<script type=\"application\/ld+json\" class=\"yoast-schema-graph\">{\"@context\":\"https:\/\/schema.org\",\"@graph\":[{\"@type\":\"WebPage\",\"@id\":\"https:\/\/lartusihome.com\/et\/toode\/ryu-platter-185cm\/\",\"url\":\"https:\/\/lartusihome.com\/et\/toode\/ryu-platter-185cm\/\",\"name\":\"Ryu taldrik 18,5cm - Lartusihome.com\",\"isPartOf\":{\"@id\":\"https:\/\/lartusihome.com\/et\/#website\"},\"primaryImageOfPage\":{\"@id\":\"https:\/\/lartusihome.com\/et\/toode\/ryu-platter-185cm\/#primaryimage\"},\"image\":{\"@id\":\"https:\/\/lartusihome.com\/et\/toode\/ryu-platter-185cm\/#primaryimage\"},\"thumbnailUrl\":\"https:\/\/lartusihome.com\/wp-content\/uploads\/2025\/04\/fermLIVING_AW23_RyuPlatter18.5_1104268261_03.jpg\",\"datePublished\":\"2025-04-21T14:05:54+00:00\",\"dateModified\":\"2026-02-07T15:47:01+00:00\",\"breadcrumb\":{\"@id\":\"https:\/\/lartusihome.com\/et\/toode\/ryu-platter-185cm\/#breadcrumb\"},\"inLanguage\":\"et\",\"potentialAction\":[{\"@type\":\"ReadAction\",\"target\":[\"https:\/\/lartusihome.com\/et\/toode\/ryu-platter-185cm\/\"]}]},{\"@type\":\"ImageObject\",\"inLanguage\":\"et\",\"@id\":\"https:\/\/lartusihome.com\/et\/toode\/ryu-platter-185cm\/#primaryimage\",\"url\":\"https:\/\/lartusihome.com\/wp-content\/uploads\/2025\/04\/fermLIVING_AW23_RyuPlatter18.5_1104268261_03.jpg\",\"contentUrl\":\"https:\/\/lartusihome.com\/wp-content\/uploads\/2025\/04\/fermLIVING_AW23_RyuPlatter18.5_1104268261_03.jpg\",\"width\":2000,\"height\":2000},{\"@type\":\"BreadcrumbList\",\"@id\":\"https:\/\/lartusihome.com\/et\/toode\/ryu-platter-185cm\/#breadcrumb\",\"itemListElement\":[{\"@type\":\"ListItem\",\"position\":1,\"name\":\"Home\",\"item\":\"https:\/\/lartusihome.com\/et\/\"},{\"@type\":\"ListItem\",\"position\":2,\"name\":\"Pood\",\"item\":\"https:\/\/lartusihome.com\/et\/pood\/\"},{\"@type\":\"ListItem\",\"position\":3,\"name\":\"Ryu taldrik 18,5cm\"}]},{\"@type\":\"WebSite\",\"@id\":\"https:\/\/lartusihome.com\/et\/#website\",\"url\":\"https:\/\/lartusihome.com\/et\/\",\"name\":\"Lartusihome.com\",\"description\":\"Kodu \/ sisustus\",\"potentialAction\":[{\"@type\":\"SearchAction\",\"target\":{\"@type\":\"EntryPoint\",\"urlTemplate\":\"https:\/\/lartusihome.com\/et\/?s={search_term_string}\"},\"query-input\":{\"@type\":\"PropertyValueSpecification\",\"valueRequired\":true,\"valueName\":\"search_term_string\"}}],\"inLanguage\":\"et\"}]}<\/script>\n<!-- \/ Yoast SEO plugin. -->","yoast_head_json":{"title":"Ryu taldrik 18,5cm - Lartusihome.com","robots":{"index":"index","follow":"follow","max-snippet":"max-snippet:-1","max-image-preview":"max-image-preview:large","max-video-preview":"max-video-preview:-1"},"canonical":"https:\/\/lartusihome.com\/et\/toode\/ryu-platter-185cm\/","og_locale":"et_EE","og_type":"article","og_title":"Ryu taldrik 18,5cm - Lartusihome.com","og_description":"Ryu lauan\u00f5ude kollektsioon saab oma nime jaapanikeelsest s\u00f5nast \u201cvool\u201d, mis viitab keerukatele mustritele, mis neid taldrikuid kaunistavad. See protsess on valmistatud traditsioonilises Nerikomi tehnikas, kus s\u00f5tkutakse, rullitakse ja l\u00f5igatakse k\u00e4sitsi kahte erinevat v\u00e4rvi savi, mille tulemuseks on ainulaadsed mustrid. See on k\u00e4sit\u00f6\u00f6na valmistatud ese. Iga tese on ainulaadne ja mustrid v\u00f5ivad oluliselt erineda. Ei ole&hellip;","og_url":"https:\/\/lartusihome.com\/et\/toode\/ryu-platter-185cm\/","og_site_name":"Lartusihome.com","article_publisher":"https:\/\/www.facebook.com\/lartusihome\/","article_modified_time":"2026-02-07T15:47:01+00:00","og_image":[{"width":2000,"height":2000,"url":"https:\/\/lartusihome.com\/wp-content\/uploads\/2025\/04\/fermLIVING_AW23_RyuPlatter18.5_1104268261_03.jpg","type":"image\/jpeg"}],"twitter_card":"summary_large_image","twitter_misc":{"Est. reading time":"1 minut"},"schema":{"@context":"https:\/\/schema.org","@graph":[{"@type":"WebPage","@id":"https:\/\/lartusihome.com\/et\/toode\/ryu-platter-185cm\/","url":"https:\/\/lartusihome.com\/et\/toode\/ryu-platter-185cm\/","name":"Ryu taldrik 18,5cm - Lartusihome.com","isPartOf":{"@id":"https:\/\/lartusihome.com\/et\/#website"},"primaryImageOfPage":{"@id":"https:\/\/lartusihome.com\/et\/toode\/ryu-platter-185cm\/#primaryimage"},"image":{"@id":"https:\/\/lartusihome.com\/et\/toode\/ryu-platter-185cm\/#primaryimage"},"thumbnailUrl":"https:\/\/lartusihome.com\/wp-content\/uploads\/2025\/04\/fermLIVING_AW23_RyuPlatter18.5_1104268261_03.jpg","datePublished":"2025-04-21T14:05:54+00:00","dateModified":"2026-02-07T15:47:01+00:00","breadcrumb":{"@id":"https:\/\/lartusihome.com\/et\/toode\/ryu-platter-185cm\/#breadcrumb"},"inLanguage":"et","potentialAction":[{"@type":"ReadAction","target":["https:\/\/lartusihome.com\/et\/toode\/ryu-platter-185cm\/"]}]},{"@type":"ImageObject","inLanguage":"et","@id":"https:\/\/lartusihome.com\/et\/toode\/ryu-platter-185cm\/#primaryimage","url":"https:\/\/lartusihome.com\/wp-content\/uploads\/2025\/04\/fermLIVING_AW23_RyuPlatter18.5_1104268261_03.jpg","contentUrl":"https:\/\/lartusihome.com\/wp-content\/uploads\/2025\/04\/fermLIVING_AW23_RyuPlatter18.5_1104268261_03.jpg","width":2000,"height":2000},{"@type":"BreadcrumbList","@id":"https:\/\/lartusihome.com\/et\/toode\/ryu-platter-185cm\/#breadcrumb","itemListElement":[{"@type":"ListItem","position":1,"name":"Home","item":"https:\/\/lartusihome.com\/et\/"},{"@type":"ListItem","position":2,"name":"Pood","item":"https:\/\/lartusihome.com\/et\/pood\/"},{"@type":"ListItem","position":3,"name":"Ryu taldrik 18,5cm"}]},{"@type":"WebSite","@id":"https:\/\/lartusihome.com\/et\/#website","url":"https:\/\/lartusihome.com\/et\/","name":"Lartusihome.com","description":"Kodu \/ sisustus","potentialAction":[{"@type":"SearchAction","target":{"@type":"EntryPoint","urlTemplate":"https:\/\/lartusihome.com\/et\/?s={search_term_string}"},"query-input":{"@type":"PropertyValueSpecification","valueRequired":true,"valueName":"search_term_string"}}],"inLanguage":"et"}]}},"_links":{"self":[{"href":"https:\/\/lartusihome.com\/et\/wp-json\/wp\/v2\/product\/400867"}],"collection":[{"href":"https:\/\/lartusihome.com\/et\/wp-json\/wp\/v2\/product"}],"about":[{"href":"https:\/\/lartusihome.com\/et\/wp-json\/wp\/v2\/types\/product"}],"wp:featuredmedia":[{"embeddable":true,"href":"https:\/\/lartusihome.com\/et\/wp-json\/wp\/v2\/media\/400774"}],"wp:attachment":[{"href":"https:\/\/lartusihome.com\/et\/wp-json\/wp\/v2\/media?parent=400867"}],"wp:term":[{"taxonomy":"product_cat","embeddable":true,"href":"https:\/\/lartusihome.com\/et\/wp-json\/wp\/v2\/product_cat?post=400867"},{"taxonomy":"product_tag","embeddable":true,"href":"https:\/\/lartusihome.com\/et\/wp-json\/wp\/v2\/product_tag?post=400867"},{"taxonomy":"giftcard-category","embeddable":true,"href":"https:\/\/lartusihome.com\/et\/wp-json\/wp\/v2\/giftcard-category?post=400867"}],"curies":[{"name":"wp","href":"https:\/\/api.w.org\/{rel}","templated":true}]}}