{"id":400144,"date":"2025-04-17T13:28:08","date_gmt":"2025-04-17T10:28:08","guid":{"rendered":"https:\/\/lartusihome.com\/product\/tarn-desk-white-oiled-beech\/"},"modified":"2025-04-17T13:30:12","modified_gmt":"2025-04-17T10:30:12","slug":"tarn-desk-white-oiled-beech","status":"publish","type":"product","link":"https:\/\/lartusihome.com\/et\/toode\/tarn-desk-white-oiled-beech\/","title":{"rendered":"Tarn kontorilaud, hele p\u00f6\u00f6k"},"content":{"rendered":"<p class=\"item\"><span class=\"value\" data-v-6c1492fc=\"\">Laius: 90 cm<\/span><\/p>\n<p class=\"item\"><span class=\"value\" data-v-6c1492fc=\"\">K\u00f5rgus: 73,9 cm<\/span><\/p>\n<p class=\"item\"><span class=\"value\" data-v-6c1492fc=\"\">S\u00fcgavus: 170 cm<\/span><\/p>\n<p class=\"item\"><span class=\"label\" data-v-6c1492fc=\"\">Kaal: <\/span><span class=\"value\" data-v-6c1492fc=\"\">42 kg<\/span><\/p>\n<p class=\"item\"><span class=\"label\" data-v-6c1492fc=\"\">Materjal: <\/span><span class=\"value\" data-v-6c1492fc=\"\">FSC\u2122-sertifikaadiga \u00f5litatud p\u00f6\u00f6k<\/span><\/p>\n<p class=\"item\"><span class=\"value\" data-v-6c1492fc=\"\">Lisam\u00e4rkus: Kasutage alati klaasialuseid, et v\u00e4ltida pinna kahjustumist. M\u00e4rjad esemed v\u00f5ivad j\u00e4tta j\u00e4ljed puidu pinnale.<\/span><\/p>\n","protected":false},"excerpt":{"rendered":"<p>Laius: 90 cm K\u00f5rgus: 73,9 cm S\u00fcgavus: 170 cm Kaal: 42 kg Materjal: FSC\u2122-sertifikaadiga \u00f5litatud p\u00f6\u00f6k Lisam\u00e4rkus: Kasutage alati klaasialuseid, et v\u00e4ltida pinna kahjustumist. M\u00e4rjad esemed v\u00f5ivad j\u00e4tta j\u00e4ljed puidu pinnale.<\/p>\n","protected":false},"featured_media":400107,"template":"","meta":{"_acf_changed":false,"inline_featured_image":false},"product_cat":[25494,5273,3247],"product_tag":[],"giftcard-category":[],"class_list":{"0":"post-400144","1":"product","2":"type-product","3":"status-publish","4":"has-post-thumbnail","6":"product_cat-kontorilauad","7":"product_cat-moobel","8":"product_cat-lauad","9":"pa_brand-ferm-living-et","10":"pa_collection-tarn","12":"first","13":"onbackorder","14":"shipping-taxable","15":"purchasable","16":"product-type-simple"},"acf":[],"yoast_head":"<!-- This site is optimized with the Yoast SEO plugin v25.6 - https:\/\/yoast.com\/wordpress\/plugins\/seo\/ -->\n<title>Tarn kontorilaud, hele p\u00f6\u00f6k - Lartusihome.com<\/title>\n<meta name=\"robots\" content=\"index, follow, max-snippet:-1, max-image-preview:large, max-video-preview:-1\" \/>\n<link rel=\"canonical\" href=\"https:\/\/lartusihome.com\/et\/toode\/tarn-desk-white-oiled-beech\/\" \/>\n<meta property=\"og:locale\" content=\"et_EE\" \/>\n<meta property=\"og:type\" content=\"article\" \/>\n<meta property=\"og:title\" content=\"Tarn kontorilaud, hele p\u00f6\u00f6k - Lartusihome.com\" \/>\n<meta property=\"og:description\" content=\"Laius: 90 cm K\u00f5rgus: 73,9 cm S\u00fcgavus: 170 cm Kaal: 42 kg Materjal: FSC\u2122-sertifikaadiga \u00f5litatud p\u00f6\u00f6k Lisam\u00e4rkus: Kasutage alati klaasialuseid, et v\u00e4ltida pinna kahjustumist. M\u00e4rjad esemed v\u00f5ivad j\u00e4tta j\u00e4ljed puidu pinnale.\" \/>\n<meta property=\"og:url\" content=\"https:\/\/lartusihome.com\/et\/toode\/tarn-desk-white-oiled-beech\/\" \/>\n<meta property=\"og:site_name\" content=\"Lartusihome.com\" \/>\n<meta property=\"article:publisher\" content=\"https:\/\/www.facebook.com\/lartusihome\/\" \/>\n<meta property=\"article:modified_time\" content=\"2025-04-17T10:30:12+00:00\" \/>\n<meta property=\"og:image\" content=\"https:\/\/lartusihome.com\/wp-content\/uploads\/2025\/04\/fermLIVING_AW24_TarnDesk_WhiteOiledBeech_1104270011_2.jpg\" \/>\n\t<meta property=\"og:image:width\" content=\"2000\" \/>\n\t<meta property=\"og:image:height\" content=\"2000\" \/>\n\t<meta property=\"og:image:type\" content=\"image\/jpeg\" \/>\n<meta name=\"twitter:card\" content=\"summary_large_image\" \/>\n<meta name=\"twitter:label1\" content=\"Est. reading time\" \/>\n\t<meta name=\"twitter:data1\" content=\"1 minut\" \/>\n<script type=\"application\/ld+json\" class=\"yoast-schema-graph\">{\"@context\":\"https:\/\/schema.org\",\"@graph\":[{\"@type\":\"WebPage\",\"@id\":\"https:\/\/lartusihome.com\/et\/toode\/tarn-desk-white-oiled-beech\/\",\"url\":\"https:\/\/lartusihome.com\/et\/toode\/tarn-desk-white-oiled-beech\/\",\"name\":\"Tarn kontorilaud, hele p\u00f6\u00f6k - Lartusihome.com\",\"isPartOf\":{\"@id\":\"https:\/\/lartusihome.com\/et\/#website\"},\"primaryImageOfPage\":{\"@id\":\"https:\/\/lartusihome.com\/et\/toode\/tarn-desk-white-oiled-beech\/#primaryimage\"},\"image\":{\"@id\":\"https:\/\/lartusihome.com\/et\/toode\/tarn-desk-white-oiled-beech\/#primaryimage\"},\"thumbnailUrl\":\"https:\/\/lartusihome.com\/wp-content\/uploads\/2025\/04\/fermLIVING_AW24_TarnDesk_WhiteOiledBeech_1104270011_2.jpg\",\"datePublished\":\"2025-04-17T10:28:08+00:00\",\"dateModified\":\"2025-04-17T10:30:12+00:00\",\"breadcrumb\":{\"@id\":\"https:\/\/lartusihome.com\/et\/toode\/tarn-desk-white-oiled-beech\/#breadcrumb\"},\"inLanguage\":\"et\",\"potentialAction\":[{\"@type\":\"ReadAction\",\"target\":[\"https:\/\/lartusihome.com\/et\/toode\/tarn-desk-white-oiled-beech\/\"]}]},{\"@type\":\"ImageObject\",\"inLanguage\":\"et\",\"@id\":\"https:\/\/lartusihome.com\/et\/toode\/tarn-desk-white-oiled-beech\/#primaryimage\",\"url\":\"https:\/\/lartusihome.com\/wp-content\/uploads\/2025\/04\/fermLIVING_AW24_TarnDesk_WhiteOiledBeech_1104270011_2.jpg\",\"contentUrl\":\"https:\/\/lartusihome.com\/wp-content\/uploads\/2025\/04\/fermLIVING_AW24_TarnDesk_WhiteOiledBeech_1104270011_2.jpg\",\"width\":2000,\"height\":2000},{\"@type\":\"BreadcrumbList\",\"@id\":\"https:\/\/lartusihome.com\/et\/toode\/tarn-desk-white-oiled-beech\/#breadcrumb\",\"itemListElement\":[{\"@type\":\"ListItem\",\"position\":1,\"name\":\"Home\",\"item\":\"https:\/\/lartusihome.com\/et\/\"},{\"@type\":\"ListItem\",\"position\":2,\"name\":\"Pood\",\"item\":\"https:\/\/lartusihome.com\/et\/pood\/\"},{\"@type\":\"ListItem\",\"position\":3,\"name\":\"Tarn kontorilaud, hele p\u00f6\u00f6k\"}]},{\"@type\":\"WebSite\",\"@id\":\"https:\/\/lartusihome.com\/et\/#website\",\"url\":\"https:\/\/lartusihome.com\/et\/\",\"name\":\"Lartusihome.com\",\"description\":\"Kodu \/ sisustus\",\"potentialAction\":[{\"@type\":\"SearchAction\",\"target\":{\"@type\":\"EntryPoint\",\"urlTemplate\":\"https:\/\/lartusihome.com\/et\/?s={search_term_string}\"},\"query-input\":{\"@type\":\"PropertyValueSpecification\",\"valueRequired\":true,\"valueName\":\"search_term_string\"}}],\"inLanguage\":\"et\"}]}<\/script>\n<!-- \/ Yoast SEO plugin. -->","yoast_head_json":{"title":"Tarn kontorilaud, hele p\u00f6\u00f6k - Lartusihome.com","robots":{"index":"index","follow":"follow","max-snippet":"max-snippet:-1","max-image-preview":"max-image-preview:large","max-video-preview":"max-video-preview:-1"},"canonical":"https:\/\/lartusihome.com\/et\/toode\/tarn-desk-white-oiled-beech\/","og_locale":"et_EE","og_type":"article","og_title":"Tarn kontorilaud, hele p\u00f6\u00f6k - Lartusihome.com","og_description":"Laius: 90 cm K\u00f5rgus: 73,9 cm S\u00fcgavus: 170 cm Kaal: 42 kg Materjal: FSC\u2122-sertifikaadiga \u00f5litatud p\u00f6\u00f6k Lisam\u00e4rkus: Kasutage alati klaasialuseid, et v\u00e4ltida pinna kahjustumist. M\u00e4rjad esemed v\u00f5ivad j\u00e4tta j\u00e4ljed puidu pinnale.","og_url":"https:\/\/lartusihome.com\/et\/toode\/tarn-desk-white-oiled-beech\/","og_site_name":"Lartusihome.com","article_publisher":"https:\/\/www.facebook.com\/lartusihome\/","article_modified_time":"2025-04-17T10:30:12+00:00","og_image":[{"width":2000,"height":2000,"url":"https:\/\/lartusihome.com\/wp-content\/uploads\/2025\/04\/fermLIVING_AW24_TarnDesk_WhiteOiledBeech_1104270011_2.jpg","type":"image\/jpeg"}],"twitter_card":"summary_large_image","twitter_misc":{"Est. reading time":"1 minut"},"schema":{"@context":"https:\/\/schema.org","@graph":[{"@type":"WebPage","@id":"https:\/\/lartusihome.com\/et\/toode\/tarn-desk-white-oiled-beech\/","url":"https:\/\/lartusihome.com\/et\/toode\/tarn-desk-white-oiled-beech\/","name":"Tarn kontorilaud, hele p\u00f6\u00f6k - Lartusihome.com","isPartOf":{"@id":"https:\/\/lartusihome.com\/et\/#website"},"primaryImageOfPage":{"@id":"https:\/\/lartusihome.com\/et\/toode\/tarn-desk-white-oiled-beech\/#primaryimage"},"image":{"@id":"https:\/\/lartusihome.com\/et\/toode\/tarn-desk-white-oiled-beech\/#primaryimage"},"thumbnailUrl":"https:\/\/lartusihome.com\/wp-content\/uploads\/2025\/04\/fermLIVING_AW24_TarnDesk_WhiteOiledBeech_1104270011_2.jpg","datePublished":"2025-04-17T10:28:08+00:00","dateModified":"2025-04-17T10:30:12+00:00","breadcrumb":{"@id":"https:\/\/lartusihome.com\/et\/toode\/tarn-desk-white-oiled-beech\/#breadcrumb"},"inLanguage":"et","potentialAction":[{"@type":"ReadAction","target":["https:\/\/lartusihome.com\/et\/toode\/tarn-desk-white-oiled-beech\/"]}]},{"@type":"ImageObject","inLanguage":"et","@id":"https:\/\/lartusihome.com\/et\/toode\/tarn-desk-white-oiled-beech\/#primaryimage","url":"https:\/\/lartusihome.com\/wp-content\/uploads\/2025\/04\/fermLIVING_AW24_TarnDesk_WhiteOiledBeech_1104270011_2.jpg","contentUrl":"https:\/\/lartusihome.com\/wp-content\/uploads\/2025\/04\/fermLIVING_AW24_TarnDesk_WhiteOiledBeech_1104270011_2.jpg","width":2000,"height":2000},{"@type":"BreadcrumbList","@id":"https:\/\/lartusihome.com\/et\/toode\/tarn-desk-white-oiled-beech\/#breadcrumb","itemListElement":[{"@type":"ListItem","position":1,"name":"Home","item":"https:\/\/lartusihome.com\/et\/"},{"@type":"ListItem","position":2,"name":"Pood","item":"https:\/\/lartusihome.com\/et\/pood\/"},{"@type":"ListItem","position":3,"name":"Tarn kontorilaud, hele p\u00f6\u00f6k"}]},{"@type":"WebSite","@id":"https:\/\/lartusihome.com\/et\/#website","url":"https:\/\/lartusihome.com\/et\/","name":"Lartusihome.com","description":"Kodu \/ sisustus","potentialAction":[{"@type":"SearchAction","target":{"@type":"EntryPoint","urlTemplate":"https:\/\/lartusihome.com\/et\/?s={search_term_string}"},"query-input":{"@type":"PropertyValueSpecification","valueRequired":true,"valueName":"search_term_string"}}],"inLanguage":"et"}]}},"_links":{"self":[{"href":"https:\/\/lartusihome.com\/et\/wp-json\/wp\/v2\/product\/400144"}],"collection":[{"href":"https:\/\/lartusihome.com\/et\/wp-json\/wp\/v2\/product"}],"about":[{"href":"https:\/\/lartusihome.com\/et\/wp-json\/wp\/v2\/types\/product"}],"wp:featuredmedia":[{"embeddable":true,"href":"https:\/\/lartusihome.com\/et\/wp-json\/wp\/v2\/media\/400107"}],"wp:attachment":[{"href":"https:\/\/lartusihome.com\/et\/wp-json\/wp\/v2\/media?parent=400144"}],"wp:term":[{"taxonomy":"product_cat","embeddable":true,"href":"https:\/\/lartusihome.com\/et\/wp-json\/wp\/v2\/product_cat?post=400144"},{"taxonomy":"product_tag","embeddable":true,"href":"https:\/\/lartusihome.com\/et\/wp-json\/wp\/v2\/product_tag?post=400144"},{"taxonomy":"giftcard-category","embeddable":true,"href":"https:\/\/lartusihome.com\/et\/wp-json\/wp\/v2\/giftcard-category?post=400144"}],"curies":[{"name":"wp","href":"https:\/\/api.w.org\/{rel}","templated":true}]}}