{"id":399608,"date":"2025-04-14T14:52:00","date_gmt":"2025-04-14T11:52:00","guid":{"rendered":"https:\/\/lartusihome.com\/product\/hourglass-pot-m-black\/"},"modified":"2025-04-14T14:53:27","modified_gmt":"2025-04-14T11:53:27","slug":"hourglass-pot-m-black","status":"publish","type":"product","link":"https:\/\/lartusihome.com\/et\/toode\/hourglass-pot-m-black\/","title":{"rendered":"Hourglass lillepott M, must"},"content":{"rendered":"<p>\u00d8: 40 cm<\/p>\n<p>K\u00f5rgus: 59 cm<\/p>\n<p>Kaal: 3,4 kg<\/p>\n<p>Materjal: v\u00e4rvitud raud<\/p>\n<p>Potti saab kasutada m\u00f5lemat pidi.<\/p>\n<p>Sobib nii toas kui ka \u00f5ues kasutamiseks.<\/p>\n<p>\u00d5ues kasutamisel patineerub aja jooksul.<\/p>\n<p>Poti p\u00f5hjas on ka \u00e4ravooluava ja eemaldatav kummist kork.<\/p>\n<p>Soovitatav on kasutada \u00fcmbrispotina (mitte istutada otse potti).<\/p>\n","protected":false},"excerpt":{"rendered":"<p>\u00d8: 40 cm K\u00f5rgus: 59 cm Kaal: 3,4 kg Materjal: v\u00e4rvitud raud Potti saab kasutada m\u00f5lemat pidi. Sobib nii toas kui ka \u00f5ues kasutamiseks. \u00d5ues kasutamisel patineerub aja jooksul. Poti p\u00f5hjas on ka \u00e4ravooluava ja eemaldatav kummist kork. Soovitatav on kasutada \u00fcmbrispotina (mitte istutada otse potti).<\/p>\n","protected":false},"featured_media":399553,"template":"","meta":{"_acf_changed":false,"inline_featured_image":false},"product_cat":[25108,24277,22602,22648,4365],"product_tag":[],"giftcard-category":[],"class_list":{"0":"post-399608","1":"product","2":"type-product","3":"status-publish","4":"has-post-thumbnail","6":"product_cat-aiatood","7":"product_cat-lillepotid","8":"product_cat-lillepotid-tarvikud","9":"product_cat-valimoobel","10":"product_cat-aksessuaarid","11":"pa_brand-ferm-living-et","12":"pa_collection-hourglass","14":"first","15":"onbackorder","16":"shipping-taxable","17":"purchasable","18":"product-type-simple"},"acf":[],"yoast_head":"<!-- This site is optimized with the Yoast SEO plugin v25.6 - https:\/\/yoast.com\/wordpress\/plugins\/seo\/ -->\n<title>Hourglass lillepott M, must - Lartusihome.com<\/title>\n<meta name=\"robots\" content=\"index, follow, max-snippet:-1, max-image-preview:large, max-video-preview:-1\" \/>\n<link rel=\"canonical\" href=\"https:\/\/lartusihome.com\/et\/toode\/hourglass-pot-m-black\/\" \/>\n<meta property=\"og:locale\" content=\"et_EE\" \/>\n<meta property=\"og:type\" content=\"article\" \/>\n<meta property=\"og:title\" content=\"Hourglass lillepott M, must - Lartusihome.com\" \/>\n<meta property=\"og:description\" content=\"\u00d8: 40 cm K\u00f5rgus: 59 cm Kaal: 3,4 kg Materjal: v\u00e4rvitud raud Potti saab kasutada m\u00f5lemat pidi. Sobib nii toas kui ka \u00f5ues kasutamiseks. \u00d5ues kasutamisel patineerub aja jooksul. Poti p\u00f5hjas on ka \u00e4ravooluava ja eemaldatav kummist kork. Soovitatav on kasutada \u00fcmbrispotina (mitte istutada otse potti).\" \/>\n<meta property=\"og:url\" content=\"https:\/\/lartusihome.com\/et\/toode\/hourglass-pot-m-black\/\" \/>\n<meta property=\"og:site_name\" content=\"Lartusihome.com\" \/>\n<meta property=\"article:publisher\" content=\"https:\/\/www.facebook.com\/lartusihome\/\" \/>\n<meta property=\"article:modified_time\" content=\"2025-04-14T11:53:27+00:00\" \/>\n<meta property=\"og:image\" content=\"https:\/\/lartusihome.com\/wp-content\/uploads\/2025\/04\/fermLIVING_SS19_HourglassPot_M_100130629_1.jpg\" \/>\n\t<meta property=\"og:image:width\" content=\"2000\" \/>\n\t<meta property=\"og:image:height\" content=\"2000\" \/>\n\t<meta property=\"og:image:type\" content=\"image\/jpeg\" \/>\n<meta name=\"twitter:card\" content=\"summary_large_image\" \/>\n<meta name=\"twitter:label1\" content=\"Est. reading time\" \/>\n\t<meta name=\"twitter:data1\" content=\"1 minut\" \/>\n<script type=\"application\/ld+json\" class=\"yoast-schema-graph\">{\"@context\":\"https:\/\/schema.org\",\"@graph\":[{\"@type\":\"WebPage\",\"@id\":\"https:\/\/lartusihome.com\/et\/toode\/hourglass-pot-m-black\/\",\"url\":\"https:\/\/lartusihome.com\/et\/toode\/hourglass-pot-m-black\/\",\"name\":\"Hourglass lillepott M, must - Lartusihome.com\",\"isPartOf\":{\"@id\":\"https:\/\/lartusihome.com\/et\/#website\"},\"primaryImageOfPage\":{\"@id\":\"https:\/\/lartusihome.com\/et\/toode\/hourglass-pot-m-black\/#primaryimage\"},\"image\":{\"@id\":\"https:\/\/lartusihome.com\/et\/toode\/hourglass-pot-m-black\/#primaryimage\"},\"thumbnailUrl\":\"https:\/\/lartusihome.com\/wp-content\/uploads\/2025\/04\/fermLIVING_SS19_HourglassPot_M_100130629_1.jpg\",\"datePublished\":\"2025-04-14T11:52:00+00:00\",\"dateModified\":\"2025-04-14T11:53:27+00:00\",\"breadcrumb\":{\"@id\":\"https:\/\/lartusihome.com\/et\/toode\/hourglass-pot-m-black\/#breadcrumb\"},\"inLanguage\":\"et\",\"potentialAction\":[{\"@type\":\"ReadAction\",\"target\":[\"https:\/\/lartusihome.com\/et\/toode\/hourglass-pot-m-black\/\"]}]},{\"@type\":\"ImageObject\",\"inLanguage\":\"et\",\"@id\":\"https:\/\/lartusihome.com\/et\/toode\/hourglass-pot-m-black\/#primaryimage\",\"url\":\"https:\/\/lartusihome.com\/wp-content\/uploads\/2025\/04\/fermLIVING_SS19_HourglassPot_M_100130629_1.jpg\",\"contentUrl\":\"https:\/\/lartusihome.com\/wp-content\/uploads\/2025\/04\/fermLIVING_SS19_HourglassPot_M_100130629_1.jpg\",\"width\":2000,\"height\":2000},{\"@type\":\"BreadcrumbList\",\"@id\":\"https:\/\/lartusihome.com\/et\/toode\/hourglass-pot-m-black\/#breadcrumb\",\"itemListElement\":[{\"@type\":\"ListItem\",\"position\":1,\"name\":\"Home\",\"item\":\"https:\/\/lartusihome.com\/et\/\"},{\"@type\":\"ListItem\",\"position\":2,\"name\":\"Pood\",\"item\":\"https:\/\/lartusihome.com\/et\/pood\/\"},{\"@type\":\"ListItem\",\"position\":3,\"name\":\"Hourglass lillepott M, must\"}]},{\"@type\":\"WebSite\",\"@id\":\"https:\/\/lartusihome.com\/et\/#website\",\"url\":\"https:\/\/lartusihome.com\/et\/\",\"name\":\"Lartusihome.com\",\"description\":\"Kodu \/ sisustus\",\"potentialAction\":[{\"@type\":\"SearchAction\",\"target\":{\"@type\":\"EntryPoint\",\"urlTemplate\":\"https:\/\/lartusihome.com\/et\/?s={search_term_string}\"},\"query-input\":{\"@type\":\"PropertyValueSpecification\",\"valueRequired\":true,\"valueName\":\"search_term_string\"}}],\"inLanguage\":\"et\"}]}<\/script>\n<!-- \/ Yoast SEO plugin. -->","yoast_head_json":{"title":"Hourglass lillepott M, must - Lartusihome.com","robots":{"index":"index","follow":"follow","max-snippet":"max-snippet:-1","max-image-preview":"max-image-preview:large","max-video-preview":"max-video-preview:-1"},"canonical":"https:\/\/lartusihome.com\/et\/toode\/hourglass-pot-m-black\/","og_locale":"et_EE","og_type":"article","og_title":"Hourglass lillepott M, must - Lartusihome.com","og_description":"\u00d8: 40 cm K\u00f5rgus: 59 cm Kaal: 3,4 kg Materjal: v\u00e4rvitud raud Potti saab kasutada m\u00f5lemat pidi. Sobib nii toas kui ka \u00f5ues kasutamiseks. \u00d5ues kasutamisel patineerub aja jooksul. Poti p\u00f5hjas on ka \u00e4ravooluava ja eemaldatav kummist kork. Soovitatav on kasutada \u00fcmbrispotina (mitte istutada otse potti).","og_url":"https:\/\/lartusihome.com\/et\/toode\/hourglass-pot-m-black\/","og_site_name":"Lartusihome.com","article_publisher":"https:\/\/www.facebook.com\/lartusihome\/","article_modified_time":"2025-04-14T11:53:27+00:00","og_image":[{"width":2000,"height":2000,"url":"https:\/\/lartusihome.com\/wp-content\/uploads\/2025\/04\/fermLIVING_SS19_HourglassPot_M_100130629_1.jpg","type":"image\/jpeg"}],"twitter_card":"summary_large_image","twitter_misc":{"Est. reading time":"1 minut"},"schema":{"@context":"https:\/\/schema.org","@graph":[{"@type":"WebPage","@id":"https:\/\/lartusihome.com\/et\/toode\/hourglass-pot-m-black\/","url":"https:\/\/lartusihome.com\/et\/toode\/hourglass-pot-m-black\/","name":"Hourglass lillepott M, must - Lartusihome.com","isPartOf":{"@id":"https:\/\/lartusihome.com\/et\/#website"},"primaryImageOfPage":{"@id":"https:\/\/lartusihome.com\/et\/toode\/hourglass-pot-m-black\/#primaryimage"},"image":{"@id":"https:\/\/lartusihome.com\/et\/toode\/hourglass-pot-m-black\/#primaryimage"},"thumbnailUrl":"https:\/\/lartusihome.com\/wp-content\/uploads\/2025\/04\/fermLIVING_SS19_HourglassPot_M_100130629_1.jpg","datePublished":"2025-04-14T11:52:00+00:00","dateModified":"2025-04-14T11:53:27+00:00","breadcrumb":{"@id":"https:\/\/lartusihome.com\/et\/toode\/hourglass-pot-m-black\/#breadcrumb"},"inLanguage":"et","potentialAction":[{"@type":"ReadAction","target":["https:\/\/lartusihome.com\/et\/toode\/hourglass-pot-m-black\/"]}]},{"@type":"ImageObject","inLanguage":"et","@id":"https:\/\/lartusihome.com\/et\/toode\/hourglass-pot-m-black\/#primaryimage","url":"https:\/\/lartusihome.com\/wp-content\/uploads\/2025\/04\/fermLIVING_SS19_HourglassPot_M_100130629_1.jpg","contentUrl":"https:\/\/lartusihome.com\/wp-content\/uploads\/2025\/04\/fermLIVING_SS19_HourglassPot_M_100130629_1.jpg","width":2000,"height":2000},{"@type":"BreadcrumbList","@id":"https:\/\/lartusihome.com\/et\/toode\/hourglass-pot-m-black\/#breadcrumb","itemListElement":[{"@type":"ListItem","position":1,"name":"Home","item":"https:\/\/lartusihome.com\/et\/"},{"@type":"ListItem","position":2,"name":"Pood","item":"https:\/\/lartusihome.com\/et\/pood\/"},{"@type":"ListItem","position":3,"name":"Hourglass lillepott M, must"}]},{"@type":"WebSite","@id":"https:\/\/lartusihome.com\/et\/#website","url":"https:\/\/lartusihome.com\/et\/","name":"Lartusihome.com","description":"Kodu \/ sisustus","potentialAction":[{"@type":"SearchAction","target":{"@type":"EntryPoint","urlTemplate":"https:\/\/lartusihome.com\/et\/?s={search_term_string}"},"query-input":{"@type":"PropertyValueSpecification","valueRequired":true,"valueName":"search_term_string"}}],"inLanguage":"et"}]}},"_links":{"self":[{"href":"https:\/\/lartusihome.com\/et\/wp-json\/wp\/v2\/product\/399608"}],"collection":[{"href":"https:\/\/lartusihome.com\/et\/wp-json\/wp\/v2\/product"}],"about":[{"href":"https:\/\/lartusihome.com\/et\/wp-json\/wp\/v2\/types\/product"}],"wp:featuredmedia":[{"embeddable":true,"href":"https:\/\/lartusihome.com\/et\/wp-json\/wp\/v2\/media\/399553"}],"wp:attachment":[{"href":"https:\/\/lartusihome.com\/et\/wp-json\/wp\/v2\/media?parent=399608"}],"wp:term":[{"taxonomy":"product_cat","embeddable":true,"href":"https:\/\/lartusihome.com\/et\/wp-json\/wp\/v2\/product_cat?post=399608"},{"taxonomy":"product_tag","embeddable":true,"href":"https:\/\/lartusihome.com\/et\/wp-json\/wp\/v2\/product_tag?post=399608"},{"taxonomy":"giftcard-category","embeddable":true,"href":"https:\/\/lartusihome.com\/et\/wp-json\/wp\/v2\/giftcard-category?post=399608"}],"curies":[{"name":"wp","href":"https:\/\/api.w.org\/{rel}","templated":true}]}}