{"id":398935,"date":"2025-04-09T16:40:15","date_gmt":"2025-04-09T13:40:15","guid":{"rendered":"https:\/\/lartusihome.com\/?post_type=product&#038;p=398935"},"modified":"2025-04-09T16:40:16","modified_gmt":"2025-04-09T13:40:16","slug":"desert-lounge-tool-must-raam","status":"publish","type":"product","link":"https:\/\/lartusihome.com\/et\/toode\/desert-lounge-tool-must-raam\/","title":{"rendered":"Desert lounge tool, must raam"},"content":{"rendered":"<p><span class=\"label\" data-v-6c1492fc=\"\">Materjal: <\/span><\/p>\n<p><span class=\"value\" data-v-6c1492fc=\"\">Iste: 53-st taaskasutatud plastikpudelist valmistatud kangas<\/span><span class=\"Y2IQFc\" lang=\"et\">\u00a0<\/span><span class=\"value\" data-v-6c1492fc=\"\">(saab eemaldada ja pesta)\u00a0<\/span><\/p>\n<p><span class=\"value\" data-v-6c1492fc=\"\">Raam: pulberv\u00e4rvitud metall<\/span><\/p>\n<p class=\"item\"><span class=\"value\" data-v-6c1492fc=\"\">Laius: 63 cm<\/span><\/p>\n<p class=\"item\"><span class=\"value\" data-v-6c1492fc=\"\">K\u00f5rgus: 77,5 cm<\/span><\/p>\n<p class=\"item\"><span class=\"value\" data-v-6c1492fc=\"\">S\u00fcgavus: 66 cm<\/span><\/p>\n<p class=\"item\"><span class=\"value\" data-v-6c1492fc=\"\"><span class=\"label\" data-v-6c1492fc=\"\">Istumisk\u00f5rgus: <\/span>20 cm<\/span><\/p>\n<p class=\"item\"><span class=\"label\" data-v-6c1492fc=\"\">Kaal: <\/span><span class=\"value\" data-v-6c1492fc=\"\">5,9 kg<\/span><\/p>\n<p class=\"item\"><span class=\"value\" data-v-6c1492fc=\"\">Sobib \u00f5ues kasutamiseks<\/span><\/p>\n<div class=\"items\" data-v-6c1492fc=\"\">\n<div class=\"item\" data-v-6c1492fc=\"\"><span class=\"value\" data-v-6c1492fc=\"\">Talvel hoiustada siseruumides<\/span><\/div>\n<\/div>\n<div class=\"files\" data-v-6c1492fc=\"\"><\/div>\n<div class=\"item\" data-v-6c1492fc=\"\"><\/div>\n","protected":false},"excerpt":{"rendered":"<p>Materjal: Iste: 53-st taaskasutatud plastikpudelist valmistatud kangas\u00a0(saab eemaldada ja pesta)\u00a0 Raam: pulberv\u00e4rvitud metall Laius: 63 cm K\u00f5rgus: 77,5 cm S\u00fcgavus: 66 cm Istumisk\u00f5rgus: 20 cm Kaal: 5,9 kg Sobib \u00f5ues kasutamiseks Talvel hoiustada siseruumides<\/p>\n","protected":false},"featured_media":398884,"template":"","meta":{"_acf_changed":false,"inline_featured_image":false},"product_cat":[25094,22648,22613],"product_tag":[],"giftcard-category":[],"class_list":{"0":"post-398935","1":"product","2":"type-product","3":"status-publish","4":"has-post-thumbnail","6":"product_cat-lamamistoolid","7":"product_cat-valimoobel","8":"product_cat-lauad-ja-toolid-sisekujundus","9":"pa_brand-ferm-living-et","10":"pa_collection-desert","12":"first","13":"instock","14":"shipping-taxable","15":"purchasable","16":"product-type-variable"},"acf":[],"yoast_head":"<!-- This site is optimized with the Yoast SEO plugin v25.6 - https:\/\/yoast.com\/wordpress\/plugins\/seo\/ -->\n<title>Desert lounge tool, must raam - Lartusihome.com<\/title>\n<meta name=\"robots\" content=\"index, follow, max-snippet:-1, max-image-preview:large, max-video-preview:-1\" \/>\n<link rel=\"canonical\" href=\"https:\/\/lartusihome.com\/et\/toode\/desert-lounge-tool-must-raam\/\" \/>\n<meta property=\"og:locale\" content=\"et_EE\" \/>\n<meta property=\"og:type\" content=\"article\" \/>\n<meta property=\"og:title\" content=\"Desert lounge tool, must raam - Lartusihome.com\" \/>\n<meta property=\"og:description\" content=\"Materjal: Iste: 53-st taaskasutatud plastikpudelist valmistatud kangas\u00a0(saab eemaldada ja pesta)\u00a0 Raam: pulberv\u00e4rvitud metall Laius: 63 cm K\u00f5rgus: 77,5 cm S\u00fcgavus: 66 cm Istumisk\u00f5rgus: 20 cm Kaal: 5,9 kg Sobib \u00f5ues kasutamiseks Talvel hoiustada siseruumides\" \/>\n<meta property=\"og:url\" content=\"https:\/\/lartusihome.com\/et\/toode\/desert-lounge-tool-must-raam\/\" \/>\n<meta property=\"og:site_name\" content=\"Lartusihome.com\" \/>\n<meta property=\"article:publisher\" content=\"https:\/\/www.facebook.com\/lartusihome\/\" \/>\n<meta property=\"article:modified_time\" content=\"2025-04-09T13:40:16+00:00\" \/>\n<meta property=\"og:image\" content=\"https:\/\/lartusihome.com\/wp-content\/uploads\/2025\/04\/1103582863_1.jpg\" \/>\n\t<meta property=\"og:image:width\" content=\"2000\" \/>\n\t<meta property=\"og:image:height\" content=\"2000\" \/>\n\t<meta property=\"og:image:type\" content=\"image\/jpeg\" \/>\n<meta name=\"twitter:card\" content=\"summary_large_image\" \/>\n<meta name=\"twitter:label1\" content=\"Est. reading time\" \/>\n\t<meta name=\"twitter:data1\" content=\"1 minut\" \/>\n<script type=\"application\/ld+json\" class=\"yoast-schema-graph\">{\"@context\":\"https:\/\/schema.org\",\"@graph\":[{\"@type\":\"WebPage\",\"@id\":\"https:\/\/lartusihome.com\/et\/toode\/desert-lounge-tool-must-raam\/\",\"url\":\"https:\/\/lartusihome.com\/et\/toode\/desert-lounge-tool-must-raam\/\",\"name\":\"Desert lounge tool, must raam - Lartusihome.com\",\"isPartOf\":{\"@id\":\"https:\/\/lartusihome.com\/et\/#website\"},\"primaryImageOfPage\":{\"@id\":\"https:\/\/lartusihome.com\/et\/toode\/desert-lounge-tool-must-raam\/#primaryimage\"},\"image\":{\"@id\":\"https:\/\/lartusihome.com\/et\/toode\/desert-lounge-tool-must-raam\/#primaryimage\"},\"thumbnailUrl\":\"https:\/\/lartusihome.com\/wp-content\/uploads\/2025\/04\/1103582863_1.jpg\",\"datePublished\":\"2025-04-09T13:40:15+00:00\",\"dateModified\":\"2025-04-09T13:40:16+00:00\",\"breadcrumb\":{\"@id\":\"https:\/\/lartusihome.com\/et\/toode\/desert-lounge-tool-must-raam\/#breadcrumb\"},\"inLanguage\":\"et\",\"potentialAction\":[{\"@type\":\"ReadAction\",\"target\":[\"https:\/\/lartusihome.com\/et\/toode\/desert-lounge-tool-must-raam\/\"]}]},{\"@type\":\"ImageObject\",\"inLanguage\":\"et\",\"@id\":\"https:\/\/lartusihome.com\/et\/toode\/desert-lounge-tool-must-raam\/#primaryimage\",\"url\":\"https:\/\/lartusihome.com\/wp-content\/uploads\/2025\/04\/1103582863_1.jpg\",\"contentUrl\":\"https:\/\/lartusihome.com\/wp-content\/uploads\/2025\/04\/1103582863_1.jpg\",\"width\":2000,\"height\":2000},{\"@type\":\"BreadcrumbList\",\"@id\":\"https:\/\/lartusihome.com\/et\/toode\/desert-lounge-tool-must-raam\/#breadcrumb\",\"itemListElement\":[{\"@type\":\"ListItem\",\"position\":1,\"name\":\"Home\",\"item\":\"https:\/\/lartusihome.com\/et\/\"},{\"@type\":\"ListItem\",\"position\":2,\"name\":\"Pood\",\"item\":\"https:\/\/lartusihome.com\/et\/pood\/\"},{\"@type\":\"ListItem\",\"position\":3,\"name\":\"Desert lounge tool, must raam\"}]},{\"@type\":\"WebSite\",\"@id\":\"https:\/\/lartusihome.com\/et\/#website\",\"url\":\"https:\/\/lartusihome.com\/et\/\",\"name\":\"Lartusihome.com\",\"description\":\"Kodu \/ sisustus\",\"potentialAction\":[{\"@type\":\"SearchAction\",\"target\":{\"@type\":\"EntryPoint\",\"urlTemplate\":\"https:\/\/lartusihome.com\/et\/?s={search_term_string}\"},\"query-input\":{\"@type\":\"PropertyValueSpecification\",\"valueRequired\":true,\"valueName\":\"search_term_string\"}}],\"inLanguage\":\"et\"}]}<\/script>\n<!-- \/ Yoast SEO plugin. -->","yoast_head_json":{"title":"Desert lounge tool, must raam - Lartusihome.com","robots":{"index":"index","follow":"follow","max-snippet":"max-snippet:-1","max-image-preview":"max-image-preview:large","max-video-preview":"max-video-preview:-1"},"canonical":"https:\/\/lartusihome.com\/et\/toode\/desert-lounge-tool-must-raam\/","og_locale":"et_EE","og_type":"article","og_title":"Desert lounge tool, must raam - Lartusihome.com","og_description":"Materjal: Iste: 53-st taaskasutatud plastikpudelist valmistatud kangas\u00a0(saab eemaldada ja pesta)\u00a0 Raam: pulberv\u00e4rvitud metall Laius: 63 cm K\u00f5rgus: 77,5 cm S\u00fcgavus: 66 cm Istumisk\u00f5rgus: 20 cm Kaal: 5,9 kg Sobib \u00f5ues kasutamiseks Talvel hoiustada siseruumides","og_url":"https:\/\/lartusihome.com\/et\/toode\/desert-lounge-tool-must-raam\/","og_site_name":"Lartusihome.com","article_publisher":"https:\/\/www.facebook.com\/lartusihome\/","article_modified_time":"2025-04-09T13:40:16+00:00","og_image":[{"width":2000,"height":2000,"url":"https:\/\/lartusihome.com\/wp-content\/uploads\/2025\/04\/1103582863_1.jpg","type":"image\/jpeg"}],"twitter_card":"summary_large_image","twitter_misc":{"Est. reading time":"1 minut"},"schema":{"@context":"https:\/\/schema.org","@graph":[{"@type":"WebPage","@id":"https:\/\/lartusihome.com\/et\/toode\/desert-lounge-tool-must-raam\/","url":"https:\/\/lartusihome.com\/et\/toode\/desert-lounge-tool-must-raam\/","name":"Desert lounge tool, must raam - Lartusihome.com","isPartOf":{"@id":"https:\/\/lartusihome.com\/et\/#website"},"primaryImageOfPage":{"@id":"https:\/\/lartusihome.com\/et\/toode\/desert-lounge-tool-must-raam\/#primaryimage"},"image":{"@id":"https:\/\/lartusihome.com\/et\/toode\/desert-lounge-tool-must-raam\/#primaryimage"},"thumbnailUrl":"https:\/\/lartusihome.com\/wp-content\/uploads\/2025\/04\/1103582863_1.jpg","datePublished":"2025-04-09T13:40:15+00:00","dateModified":"2025-04-09T13:40:16+00:00","breadcrumb":{"@id":"https:\/\/lartusihome.com\/et\/toode\/desert-lounge-tool-must-raam\/#breadcrumb"},"inLanguage":"et","potentialAction":[{"@type":"ReadAction","target":["https:\/\/lartusihome.com\/et\/toode\/desert-lounge-tool-must-raam\/"]}]},{"@type":"ImageObject","inLanguage":"et","@id":"https:\/\/lartusihome.com\/et\/toode\/desert-lounge-tool-must-raam\/#primaryimage","url":"https:\/\/lartusihome.com\/wp-content\/uploads\/2025\/04\/1103582863_1.jpg","contentUrl":"https:\/\/lartusihome.com\/wp-content\/uploads\/2025\/04\/1103582863_1.jpg","width":2000,"height":2000},{"@type":"BreadcrumbList","@id":"https:\/\/lartusihome.com\/et\/toode\/desert-lounge-tool-must-raam\/#breadcrumb","itemListElement":[{"@type":"ListItem","position":1,"name":"Home","item":"https:\/\/lartusihome.com\/et\/"},{"@type":"ListItem","position":2,"name":"Pood","item":"https:\/\/lartusihome.com\/et\/pood\/"},{"@type":"ListItem","position":3,"name":"Desert lounge tool, must raam"}]},{"@type":"WebSite","@id":"https:\/\/lartusihome.com\/et\/#website","url":"https:\/\/lartusihome.com\/et\/","name":"Lartusihome.com","description":"Kodu \/ sisustus","potentialAction":[{"@type":"SearchAction","target":{"@type":"EntryPoint","urlTemplate":"https:\/\/lartusihome.com\/et\/?s={search_term_string}"},"query-input":{"@type":"PropertyValueSpecification","valueRequired":true,"valueName":"search_term_string"}}],"inLanguage":"et"}]}},"_links":{"self":[{"href":"https:\/\/lartusihome.com\/et\/wp-json\/wp\/v2\/product\/398935"}],"collection":[{"href":"https:\/\/lartusihome.com\/et\/wp-json\/wp\/v2\/product"}],"about":[{"href":"https:\/\/lartusihome.com\/et\/wp-json\/wp\/v2\/types\/product"}],"wp:featuredmedia":[{"embeddable":true,"href":"https:\/\/lartusihome.com\/et\/wp-json\/wp\/v2\/media\/398884"}],"wp:attachment":[{"href":"https:\/\/lartusihome.com\/et\/wp-json\/wp\/v2\/media?parent=398935"}],"wp:term":[{"taxonomy":"product_cat","embeddable":true,"href":"https:\/\/lartusihome.com\/et\/wp-json\/wp\/v2\/product_cat?post=398935"},{"taxonomy":"product_tag","embeddable":true,"href":"https:\/\/lartusihome.com\/et\/wp-json\/wp\/v2\/product_tag?post=398935"},{"taxonomy":"giftcard-category","embeddable":true,"href":"https:\/\/lartusihome.com\/et\/wp-json\/wp\/v2\/giftcard-category?post=398935"}],"curies":[{"name":"wp","href":"https:\/\/api.w.org\/{rel}","templated":true}]}}