{"id":398721,"date":"2025-04-09T16:37:01","date_gmt":"2025-04-09T13:37:01","guid":{"rendered":"https:\/\/lartusihome.com\/?post_type=product&#038;p=398721"},"modified":"2025-04-09T16:37:00","modified_gmt":"2025-04-09T13:37:00","slug":"desert-3-kohaline-diivan-must-raam","status":"publish","type":"product","link":"https:\/\/lartusihome.com\/et\/toode\/desert-3-kohaline-diivan-must-raam\/","title":{"rendered":"Desert 3-kohaline diivan, must raam"},"content":{"rendered":"<p>Sobib \u00f5ues kasutamiseks.<\/p>\n<p><span class=\"Y2IQFc\" lang=\"et\">Elektrogalvaniseeritud roostekindel terasraam.<\/span><\/p>\n<p>Veekindlad sisemised padjad, vee- ja UV-kindlad ning mustust h\u00fclgavad padjakatted.<\/p>\n<p>Laius: 233 cm<\/p>\n<p>K\u00f5rgus: 78 cm<\/p>\n<p>S\u00fcgavus: 85 cm<\/p>\n<p><span class=\"label\" data-v-6c1492fc=\"\">Istumisk\u00f5rgus: <\/span><span class=\"value\" data-v-6c1492fc=\"\">30 cm<\/span><\/p>\n<p><span class=\"value\" data-v-6c1492fc=\"\"><span class=\"label\" data-v-6c1492fc=\"\">Seljatoe k\u00f5rgus: <\/span>48 cm<\/span><\/p>\n<p><span class=\"value\" data-v-6c1492fc=\"\"><span class=\"label\" data-v-6c1492fc=\"\">Kaal: <\/span>22 kg<\/span><\/p>\n<p><span class=\"value\" data-v-6c1492fc=\"\">Kangad: <\/span><\/p>\n<p><span class=\"value\" data-v-6c1492fc=\"\"><strong>Off-White<\/strong> Pure bukleekangas &#8211; 100% <span class=\"Y2IQFc\" lang=\"et\">pol\u00fcprop\u00fcleen<\/span><\/span><\/p>\n<p><strong>Chocolate<\/strong> triibuline kangas &#8211; <span class=\"value\" data-v-6c1492fc=\"\">100% <span class=\"Y2IQFc\" lang=\"et\">pol\u00fcprop\u00fcleen<\/span><\/span><\/p>\n<p><span class=\"value\" data-v-6c1492fc=\"\"><strong>Dark Sand<\/strong> Crevini Dolce kangas &#8211; 60% <span class=\"Y2IQFc\" lang=\"et\">pol\u00fcprop\u00fcleen 40 <\/span>% pol\u00fcester, 40% on valmistatud taaskasutatud kiududest<\/span><\/p>\n<p>&nbsp;<\/p>\n","protected":false},"excerpt":{"rendered":"<p>Sobib \u00f5ues kasutamiseks. Elektrogalvaniseeritud roostekindel terasraam. Veekindlad sisemised padjad, vee- ja UV-kindlad ning mustust h\u00fclgavad padjakatted. Laius: 233 cm K\u00f5rgus: 78 cm S\u00fcgavus: 85 cm Istumisk\u00f5rgus: 30 cm Seljatoe k\u00f5rgus: 48 cm Kaal: 22 kg Kangad: Off-White Pure bukleekangas &#8211; 100% pol\u00fcprop\u00fcleen Chocolate triibuline kangas &#8211; 100% pol\u00fcprop\u00fcleen Dark Sand Crevini Dolce kangas &#8211; 60%&hellip;<\/p>\n","protected":false},"featured_media":398707,"template":"","meta":{"_acf_changed":false,"inline_featured_image":false},"product_cat":[25100,22613],"product_tag":[],"giftcard-category":[],"class_list":{"0":"post-398721","1":"product","2":"type-product","3":"status-publish","4":"has-post-thumbnail","6":"product_cat-diivanid-et","7":"product_cat-lauad-ja-toolid-sisekujundus","8":"pa_brand-ferm-living-et","9":"pa_collection-desert","11":"first","12":"onbackorder","13":"shipping-taxable","14":"purchasable","15":"product-type-variable"},"acf":[],"yoast_head":"<!-- This site is optimized with the Yoast SEO plugin v25.6 - https:\/\/yoast.com\/wordpress\/plugins\/seo\/ -->\n<title>Desert 3-kohaline diivan, must raam - Lartusihome.com<\/title>\n<meta name=\"robots\" content=\"index, follow, max-snippet:-1, max-image-preview:large, max-video-preview:-1\" \/>\n<link rel=\"canonical\" href=\"https:\/\/lartusihome.com\/et\/toode\/desert-3-kohaline-diivan-must-raam\/\" \/>\n<meta property=\"og:locale\" content=\"et_EE\" \/>\n<meta property=\"og:type\" content=\"article\" \/>\n<meta property=\"og:title\" content=\"Desert 3-kohaline diivan, must raam - Lartusihome.com\" \/>\n<meta property=\"og:description\" content=\"Sobib \u00f5ues kasutamiseks. Elektrogalvaniseeritud roostekindel terasraam. Veekindlad sisemised padjad, vee- ja UV-kindlad ning mustust h\u00fclgavad padjakatted. Laius: 233 cm K\u00f5rgus: 78 cm S\u00fcgavus: 85 cm Istumisk\u00f5rgus: 30 cm Seljatoe k\u00f5rgus: 48 cm Kaal: 22 kg Kangad: Off-White Pure bukleekangas &#8211; 100% pol\u00fcprop\u00fcleen Chocolate triibuline kangas &#8211; 100% pol\u00fcprop\u00fcleen Dark Sand Crevini Dolce kangas &#8211; 60%&hellip;\" \/>\n<meta property=\"og:url\" content=\"https:\/\/lartusihome.com\/et\/toode\/desert-3-kohaline-diivan-must-raam\/\" \/>\n<meta property=\"og:site_name\" content=\"Lartusihome.com\" \/>\n<meta property=\"article:publisher\" content=\"https:\/\/www.facebook.com\/lartusihome\/\" \/>\n<meta property=\"og:image\" content=\"https:\/\/lartusihome.com\/wp-content\/uploads\/2025\/04\/fermLIVING-SS22-DesertSofa-3seater-BlackDarkSand-1104265435-pack-1.jpg\" \/>\n\t<meta property=\"og:image:width\" content=\"2000\" \/>\n\t<meta property=\"og:image:height\" content=\"2000\" \/>\n\t<meta property=\"og:image:type\" content=\"image\/jpeg\" \/>\n<meta name=\"twitter:card\" content=\"summary_large_image\" \/>\n<meta name=\"twitter:label1\" content=\"Est. reading time\" \/>\n\t<meta name=\"twitter:data1\" content=\"1 minut\" \/>\n<script type=\"application\/ld+json\" class=\"yoast-schema-graph\">{\"@context\":\"https:\/\/schema.org\",\"@graph\":[{\"@type\":\"WebPage\",\"@id\":\"https:\/\/lartusihome.com\/et\/toode\/desert-3-kohaline-diivan-must-raam\/\",\"url\":\"https:\/\/lartusihome.com\/et\/toode\/desert-3-kohaline-diivan-must-raam\/\",\"name\":\"Desert 3-kohaline diivan, must raam - Lartusihome.com\",\"isPartOf\":{\"@id\":\"https:\/\/lartusihome.com\/et\/#website\"},\"primaryImageOfPage\":{\"@id\":\"https:\/\/lartusihome.com\/et\/toode\/desert-3-kohaline-diivan-must-raam\/#primaryimage\"},\"image\":{\"@id\":\"https:\/\/lartusihome.com\/et\/toode\/desert-3-kohaline-diivan-must-raam\/#primaryimage\"},\"thumbnailUrl\":\"https:\/\/lartusihome.com\/wp-content\/uploads\/2025\/04\/fermLIVING-SS22-DesertSofa-3seater-BlackDarkSand-1104265435-pack-1.jpg\",\"datePublished\":\"2025-04-09T13:37:01+00:00\",\"breadcrumb\":{\"@id\":\"https:\/\/lartusihome.com\/et\/toode\/desert-3-kohaline-diivan-must-raam\/#breadcrumb\"},\"inLanguage\":\"et\",\"potentialAction\":[{\"@type\":\"ReadAction\",\"target\":[\"https:\/\/lartusihome.com\/et\/toode\/desert-3-kohaline-diivan-must-raam\/\"]}]},{\"@type\":\"ImageObject\",\"inLanguage\":\"et\",\"@id\":\"https:\/\/lartusihome.com\/et\/toode\/desert-3-kohaline-diivan-must-raam\/#primaryimage\",\"url\":\"https:\/\/lartusihome.com\/wp-content\/uploads\/2025\/04\/fermLIVING-SS22-DesertSofa-3seater-BlackDarkSand-1104265435-pack-1.jpg\",\"contentUrl\":\"https:\/\/lartusihome.com\/wp-content\/uploads\/2025\/04\/fermLIVING-SS22-DesertSofa-3seater-BlackDarkSand-1104265435-pack-1.jpg\",\"width\":2000,\"height\":2000},{\"@type\":\"BreadcrumbList\",\"@id\":\"https:\/\/lartusihome.com\/et\/toode\/desert-3-kohaline-diivan-must-raam\/#breadcrumb\",\"itemListElement\":[{\"@type\":\"ListItem\",\"position\":1,\"name\":\"Home\",\"item\":\"https:\/\/lartusihome.com\/et\/\"},{\"@type\":\"ListItem\",\"position\":2,\"name\":\"Pood\",\"item\":\"https:\/\/lartusihome.com\/et\/pood\/\"},{\"@type\":\"ListItem\",\"position\":3,\"name\":\"Desert 3-kohaline diivan, must raam\"}]},{\"@type\":\"WebSite\",\"@id\":\"https:\/\/lartusihome.com\/et\/#website\",\"url\":\"https:\/\/lartusihome.com\/et\/\",\"name\":\"Lartusihome.com\",\"description\":\"Kodu \/ sisustus\",\"potentialAction\":[{\"@type\":\"SearchAction\",\"target\":{\"@type\":\"EntryPoint\",\"urlTemplate\":\"https:\/\/lartusihome.com\/et\/?s={search_term_string}\"},\"query-input\":{\"@type\":\"PropertyValueSpecification\",\"valueRequired\":true,\"valueName\":\"search_term_string\"}}],\"inLanguage\":\"et\"}]}<\/script>\n<!-- \/ Yoast SEO plugin. -->","yoast_head_json":{"title":"Desert 3-kohaline diivan, must raam - Lartusihome.com","robots":{"index":"index","follow":"follow","max-snippet":"max-snippet:-1","max-image-preview":"max-image-preview:large","max-video-preview":"max-video-preview:-1"},"canonical":"https:\/\/lartusihome.com\/et\/toode\/desert-3-kohaline-diivan-must-raam\/","og_locale":"et_EE","og_type":"article","og_title":"Desert 3-kohaline diivan, must raam - Lartusihome.com","og_description":"Sobib \u00f5ues kasutamiseks. Elektrogalvaniseeritud roostekindel terasraam. Veekindlad sisemised padjad, vee- ja UV-kindlad ning mustust h\u00fclgavad padjakatted. Laius: 233 cm K\u00f5rgus: 78 cm S\u00fcgavus: 85 cm Istumisk\u00f5rgus: 30 cm Seljatoe k\u00f5rgus: 48 cm Kaal: 22 kg Kangad: Off-White Pure bukleekangas &#8211; 100% pol\u00fcprop\u00fcleen Chocolate triibuline kangas &#8211; 100% pol\u00fcprop\u00fcleen Dark Sand Crevini Dolce kangas &#8211; 60%&hellip;","og_url":"https:\/\/lartusihome.com\/et\/toode\/desert-3-kohaline-diivan-must-raam\/","og_site_name":"Lartusihome.com","article_publisher":"https:\/\/www.facebook.com\/lartusihome\/","og_image":[{"width":2000,"height":2000,"url":"https:\/\/lartusihome.com\/wp-content\/uploads\/2025\/04\/fermLIVING-SS22-DesertSofa-3seater-BlackDarkSand-1104265435-pack-1.jpg","type":"image\/jpeg"}],"twitter_card":"summary_large_image","twitter_misc":{"Est. reading time":"1 minut"},"schema":{"@context":"https:\/\/schema.org","@graph":[{"@type":"WebPage","@id":"https:\/\/lartusihome.com\/et\/toode\/desert-3-kohaline-diivan-must-raam\/","url":"https:\/\/lartusihome.com\/et\/toode\/desert-3-kohaline-diivan-must-raam\/","name":"Desert 3-kohaline diivan, must raam - Lartusihome.com","isPartOf":{"@id":"https:\/\/lartusihome.com\/et\/#website"},"primaryImageOfPage":{"@id":"https:\/\/lartusihome.com\/et\/toode\/desert-3-kohaline-diivan-must-raam\/#primaryimage"},"image":{"@id":"https:\/\/lartusihome.com\/et\/toode\/desert-3-kohaline-diivan-must-raam\/#primaryimage"},"thumbnailUrl":"https:\/\/lartusihome.com\/wp-content\/uploads\/2025\/04\/fermLIVING-SS22-DesertSofa-3seater-BlackDarkSand-1104265435-pack-1.jpg","datePublished":"2025-04-09T13:37:01+00:00","breadcrumb":{"@id":"https:\/\/lartusihome.com\/et\/toode\/desert-3-kohaline-diivan-must-raam\/#breadcrumb"},"inLanguage":"et","potentialAction":[{"@type":"ReadAction","target":["https:\/\/lartusihome.com\/et\/toode\/desert-3-kohaline-diivan-must-raam\/"]}]},{"@type":"ImageObject","inLanguage":"et","@id":"https:\/\/lartusihome.com\/et\/toode\/desert-3-kohaline-diivan-must-raam\/#primaryimage","url":"https:\/\/lartusihome.com\/wp-content\/uploads\/2025\/04\/fermLIVING-SS22-DesertSofa-3seater-BlackDarkSand-1104265435-pack-1.jpg","contentUrl":"https:\/\/lartusihome.com\/wp-content\/uploads\/2025\/04\/fermLIVING-SS22-DesertSofa-3seater-BlackDarkSand-1104265435-pack-1.jpg","width":2000,"height":2000},{"@type":"BreadcrumbList","@id":"https:\/\/lartusihome.com\/et\/toode\/desert-3-kohaline-diivan-must-raam\/#breadcrumb","itemListElement":[{"@type":"ListItem","position":1,"name":"Home","item":"https:\/\/lartusihome.com\/et\/"},{"@type":"ListItem","position":2,"name":"Pood","item":"https:\/\/lartusihome.com\/et\/pood\/"},{"@type":"ListItem","position":3,"name":"Desert 3-kohaline diivan, must raam"}]},{"@type":"WebSite","@id":"https:\/\/lartusihome.com\/et\/#website","url":"https:\/\/lartusihome.com\/et\/","name":"Lartusihome.com","description":"Kodu \/ sisustus","potentialAction":[{"@type":"SearchAction","target":{"@type":"EntryPoint","urlTemplate":"https:\/\/lartusihome.com\/et\/?s={search_term_string}"},"query-input":{"@type":"PropertyValueSpecification","valueRequired":true,"valueName":"search_term_string"}}],"inLanguage":"et"}]}},"_links":{"self":[{"href":"https:\/\/lartusihome.com\/et\/wp-json\/wp\/v2\/product\/398721"}],"collection":[{"href":"https:\/\/lartusihome.com\/et\/wp-json\/wp\/v2\/product"}],"about":[{"href":"https:\/\/lartusihome.com\/et\/wp-json\/wp\/v2\/types\/product"}],"wp:featuredmedia":[{"embeddable":true,"href":"https:\/\/lartusihome.com\/et\/wp-json\/wp\/v2\/media\/398707"}],"wp:attachment":[{"href":"https:\/\/lartusihome.com\/et\/wp-json\/wp\/v2\/media?parent=398721"}],"wp:term":[{"taxonomy":"product_cat","embeddable":true,"href":"https:\/\/lartusihome.com\/et\/wp-json\/wp\/v2\/product_cat?post=398721"},{"taxonomy":"product_tag","embeddable":true,"href":"https:\/\/lartusihome.com\/et\/wp-json\/wp\/v2\/product_tag?post=398721"},{"taxonomy":"giftcard-category","embeddable":true,"href":"https:\/\/lartusihome.com\/et\/wp-json\/wp\/v2\/giftcard-category?post=398721"}],"curies":[{"name":"wp","href":"https:\/\/api.w.org\/{rel}","templated":true}]}}