{"id":397890,"date":"2025-04-01T13:36:15","date_gmt":"2025-04-01T10:36:15","guid":{"rendered":"https:\/\/lartusihome.com\/product\/burra-outdoor-lounge-chair-w-return-natte\/"},"modified":"2025-04-01T13:41:35","modified_gmt":"2025-04-01T10:41:35","slug":"burra-outdoor-lounge-chair-w-return-natte","status":"publish","type":"product","link":"https:\/\/lartusihome.com\/et\/toode\/burra-outdoor-lounge-chair-w-return-natte\/","title":{"rendered":"Burra \u00f5ue tugitool, p\u00f6\u00f6rlev, Natt\u00e9"},"content":{"rendered":"<p>Materjal: teras, vaht, kangas (Chestnut NAT 10102)<\/p>\n<p>K\u00f5rgus: 72,5 cm<\/p>\n<p>Laius: 95 cm<\/p>\n<p>S\u00fcgavus: 79,5 cm<\/p>\n<p>Istumisk\u00f5rgus: 42,5 cm<\/p>\n<p>Kaal: 25 kg<\/p>\n<p>Kaasas kate, mis kaitseb tooli, kui seda ei kasutata.<\/p>\n","protected":false},"excerpt":{"rendered":"<p>Materjal: teras, vaht, kangas (Chestnut NAT 10102) K\u00f5rgus: 72,5 cm Laius: 95 cm S\u00fcgavus: 79,5 cm Istumisk\u00f5rgus: 42,5 cm Kaal: 25 kg Kaasas kate, mis kaitseb tooli, kui seda ei kasutata.<\/p>\n","protected":false},"featured_media":397855,"template":"","meta":{"_acf_changed":false,"inline_featured_image":false},"product_cat":[25094,22648,22613],"product_tag":[],"giftcard-category":[],"class_list":{"0":"post-397890","1":"product","2":"type-product","3":"status-publish","4":"has-post-thumbnail","6":"product_cat-lamamistoolid","7":"product_cat-valimoobel","8":"product_cat-lauad-ja-toolid-sisekujundus","9":"pa_brand-normann-copenhagen-et","10":"pa_collection-burra","12":"first","13":"onbackorder","14":"shipping-taxable","15":"purchasable","16":"product-type-simple"},"acf":[],"yoast_head":"<!-- This site is optimized with the Yoast SEO plugin v25.6 - https:\/\/yoast.com\/wordpress\/plugins\/seo\/ -->\n<title>Burra \u00f5ue tugitool, p\u00f6\u00f6rlev, Natt\u00e9 - Lartusihome.com<\/title>\n<meta name=\"robots\" content=\"index, follow, max-snippet:-1, max-image-preview:large, max-video-preview:-1\" \/>\n<link rel=\"canonical\" href=\"https:\/\/lartusihome.com\/et\/toode\/burra-outdoor-lounge-chair-w-return-natte\/\" \/>\n<meta property=\"og:locale\" content=\"et_EE\" \/>\n<meta property=\"og:type\" content=\"article\" \/>\n<meta property=\"og:title\" content=\"Burra \u00f5ue tugitool, p\u00f6\u00f6rlev, Natt\u00e9 - Lartusihome.com\" \/>\n<meta property=\"og:description\" content=\"Materjal: teras, vaht, kangas (Chestnut NAT 10102) K\u00f5rgus: 72,5 cm Laius: 95 cm S\u00fcgavus: 79,5 cm Istumisk\u00f5rgus: 42,5 cm Kaal: 25 kg Kaasas kate, mis kaitseb tooli, kui seda ei kasutata.\" \/>\n<meta property=\"og:url\" content=\"https:\/\/lartusihome.com\/et\/toode\/burra-outdoor-lounge-chair-w-return-natte\/\" \/>\n<meta property=\"og:site_name\" content=\"Lartusihome.com\" \/>\n<meta property=\"article:publisher\" content=\"https:\/\/www.facebook.com\/lartusihome\/\" \/>\n<meta property=\"article:modified_time\" content=\"2025-04-01T10:41:35+00:00\" \/>\n<meta property=\"og:image\" content=\"https:\/\/lartusihome.com\/wp-content\/uploads\/2025\/03\/609871_Burra_Lounge_Chair_W_Return_Outdoor_NAT_10102_02.jpg\" \/>\n\t<meta property=\"og:image:width\" content=\"2000\" \/>\n\t<meta property=\"og:image:height\" content=\"2000\" \/>\n\t<meta property=\"og:image:type\" content=\"image\/jpeg\" \/>\n<meta name=\"twitter:card\" content=\"summary_large_image\" \/>\n<meta name=\"twitter:label1\" content=\"Est. reading time\" \/>\n\t<meta name=\"twitter:data1\" content=\"1 minut\" \/>\n<script type=\"application\/ld+json\" class=\"yoast-schema-graph\">{\"@context\":\"https:\/\/schema.org\",\"@graph\":[{\"@type\":\"WebPage\",\"@id\":\"https:\/\/lartusihome.com\/et\/toode\/burra-outdoor-lounge-chair-w-return-natte\/\",\"url\":\"https:\/\/lartusihome.com\/et\/toode\/burra-outdoor-lounge-chair-w-return-natte\/\",\"name\":\"Burra \u00f5ue tugitool, p\u00f6\u00f6rlev, Natt\u00e9 - Lartusihome.com\",\"isPartOf\":{\"@id\":\"https:\/\/lartusihome.com\/et\/#website\"},\"primaryImageOfPage\":{\"@id\":\"https:\/\/lartusihome.com\/et\/toode\/burra-outdoor-lounge-chair-w-return-natte\/#primaryimage\"},\"image\":{\"@id\":\"https:\/\/lartusihome.com\/et\/toode\/burra-outdoor-lounge-chair-w-return-natte\/#primaryimage\"},\"thumbnailUrl\":\"https:\/\/lartusihome.com\/wp-content\/uploads\/2025\/03\/609871_Burra_Lounge_Chair_W_Return_Outdoor_NAT_10102_02.jpg\",\"datePublished\":\"2025-04-01T10:36:15+00:00\",\"dateModified\":\"2025-04-01T10:41:35+00:00\",\"breadcrumb\":{\"@id\":\"https:\/\/lartusihome.com\/et\/toode\/burra-outdoor-lounge-chair-w-return-natte\/#breadcrumb\"},\"inLanguage\":\"et\",\"potentialAction\":[{\"@type\":\"ReadAction\",\"target\":[\"https:\/\/lartusihome.com\/et\/toode\/burra-outdoor-lounge-chair-w-return-natte\/\"]}]},{\"@type\":\"ImageObject\",\"inLanguage\":\"et\",\"@id\":\"https:\/\/lartusihome.com\/et\/toode\/burra-outdoor-lounge-chair-w-return-natte\/#primaryimage\",\"url\":\"https:\/\/lartusihome.com\/wp-content\/uploads\/2025\/03\/609871_Burra_Lounge_Chair_W_Return_Outdoor_NAT_10102_02.jpg\",\"contentUrl\":\"https:\/\/lartusihome.com\/wp-content\/uploads\/2025\/03\/609871_Burra_Lounge_Chair_W_Return_Outdoor_NAT_10102_02.jpg\",\"width\":2000,\"height\":2000},{\"@type\":\"BreadcrumbList\",\"@id\":\"https:\/\/lartusihome.com\/et\/toode\/burra-outdoor-lounge-chair-w-return-natte\/#breadcrumb\",\"itemListElement\":[{\"@type\":\"ListItem\",\"position\":1,\"name\":\"Home\",\"item\":\"https:\/\/lartusihome.com\/et\/\"},{\"@type\":\"ListItem\",\"position\":2,\"name\":\"Pood\",\"item\":\"https:\/\/lartusihome.com\/et\/pood\/\"},{\"@type\":\"ListItem\",\"position\":3,\"name\":\"Burra \u00f5ue tugitool, p\u00f6\u00f6rlev, Natt\u00e9\"}]},{\"@type\":\"WebSite\",\"@id\":\"https:\/\/lartusihome.com\/et\/#website\",\"url\":\"https:\/\/lartusihome.com\/et\/\",\"name\":\"Lartusihome.com\",\"description\":\"Kodu \/ sisustus\",\"potentialAction\":[{\"@type\":\"SearchAction\",\"target\":{\"@type\":\"EntryPoint\",\"urlTemplate\":\"https:\/\/lartusihome.com\/et\/?s={search_term_string}\"},\"query-input\":{\"@type\":\"PropertyValueSpecification\",\"valueRequired\":true,\"valueName\":\"search_term_string\"}}],\"inLanguage\":\"et\"}]}<\/script>\n<!-- \/ Yoast SEO plugin. -->","yoast_head_json":{"title":"Burra \u00f5ue tugitool, p\u00f6\u00f6rlev, Natt\u00e9 - Lartusihome.com","robots":{"index":"index","follow":"follow","max-snippet":"max-snippet:-1","max-image-preview":"max-image-preview:large","max-video-preview":"max-video-preview:-1"},"canonical":"https:\/\/lartusihome.com\/et\/toode\/burra-outdoor-lounge-chair-w-return-natte\/","og_locale":"et_EE","og_type":"article","og_title":"Burra \u00f5ue tugitool, p\u00f6\u00f6rlev, Natt\u00e9 - Lartusihome.com","og_description":"Materjal: teras, vaht, kangas (Chestnut NAT 10102) K\u00f5rgus: 72,5 cm Laius: 95 cm S\u00fcgavus: 79,5 cm Istumisk\u00f5rgus: 42,5 cm Kaal: 25 kg Kaasas kate, mis kaitseb tooli, kui seda ei kasutata.","og_url":"https:\/\/lartusihome.com\/et\/toode\/burra-outdoor-lounge-chair-w-return-natte\/","og_site_name":"Lartusihome.com","article_publisher":"https:\/\/www.facebook.com\/lartusihome\/","article_modified_time":"2025-04-01T10:41:35+00:00","og_image":[{"width":2000,"height":2000,"url":"https:\/\/lartusihome.com\/wp-content\/uploads\/2025\/03\/609871_Burra_Lounge_Chair_W_Return_Outdoor_NAT_10102_02.jpg","type":"image\/jpeg"}],"twitter_card":"summary_large_image","twitter_misc":{"Est. reading time":"1 minut"},"schema":{"@context":"https:\/\/schema.org","@graph":[{"@type":"WebPage","@id":"https:\/\/lartusihome.com\/et\/toode\/burra-outdoor-lounge-chair-w-return-natte\/","url":"https:\/\/lartusihome.com\/et\/toode\/burra-outdoor-lounge-chair-w-return-natte\/","name":"Burra \u00f5ue tugitool, p\u00f6\u00f6rlev, Natt\u00e9 - Lartusihome.com","isPartOf":{"@id":"https:\/\/lartusihome.com\/et\/#website"},"primaryImageOfPage":{"@id":"https:\/\/lartusihome.com\/et\/toode\/burra-outdoor-lounge-chair-w-return-natte\/#primaryimage"},"image":{"@id":"https:\/\/lartusihome.com\/et\/toode\/burra-outdoor-lounge-chair-w-return-natte\/#primaryimage"},"thumbnailUrl":"https:\/\/lartusihome.com\/wp-content\/uploads\/2025\/03\/609871_Burra_Lounge_Chair_W_Return_Outdoor_NAT_10102_02.jpg","datePublished":"2025-04-01T10:36:15+00:00","dateModified":"2025-04-01T10:41:35+00:00","breadcrumb":{"@id":"https:\/\/lartusihome.com\/et\/toode\/burra-outdoor-lounge-chair-w-return-natte\/#breadcrumb"},"inLanguage":"et","potentialAction":[{"@type":"ReadAction","target":["https:\/\/lartusihome.com\/et\/toode\/burra-outdoor-lounge-chair-w-return-natte\/"]}]},{"@type":"ImageObject","inLanguage":"et","@id":"https:\/\/lartusihome.com\/et\/toode\/burra-outdoor-lounge-chair-w-return-natte\/#primaryimage","url":"https:\/\/lartusihome.com\/wp-content\/uploads\/2025\/03\/609871_Burra_Lounge_Chair_W_Return_Outdoor_NAT_10102_02.jpg","contentUrl":"https:\/\/lartusihome.com\/wp-content\/uploads\/2025\/03\/609871_Burra_Lounge_Chair_W_Return_Outdoor_NAT_10102_02.jpg","width":2000,"height":2000},{"@type":"BreadcrumbList","@id":"https:\/\/lartusihome.com\/et\/toode\/burra-outdoor-lounge-chair-w-return-natte\/#breadcrumb","itemListElement":[{"@type":"ListItem","position":1,"name":"Home","item":"https:\/\/lartusihome.com\/et\/"},{"@type":"ListItem","position":2,"name":"Pood","item":"https:\/\/lartusihome.com\/et\/pood\/"},{"@type":"ListItem","position":3,"name":"Burra \u00f5ue tugitool, p\u00f6\u00f6rlev, Natt\u00e9"}]},{"@type":"WebSite","@id":"https:\/\/lartusihome.com\/et\/#website","url":"https:\/\/lartusihome.com\/et\/","name":"Lartusihome.com","description":"Kodu \/ sisustus","potentialAction":[{"@type":"SearchAction","target":{"@type":"EntryPoint","urlTemplate":"https:\/\/lartusihome.com\/et\/?s={search_term_string}"},"query-input":{"@type":"PropertyValueSpecification","valueRequired":true,"valueName":"search_term_string"}}],"inLanguage":"et"}]}},"_links":{"self":[{"href":"https:\/\/lartusihome.com\/et\/wp-json\/wp\/v2\/product\/397890"}],"collection":[{"href":"https:\/\/lartusihome.com\/et\/wp-json\/wp\/v2\/product"}],"about":[{"href":"https:\/\/lartusihome.com\/et\/wp-json\/wp\/v2\/types\/product"}],"wp:featuredmedia":[{"embeddable":true,"href":"https:\/\/lartusihome.com\/et\/wp-json\/wp\/v2\/media\/397855"}],"wp:attachment":[{"href":"https:\/\/lartusihome.com\/et\/wp-json\/wp\/v2\/media?parent=397890"}],"wp:term":[{"taxonomy":"product_cat","embeddable":true,"href":"https:\/\/lartusihome.com\/et\/wp-json\/wp\/v2\/product_cat?post=397890"},{"taxonomy":"product_tag","embeddable":true,"href":"https:\/\/lartusihome.com\/et\/wp-json\/wp\/v2\/product_tag?post=397890"},{"taxonomy":"giftcard-category","embeddable":true,"href":"https:\/\/lartusihome.com\/et\/wp-json\/wp\/v2\/giftcard-category?post=397890"}],"curies":[{"name":"wp","href":"https:\/\/api.w.org\/{rel}","templated":true}]}}