{"id":395242,"date":"2025-03-13T14:02:55","date_gmt":"2025-03-13T12:02:55","guid":{"rendered":"https:\/\/lartusihome.com\/product\/lounge-chair-outdoor-cover-sand\/"},"modified":"2025-03-13T14:07:54","modified_gmt":"2025-03-13T12:07:54","slug":"lounge-chair-outdoor-cover-sand","status":"publish","type":"product","link":"https:\/\/lartusihome.com\/et\/toode\/lounge-chair-outdoor-cover-sand\/","title":{"rendered":"\u00d5ue tugitooli kate, Sand"},"content":{"rendered":"<p>Kate on valmistatud kvaliteetsest pol\u00fcestrist, mille v\u00e4limine pool on kaetud PVC-ga tagades pikaajalise kaitse p\u00e4ikesevalguse, vihma ja muude v\u00e4listegurite eest. Ideaalne iga v\u00e4lim\u00f6\u00f6bli jaoks, soovitame seda katet kasutada alati, kui m\u00f6\u00f6blit ei kasutata, et pikendada selle eluiga, s\u00e4ilitades selle v\u00e4limuse ja kvaliteedi aastateks.<\/p>\n<p>Pikkus: 75 cm<\/p>\n<p>K\u00f5rgus: 95 cm<\/p>\n<p>Laius: 115 cm<\/p>\n<p>Disainer: Kristian Sofus Hansen &amp; Tommy Hyldahl.<\/p>\n","protected":false},"excerpt":{"rendered":"<p>Kate on valmistatud kvaliteetsest pol\u00fcestrist, mille v\u00e4limine pool on kaetud PVC-ga tagades pikaajalise kaitse p\u00e4ikesevalguse, vihma ja muude v\u00e4listegurite eest. Ideaalne iga v\u00e4lim\u00f6\u00f6bli jaoks, soovitame seda katet kasutada alati, kui m\u00f6\u00f6blit ei kasutata, et pikendada selle eluiga, s\u00e4ilitades selle v\u00e4limuse ja kvaliteedi aastateks. Pikkus: 75 cm K\u00f5rgus: 95 cm Laius: 115 cm Disainer: Kristian Sofus&hellip;<\/p>\n","protected":false},"featured_media":395235,"template":"","meta":{"_acf_changed":false,"inline_featured_image":false},"product_cat":[25094,22648,22613],"product_tag":[],"giftcard-category":[],"class_list":{"0":"post-395242","1":"product","2":"type-product","3":"status-publish","4":"has-post-thumbnail","6":"product_cat-lamamistoolid","7":"product_cat-valimoobel","8":"product_cat-lauad-ja-toolid-sisekujundus","9":"pa_brand-101-copenhagen","11":"first","12":"onbackorder","13":"shipping-taxable","14":"purchasable","15":"product-type-simple"},"acf":[],"yoast_head":"<!-- This site is optimized with the Yoast SEO plugin v25.6 - https:\/\/yoast.com\/wordpress\/plugins\/seo\/ -->\n<title>\u00d5ue tugitooli kate, Sand - Lartusihome.com<\/title>\n<meta name=\"robots\" content=\"index, follow, max-snippet:-1, max-image-preview:large, max-video-preview:-1\" \/>\n<link rel=\"canonical\" href=\"https:\/\/lartusihome.com\/et\/toode\/lounge-chair-outdoor-cover-sand\/\" \/>\n<meta property=\"og:locale\" content=\"et_EE\" \/>\n<meta property=\"og:type\" content=\"article\" \/>\n<meta property=\"og:title\" content=\"\u00d5ue tugitooli kate, Sand - Lartusihome.com\" \/>\n<meta property=\"og:description\" content=\"Kate on valmistatud kvaliteetsest pol\u00fcestrist, mille v\u00e4limine pool on kaetud PVC-ga tagades pikaajalise kaitse p\u00e4ikesevalguse, vihma ja muude v\u00e4listegurite eest. Ideaalne iga v\u00e4lim\u00f6\u00f6bli jaoks, soovitame seda katet kasutada alati, kui m\u00f6\u00f6blit ei kasutata, et pikendada selle eluiga, s\u00e4ilitades selle v\u00e4limuse ja kvaliteedi aastateks. Pikkus: 75 cm K\u00f5rgus: 95 cm Laius: 115 cm Disainer: Kristian Sofus&hellip;\" \/>\n<meta property=\"og:url\" content=\"https:\/\/lartusihome.com\/et\/toode\/lounge-chair-outdoor-cover-sand\/\" \/>\n<meta property=\"og:site_name\" content=\"Lartusihome.com\" \/>\n<meta property=\"article:publisher\" content=\"https:\/\/www.facebook.com\/lartusihome\/\" \/>\n<meta property=\"article:modified_time\" content=\"2025-03-13T12:07:54+00:00\" \/>\n<meta property=\"og:image\" content=\"https:\/\/lartusihome.com\/wp-content\/uploads\/2025\/03\/251081-Lounge-Chair-Outdoor-Cover-Sand-1-White-Packshot.jpg\" \/>\n\t<meta property=\"og:image:width\" content=\"2000\" \/>\n\t<meta property=\"og:image:height\" content=\"2000\" \/>\n\t<meta property=\"og:image:type\" content=\"image\/jpeg\" \/>\n<meta name=\"twitter:card\" content=\"summary_large_image\" \/>\n<meta name=\"twitter:label1\" content=\"Est. reading time\" \/>\n\t<meta name=\"twitter:data1\" content=\"1 minut\" \/>\n<script type=\"application\/ld+json\" class=\"yoast-schema-graph\">{\"@context\":\"https:\/\/schema.org\",\"@graph\":[{\"@type\":\"WebPage\",\"@id\":\"https:\/\/lartusihome.com\/et\/toode\/lounge-chair-outdoor-cover-sand\/\",\"url\":\"https:\/\/lartusihome.com\/et\/toode\/lounge-chair-outdoor-cover-sand\/\",\"name\":\"\u00d5ue tugitooli kate, Sand - Lartusihome.com\",\"isPartOf\":{\"@id\":\"https:\/\/lartusihome.com\/et\/#website\"},\"primaryImageOfPage\":{\"@id\":\"https:\/\/lartusihome.com\/et\/toode\/lounge-chair-outdoor-cover-sand\/#primaryimage\"},\"image\":{\"@id\":\"https:\/\/lartusihome.com\/et\/toode\/lounge-chair-outdoor-cover-sand\/#primaryimage\"},\"thumbnailUrl\":\"https:\/\/lartusihome.com\/wp-content\/uploads\/2025\/03\/251081-Lounge-Chair-Outdoor-Cover-Sand-1-White-Packshot.jpg\",\"datePublished\":\"2025-03-13T12:02:55+00:00\",\"dateModified\":\"2025-03-13T12:07:54+00:00\",\"breadcrumb\":{\"@id\":\"https:\/\/lartusihome.com\/et\/toode\/lounge-chair-outdoor-cover-sand\/#breadcrumb\"},\"inLanguage\":\"et\",\"potentialAction\":[{\"@type\":\"ReadAction\",\"target\":[\"https:\/\/lartusihome.com\/et\/toode\/lounge-chair-outdoor-cover-sand\/\"]}]},{\"@type\":\"ImageObject\",\"inLanguage\":\"et\",\"@id\":\"https:\/\/lartusihome.com\/et\/toode\/lounge-chair-outdoor-cover-sand\/#primaryimage\",\"url\":\"https:\/\/lartusihome.com\/wp-content\/uploads\/2025\/03\/251081-Lounge-Chair-Outdoor-Cover-Sand-1-White-Packshot.jpg\",\"contentUrl\":\"https:\/\/lartusihome.com\/wp-content\/uploads\/2025\/03\/251081-Lounge-Chair-Outdoor-Cover-Sand-1-White-Packshot.jpg\",\"width\":2000,\"height\":2000},{\"@type\":\"BreadcrumbList\",\"@id\":\"https:\/\/lartusihome.com\/et\/toode\/lounge-chair-outdoor-cover-sand\/#breadcrumb\",\"itemListElement\":[{\"@type\":\"ListItem\",\"position\":1,\"name\":\"Home\",\"item\":\"https:\/\/lartusihome.com\/et\/\"},{\"@type\":\"ListItem\",\"position\":2,\"name\":\"Pood\",\"item\":\"https:\/\/lartusihome.com\/et\/pood\/\"},{\"@type\":\"ListItem\",\"position\":3,\"name\":\"\u00d5ue tugitooli kate, Sand\"}]},{\"@type\":\"WebSite\",\"@id\":\"https:\/\/lartusihome.com\/et\/#website\",\"url\":\"https:\/\/lartusihome.com\/et\/\",\"name\":\"Lartusihome.com\",\"description\":\"Kodu \/ sisustus\",\"potentialAction\":[{\"@type\":\"SearchAction\",\"target\":{\"@type\":\"EntryPoint\",\"urlTemplate\":\"https:\/\/lartusihome.com\/et\/?s={search_term_string}\"},\"query-input\":{\"@type\":\"PropertyValueSpecification\",\"valueRequired\":true,\"valueName\":\"search_term_string\"}}],\"inLanguage\":\"et\"}]}<\/script>\n<!-- \/ Yoast SEO plugin. -->","yoast_head_json":{"title":"\u00d5ue tugitooli kate, Sand - Lartusihome.com","robots":{"index":"index","follow":"follow","max-snippet":"max-snippet:-1","max-image-preview":"max-image-preview:large","max-video-preview":"max-video-preview:-1"},"canonical":"https:\/\/lartusihome.com\/et\/toode\/lounge-chair-outdoor-cover-sand\/","og_locale":"et_EE","og_type":"article","og_title":"\u00d5ue tugitooli kate, Sand - Lartusihome.com","og_description":"Kate on valmistatud kvaliteetsest pol\u00fcestrist, mille v\u00e4limine pool on kaetud PVC-ga tagades pikaajalise kaitse p\u00e4ikesevalguse, vihma ja muude v\u00e4listegurite eest. Ideaalne iga v\u00e4lim\u00f6\u00f6bli jaoks, soovitame seda katet kasutada alati, kui m\u00f6\u00f6blit ei kasutata, et pikendada selle eluiga, s\u00e4ilitades selle v\u00e4limuse ja kvaliteedi aastateks. Pikkus: 75 cm K\u00f5rgus: 95 cm Laius: 115 cm Disainer: Kristian Sofus&hellip;","og_url":"https:\/\/lartusihome.com\/et\/toode\/lounge-chair-outdoor-cover-sand\/","og_site_name":"Lartusihome.com","article_publisher":"https:\/\/www.facebook.com\/lartusihome\/","article_modified_time":"2025-03-13T12:07:54+00:00","og_image":[{"width":2000,"height":2000,"url":"https:\/\/lartusihome.com\/wp-content\/uploads\/2025\/03\/251081-Lounge-Chair-Outdoor-Cover-Sand-1-White-Packshot.jpg","type":"image\/jpeg"}],"twitter_card":"summary_large_image","twitter_misc":{"Est. reading time":"1 minut"},"schema":{"@context":"https:\/\/schema.org","@graph":[{"@type":"WebPage","@id":"https:\/\/lartusihome.com\/et\/toode\/lounge-chair-outdoor-cover-sand\/","url":"https:\/\/lartusihome.com\/et\/toode\/lounge-chair-outdoor-cover-sand\/","name":"\u00d5ue tugitooli kate, Sand - Lartusihome.com","isPartOf":{"@id":"https:\/\/lartusihome.com\/et\/#website"},"primaryImageOfPage":{"@id":"https:\/\/lartusihome.com\/et\/toode\/lounge-chair-outdoor-cover-sand\/#primaryimage"},"image":{"@id":"https:\/\/lartusihome.com\/et\/toode\/lounge-chair-outdoor-cover-sand\/#primaryimage"},"thumbnailUrl":"https:\/\/lartusihome.com\/wp-content\/uploads\/2025\/03\/251081-Lounge-Chair-Outdoor-Cover-Sand-1-White-Packshot.jpg","datePublished":"2025-03-13T12:02:55+00:00","dateModified":"2025-03-13T12:07:54+00:00","breadcrumb":{"@id":"https:\/\/lartusihome.com\/et\/toode\/lounge-chair-outdoor-cover-sand\/#breadcrumb"},"inLanguage":"et","potentialAction":[{"@type":"ReadAction","target":["https:\/\/lartusihome.com\/et\/toode\/lounge-chair-outdoor-cover-sand\/"]}]},{"@type":"ImageObject","inLanguage":"et","@id":"https:\/\/lartusihome.com\/et\/toode\/lounge-chair-outdoor-cover-sand\/#primaryimage","url":"https:\/\/lartusihome.com\/wp-content\/uploads\/2025\/03\/251081-Lounge-Chair-Outdoor-Cover-Sand-1-White-Packshot.jpg","contentUrl":"https:\/\/lartusihome.com\/wp-content\/uploads\/2025\/03\/251081-Lounge-Chair-Outdoor-Cover-Sand-1-White-Packshot.jpg","width":2000,"height":2000},{"@type":"BreadcrumbList","@id":"https:\/\/lartusihome.com\/et\/toode\/lounge-chair-outdoor-cover-sand\/#breadcrumb","itemListElement":[{"@type":"ListItem","position":1,"name":"Home","item":"https:\/\/lartusihome.com\/et\/"},{"@type":"ListItem","position":2,"name":"Pood","item":"https:\/\/lartusihome.com\/et\/pood\/"},{"@type":"ListItem","position":3,"name":"\u00d5ue tugitooli kate, Sand"}]},{"@type":"WebSite","@id":"https:\/\/lartusihome.com\/et\/#website","url":"https:\/\/lartusihome.com\/et\/","name":"Lartusihome.com","description":"Kodu \/ sisustus","potentialAction":[{"@type":"SearchAction","target":{"@type":"EntryPoint","urlTemplate":"https:\/\/lartusihome.com\/et\/?s={search_term_string}"},"query-input":{"@type":"PropertyValueSpecification","valueRequired":true,"valueName":"search_term_string"}}],"inLanguage":"et"}]}},"_links":{"self":[{"href":"https:\/\/lartusihome.com\/et\/wp-json\/wp\/v2\/product\/395242"}],"collection":[{"href":"https:\/\/lartusihome.com\/et\/wp-json\/wp\/v2\/product"}],"about":[{"href":"https:\/\/lartusihome.com\/et\/wp-json\/wp\/v2\/types\/product"}],"wp:featuredmedia":[{"embeddable":true,"href":"https:\/\/lartusihome.com\/et\/wp-json\/wp\/v2\/media\/395235"}],"wp:attachment":[{"href":"https:\/\/lartusihome.com\/et\/wp-json\/wp\/v2\/media?parent=395242"}],"wp:term":[{"taxonomy":"product_cat","embeddable":true,"href":"https:\/\/lartusihome.com\/et\/wp-json\/wp\/v2\/product_cat?post=395242"},{"taxonomy":"product_tag","embeddable":true,"href":"https:\/\/lartusihome.com\/et\/wp-json\/wp\/v2\/product_tag?post=395242"},{"taxonomy":"giftcard-category","embeddable":true,"href":"https:\/\/lartusihome.com\/et\/wp-json\/wp\/v2\/giftcard-category?post=395242"}],"curies":[{"name":"wp","href":"https:\/\/api.w.org\/{rel}","templated":true}]}}