{"id":390010,"date":"2025-01-23T17:38:53","date_gmt":"2025-01-23T15:38:53","guid":{"rendered":"https:\/\/lartusihome.com\/product\/maru-pendant-big-burned-black-5m\/"},"modified":"2025-05-11T15:33:46","modified_gmt":"2025-05-11T12:33:46","slug":"maru-pendant-big-burned-black-5m","status":"publish","type":"product","link":"https:\/\/lartusihome.com\/et\/toode\/maru-pendant-big-burned-black-5m\/","title":{"rendered":"Maru laevalgusti, suur, Burned Black (5m)"},"content":{"rendered":"<p>Maru t\u00e4hendab jaapani keeles ringi<\/p>\n<p>Materjal: metall, akr\u00fc\u00fcl<\/p>\n<p>Pikkus: 42 cm<\/p>\n<p>Laius: 36 cm<\/p>\n<p>K\u00f5rgus: 51 cm<\/p>\n<p>Kaal: 2,6 kg<\/p>\n<p>Laele kinnituva osa k\u00f5rgus 4,5 cm, laius 16 cm<\/p>\n<p>Juhtme pikkus: 500 cm<\/p>\n<p>Valgusallikas: sisseehitatud LED<\/p>\n<p>LED pirni ei saa vahetada ega asendada<\/p>\n<p>P\u00f5lemisaeg: 25000 tundi<\/p>\n<p>Kelvin: 2400<\/p>\n<p>Valgustil on sisseehitatud dimmerdatav draiver. Et dimmerdamise funktsioon korralikult t\u00f6\u00f6taks peaks olema paigaldatud dimmerdamise s\u00fcsteem v\u00f5i l\u00fcliti. Ilma selleta saab valgustit tavap\u00e4raselt p\u00f5lema panna ja kustutada.<\/p>\n<p>Disainer: Kristian Sofus Hansen &amp; Tommy Hyldahl<\/p>\n<p>&nbsp;<\/p>\n","protected":false},"excerpt":{"rendered":"<p>Maru t\u00e4hendab jaapani keeles ringi Materjal: metall, akr\u00fc\u00fcl Pikkus: 42 cm Laius: 36 cm K\u00f5rgus: 51 cm Kaal: 2,6 kg Laele kinnituva osa k\u00f5rgus 4,5 cm, laius 16 cm Juhtme pikkus: 500 cm Valgusallikas: sisseehitatud LED LED pirni ei saa vahetada ega asendada P\u00f5lemisaeg: 25000 tundi Kelvin: 2400 Valgustil on sisseehitatud dimmerdatav draiver. Et dimmerdamise&hellip;<\/p>\n","protected":false},"featured_media":389963,"template":"","meta":{"_acf_changed":false,"inline_featured_image":false},"product_cat":[24566,5273,3257],"product_tag":[],"giftcard-category":[],"class_list":{"0":"post-390010","1":"product","2":"type-product","3":"status-publish","4":"has-post-thumbnail","6":"product_cat-laelambid","7":"product_cat-moobel","8":"product_cat-valgustid","9":"pa_brand-101-copenhagen","10":"pa_collection-maru","12":"first","13":"onbackorder","14":"shipping-taxable","15":"purchasable","16":"product-type-simple"},"acf":[],"yoast_head":"<!-- This site is optimized with the Yoast SEO plugin v25.6 - https:\/\/yoast.com\/wordpress\/plugins\/seo\/ -->\n<title>Maru laevalgusti, suur, Burned Black (5m) - Lartusihome.com<\/title>\n<meta name=\"robots\" content=\"index, follow, max-snippet:-1, max-image-preview:large, max-video-preview:-1\" \/>\n<link rel=\"canonical\" href=\"https:\/\/lartusihome.com\/et\/toode\/maru-pendant-big-burned-black-5m\/\" \/>\n<meta property=\"og:locale\" content=\"et_EE\" \/>\n<meta property=\"og:type\" content=\"article\" \/>\n<meta property=\"og:title\" content=\"Maru laevalgusti, suur, Burned Black (5m) - Lartusihome.com\" \/>\n<meta property=\"og:description\" content=\"Maru t\u00e4hendab jaapani keeles ringi Materjal: metall, akr\u00fc\u00fcl Pikkus: 42 cm Laius: 36 cm K\u00f5rgus: 51 cm Kaal: 2,6 kg Laele kinnituva osa k\u00f5rgus 4,5 cm, laius 16 cm Juhtme pikkus: 500 cm Valgusallikas: sisseehitatud LED LED pirni ei saa vahetada ega asendada P\u00f5lemisaeg: 25000 tundi Kelvin: 2400 Valgustil on sisseehitatud dimmerdatav draiver. Et dimmerdamise&hellip;\" \/>\n<meta property=\"og:url\" content=\"https:\/\/lartusihome.com\/et\/toode\/maru-pendant-big-burned-black-5m\/\" \/>\n<meta property=\"og:site_name\" content=\"Lartusihome.com\" \/>\n<meta property=\"article:publisher\" content=\"https:\/\/www.facebook.com\/lartusihome\/\" \/>\n<meta property=\"article:modified_time\" content=\"2025-05-11T12:33:46+00:00\" \/>\n<meta property=\"og:image\" content=\"https:\/\/lartusihome.com\/wp-content\/uploads\/2025\/01\/251024-Maru-Pendant-Big-Burned-Black-1-White-Packshot.jpg\" \/>\n\t<meta property=\"og:image:width\" content=\"2000\" \/>\n\t<meta property=\"og:image:height\" content=\"2000\" \/>\n\t<meta property=\"og:image:type\" content=\"image\/jpeg\" \/>\n<meta name=\"twitter:card\" content=\"summary_large_image\" \/>\n<meta name=\"twitter:label1\" content=\"Est. reading time\" \/>\n\t<meta name=\"twitter:data1\" content=\"1 minut\" \/>\n<script type=\"application\/ld+json\" class=\"yoast-schema-graph\">{\"@context\":\"https:\/\/schema.org\",\"@graph\":[{\"@type\":\"WebPage\",\"@id\":\"https:\/\/lartusihome.com\/et\/toode\/maru-pendant-big-burned-black-5m\/\",\"url\":\"https:\/\/lartusihome.com\/et\/toode\/maru-pendant-big-burned-black-5m\/\",\"name\":\"Maru laevalgusti, suur, Burned Black (5m) - Lartusihome.com\",\"isPartOf\":{\"@id\":\"https:\/\/lartusihome.com\/et\/#website\"},\"primaryImageOfPage\":{\"@id\":\"https:\/\/lartusihome.com\/et\/toode\/maru-pendant-big-burned-black-5m\/#primaryimage\"},\"image\":{\"@id\":\"https:\/\/lartusihome.com\/et\/toode\/maru-pendant-big-burned-black-5m\/#primaryimage\"},\"thumbnailUrl\":\"https:\/\/lartusihome.com\/wp-content\/uploads\/2025\/01\/251024-Maru-Pendant-Big-Burned-Black-1-White-Packshot.jpg\",\"datePublished\":\"2025-01-23T15:38:53+00:00\",\"dateModified\":\"2025-05-11T12:33:46+00:00\",\"breadcrumb\":{\"@id\":\"https:\/\/lartusihome.com\/et\/toode\/maru-pendant-big-burned-black-5m\/#breadcrumb\"},\"inLanguage\":\"et\",\"potentialAction\":[{\"@type\":\"ReadAction\",\"target\":[\"https:\/\/lartusihome.com\/et\/toode\/maru-pendant-big-burned-black-5m\/\"]}]},{\"@type\":\"ImageObject\",\"inLanguage\":\"et\",\"@id\":\"https:\/\/lartusihome.com\/et\/toode\/maru-pendant-big-burned-black-5m\/#primaryimage\",\"url\":\"https:\/\/lartusihome.com\/wp-content\/uploads\/2025\/01\/251024-Maru-Pendant-Big-Burned-Black-1-White-Packshot.jpg\",\"contentUrl\":\"https:\/\/lartusihome.com\/wp-content\/uploads\/2025\/01\/251024-Maru-Pendant-Big-Burned-Black-1-White-Packshot.jpg\",\"width\":2000,\"height\":2000},{\"@type\":\"BreadcrumbList\",\"@id\":\"https:\/\/lartusihome.com\/et\/toode\/maru-pendant-big-burned-black-5m\/#breadcrumb\",\"itemListElement\":[{\"@type\":\"ListItem\",\"position\":1,\"name\":\"Home\",\"item\":\"https:\/\/lartusihome.com\/et\/\"},{\"@type\":\"ListItem\",\"position\":2,\"name\":\"Pood\",\"item\":\"https:\/\/lartusihome.com\/et\/pood\/\"},{\"@type\":\"ListItem\",\"position\":3,\"name\":\"Maru laevalgusti, suur, Burned Black (5m)\"}]},{\"@type\":\"WebSite\",\"@id\":\"https:\/\/lartusihome.com\/et\/#website\",\"url\":\"https:\/\/lartusihome.com\/et\/\",\"name\":\"Lartusihome.com\",\"description\":\"Kodu \/ sisustus\",\"potentialAction\":[{\"@type\":\"SearchAction\",\"target\":{\"@type\":\"EntryPoint\",\"urlTemplate\":\"https:\/\/lartusihome.com\/et\/?s={search_term_string}\"},\"query-input\":{\"@type\":\"PropertyValueSpecification\",\"valueRequired\":true,\"valueName\":\"search_term_string\"}}],\"inLanguage\":\"et\"}]}<\/script>\n<!-- \/ Yoast SEO plugin. -->","yoast_head_json":{"title":"Maru laevalgusti, suur, Burned Black (5m) - Lartusihome.com","robots":{"index":"index","follow":"follow","max-snippet":"max-snippet:-1","max-image-preview":"max-image-preview:large","max-video-preview":"max-video-preview:-1"},"canonical":"https:\/\/lartusihome.com\/et\/toode\/maru-pendant-big-burned-black-5m\/","og_locale":"et_EE","og_type":"article","og_title":"Maru laevalgusti, suur, Burned Black (5m) - Lartusihome.com","og_description":"Maru t\u00e4hendab jaapani keeles ringi Materjal: metall, akr\u00fc\u00fcl Pikkus: 42 cm Laius: 36 cm K\u00f5rgus: 51 cm Kaal: 2,6 kg Laele kinnituva osa k\u00f5rgus 4,5 cm, laius 16 cm Juhtme pikkus: 500 cm Valgusallikas: sisseehitatud LED LED pirni ei saa vahetada ega asendada P\u00f5lemisaeg: 25000 tundi Kelvin: 2400 Valgustil on sisseehitatud dimmerdatav draiver. Et dimmerdamise&hellip;","og_url":"https:\/\/lartusihome.com\/et\/toode\/maru-pendant-big-burned-black-5m\/","og_site_name":"Lartusihome.com","article_publisher":"https:\/\/www.facebook.com\/lartusihome\/","article_modified_time":"2025-05-11T12:33:46+00:00","og_image":[{"width":2000,"height":2000,"url":"https:\/\/lartusihome.com\/wp-content\/uploads\/2025\/01\/251024-Maru-Pendant-Big-Burned-Black-1-White-Packshot.jpg","type":"image\/jpeg"}],"twitter_card":"summary_large_image","twitter_misc":{"Est. reading time":"1 minut"},"schema":{"@context":"https:\/\/schema.org","@graph":[{"@type":"WebPage","@id":"https:\/\/lartusihome.com\/et\/toode\/maru-pendant-big-burned-black-5m\/","url":"https:\/\/lartusihome.com\/et\/toode\/maru-pendant-big-burned-black-5m\/","name":"Maru laevalgusti, suur, Burned Black (5m) - Lartusihome.com","isPartOf":{"@id":"https:\/\/lartusihome.com\/et\/#website"},"primaryImageOfPage":{"@id":"https:\/\/lartusihome.com\/et\/toode\/maru-pendant-big-burned-black-5m\/#primaryimage"},"image":{"@id":"https:\/\/lartusihome.com\/et\/toode\/maru-pendant-big-burned-black-5m\/#primaryimage"},"thumbnailUrl":"https:\/\/lartusihome.com\/wp-content\/uploads\/2025\/01\/251024-Maru-Pendant-Big-Burned-Black-1-White-Packshot.jpg","datePublished":"2025-01-23T15:38:53+00:00","dateModified":"2025-05-11T12:33:46+00:00","breadcrumb":{"@id":"https:\/\/lartusihome.com\/et\/toode\/maru-pendant-big-burned-black-5m\/#breadcrumb"},"inLanguage":"et","potentialAction":[{"@type":"ReadAction","target":["https:\/\/lartusihome.com\/et\/toode\/maru-pendant-big-burned-black-5m\/"]}]},{"@type":"ImageObject","inLanguage":"et","@id":"https:\/\/lartusihome.com\/et\/toode\/maru-pendant-big-burned-black-5m\/#primaryimage","url":"https:\/\/lartusihome.com\/wp-content\/uploads\/2025\/01\/251024-Maru-Pendant-Big-Burned-Black-1-White-Packshot.jpg","contentUrl":"https:\/\/lartusihome.com\/wp-content\/uploads\/2025\/01\/251024-Maru-Pendant-Big-Burned-Black-1-White-Packshot.jpg","width":2000,"height":2000},{"@type":"BreadcrumbList","@id":"https:\/\/lartusihome.com\/et\/toode\/maru-pendant-big-burned-black-5m\/#breadcrumb","itemListElement":[{"@type":"ListItem","position":1,"name":"Home","item":"https:\/\/lartusihome.com\/et\/"},{"@type":"ListItem","position":2,"name":"Pood","item":"https:\/\/lartusihome.com\/et\/pood\/"},{"@type":"ListItem","position":3,"name":"Maru laevalgusti, suur, Burned Black (5m)"}]},{"@type":"WebSite","@id":"https:\/\/lartusihome.com\/et\/#website","url":"https:\/\/lartusihome.com\/et\/","name":"Lartusihome.com","description":"Kodu \/ sisustus","potentialAction":[{"@type":"SearchAction","target":{"@type":"EntryPoint","urlTemplate":"https:\/\/lartusihome.com\/et\/?s={search_term_string}"},"query-input":{"@type":"PropertyValueSpecification","valueRequired":true,"valueName":"search_term_string"}}],"inLanguage":"et"}]}},"_links":{"self":[{"href":"https:\/\/lartusihome.com\/et\/wp-json\/wp\/v2\/product\/390010"}],"collection":[{"href":"https:\/\/lartusihome.com\/et\/wp-json\/wp\/v2\/product"}],"about":[{"href":"https:\/\/lartusihome.com\/et\/wp-json\/wp\/v2\/types\/product"}],"wp:featuredmedia":[{"embeddable":true,"href":"https:\/\/lartusihome.com\/et\/wp-json\/wp\/v2\/media\/389963"}],"wp:attachment":[{"href":"https:\/\/lartusihome.com\/et\/wp-json\/wp\/v2\/media?parent=390010"}],"wp:term":[{"taxonomy":"product_cat","embeddable":true,"href":"https:\/\/lartusihome.com\/et\/wp-json\/wp\/v2\/product_cat?post=390010"},{"taxonomy":"product_tag","embeddable":true,"href":"https:\/\/lartusihome.com\/et\/wp-json\/wp\/v2\/product_tag?post=390010"},{"taxonomy":"giftcard-category","embeddable":true,"href":"https:\/\/lartusihome.com\/et\/wp-json\/wp\/v2\/giftcard-category?post=390010"}],"curies":[{"name":"wp","href":"https:\/\/api.w.org\/{rel}","templated":true}]}}