{"id":389901,"date":"2025-01-23T15:56:38","date_gmt":"2025-01-23T13:56:38","guid":{"rendered":"https:\/\/lartusihome.com\/product\/sahn-chandelier-bronze-5m\/"},"modified":"2025-01-23T15:58:08","modified_gmt":"2025-01-23T13:58:08","slug":"sahn-chandelier-bronze-5m","status":"publish","type":"product","link":"https:\/\/lartusihome.com\/et\/toode\/sahn-chandelier-bronze-5m\/","title":{"rendered":"Sahn l\u00fchter, pronksjas (5m)"},"content":{"rendered":"<p>Sahn l\u00fchter on inspireeritud 70ndate futuristlikust disainist ja kosmoseajastust.<\/p>\n<p>Igat lambivart ja lambivarju v\u00f5ib p\u00f6\u00f6rata ja keerata erinevates suundades.<\/p>\n<p>Sahn t\u00e4hendab jaapani keeles number kolme ja s\u00fcmboliseerib kolme erineva lambivarju kasutamist.<\/p>\n<p>K\u00f5ik kolm lambivarju pakuvad erinevat valguskogemust, lisades lambile rikkaliku ja m\u00e4ngulise omaduse.<\/p>\n<p>Materjal: metall<\/p>\n<p>Pikkus: 25 cm<\/p>\n<p>Laius: 125 cm<\/p>\n<p>K\u00f5rgus: 58 cm<\/p>\n<p>Laele kinnituva osa k\u00f5rgus 13 cm ja laius 14,5 cm<\/p>\n<p>Juhtme pikkus: 500 cm<\/p>\n<p>Kaal: 5,3 kg<\/p>\n<p>E14-230V<\/p>\n<p>Dimmerdamise funktsioon on saadaval ainult siis, kui valgusti on \u00fchendatud dimmerl\u00fclitiga ja kasutatakse dimmerdamiseks sobivaid pirne.<\/p>\n<p>Disainer: Kristian Sofus Hansen &amp; Tommy Hyldahl<\/p>\n","protected":false},"excerpt":{"rendered":"<p>Sahn l\u00fchter on inspireeritud 70ndate futuristlikust disainist ja kosmoseajastust. Igat lambivart ja lambivarju v\u00f5ib p\u00f6\u00f6rata ja keerata erinevates suundades. Sahn t\u00e4hendab jaapani keeles number kolme ja s\u00fcmboliseerib kolme erineva lambivarju kasutamist. K\u00f5ik kolm lambivarju pakuvad erinevat valguskogemust, lisades lambile rikkaliku ja m\u00e4ngulise omaduse. Materjal: metall Pikkus: 25 cm Laius: 125 cm K\u00f5rgus: 58 cm Laele&hellip;<\/p>\n","protected":false},"featured_media":389860,"template":"","meta":{"_acf_changed":false,"inline_featured_image":false},"product_cat":[24566,5273,3257],"product_tag":[],"giftcard-category":[],"class_list":{"0":"post-389901","1":"product","2":"type-product","3":"status-publish","4":"has-post-thumbnail","6":"product_cat-laelambid","7":"product_cat-moobel","8":"product_cat-valgustid","9":"pa_brand-101-copenhagen","10":"pa_collection-sahn","12":"first","13":"onbackorder","14":"shipping-taxable","15":"purchasable","16":"product-type-simple"},"acf":[],"yoast_head":"<!-- This site is optimized with the Yoast SEO plugin v25.6 - https:\/\/yoast.com\/wordpress\/plugins\/seo\/ -->\n<title>Sahn l\u00fchter, pronksjas (5m) - Lartusihome.com<\/title>\n<meta name=\"robots\" content=\"index, follow, max-snippet:-1, max-image-preview:large, max-video-preview:-1\" \/>\n<link rel=\"canonical\" href=\"https:\/\/lartusihome.com\/et\/toode\/sahn-chandelier-bronze-5m\/\" \/>\n<meta property=\"og:locale\" content=\"et_EE\" \/>\n<meta property=\"og:type\" content=\"article\" \/>\n<meta property=\"og:title\" content=\"Sahn l\u00fchter, pronksjas (5m) - Lartusihome.com\" \/>\n<meta property=\"og:description\" content=\"Sahn l\u00fchter on inspireeritud 70ndate futuristlikust disainist ja kosmoseajastust. Igat lambivart ja lambivarju v\u00f5ib p\u00f6\u00f6rata ja keerata erinevates suundades. Sahn t\u00e4hendab jaapani keeles number kolme ja s\u00fcmboliseerib kolme erineva lambivarju kasutamist. K\u00f5ik kolm lambivarju pakuvad erinevat valguskogemust, lisades lambile rikkaliku ja m\u00e4ngulise omaduse. Materjal: metall Pikkus: 25 cm Laius: 125 cm K\u00f5rgus: 58 cm Laele&hellip;\" \/>\n<meta property=\"og:url\" content=\"https:\/\/lartusihome.com\/et\/toode\/sahn-chandelier-bronze-5m\/\" \/>\n<meta property=\"og:site_name\" content=\"Lartusihome.com\" \/>\n<meta property=\"article:publisher\" content=\"https:\/\/www.facebook.com\/lartusihome\/\" \/>\n<meta property=\"article:modified_time\" content=\"2025-01-23T13:58:08+00:00\" \/>\n<meta property=\"og:image\" content=\"https:\/\/lartusihome.com\/wp-content\/uploads\/2025\/01\/223026-Sahn-Chandelier-Bronze-1-White-Packshot.jpg\" \/>\n\t<meta property=\"og:image:width\" content=\"2000\" \/>\n\t<meta property=\"og:image:height\" content=\"2000\" \/>\n\t<meta property=\"og:image:type\" content=\"image\/jpeg\" \/>\n<meta name=\"twitter:card\" content=\"summary_large_image\" \/>\n<meta name=\"twitter:label1\" content=\"Est. reading time\" \/>\n\t<meta name=\"twitter:data1\" content=\"1 minut\" \/>\n<script type=\"application\/ld+json\" class=\"yoast-schema-graph\">{\"@context\":\"https:\/\/schema.org\",\"@graph\":[{\"@type\":\"WebPage\",\"@id\":\"https:\/\/lartusihome.com\/et\/toode\/sahn-chandelier-bronze-5m\/\",\"url\":\"https:\/\/lartusihome.com\/et\/toode\/sahn-chandelier-bronze-5m\/\",\"name\":\"Sahn l\u00fchter, pronksjas (5m) - Lartusihome.com\",\"isPartOf\":{\"@id\":\"https:\/\/lartusihome.com\/et\/#website\"},\"primaryImageOfPage\":{\"@id\":\"https:\/\/lartusihome.com\/et\/toode\/sahn-chandelier-bronze-5m\/#primaryimage\"},\"image\":{\"@id\":\"https:\/\/lartusihome.com\/et\/toode\/sahn-chandelier-bronze-5m\/#primaryimage\"},\"thumbnailUrl\":\"https:\/\/lartusihome.com\/wp-content\/uploads\/2025\/01\/223026-Sahn-Chandelier-Bronze-1-White-Packshot.jpg\",\"datePublished\":\"2025-01-23T13:56:38+00:00\",\"dateModified\":\"2025-01-23T13:58:08+00:00\",\"breadcrumb\":{\"@id\":\"https:\/\/lartusihome.com\/et\/toode\/sahn-chandelier-bronze-5m\/#breadcrumb\"},\"inLanguage\":\"et\",\"potentialAction\":[{\"@type\":\"ReadAction\",\"target\":[\"https:\/\/lartusihome.com\/et\/toode\/sahn-chandelier-bronze-5m\/\"]}]},{\"@type\":\"ImageObject\",\"inLanguage\":\"et\",\"@id\":\"https:\/\/lartusihome.com\/et\/toode\/sahn-chandelier-bronze-5m\/#primaryimage\",\"url\":\"https:\/\/lartusihome.com\/wp-content\/uploads\/2025\/01\/223026-Sahn-Chandelier-Bronze-1-White-Packshot.jpg\",\"contentUrl\":\"https:\/\/lartusihome.com\/wp-content\/uploads\/2025\/01\/223026-Sahn-Chandelier-Bronze-1-White-Packshot.jpg\",\"width\":2000,\"height\":2000},{\"@type\":\"BreadcrumbList\",\"@id\":\"https:\/\/lartusihome.com\/et\/toode\/sahn-chandelier-bronze-5m\/#breadcrumb\",\"itemListElement\":[{\"@type\":\"ListItem\",\"position\":1,\"name\":\"Home\",\"item\":\"https:\/\/lartusihome.com\/et\/\"},{\"@type\":\"ListItem\",\"position\":2,\"name\":\"Pood\",\"item\":\"https:\/\/lartusihome.com\/et\/pood\/\"},{\"@type\":\"ListItem\",\"position\":3,\"name\":\"Sahn l\u00fchter, pronksjas (5m)\"}]},{\"@type\":\"WebSite\",\"@id\":\"https:\/\/lartusihome.com\/et\/#website\",\"url\":\"https:\/\/lartusihome.com\/et\/\",\"name\":\"Lartusihome.com\",\"description\":\"Kodu \/ sisustus\",\"potentialAction\":[{\"@type\":\"SearchAction\",\"target\":{\"@type\":\"EntryPoint\",\"urlTemplate\":\"https:\/\/lartusihome.com\/et\/?s={search_term_string}\"},\"query-input\":{\"@type\":\"PropertyValueSpecification\",\"valueRequired\":true,\"valueName\":\"search_term_string\"}}],\"inLanguage\":\"et\"}]}<\/script>\n<!-- \/ Yoast SEO plugin. -->","yoast_head_json":{"title":"Sahn l\u00fchter, pronksjas (5m) - Lartusihome.com","robots":{"index":"index","follow":"follow","max-snippet":"max-snippet:-1","max-image-preview":"max-image-preview:large","max-video-preview":"max-video-preview:-1"},"canonical":"https:\/\/lartusihome.com\/et\/toode\/sahn-chandelier-bronze-5m\/","og_locale":"et_EE","og_type":"article","og_title":"Sahn l\u00fchter, pronksjas (5m) - Lartusihome.com","og_description":"Sahn l\u00fchter on inspireeritud 70ndate futuristlikust disainist ja kosmoseajastust. Igat lambivart ja lambivarju v\u00f5ib p\u00f6\u00f6rata ja keerata erinevates suundades. Sahn t\u00e4hendab jaapani keeles number kolme ja s\u00fcmboliseerib kolme erineva lambivarju kasutamist. K\u00f5ik kolm lambivarju pakuvad erinevat valguskogemust, lisades lambile rikkaliku ja m\u00e4ngulise omaduse. Materjal: metall Pikkus: 25 cm Laius: 125 cm K\u00f5rgus: 58 cm Laele&hellip;","og_url":"https:\/\/lartusihome.com\/et\/toode\/sahn-chandelier-bronze-5m\/","og_site_name":"Lartusihome.com","article_publisher":"https:\/\/www.facebook.com\/lartusihome\/","article_modified_time":"2025-01-23T13:58:08+00:00","og_image":[{"width":2000,"height":2000,"url":"https:\/\/lartusihome.com\/wp-content\/uploads\/2025\/01\/223026-Sahn-Chandelier-Bronze-1-White-Packshot.jpg","type":"image\/jpeg"}],"twitter_card":"summary_large_image","twitter_misc":{"Est. reading time":"1 minut"},"schema":{"@context":"https:\/\/schema.org","@graph":[{"@type":"WebPage","@id":"https:\/\/lartusihome.com\/et\/toode\/sahn-chandelier-bronze-5m\/","url":"https:\/\/lartusihome.com\/et\/toode\/sahn-chandelier-bronze-5m\/","name":"Sahn l\u00fchter, pronksjas (5m) - Lartusihome.com","isPartOf":{"@id":"https:\/\/lartusihome.com\/et\/#website"},"primaryImageOfPage":{"@id":"https:\/\/lartusihome.com\/et\/toode\/sahn-chandelier-bronze-5m\/#primaryimage"},"image":{"@id":"https:\/\/lartusihome.com\/et\/toode\/sahn-chandelier-bronze-5m\/#primaryimage"},"thumbnailUrl":"https:\/\/lartusihome.com\/wp-content\/uploads\/2025\/01\/223026-Sahn-Chandelier-Bronze-1-White-Packshot.jpg","datePublished":"2025-01-23T13:56:38+00:00","dateModified":"2025-01-23T13:58:08+00:00","breadcrumb":{"@id":"https:\/\/lartusihome.com\/et\/toode\/sahn-chandelier-bronze-5m\/#breadcrumb"},"inLanguage":"et","potentialAction":[{"@type":"ReadAction","target":["https:\/\/lartusihome.com\/et\/toode\/sahn-chandelier-bronze-5m\/"]}]},{"@type":"ImageObject","inLanguage":"et","@id":"https:\/\/lartusihome.com\/et\/toode\/sahn-chandelier-bronze-5m\/#primaryimage","url":"https:\/\/lartusihome.com\/wp-content\/uploads\/2025\/01\/223026-Sahn-Chandelier-Bronze-1-White-Packshot.jpg","contentUrl":"https:\/\/lartusihome.com\/wp-content\/uploads\/2025\/01\/223026-Sahn-Chandelier-Bronze-1-White-Packshot.jpg","width":2000,"height":2000},{"@type":"BreadcrumbList","@id":"https:\/\/lartusihome.com\/et\/toode\/sahn-chandelier-bronze-5m\/#breadcrumb","itemListElement":[{"@type":"ListItem","position":1,"name":"Home","item":"https:\/\/lartusihome.com\/et\/"},{"@type":"ListItem","position":2,"name":"Pood","item":"https:\/\/lartusihome.com\/et\/pood\/"},{"@type":"ListItem","position":3,"name":"Sahn l\u00fchter, pronksjas (5m)"}]},{"@type":"WebSite","@id":"https:\/\/lartusihome.com\/et\/#website","url":"https:\/\/lartusihome.com\/et\/","name":"Lartusihome.com","description":"Kodu \/ sisustus","potentialAction":[{"@type":"SearchAction","target":{"@type":"EntryPoint","urlTemplate":"https:\/\/lartusihome.com\/et\/?s={search_term_string}"},"query-input":{"@type":"PropertyValueSpecification","valueRequired":true,"valueName":"search_term_string"}}],"inLanguage":"et"}]}},"_links":{"self":[{"href":"https:\/\/lartusihome.com\/et\/wp-json\/wp\/v2\/product\/389901"}],"collection":[{"href":"https:\/\/lartusihome.com\/et\/wp-json\/wp\/v2\/product"}],"about":[{"href":"https:\/\/lartusihome.com\/et\/wp-json\/wp\/v2\/types\/product"}],"wp:featuredmedia":[{"embeddable":true,"href":"https:\/\/lartusihome.com\/et\/wp-json\/wp\/v2\/media\/389860"}],"wp:attachment":[{"href":"https:\/\/lartusihome.com\/et\/wp-json\/wp\/v2\/media?parent=389901"}],"wp:term":[{"taxonomy":"product_cat","embeddable":true,"href":"https:\/\/lartusihome.com\/et\/wp-json\/wp\/v2\/product_cat?post=389901"},{"taxonomy":"product_tag","embeddable":true,"href":"https:\/\/lartusihome.com\/et\/wp-json\/wp\/v2\/product_tag?post=389901"},{"taxonomy":"giftcard-category","embeddable":true,"href":"https:\/\/lartusihome.com\/et\/wp-json\/wp\/v2\/giftcard-category?post=389901"}],"curies":[{"name":"wp","href":"https:\/\/api.w.org\/{rel}","templated":true}]}}