{"id":388960,"date":"2025-01-14T16:35:37","date_gmt":"2025-01-14T14:35:37","guid":{"rendered":"https:\/\/lartusihome.com\/product\/panarea-scented-candle-dark-blue\/"},"modified":"2025-01-14T16:58:09","modified_gmt":"2025-01-14T14:58:09","slug":"panarea-scented-candle-dark-blue","status":"publish","type":"product","link":"https:\/\/lartusihome.com\/et\/toode\/panarea-scented-candle-dark-blue\/","title":{"rendered":"Panarea l\u00f5hnak\u00fc\u00fcnal, tumesinine"},"content":{"rendered":"<p>Destinations by Vincent van Duysen on luksuslik l\u00f5hnak\u00fc\u00fcnalde kollektsioon, mis on inspireeritud disaineri reisidest ja j\u00e4\u00e4dvustab tema &#8220;suveniiril\u00f5hnad&#8221; erinevatest linnadest. Iga klaasiv\u00e4rv on l\u00e4bim\u00f5eldult valitud esindama oma linna: s\u00fcgav hall Van Duyseni kodulinna Antwerpeni jaoks, intensiivne sinine vulkaanilise saare Panarea jaoks ja soe merevaigukollane m\u00fcstilise Tangeri jaoks.<\/p>\n<p>&nbsp;<\/p>\n<p>See Vincent Van Duyseni poolt loodud l\u00f5hnak\u00fc\u00fcnal on inspireeritud v\u00e4ikesest vulkaanilisest saarest Panarea<\/p>\n<p>L\u00f5hn: greip, jasmiin, oud<\/p>\n<p>Materjal: eeterlike \u00f5lidega sojavaha, k\u00e4sit\u00f6\u00f6klaas, korgist p\u00f5hi<\/p>\n<p>Valmistatud Prantsusmaal Grasse&#8217;i linnas<\/p>\n<p>&nbsp;<\/p>\n<p>XS:<\/p>\n<p>Laius: 9,6 cm<\/p>\n<p>K\u00f5rgus: 6,5 cm<\/p>\n<p>P\u00f5lemisaeg: 35 h<\/p>\n<p>Kaal: 205 g<\/p>\n<p>&nbsp;<\/p>\n<p>S:<\/p>\n<p>Laius: 12 cm<\/p>\n<p>K\u00f5rgus: 8 cm<\/p>\n<p>P\u00f5lemisaeg: 45 h<\/p>\n<p>Kaal: 340 g<\/p>\n<p>&nbsp;<\/p>\n<p>M:<\/p>\n<p>Laius: 15 cm<\/p>\n<p>K\u00f5rgus: 9,5 cm<\/p>\n<p>P\u00f5lemisaeg: 95 h<\/p>\n<p>Kaal: 720 g<\/p>\n<p>&nbsp;<\/p>\n<p>L:<\/p>\n<p>Laius: 20 cm<\/p>\n<p>K\u00f5rgus: 12,6 cm<\/p>\n<p>P\u00f5lemisaeg: 240 h<\/p>\n<p>Kaal: 1870 g<\/p>\n","protected":false},"excerpt":{"rendered":"<p>Destinations by Vincent van Duysen on luksuslik l\u00f5hnak\u00fc\u00fcnalde kollektsioon, mis on inspireeritud disaineri reisidest ja j\u00e4\u00e4dvustab tema &#8220;suveniiril\u00f5hnad&#8221; erinevatest linnadest. Iga klaasiv\u00e4rv on l\u00e4bim\u00f5eldult valitud esindama oma linna: s\u00fcgav hall Van Duyseni kodulinna Antwerpeni jaoks, intensiivne sinine vulkaanilise saare Panarea jaoks ja soe merevaigukollane m\u00fcstilise Tangeri jaoks. &nbsp; See Vincent Van Duyseni poolt loodud l\u00f5hnak\u00fc\u00fcnal&hellip;<\/p>\n","protected":false},"featured_media":388941,"template":"","meta":{"_acf_changed":false,"inline_featured_image":false},"product_cat":[4365,1281],"product_tag":[],"giftcard-category":[],"class_list":{"0":"post-388960","1":"product","2":"type-product","3":"status-publish","4":"has-post-thumbnail","6":"product_cat-aksessuaarid","7":"product_cat-kuunlad","8":"pa_brand-serax","9":"pa_collection-destinations-by-vincent-van-duysen","11":"first","12":"outofstock","13":"shipping-taxable","14":"purchasable","15":"product-type-variable"},"acf":[],"yoast_head":"<!-- This site is optimized with the Yoast SEO plugin v25.6 - https:\/\/yoast.com\/wordpress\/plugins\/seo\/ -->\n<title>Panarea l\u00f5hnak\u00fc\u00fcnal, tumesinine - Lartusihome.com<\/title>\n<meta name=\"robots\" content=\"index, follow, max-snippet:-1, max-image-preview:large, max-video-preview:-1\" \/>\n<link rel=\"canonical\" href=\"https:\/\/lartusihome.com\/et\/toode\/panarea-scented-candle-dark-blue\/\" \/>\n<meta property=\"og:locale\" content=\"et_EE\" \/>\n<meta property=\"og:type\" content=\"article\" \/>\n<meta property=\"og:title\" content=\"Panarea l\u00f5hnak\u00fc\u00fcnal, tumesinine - Lartusihome.com\" \/>\n<meta property=\"og:description\" content=\"Destinations by Vincent van Duysen on luksuslik l\u00f5hnak\u00fc\u00fcnalde kollektsioon, mis on inspireeritud disaineri reisidest ja j\u00e4\u00e4dvustab tema &#8220;suveniiril\u00f5hnad&#8221; erinevatest linnadest. Iga klaasiv\u00e4rv on l\u00e4bim\u00f5eldult valitud esindama oma linna: s\u00fcgav hall Van Duyseni kodulinna Antwerpeni jaoks, intensiivne sinine vulkaanilise saare Panarea jaoks ja soe merevaigukollane m\u00fcstilise Tangeri jaoks. &nbsp; See Vincent Van Duyseni poolt loodud l\u00f5hnak\u00fc\u00fcnal&hellip;\" \/>\n<meta property=\"og:url\" content=\"https:\/\/lartusihome.com\/et\/toode\/panarea-scented-candle-dark-blue\/\" \/>\n<meta property=\"og:site_name\" content=\"Lartusihome.com\" \/>\n<meta property=\"article:publisher\" content=\"https:\/\/www.facebook.com\/lartusihome\/\" \/>\n<meta property=\"article:modified_time\" content=\"2025-01-14T14:58:09+00:00\" \/>\n<meta property=\"og:image\" content=\"https:\/\/lartusihome.com\/wp-content\/uploads\/2025\/01\/B6524010-601_01.jpg\" \/>\n\t<meta property=\"og:image:width\" content=\"2000\" \/>\n\t<meta property=\"og:image:height\" content=\"2000\" \/>\n\t<meta property=\"og:image:type\" content=\"image\/jpeg\" \/>\n<meta name=\"twitter:card\" content=\"summary_large_image\" \/>\n<meta name=\"twitter:label1\" content=\"Est. reading time\" \/>\n\t<meta name=\"twitter:data1\" content=\"1 minut\" \/>\n<script type=\"application\/ld+json\" class=\"yoast-schema-graph\">{\"@context\":\"https:\/\/schema.org\",\"@graph\":[{\"@type\":\"WebPage\",\"@id\":\"https:\/\/lartusihome.com\/et\/toode\/panarea-scented-candle-dark-blue\/\",\"url\":\"https:\/\/lartusihome.com\/et\/toode\/panarea-scented-candle-dark-blue\/\",\"name\":\"Panarea l\u00f5hnak\u00fc\u00fcnal, tumesinine - Lartusihome.com\",\"isPartOf\":{\"@id\":\"https:\/\/lartusihome.com\/et\/#website\"},\"primaryImageOfPage\":{\"@id\":\"https:\/\/lartusihome.com\/et\/toode\/panarea-scented-candle-dark-blue\/#primaryimage\"},\"image\":{\"@id\":\"https:\/\/lartusihome.com\/et\/toode\/panarea-scented-candle-dark-blue\/#primaryimage\"},\"thumbnailUrl\":\"https:\/\/lartusihome.com\/wp-content\/uploads\/2025\/01\/B6524010-601_01.jpg\",\"datePublished\":\"2025-01-14T14:35:37+00:00\",\"dateModified\":\"2025-01-14T14:58:09+00:00\",\"breadcrumb\":{\"@id\":\"https:\/\/lartusihome.com\/et\/toode\/panarea-scented-candle-dark-blue\/#breadcrumb\"},\"inLanguage\":\"et\",\"potentialAction\":[{\"@type\":\"ReadAction\",\"target\":[\"https:\/\/lartusihome.com\/et\/toode\/panarea-scented-candle-dark-blue\/\"]}]},{\"@type\":\"ImageObject\",\"inLanguage\":\"et\",\"@id\":\"https:\/\/lartusihome.com\/et\/toode\/panarea-scented-candle-dark-blue\/#primaryimage\",\"url\":\"https:\/\/lartusihome.com\/wp-content\/uploads\/2025\/01\/B6524010-601_01.jpg\",\"contentUrl\":\"https:\/\/lartusihome.com\/wp-content\/uploads\/2025\/01\/B6524010-601_01.jpg\",\"width\":2000,\"height\":2000},{\"@type\":\"BreadcrumbList\",\"@id\":\"https:\/\/lartusihome.com\/et\/toode\/panarea-scented-candle-dark-blue\/#breadcrumb\",\"itemListElement\":[{\"@type\":\"ListItem\",\"position\":1,\"name\":\"Home\",\"item\":\"https:\/\/lartusihome.com\/et\/\"},{\"@type\":\"ListItem\",\"position\":2,\"name\":\"Pood\",\"item\":\"https:\/\/lartusihome.com\/et\/pood\/\"},{\"@type\":\"ListItem\",\"position\":3,\"name\":\"Panarea l\u00f5hnak\u00fc\u00fcnal, tumesinine\"}]},{\"@type\":\"WebSite\",\"@id\":\"https:\/\/lartusihome.com\/et\/#website\",\"url\":\"https:\/\/lartusihome.com\/et\/\",\"name\":\"Lartusihome.com\",\"description\":\"Kodu \/ sisustus\",\"potentialAction\":[{\"@type\":\"SearchAction\",\"target\":{\"@type\":\"EntryPoint\",\"urlTemplate\":\"https:\/\/lartusihome.com\/et\/?s={search_term_string}\"},\"query-input\":{\"@type\":\"PropertyValueSpecification\",\"valueRequired\":true,\"valueName\":\"search_term_string\"}}],\"inLanguage\":\"et\"}]}<\/script>\n<!-- \/ Yoast SEO plugin. -->","yoast_head_json":{"title":"Panarea l\u00f5hnak\u00fc\u00fcnal, tumesinine - Lartusihome.com","robots":{"index":"index","follow":"follow","max-snippet":"max-snippet:-1","max-image-preview":"max-image-preview:large","max-video-preview":"max-video-preview:-1"},"canonical":"https:\/\/lartusihome.com\/et\/toode\/panarea-scented-candle-dark-blue\/","og_locale":"et_EE","og_type":"article","og_title":"Panarea l\u00f5hnak\u00fc\u00fcnal, tumesinine - Lartusihome.com","og_description":"Destinations by Vincent van Duysen on luksuslik l\u00f5hnak\u00fc\u00fcnalde kollektsioon, mis on inspireeritud disaineri reisidest ja j\u00e4\u00e4dvustab tema &#8220;suveniiril\u00f5hnad&#8221; erinevatest linnadest. Iga klaasiv\u00e4rv on l\u00e4bim\u00f5eldult valitud esindama oma linna: s\u00fcgav hall Van Duyseni kodulinna Antwerpeni jaoks, intensiivne sinine vulkaanilise saare Panarea jaoks ja soe merevaigukollane m\u00fcstilise Tangeri jaoks. &nbsp; See Vincent Van Duyseni poolt loodud l\u00f5hnak\u00fc\u00fcnal&hellip;","og_url":"https:\/\/lartusihome.com\/et\/toode\/panarea-scented-candle-dark-blue\/","og_site_name":"Lartusihome.com","article_publisher":"https:\/\/www.facebook.com\/lartusihome\/","article_modified_time":"2025-01-14T14:58:09+00:00","og_image":[{"width":2000,"height":2000,"url":"https:\/\/lartusihome.com\/wp-content\/uploads\/2025\/01\/B6524010-601_01.jpg","type":"image\/jpeg"}],"twitter_card":"summary_large_image","twitter_misc":{"Est. reading time":"1 minut"},"schema":{"@context":"https:\/\/schema.org","@graph":[{"@type":"WebPage","@id":"https:\/\/lartusihome.com\/et\/toode\/panarea-scented-candle-dark-blue\/","url":"https:\/\/lartusihome.com\/et\/toode\/panarea-scented-candle-dark-blue\/","name":"Panarea l\u00f5hnak\u00fc\u00fcnal, tumesinine - Lartusihome.com","isPartOf":{"@id":"https:\/\/lartusihome.com\/et\/#website"},"primaryImageOfPage":{"@id":"https:\/\/lartusihome.com\/et\/toode\/panarea-scented-candle-dark-blue\/#primaryimage"},"image":{"@id":"https:\/\/lartusihome.com\/et\/toode\/panarea-scented-candle-dark-blue\/#primaryimage"},"thumbnailUrl":"https:\/\/lartusihome.com\/wp-content\/uploads\/2025\/01\/B6524010-601_01.jpg","datePublished":"2025-01-14T14:35:37+00:00","dateModified":"2025-01-14T14:58:09+00:00","breadcrumb":{"@id":"https:\/\/lartusihome.com\/et\/toode\/panarea-scented-candle-dark-blue\/#breadcrumb"},"inLanguage":"et","potentialAction":[{"@type":"ReadAction","target":["https:\/\/lartusihome.com\/et\/toode\/panarea-scented-candle-dark-blue\/"]}]},{"@type":"ImageObject","inLanguage":"et","@id":"https:\/\/lartusihome.com\/et\/toode\/panarea-scented-candle-dark-blue\/#primaryimage","url":"https:\/\/lartusihome.com\/wp-content\/uploads\/2025\/01\/B6524010-601_01.jpg","contentUrl":"https:\/\/lartusihome.com\/wp-content\/uploads\/2025\/01\/B6524010-601_01.jpg","width":2000,"height":2000},{"@type":"BreadcrumbList","@id":"https:\/\/lartusihome.com\/et\/toode\/panarea-scented-candle-dark-blue\/#breadcrumb","itemListElement":[{"@type":"ListItem","position":1,"name":"Home","item":"https:\/\/lartusihome.com\/et\/"},{"@type":"ListItem","position":2,"name":"Pood","item":"https:\/\/lartusihome.com\/et\/pood\/"},{"@type":"ListItem","position":3,"name":"Panarea l\u00f5hnak\u00fc\u00fcnal, tumesinine"}]},{"@type":"WebSite","@id":"https:\/\/lartusihome.com\/et\/#website","url":"https:\/\/lartusihome.com\/et\/","name":"Lartusihome.com","description":"Kodu \/ sisustus","potentialAction":[{"@type":"SearchAction","target":{"@type":"EntryPoint","urlTemplate":"https:\/\/lartusihome.com\/et\/?s={search_term_string}"},"query-input":{"@type":"PropertyValueSpecification","valueRequired":true,"valueName":"search_term_string"}}],"inLanguage":"et"}]}},"_links":{"self":[{"href":"https:\/\/lartusihome.com\/et\/wp-json\/wp\/v2\/product\/388960"}],"collection":[{"href":"https:\/\/lartusihome.com\/et\/wp-json\/wp\/v2\/product"}],"about":[{"href":"https:\/\/lartusihome.com\/et\/wp-json\/wp\/v2\/types\/product"}],"wp:featuredmedia":[{"embeddable":true,"href":"https:\/\/lartusihome.com\/et\/wp-json\/wp\/v2\/media\/388941"}],"wp:attachment":[{"href":"https:\/\/lartusihome.com\/et\/wp-json\/wp\/v2\/media?parent=388960"}],"wp:term":[{"taxonomy":"product_cat","embeddable":true,"href":"https:\/\/lartusihome.com\/et\/wp-json\/wp\/v2\/product_cat?post=388960"},{"taxonomy":"product_tag","embeddable":true,"href":"https:\/\/lartusihome.com\/et\/wp-json\/wp\/v2\/product_tag?post=388960"},{"taxonomy":"giftcard-category","embeddable":true,"href":"https:\/\/lartusihome.com\/et\/wp-json\/wp\/v2\/giftcard-category?post=388960"}],"curies":[{"name":"wp","href":"https:\/\/api.w.org\/{rel}","templated":true}]}}