{"id":388399,"date":"2025-01-09T15:58:44","date_gmt":"2025-01-09T13:58:44","guid":{"rendered":"https:\/\/lartusihome.com\/product\/bird-feeder\/"},"modified":"2025-01-09T16:00:41","modified_gmt":"2025-01-09T14:00:41","slug":"bird-feeder","status":"publish","type":"product","link":"https:\/\/lartusihome.com\/et\/toode\/bird-feeder\/","title":{"rendered":"Lindude s\u00f6\u00f6gimaja"},"content":{"rendered":"<p>Klaasist lindude s\u00f6\u00f6gimaja, mida saab kinnitada puuoksa k\u00fclge v\u00f5i maja k\u00fclge.<\/p>\n<p>Laius: 14 cm<\/p>\n<p>K\u00f5rgus: 14 cm<\/p>\n<p>Kaal: 0,53 cm<\/p>\n","protected":false},"excerpt":{"rendered":"<p>Klaasist lindude s\u00f6\u00f6gimaja, mida saab kinnitada puuoksa k\u00fclge v\u00f5i maja k\u00fclge. Laius: 14 cm K\u00f5rgus: 14 cm Kaal: 0,53 cm<\/p>\n","protected":false},"featured_media":388396,"template":"","meta":{"_acf_changed":false,"inline_featured_image":false},"product_cat":[3588,50,14530],"product_tag":[],"giftcard-category":[],"class_list":{"0":"post-388399","1":"product","2":"type-product","3":"status-publish","4":"has-post-thumbnail","6":"product_cat-kook","7":"product_cat-koogitarvikud","8":"product_cat-lemmikloomadele","9":"pa_brand-eva-solo","11":"first","12":"outofstock","13":"shipping-taxable","14":"purchasable","15":"product-type-simple"},"acf":[],"yoast_head":"<!-- This site is optimized with the Yoast SEO plugin v25.6 - https:\/\/yoast.com\/wordpress\/plugins\/seo\/ -->\n<title>Lindude s\u00f6\u00f6gimaja - Lartusihome.com<\/title>\n<meta name=\"robots\" content=\"index, follow, max-snippet:-1, max-image-preview:large, max-video-preview:-1\" \/>\n<link rel=\"canonical\" href=\"https:\/\/lartusihome.com\/et\/toode\/bird-feeder\/\" \/>\n<meta property=\"og:locale\" content=\"et_EE\" \/>\n<meta property=\"og:type\" content=\"article\" \/>\n<meta property=\"og:title\" content=\"Lindude s\u00f6\u00f6gimaja - Lartusihome.com\" \/>\n<meta property=\"og:description\" content=\"Klaasist lindude s\u00f6\u00f6gimaja, mida saab kinnitada puuoksa k\u00fclge v\u00f5i maja k\u00fclge. Laius: 14 cm K\u00f5rgus: 14 cm Kaal: 0,53 cm\" \/>\n<meta property=\"og:url\" content=\"https:\/\/lartusihome.com\/et\/toode\/bird-feeder\/\" \/>\n<meta property=\"og:site_name\" content=\"Lartusihome.com\" \/>\n<meta property=\"article:publisher\" content=\"https:\/\/www.facebook.com\/lartusihome\/\" \/>\n<meta property=\"article:modified_time\" content=\"2025-01-09T14:00:41+00:00\" \/>\n<meta property=\"og:image\" content=\"https:\/\/lartusihome.com\/wp-content\/uploads\/2024\/12\/571030_Bird_feeder-1.jpg\" \/>\n\t<meta property=\"og:image:width\" content=\"2000\" \/>\n\t<meta property=\"og:image:height\" content=\"2000\" \/>\n\t<meta property=\"og:image:type\" content=\"image\/jpeg\" \/>\n<meta name=\"twitter:card\" content=\"summary_large_image\" \/>\n<meta name=\"twitter:label1\" content=\"Est. reading time\" \/>\n\t<meta name=\"twitter:data1\" content=\"1 minut\" \/>\n<script type=\"application\/ld+json\" class=\"yoast-schema-graph\">{\"@context\":\"https:\/\/schema.org\",\"@graph\":[{\"@type\":\"WebPage\",\"@id\":\"https:\/\/lartusihome.com\/et\/toode\/bird-feeder\/\",\"url\":\"https:\/\/lartusihome.com\/et\/toode\/bird-feeder\/\",\"name\":\"Lindude s\u00f6\u00f6gimaja - Lartusihome.com\",\"isPartOf\":{\"@id\":\"https:\/\/lartusihome.com\/et\/#website\"},\"primaryImageOfPage\":{\"@id\":\"https:\/\/lartusihome.com\/et\/toode\/bird-feeder\/#primaryimage\"},\"image\":{\"@id\":\"https:\/\/lartusihome.com\/et\/toode\/bird-feeder\/#primaryimage\"},\"thumbnailUrl\":\"https:\/\/lartusihome.com\/wp-content\/uploads\/2024\/12\/571030_Bird_feeder-1.jpg\",\"datePublished\":\"2025-01-09T13:58:44+00:00\",\"dateModified\":\"2025-01-09T14:00:41+00:00\",\"breadcrumb\":{\"@id\":\"https:\/\/lartusihome.com\/et\/toode\/bird-feeder\/#breadcrumb\"},\"inLanguage\":\"et\",\"potentialAction\":[{\"@type\":\"ReadAction\",\"target\":[\"https:\/\/lartusihome.com\/et\/toode\/bird-feeder\/\"]}]},{\"@type\":\"ImageObject\",\"inLanguage\":\"et\",\"@id\":\"https:\/\/lartusihome.com\/et\/toode\/bird-feeder\/#primaryimage\",\"url\":\"https:\/\/lartusihome.com\/wp-content\/uploads\/2024\/12\/571030_Bird_feeder-1.jpg\",\"contentUrl\":\"https:\/\/lartusihome.com\/wp-content\/uploads\/2024\/12\/571030_Bird_feeder-1.jpg\",\"width\":2000,\"height\":2000},{\"@type\":\"BreadcrumbList\",\"@id\":\"https:\/\/lartusihome.com\/et\/toode\/bird-feeder\/#breadcrumb\",\"itemListElement\":[{\"@type\":\"ListItem\",\"position\":1,\"name\":\"Home\",\"item\":\"https:\/\/lartusihome.com\/et\/\"},{\"@type\":\"ListItem\",\"position\":2,\"name\":\"Pood\",\"item\":\"https:\/\/lartusihome.com\/et\/pood\/\"},{\"@type\":\"ListItem\",\"position\":3,\"name\":\"Lindude s\u00f6\u00f6gimaja\"}]},{\"@type\":\"WebSite\",\"@id\":\"https:\/\/lartusihome.com\/et\/#website\",\"url\":\"https:\/\/lartusihome.com\/et\/\",\"name\":\"Lartusihome.com\",\"description\":\"Kodu \/ sisustus\",\"potentialAction\":[{\"@type\":\"SearchAction\",\"target\":{\"@type\":\"EntryPoint\",\"urlTemplate\":\"https:\/\/lartusihome.com\/et\/?s={search_term_string}\"},\"query-input\":{\"@type\":\"PropertyValueSpecification\",\"valueRequired\":true,\"valueName\":\"search_term_string\"}}],\"inLanguage\":\"et\"}]}<\/script>\n<!-- \/ Yoast SEO plugin. -->","yoast_head_json":{"title":"Lindude s\u00f6\u00f6gimaja - Lartusihome.com","robots":{"index":"index","follow":"follow","max-snippet":"max-snippet:-1","max-image-preview":"max-image-preview:large","max-video-preview":"max-video-preview:-1"},"canonical":"https:\/\/lartusihome.com\/et\/toode\/bird-feeder\/","og_locale":"et_EE","og_type":"article","og_title":"Lindude s\u00f6\u00f6gimaja - Lartusihome.com","og_description":"Klaasist lindude s\u00f6\u00f6gimaja, mida saab kinnitada puuoksa k\u00fclge v\u00f5i maja k\u00fclge. Laius: 14 cm K\u00f5rgus: 14 cm Kaal: 0,53 cm","og_url":"https:\/\/lartusihome.com\/et\/toode\/bird-feeder\/","og_site_name":"Lartusihome.com","article_publisher":"https:\/\/www.facebook.com\/lartusihome\/","article_modified_time":"2025-01-09T14:00:41+00:00","og_image":[{"width":2000,"height":2000,"url":"https:\/\/lartusihome.com\/wp-content\/uploads\/2024\/12\/571030_Bird_feeder-1.jpg","type":"image\/jpeg"}],"twitter_card":"summary_large_image","twitter_misc":{"Est. reading time":"1 minut"},"schema":{"@context":"https:\/\/schema.org","@graph":[{"@type":"WebPage","@id":"https:\/\/lartusihome.com\/et\/toode\/bird-feeder\/","url":"https:\/\/lartusihome.com\/et\/toode\/bird-feeder\/","name":"Lindude s\u00f6\u00f6gimaja - Lartusihome.com","isPartOf":{"@id":"https:\/\/lartusihome.com\/et\/#website"},"primaryImageOfPage":{"@id":"https:\/\/lartusihome.com\/et\/toode\/bird-feeder\/#primaryimage"},"image":{"@id":"https:\/\/lartusihome.com\/et\/toode\/bird-feeder\/#primaryimage"},"thumbnailUrl":"https:\/\/lartusihome.com\/wp-content\/uploads\/2024\/12\/571030_Bird_feeder-1.jpg","datePublished":"2025-01-09T13:58:44+00:00","dateModified":"2025-01-09T14:00:41+00:00","breadcrumb":{"@id":"https:\/\/lartusihome.com\/et\/toode\/bird-feeder\/#breadcrumb"},"inLanguage":"et","potentialAction":[{"@type":"ReadAction","target":["https:\/\/lartusihome.com\/et\/toode\/bird-feeder\/"]}]},{"@type":"ImageObject","inLanguage":"et","@id":"https:\/\/lartusihome.com\/et\/toode\/bird-feeder\/#primaryimage","url":"https:\/\/lartusihome.com\/wp-content\/uploads\/2024\/12\/571030_Bird_feeder-1.jpg","contentUrl":"https:\/\/lartusihome.com\/wp-content\/uploads\/2024\/12\/571030_Bird_feeder-1.jpg","width":2000,"height":2000},{"@type":"BreadcrumbList","@id":"https:\/\/lartusihome.com\/et\/toode\/bird-feeder\/#breadcrumb","itemListElement":[{"@type":"ListItem","position":1,"name":"Home","item":"https:\/\/lartusihome.com\/et\/"},{"@type":"ListItem","position":2,"name":"Pood","item":"https:\/\/lartusihome.com\/et\/pood\/"},{"@type":"ListItem","position":3,"name":"Lindude s\u00f6\u00f6gimaja"}]},{"@type":"WebSite","@id":"https:\/\/lartusihome.com\/et\/#website","url":"https:\/\/lartusihome.com\/et\/","name":"Lartusihome.com","description":"Kodu \/ sisustus","potentialAction":[{"@type":"SearchAction","target":{"@type":"EntryPoint","urlTemplate":"https:\/\/lartusihome.com\/et\/?s={search_term_string}"},"query-input":{"@type":"PropertyValueSpecification","valueRequired":true,"valueName":"search_term_string"}}],"inLanguage":"et"}]}},"_links":{"self":[{"href":"https:\/\/lartusihome.com\/et\/wp-json\/wp\/v2\/product\/388399"}],"collection":[{"href":"https:\/\/lartusihome.com\/et\/wp-json\/wp\/v2\/product"}],"about":[{"href":"https:\/\/lartusihome.com\/et\/wp-json\/wp\/v2\/types\/product"}],"wp:featuredmedia":[{"embeddable":true,"href":"https:\/\/lartusihome.com\/et\/wp-json\/wp\/v2\/media\/388396"}],"wp:attachment":[{"href":"https:\/\/lartusihome.com\/et\/wp-json\/wp\/v2\/media?parent=388399"}],"wp:term":[{"taxonomy":"product_cat","embeddable":true,"href":"https:\/\/lartusihome.com\/et\/wp-json\/wp\/v2\/product_cat?post=388399"},{"taxonomy":"product_tag","embeddable":true,"href":"https:\/\/lartusihome.com\/et\/wp-json\/wp\/v2\/product_tag?post=388399"},{"taxonomy":"giftcard-category","embeddable":true,"href":"https:\/\/lartusihome.com\/et\/wp-json\/wp\/v2\/giftcard-category?post=388399"}],"curies":[{"name":"wp","href":"https:\/\/api.w.org\/{rel}","templated":true}]}}