{"id":387149,"date":"2024-12-11T18:32:41","date_gmt":"2024-12-11T16:32:41","guid":{"rendered":"https:\/\/lartusihome.com\/product\/fabric-spray-100ml-sandalwood\/"},"modified":"2025-09-08T14:05:29","modified_gmt":"2025-09-08T11:05:29","slug":"fabric-spray-100ml-sandalwood","status":"publish","type":"product","link":"https:\/\/lartusihome.com\/et\/toode\/fabric-spray-100ml-sandalwood\/","title":{"rendered":"Kangasprei 100ml, sandlipuuga"},"content":{"rendered":"<ul>\n<li>V\u00e4rskenda oma riideid pesukordade vahepeal<\/li>\n<li>Neutraliseerib soovimatud l\u00f5hnad, v\u00e4hendab staatilist elektrit ja annab teie tekstiilidele m\u00f5nusa sandlipuu l\u00f5hna<\/li>\n<li>Sobib k\u00f5ikidele kangat\u00fc\u00fcpidele<\/li>\n<li>Pudel on toodetud taaskasutatud plastikust<\/li>\n<li>Ei ole loomade peal testitud<\/li>\n<li>Toodetud Taanis<\/li>\n<\/ul>\n","protected":false},"excerpt":{"rendered":"<p>V\u00e4rskenda oma riideid pesukordade vahepeal Neutraliseerib soovimatud l\u00f5hnad, v\u00e4hendab staatilist elektrit ja annab teie tekstiilidele m\u00f5nusa sandlipuu l\u00f5hna Sobib k\u00f5ikidele kangat\u00fc\u00fcpidele Pudel on toodetud taaskasutatud plastikust Ei ole loomade peal testitud Toodetud Taanis<\/p>\n","protected":false},"featured_media":387110,"template":"","meta":{"_acf_changed":false,"inline_featured_image":false},"product_cat":[24243,4518],"product_tag":[],"giftcard-category":[],"class_list":{"0":"post-387149","1":"product","2":"type-product","3":"status-publish","4":"has-post-thumbnail","6":"product_cat-roivahooldus","7":"product_cat-vannituba","8":"pa_brand-steamery-et","10":"first","11":"instock","12":"shipping-taxable","13":"purchasable","14":"product-type-simple"},"acf":[],"yoast_head":"<!-- This site is optimized with the Yoast SEO plugin v25.6 - https:\/\/yoast.com\/wordpress\/plugins\/seo\/ -->\n<title>Kangasprei 100ml, sandlipuuga - Lartusihome.com<\/title>\n<meta name=\"robots\" content=\"index, follow, max-snippet:-1, max-image-preview:large, max-video-preview:-1\" \/>\n<link rel=\"canonical\" href=\"https:\/\/lartusihome.com\/et\/toode\/fabric-spray-100ml-sandalwood\/\" \/>\n<meta property=\"og:locale\" content=\"et_EE\" \/>\n<meta property=\"og:type\" content=\"article\" \/>\n<meta property=\"og:title\" content=\"Kangasprei 100ml, sandlipuuga - Lartusihome.com\" \/>\n<meta property=\"og:description\" content=\"V\u00e4rskenda oma riideid pesukordade vahepeal Neutraliseerib soovimatud l\u00f5hnad, v\u00e4hendab staatilist elektrit ja annab teie tekstiilidele m\u00f5nusa sandlipuu l\u00f5hna Sobib k\u00f5ikidele kangat\u00fc\u00fcpidele Pudel on toodetud taaskasutatud plastikust Ei ole loomade peal testitud Toodetud Taanis\" \/>\n<meta property=\"og:url\" content=\"https:\/\/lartusihome.com\/et\/toode\/fabric-spray-100ml-sandalwood\/\" \/>\n<meta property=\"og:site_name\" content=\"Lartusihome.com\" \/>\n<meta property=\"article:publisher\" content=\"https:\/\/www.facebook.com\/lartusihome\/\" \/>\n<meta property=\"article:modified_time\" content=\"2025-09-08T11:05:29+00:00\" \/>\n<meta property=\"og:image\" content=\"https:\/\/lartusihome.com\/wp-content\/uploads\/2024\/02\/steamery_fabric_spray_sandalwood_100ml_whitebackground.jpg\" \/>\n\t<meta property=\"og:image:width\" content=\"2000\" \/>\n\t<meta property=\"og:image:height\" content=\"2000\" \/>\n\t<meta property=\"og:image:type\" content=\"image\/jpeg\" \/>\n<meta name=\"twitter:card\" content=\"summary_large_image\" \/>\n<meta name=\"twitter:label1\" content=\"Est. reading time\" \/>\n\t<meta name=\"twitter:data1\" content=\"1 minut\" \/>\n<script type=\"application\/ld+json\" class=\"yoast-schema-graph\">{\"@context\":\"https:\/\/schema.org\",\"@graph\":[{\"@type\":\"WebPage\",\"@id\":\"https:\/\/lartusihome.com\/et\/toode\/fabric-spray-100ml-sandalwood\/\",\"url\":\"https:\/\/lartusihome.com\/et\/toode\/fabric-spray-100ml-sandalwood\/\",\"name\":\"Kangasprei 100ml, sandlipuuga - Lartusihome.com\",\"isPartOf\":{\"@id\":\"https:\/\/lartusihome.com\/et\/#website\"},\"primaryImageOfPage\":{\"@id\":\"https:\/\/lartusihome.com\/et\/toode\/fabric-spray-100ml-sandalwood\/#primaryimage\"},\"image\":{\"@id\":\"https:\/\/lartusihome.com\/et\/toode\/fabric-spray-100ml-sandalwood\/#primaryimage\"},\"thumbnailUrl\":\"https:\/\/lartusihome.com\/wp-content\/uploads\/2024\/02\/steamery_fabric_spray_sandalwood_100ml_whitebackground.jpg\",\"datePublished\":\"2024-12-11T16:32:41+00:00\",\"dateModified\":\"2025-09-08T11:05:29+00:00\",\"breadcrumb\":{\"@id\":\"https:\/\/lartusihome.com\/et\/toode\/fabric-spray-100ml-sandalwood\/#breadcrumb\"},\"inLanguage\":\"et\",\"potentialAction\":[{\"@type\":\"ReadAction\",\"target\":[\"https:\/\/lartusihome.com\/et\/toode\/fabric-spray-100ml-sandalwood\/\"]}]},{\"@type\":\"ImageObject\",\"inLanguage\":\"et\",\"@id\":\"https:\/\/lartusihome.com\/et\/toode\/fabric-spray-100ml-sandalwood\/#primaryimage\",\"url\":\"https:\/\/lartusihome.com\/wp-content\/uploads\/2024\/02\/steamery_fabric_spray_sandalwood_100ml_whitebackground.jpg\",\"contentUrl\":\"https:\/\/lartusihome.com\/wp-content\/uploads\/2024\/02\/steamery_fabric_spray_sandalwood_100ml_whitebackground.jpg\",\"width\":2000,\"height\":2000},{\"@type\":\"BreadcrumbList\",\"@id\":\"https:\/\/lartusihome.com\/et\/toode\/fabric-spray-100ml-sandalwood\/#breadcrumb\",\"itemListElement\":[{\"@type\":\"ListItem\",\"position\":1,\"name\":\"Home\",\"item\":\"https:\/\/lartusihome.com\/et\/\"},{\"@type\":\"ListItem\",\"position\":2,\"name\":\"Pood\",\"item\":\"https:\/\/lartusihome.com\/et\/pood\/\"},{\"@type\":\"ListItem\",\"position\":3,\"name\":\"Kangasprei 100ml, sandlipuuga\"}]},{\"@type\":\"WebSite\",\"@id\":\"https:\/\/lartusihome.com\/et\/#website\",\"url\":\"https:\/\/lartusihome.com\/et\/\",\"name\":\"Lartusihome.com\",\"description\":\"Kodu \/ sisustus\",\"potentialAction\":[{\"@type\":\"SearchAction\",\"target\":{\"@type\":\"EntryPoint\",\"urlTemplate\":\"https:\/\/lartusihome.com\/et\/?s={search_term_string}\"},\"query-input\":{\"@type\":\"PropertyValueSpecification\",\"valueRequired\":true,\"valueName\":\"search_term_string\"}}],\"inLanguage\":\"et\"}]}<\/script>\n<!-- \/ Yoast SEO plugin. -->","yoast_head_json":{"title":"Kangasprei 100ml, sandlipuuga - Lartusihome.com","robots":{"index":"index","follow":"follow","max-snippet":"max-snippet:-1","max-image-preview":"max-image-preview:large","max-video-preview":"max-video-preview:-1"},"canonical":"https:\/\/lartusihome.com\/et\/toode\/fabric-spray-100ml-sandalwood\/","og_locale":"et_EE","og_type":"article","og_title":"Kangasprei 100ml, sandlipuuga - Lartusihome.com","og_description":"V\u00e4rskenda oma riideid pesukordade vahepeal Neutraliseerib soovimatud l\u00f5hnad, v\u00e4hendab staatilist elektrit ja annab teie tekstiilidele m\u00f5nusa sandlipuu l\u00f5hna Sobib k\u00f5ikidele kangat\u00fc\u00fcpidele Pudel on toodetud taaskasutatud plastikust Ei ole loomade peal testitud Toodetud Taanis","og_url":"https:\/\/lartusihome.com\/et\/toode\/fabric-spray-100ml-sandalwood\/","og_site_name":"Lartusihome.com","article_publisher":"https:\/\/www.facebook.com\/lartusihome\/","article_modified_time":"2025-09-08T11:05:29+00:00","og_image":[{"width":2000,"height":2000,"url":"https:\/\/lartusihome.com\/wp-content\/uploads\/2024\/02\/steamery_fabric_spray_sandalwood_100ml_whitebackground.jpg","type":"image\/jpeg"}],"twitter_card":"summary_large_image","twitter_misc":{"Est. reading time":"1 minut"},"schema":{"@context":"https:\/\/schema.org","@graph":[{"@type":"WebPage","@id":"https:\/\/lartusihome.com\/et\/toode\/fabric-spray-100ml-sandalwood\/","url":"https:\/\/lartusihome.com\/et\/toode\/fabric-spray-100ml-sandalwood\/","name":"Kangasprei 100ml, sandlipuuga - Lartusihome.com","isPartOf":{"@id":"https:\/\/lartusihome.com\/et\/#website"},"primaryImageOfPage":{"@id":"https:\/\/lartusihome.com\/et\/toode\/fabric-spray-100ml-sandalwood\/#primaryimage"},"image":{"@id":"https:\/\/lartusihome.com\/et\/toode\/fabric-spray-100ml-sandalwood\/#primaryimage"},"thumbnailUrl":"https:\/\/lartusihome.com\/wp-content\/uploads\/2024\/02\/steamery_fabric_spray_sandalwood_100ml_whitebackground.jpg","datePublished":"2024-12-11T16:32:41+00:00","dateModified":"2025-09-08T11:05:29+00:00","breadcrumb":{"@id":"https:\/\/lartusihome.com\/et\/toode\/fabric-spray-100ml-sandalwood\/#breadcrumb"},"inLanguage":"et","potentialAction":[{"@type":"ReadAction","target":["https:\/\/lartusihome.com\/et\/toode\/fabric-spray-100ml-sandalwood\/"]}]},{"@type":"ImageObject","inLanguage":"et","@id":"https:\/\/lartusihome.com\/et\/toode\/fabric-spray-100ml-sandalwood\/#primaryimage","url":"https:\/\/lartusihome.com\/wp-content\/uploads\/2024\/02\/steamery_fabric_spray_sandalwood_100ml_whitebackground.jpg","contentUrl":"https:\/\/lartusihome.com\/wp-content\/uploads\/2024\/02\/steamery_fabric_spray_sandalwood_100ml_whitebackground.jpg","width":2000,"height":2000},{"@type":"BreadcrumbList","@id":"https:\/\/lartusihome.com\/et\/toode\/fabric-spray-100ml-sandalwood\/#breadcrumb","itemListElement":[{"@type":"ListItem","position":1,"name":"Home","item":"https:\/\/lartusihome.com\/et\/"},{"@type":"ListItem","position":2,"name":"Pood","item":"https:\/\/lartusihome.com\/et\/pood\/"},{"@type":"ListItem","position":3,"name":"Kangasprei 100ml, sandlipuuga"}]},{"@type":"WebSite","@id":"https:\/\/lartusihome.com\/et\/#website","url":"https:\/\/lartusihome.com\/et\/","name":"Lartusihome.com","description":"Kodu \/ sisustus","potentialAction":[{"@type":"SearchAction","target":{"@type":"EntryPoint","urlTemplate":"https:\/\/lartusihome.com\/et\/?s={search_term_string}"},"query-input":{"@type":"PropertyValueSpecification","valueRequired":true,"valueName":"search_term_string"}}],"inLanguage":"et"}]}},"_links":{"self":[{"href":"https:\/\/lartusihome.com\/et\/wp-json\/wp\/v2\/product\/387149"}],"collection":[{"href":"https:\/\/lartusihome.com\/et\/wp-json\/wp\/v2\/product"}],"about":[{"href":"https:\/\/lartusihome.com\/et\/wp-json\/wp\/v2\/types\/product"}],"wp:featuredmedia":[{"embeddable":true,"href":"https:\/\/lartusihome.com\/et\/wp-json\/wp\/v2\/media\/387110"}],"wp:attachment":[{"href":"https:\/\/lartusihome.com\/et\/wp-json\/wp\/v2\/media?parent=387149"}],"wp:term":[{"taxonomy":"product_cat","embeddable":true,"href":"https:\/\/lartusihome.com\/et\/wp-json\/wp\/v2\/product_cat?post=387149"},{"taxonomy":"product_tag","embeddable":true,"href":"https:\/\/lartusihome.com\/et\/wp-json\/wp\/v2\/product_tag?post=387149"},{"taxonomy":"giftcard-category","embeddable":true,"href":"https:\/\/lartusihome.com\/et\/wp-json\/wp\/v2\/giftcard-category?post=387149"}],"curies":[{"name":"wp","href":"https:\/\/api.w.org\/{rel}","templated":true}]}}