{"id":387147,"date":"2024-12-11T18:25:23","date_gmt":"2024-12-11T16:25:23","guid":{"rendered":"https:\/\/lartusihome.com\/product\/hypoallergenic-laundry-detergent-750ml\/"},"modified":"2025-05-14T14:51:19","modified_gmt":"2025-05-14T11:51:19","slug":"hypoallergenic-laundry-detergent-750ml","status":"publish","type":"product","link":"https:\/\/lartusihome.com\/et\/toode\/hypoallergenic-laundry-detergent-750ml\/","title":{"rendered":"H\u00fcpoallergeenne pesugeel 750ml"},"content":{"rendered":"<ul>\n<li>L\u00f5hnaainevaba<\/li>\n<li>Sobib kasutamiseks imikutele ja tundliku nahaga inimestele<\/li>\n<li>Soovitab Asthma Allergy Nordic<\/li>\n<li>Efektiivne madalal temperatuuril (20\u00b0C)<\/li>\n<li>Sobib k\u00f5ikidele tekstiilidele peale villa ja siidi<\/li>\n<li>V\u00e4ga kontsentreeritud (19\u201325 pesukorda)<\/li>\n<li>Julmusevaba ja vegan<\/li>\n<li>Taaskasutatud plastikust pudel<\/li>\n<li>Toodetud Taanis<\/li>\n<li>Ei sisalda: LAS, fosfonaadid, optilised valgendid, met\u00fc\u00fclisotiasolinoon, bensisotiasolinoon, fosfaadid, tseoliidid ja v\u00e4rvained<\/li>\n<\/ul>\n","protected":false},"excerpt":{"rendered":"<p>L\u00f5hnaainevaba Sobib kasutamiseks imikutele ja tundliku nahaga inimestele Soovitab Asthma Allergy Nordic Efektiivne madalal temperatuuril (20\u00b0C) Sobib k\u00f5ikidele tekstiilidele peale villa ja siidi V\u00e4ga kontsentreeritud (19\u201325 pesukorda) Julmusevaba ja vegan Taaskasutatud plastikust pudel Toodetud Taanis Ei sisalda: LAS, fosfonaadid, optilised valgendid, met\u00fc\u00fclisotiasolinoon, bensisotiasolinoon, fosfaadid, tseoliidid ja v\u00e4rvained<\/p>\n","protected":false},"featured_media":387054,"template":"","meta":{"_acf_changed":false,"inline_featured_image":false},"product_cat":[24243,4518],"product_tag":[],"giftcard-category":[],"class_list":{"0":"post-387147","1":"product","2":"type-product","3":"status-publish","4":"has-post-thumbnail","6":"product_cat-roivahooldus","7":"product_cat-vannituba","8":"pa_brand-steamery-et","10":"first","11":"instock","12":"shipping-taxable","13":"purchasable","14":"product-type-simple"},"acf":[],"yoast_head":"<!-- This site is optimized with the Yoast SEO plugin v25.6 - https:\/\/yoast.com\/wordpress\/plugins\/seo\/ -->\n<title>H\u00fcpoallergeenne pesugeel 750ml - Lartusihome.com<\/title>\n<meta name=\"robots\" content=\"index, follow, max-snippet:-1, max-image-preview:large, max-video-preview:-1\" \/>\n<link rel=\"canonical\" href=\"https:\/\/lartusihome.com\/et\/toode\/hypoallergenic-laundry-detergent-750ml\/\" \/>\n<meta property=\"og:locale\" content=\"et_EE\" \/>\n<meta property=\"og:type\" content=\"article\" \/>\n<meta property=\"og:title\" content=\"H\u00fcpoallergeenne pesugeel 750ml - Lartusihome.com\" \/>\n<meta property=\"og:description\" content=\"L\u00f5hnaainevaba Sobib kasutamiseks imikutele ja tundliku nahaga inimestele Soovitab Asthma Allergy Nordic Efektiivne madalal temperatuuril (20\u00b0C) Sobib k\u00f5ikidele tekstiilidele peale villa ja siidi V\u00e4ga kontsentreeritud (19\u201325 pesukorda) Julmusevaba ja vegan Taaskasutatud plastikust pudel Toodetud Taanis Ei sisalda: LAS, fosfonaadid, optilised valgendid, met\u00fc\u00fclisotiasolinoon, bensisotiasolinoon, fosfaadid, tseoliidid ja v\u00e4rvained\" \/>\n<meta property=\"og:url\" content=\"https:\/\/lartusihome.com\/et\/toode\/hypoallergenic-laundry-detergent-750ml\/\" \/>\n<meta property=\"og:site_name\" content=\"Lartusihome.com\" \/>\n<meta property=\"article:publisher\" content=\"https:\/\/www.facebook.com\/lartusihome\/\" \/>\n<meta property=\"article:modified_time\" content=\"2025-05-14T11:51:19+00:00\" \/>\n<meta property=\"og:image\" content=\"https:\/\/lartusihome.com\/wp-content\/uploads\/2024\/02\/hypo_packshot.jpg\" \/>\n\t<meta property=\"og:image:width\" content=\"2000\" \/>\n\t<meta property=\"og:image:height\" content=\"2000\" \/>\n\t<meta property=\"og:image:type\" content=\"image\/jpeg\" \/>\n<meta name=\"twitter:card\" content=\"summary_large_image\" \/>\n<meta name=\"twitter:label1\" content=\"Est. reading time\" \/>\n\t<meta name=\"twitter:data1\" content=\"1 minut\" \/>\n<script type=\"application\/ld+json\" class=\"yoast-schema-graph\">{\"@context\":\"https:\/\/schema.org\",\"@graph\":[{\"@type\":\"WebPage\",\"@id\":\"https:\/\/lartusihome.com\/et\/toode\/hypoallergenic-laundry-detergent-750ml\/\",\"url\":\"https:\/\/lartusihome.com\/et\/toode\/hypoallergenic-laundry-detergent-750ml\/\",\"name\":\"H\u00fcpoallergeenne pesugeel 750ml - Lartusihome.com\",\"isPartOf\":{\"@id\":\"https:\/\/lartusihome.com\/et\/#website\"},\"primaryImageOfPage\":{\"@id\":\"https:\/\/lartusihome.com\/et\/toode\/hypoallergenic-laundry-detergent-750ml\/#primaryimage\"},\"image\":{\"@id\":\"https:\/\/lartusihome.com\/et\/toode\/hypoallergenic-laundry-detergent-750ml\/#primaryimage\"},\"thumbnailUrl\":\"https:\/\/lartusihome.com\/wp-content\/uploads\/2024\/02\/hypo_packshot.jpg\",\"datePublished\":\"2024-12-11T16:25:23+00:00\",\"dateModified\":\"2025-05-14T11:51:19+00:00\",\"breadcrumb\":{\"@id\":\"https:\/\/lartusihome.com\/et\/toode\/hypoallergenic-laundry-detergent-750ml\/#breadcrumb\"},\"inLanguage\":\"et\",\"potentialAction\":[{\"@type\":\"ReadAction\",\"target\":[\"https:\/\/lartusihome.com\/et\/toode\/hypoallergenic-laundry-detergent-750ml\/\"]}]},{\"@type\":\"ImageObject\",\"inLanguage\":\"et\",\"@id\":\"https:\/\/lartusihome.com\/et\/toode\/hypoallergenic-laundry-detergent-750ml\/#primaryimage\",\"url\":\"https:\/\/lartusihome.com\/wp-content\/uploads\/2024\/02\/hypo_packshot.jpg\",\"contentUrl\":\"https:\/\/lartusihome.com\/wp-content\/uploads\/2024\/02\/hypo_packshot.jpg\",\"width\":2000,\"height\":2000},{\"@type\":\"BreadcrumbList\",\"@id\":\"https:\/\/lartusihome.com\/et\/toode\/hypoallergenic-laundry-detergent-750ml\/#breadcrumb\",\"itemListElement\":[{\"@type\":\"ListItem\",\"position\":1,\"name\":\"Home\",\"item\":\"https:\/\/lartusihome.com\/et\/\"},{\"@type\":\"ListItem\",\"position\":2,\"name\":\"Pood\",\"item\":\"https:\/\/lartusihome.com\/et\/pood\/\"},{\"@type\":\"ListItem\",\"position\":3,\"name\":\"H\u00fcpoallergeenne pesugeel 750ml\"}]},{\"@type\":\"WebSite\",\"@id\":\"https:\/\/lartusihome.com\/et\/#website\",\"url\":\"https:\/\/lartusihome.com\/et\/\",\"name\":\"Lartusihome.com\",\"description\":\"Kodu \/ sisustus\",\"potentialAction\":[{\"@type\":\"SearchAction\",\"target\":{\"@type\":\"EntryPoint\",\"urlTemplate\":\"https:\/\/lartusihome.com\/et\/?s={search_term_string}\"},\"query-input\":{\"@type\":\"PropertyValueSpecification\",\"valueRequired\":true,\"valueName\":\"search_term_string\"}}],\"inLanguage\":\"et\"}]}<\/script>\n<!-- \/ Yoast SEO plugin. -->","yoast_head_json":{"title":"H\u00fcpoallergeenne pesugeel 750ml - Lartusihome.com","robots":{"index":"index","follow":"follow","max-snippet":"max-snippet:-1","max-image-preview":"max-image-preview:large","max-video-preview":"max-video-preview:-1"},"canonical":"https:\/\/lartusihome.com\/et\/toode\/hypoallergenic-laundry-detergent-750ml\/","og_locale":"et_EE","og_type":"article","og_title":"H\u00fcpoallergeenne pesugeel 750ml - Lartusihome.com","og_description":"L\u00f5hnaainevaba Sobib kasutamiseks imikutele ja tundliku nahaga inimestele Soovitab Asthma Allergy Nordic Efektiivne madalal temperatuuril (20\u00b0C) Sobib k\u00f5ikidele tekstiilidele peale villa ja siidi V\u00e4ga kontsentreeritud (19\u201325 pesukorda) Julmusevaba ja vegan Taaskasutatud plastikust pudel Toodetud Taanis Ei sisalda: LAS, fosfonaadid, optilised valgendid, met\u00fc\u00fclisotiasolinoon, bensisotiasolinoon, fosfaadid, tseoliidid ja v\u00e4rvained","og_url":"https:\/\/lartusihome.com\/et\/toode\/hypoallergenic-laundry-detergent-750ml\/","og_site_name":"Lartusihome.com","article_publisher":"https:\/\/www.facebook.com\/lartusihome\/","article_modified_time":"2025-05-14T11:51:19+00:00","og_image":[{"width":2000,"height":2000,"url":"https:\/\/lartusihome.com\/wp-content\/uploads\/2024\/02\/hypo_packshot.jpg","type":"image\/jpeg"}],"twitter_card":"summary_large_image","twitter_misc":{"Est. reading time":"1 minut"},"schema":{"@context":"https:\/\/schema.org","@graph":[{"@type":"WebPage","@id":"https:\/\/lartusihome.com\/et\/toode\/hypoallergenic-laundry-detergent-750ml\/","url":"https:\/\/lartusihome.com\/et\/toode\/hypoallergenic-laundry-detergent-750ml\/","name":"H\u00fcpoallergeenne pesugeel 750ml - Lartusihome.com","isPartOf":{"@id":"https:\/\/lartusihome.com\/et\/#website"},"primaryImageOfPage":{"@id":"https:\/\/lartusihome.com\/et\/toode\/hypoallergenic-laundry-detergent-750ml\/#primaryimage"},"image":{"@id":"https:\/\/lartusihome.com\/et\/toode\/hypoallergenic-laundry-detergent-750ml\/#primaryimage"},"thumbnailUrl":"https:\/\/lartusihome.com\/wp-content\/uploads\/2024\/02\/hypo_packshot.jpg","datePublished":"2024-12-11T16:25:23+00:00","dateModified":"2025-05-14T11:51:19+00:00","breadcrumb":{"@id":"https:\/\/lartusihome.com\/et\/toode\/hypoallergenic-laundry-detergent-750ml\/#breadcrumb"},"inLanguage":"et","potentialAction":[{"@type":"ReadAction","target":["https:\/\/lartusihome.com\/et\/toode\/hypoallergenic-laundry-detergent-750ml\/"]}]},{"@type":"ImageObject","inLanguage":"et","@id":"https:\/\/lartusihome.com\/et\/toode\/hypoallergenic-laundry-detergent-750ml\/#primaryimage","url":"https:\/\/lartusihome.com\/wp-content\/uploads\/2024\/02\/hypo_packshot.jpg","contentUrl":"https:\/\/lartusihome.com\/wp-content\/uploads\/2024\/02\/hypo_packshot.jpg","width":2000,"height":2000},{"@type":"BreadcrumbList","@id":"https:\/\/lartusihome.com\/et\/toode\/hypoallergenic-laundry-detergent-750ml\/#breadcrumb","itemListElement":[{"@type":"ListItem","position":1,"name":"Home","item":"https:\/\/lartusihome.com\/et\/"},{"@type":"ListItem","position":2,"name":"Pood","item":"https:\/\/lartusihome.com\/et\/pood\/"},{"@type":"ListItem","position":3,"name":"H\u00fcpoallergeenne pesugeel 750ml"}]},{"@type":"WebSite","@id":"https:\/\/lartusihome.com\/et\/#website","url":"https:\/\/lartusihome.com\/et\/","name":"Lartusihome.com","description":"Kodu \/ sisustus","potentialAction":[{"@type":"SearchAction","target":{"@type":"EntryPoint","urlTemplate":"https:\/\/lartusihome.com\/et\/?s={search_term_string}"},"query-input":{"@type":"PropertyValueSpecification","valueRequired":true,"valueName":"search_term_string"}}],"inLanguage":"et"}]}},"_links":{"self":[{"href":"https:\/\/lartusihome.com\/et\/wp-json\/wp\/v2\/product\/387147"}],"collection":[{"href":"https:\/\/lartusihome.com\/et\/wp-json\/wp\/v2\/product"}],"about":[{"href":"https:\/\/lartusihome.com\/et\/wp-json\/wp\/v2\/types\/product"}],"wp:featuredmedia":[{"embeddable":true,"href":"https:\/\/lartusihome.com\/et\/wp-json\/wp\/v2\/media\/387054"}],"wp:attachment":[{"href":"https:\/\/lartusihome.com\/et\/wp-json\/wp\/v2\/media?parent=387147"}],"wp:term":[{"taxonomy":"product_cat","embeddable":true,"href":"https:\/\/lartusihome.com\/et\/wp-json\/wp\/v2\/product_cat?post=387147"},{"taxonomy":"product_tag","embeddable":true,"href":"https:\/\/lartusihome.com\/et\/wp-json\/wp\/v2\/product_tag?post=387147"},{"taxonomy":"giftcard-category","embeddable":true,"href":"https:\/\/lartusihome.com\/et\/wp-json\/wp\/v2\/giftcard-category?post=387147"}],"curies":[{"name":"wp","href":"https:\/\/api.w.org\/{rel}","templated":true}]}}