{"id":386166,"date":"2024-12-03T14:38:41","date_gmt":"2024-12-03T12:38:41","guid":{"rendered":"https:\/\/lartusihome.com\/product\/elis-touch-electric-corkscrew\/"},"modified":"2024-12-18T20:39:00","modified_gmt":"2024-12-18T18:39:00","slug":"elis-touch-electric-corkscrew","status":"publish","type":"product","link":"https:\/\/lartusihome.com\/et\/toode\/elis-touch-electric-corkscrew\/","title":{"rendered":"Elis Touch elektriline korgitser"},"content":{"rendered":"<ul>\n<li>Korgi eemaldamine \u00fche lihtsa nupuvajutusega<\/li>\n<li>\u00dchest laadimisest j\u00e4tkub umbes 80 korgi eemaldamiseks<\/li>\n<li>Aku laeb t\u00e4is umbes 2,5 tunniga (liitiumioontehnoloogia)<\/li>\n<li>Kaasas laadimisalus ja fooliumil\u00f5ikur<\/li>\n<li>Laadimisindikaator tagab, et korgitser on alati kasutusvalmis<\/li>\n<li>USB laadimisalus ja kaabel kuuluvad komplekti<\/li>\n<\/ul>\n","protected":false},"excerpt":{"rendered":"<p>Korgi eemaldamine \u00fche lihtsa nupuvajutusega \u00dchest laadimisest j\u00e4tkub umbes 80 korgi eemaldamiseks Aku laeb t\u00e4is umbes 2,5 tunniga (liitiumioontehnoloogia) Kaasas laadimisalus ja fooliumil\u00f5ikur Laadimisindikaator tagab, et korgitser on alati kasutusvalmis USB laadimisalus ja kaabel kuuluvad komplekti<\/p>\n","protected":false},"featured_media":386159,"template":"","meta":{"_acf_changed":false,"inline_featured_image":false},"product_cat":[25289,3588,310],"product_tag":[],"giftcard-category":[],"class_list":{"0":"post-386166","1":"product","2":"type-product","3":"status-publish","4":"has-post-thumbnail","6":"product_cat-korgitserid","7":"product_cat-kook","8":"product_cat-baaritarvikud","9":"pa_brand-peugeot","10":"pa_collection-elis","12":"first","13":"outofstock","14":"shipping-taxable","15":"purchasable","16":"product-type-simple"},"acf":[],"yoast_head":"<!-- This site is optimized with the Yoast SEO plugin v25.6 - https:\/\/yoast.com\/wordpress\/plugins\/seo\/ -->\n<title>Elis Touch elektriline korgitser - Lartusihome.com<\/title>\n<meta name=\"robots\" content=\"index, follow, max-snippet:-1, max-image-preview:large, max-video-preview:-1\" \/>\n<link rel=\"canonical\" href=\"https:\/\/lartusihome.com\/et\/toode\/elis-touch-electric-corkscrew\/\" \/>\n<meta property=\"og:locale\" content=\"et_EE\" \/>\n<meta property=\"og:type\" content=\"article\" \/>\n<meta property=\"og:title\" content=\"Elis Touch elektriline korgitser - Lartusihome.com\" \/>\n<meta property=\"og:description\" content=\"Korgi eemaldamine \u00fche lihtsa nupuvajutusega \u00dchest laadimisest j\u00e4tkub umbes 80 korgi eemaldamiseks Aku laeb t\u00e4is umbes 2,5 tunniga (liitiumioontehnoloogia) Kaasas laadimisalus ja fooliumil\u00f5ikur Laadimisindikaator tagab, et korgitser on alati kasutusvalmis USB laadimisalus ja kaabel kuuluvad komplekti\" \/>\n<meta property=\"og:url\" content=\"https:\/\/lartusihome.com\/et\/toode\/elis-touch-electric-corkscrew\/\" \/>\n<meta property=\"og:site_name\" content=\"Lartusihome.com\" \/>\n<meta property=\"article:publisher\" content=\"https:\/\/www.facebook.com\/lartusihome\/\" \/>\n<meta property=\"article:modified_time\" content=\"2024-12-18T18:39:00+00:00\" \/>\n<meta property=\"og:image\" content=\"https:\/\/lartusihome.com\/wp-content\/uploads\/2024\/12\/ELIS-TOUCH-Lithium-Ion-Carbone-201043.jpg\" \/>\n\t<meta property=\"og:image:width\" content=\"2000\" \/>\n\t<meta property=\"og:image:height\" content=\"2000\" \/>\n\t<meta property=\"og:image:type\" content=\"image\/jpeg\" \/>\n<meta name=\"twitter:card\" content=\"summary_large_image\" \/>\n<meta name=\"twitter:label1\" content=\"Est. reading time\" \/>\n\t<meta name=\"twitter:data1\" content=\"1 minut\" \/>\n<script type=\"application\/ld+json\" class=\"yoast-schema-graph\">{\"@context\":\"https:\/\/schema.org\",\"@graph\":[{\"@type\":\"WebPage\",\"@id\":\"https:\/\/lartusihome.com\/et\/toode\/elis-touch-electric-corkscrew\/\",\"url\":\"https:\/\/lartusihome.com\/et\/toode\/elis-touch-electric-corkscrew\/\",\"name\":\"Elis Touch elektriline korgitser - Lartusihome.com\",\"isPartOf\":{\"@id\":\"https:\/\/lartusihome.com\/et\/#website\"},\"primaryImageOfPage\":{\"@id\":\"https:\/\/lartusihome.com\/et\/toode\/elis-touch-electric-corkscrew\/#primaryimage\"},\"image\":{\"@id\":\"https:\/\/lartusihome.com\/et\/toode\/elis-touch-electric-corkscrew\/#primaryimage\"},\"thumbnailUrl\":\"https:\/\/lartusihome.com\/wp-content\/uploads\/2024\/12\/ELIS-TOUCH-Lithium-Ion-Carbone-201043.jpg\",\"datePublished\":\"2024-12-03T12:38:41+00:00\",\"dateModified\":\"2024-12-18T18:39:00+00:00\",\"breadcrumb\":{\"@id\":\"https:\/\/lartusihome.com\/et\/toode\/elis-touch-electric-corkscrew\/#breadcrumb\"},\"inLanguage\":\"et\",\"potentialAction\":[{\"@type\":\"ReadAction\",\"target\":[\"https:\/\/lartusihome.com\/et\/toode\/elis-touch-electric-corkscrew\/\"]}]},{\"@type\":\"ImageObject\",\"inLanguage\":\"et\",\"@id\":\"https:\/\/lartusihome.com\/et\/toode\/elis-touch-electric-corkscrew\/#primaryimage\",\"url\":\"https:\/\/lartusihome.com\/wp-content\/uploads\/2024\/12\/ELIS-TOUCH-Lithium-Ion-Carbone-201043.jpg\",\"contentUrl\":\"https:\/\/lartusihome.com\/wp-content\/uploads\/2024\/12\/ELIS-TOUCH-Lithium-Ion-Carbone-201043.jpg\",\"width\":2000,\"height\":2000},{\"@type\":\"BreadcrumbList\",\"@id\":\"https:\/\/lartusihome.com\/et\/toode\/elis-touch-electric-corkscrew\/#breadcrumb\",\"itemListElement\":[{\"@type\":\"ListItem\",\"position\":1,\"name\":\"Home\",\"item\":\"https:\/\/lartusihome.com\/et\/\"},{\"@type\":\"ListItem\",\"position\":2,\"name\":\"Pood\",\"item\":\"https:\/\/lartusihome.com\/et\/pood\/\"},{\"@type\":\"ListItem\",\"position\":3,\"name\":\"Elis Touch elektriline korgitser\"}]},{\"@type\":\"WebSite\",\"@id\":\"https:\/\/lartusihome.com\/et\/#website\",\"url\":\"https:\/\/lartusihome.com\/et\/\",\"name\":\"Lartusihome.com\",\"description\":\"Kodu \/ sisustus\",\"potentialAction\":[{\"@type\":\"SearchAction\",\"target\":{\"@type\":\"EntryPoint\",\"urlTemplate\":\"https:\/\/lartusihome.com\/et\/?s={search_term_string}\"},\"query-input\":{\"@type\":\"PropertyValueSpecification\",\"valueRequired\":true,\"valueName\":\"search_term_string\"}}],\"inLanguage\":\"et\"}]}<\/script>\n<!-- \/ Yoast SEO plugin. -->","yoast_head_json":{"title":"Elis Touch elektriline korgitser - Lartusihome.com","robots":{"index":"index","follow":"follow","max-snippet":"max-snippet:-1","max-image-preview":"max-image-preview:large","max-video-preview":"max-video-preview:-1"},"canonical":"https:\/\/lartusihome.com\/et\/toode\/elis-touch-electric-corkscrew\/","og_locale":"et_EE","og_type":"article","og_title":"Elis Touch elektriline korgitser - Lartusihome.com","og_description":"Korgi eemaldamine \u00fche lihtsa nupuvajutusega \u00dchest laadimisest j\u00e4tkub umbes 80 korgi eemaldamiseks Aku laeb t\u00e4is umbes 2,5 tunniga (liitiumioontehnoloogia) Kaasas laadimisalus ja fooliumil\u00f5ikur Laadimisindikaator tagab, et korgitser on alati kasutusvalmis USB laadimisalus ja kaabel kuuluvad komplekti","og_url":"https:\/\/lartusihome.com\/et\/toode\/elis-touch-electric-corkscrew\/","og_site_name":"Lartusihome.com","article_publisher":"https:\/\/www.facebook.com\/lartusihome\/","article_modified_time":"2024-12-18T18:39:00+00:00","og_image":[{"width":2000,"height":2000,"url":"https:\/\/lartusihome.com\/wp-content\/uploads\/2024\/12\/ELIS-TOUCH-Lithium-Ion-Carbone-201043.jpg","type":"image\/jpeg"}],"twitter_card":"summary_large_image","twitter_misc":{"Est. reading time":"1 minut"},"schema":{"@context":"https:\/\/schema.org","@graph":[{"@type":"WebPage","@id":"https:\/\/lartusihome.com\/et\/toode\/elis-touch-electric-corkscrew\/","url":"https:\/\/lartusihome.com\/et\/toode\/elis-touch-electric-corkscrew\/","name":"Elis Touch elektriline korgitser - Lartusihome.com","isPartOf":{"@id":"https:\/\/lartusihome.com\/et\/#website"},"primaryImageOfPage":{"@id":"https:\/\/lartusihome.com\/et\/toode\/elis-touch-electric-corkscrew\/#primaryimage"},"image":{"@id":"https:\/\/lartusihome.com\/et\/toode\/elis-touch-electric-corkscrew\/#primaryimage"},"thumbnailUrl":"https:\/\/lartusihome.com\/wp-content\/uploads\/2024\/12\/ELIS-TOUCH-Lithium-Ion-Carbone-201043.jpg","datePublished":"2024-12-03T12:38:41+00:00","dateModified":"2024-12-18T18:39:00+00:00","breadcrumb":{"@id":"https:\/\/lartusihome.com\/et\/toode\/elis-touch-electric-corkscrew\/#breadcrumb"},"inLanguage":"et","potentialAction":[{"@type":"ReadAction","target":["https:\/\/lartusihome.com\/et\/toode\/elis-touch-electric-corkscrew\/"]}]},{"@type":"ImageObject","inLanguage":"et","@id":"https:\/\/lartusihome.com\/et\/toode\/elis-touch-electric-corkscrew\/#primaryimage","url":"https:\/\/lartusihome.com\/wp-content\/uploads\/2024\/12\/ELIS-TOUCH-Lithium-Ion-Carbone-201043.jpg","contentUrl":"https:\/\/lartusihome.com\/wp-content\/uploads\/2024\/12\/ELIS-TOUCH-Lithium-Ion-Carbone-201043.jpg","width":2000,"height":2000},{"@type":"BreadcrumbList","@id":"https:\/\/lartusihome.com\/et\/toode\/elis-touch-electric-corkscrew\/#breadcrumb","itemListElement":[{"@type":"ListItem","position":1,"name":"Home","item":"https:\/\/lartusihome.com\/et\/"},{"@type":"ListItem","position":2,"name":"Pood","item":"https:\/\/lartusihome.com\/et\/pood\/"},{"@type":"ListItem","position":3,"name":"Elis Touch elektriline korgitser"}]},{"@type":"WebSite","@id":"https:\/\/lartusihome.com\/et\/#website","url":"https:\/\/lartusihome.com\/et\/","name":"Lartusihome.com","description":"Kodu \/ sisustus","potentialAction":[{"@type":"SearchAction","target":{"@type":"EntryPoint","urlTemplate":"https:\/\/lartusihome.com\/et\/?s={search_term_string}"},"query-input":{"@type":"PropertyValueSpecification","valueRequired":true,"valueName":"search_term_string"}}],"inLanguage":"et"}]}},"_links":{"self":[{"href":"https:\/\/lartusihome.com\/et\/wp-json\/wp\/v2\/product\/386166"}],"collection":[{"href":"https:\/\/lartusihome.com\/et\/wp-json\/wp\/v2\/product"}],"about":[{"href":"https:\/\/lartusihome.com\/et\/wp-json\/wp\/v2\/types\/product"}],"wp:featuredmedia":[{"embeddable":true,"href":"https:\/\/lartusihome.com\/et\/wp-json\/wp\/v2\/media\/386159"}],"wp:attachment":[{"href":"https:\/\/lartusihome.com\/et\/wp-json\/wp\/v2\/media?parent=386166"}],"wp:term":[{"taxonomy":"product_cat","embeddable":true,"href":"https:\/\/lartusihome.com\/et\/wp-json\/wp\/v2\/product_cat?post=386166"},{"taxonomy":"product_tag","embeddable":true,"href":"https:\/\/lartusihome.com\/et\/wp-json\/wp\/v2\/product_tag?post=386166"},{"taxonomy":"giftcard-category","embeddable":true,"href":"https:\/\/lartusihome.com\/et\/wp-json\/wp\/v2\/giftcard-category?post=386166"}],"curies":[{"name":"wp","href":"https:\/\/api.w.org\/{rel}","templated":true}]}}