{"id":385039,"date":"2024-11-22T15:20:04","date_gmt":"2024-11-22T13:20:04","guid":{"rendered":"https:\/\/lartusihome.com\/product\/dijon-mustard-270g\/"},"modified":"2024-11-22T15:22:55","modified_gmt":"2024-11-22T13:22:55","slug":"dijon-mustard-270g","status":"publish","type":"product","link":"https:\/\/lartusihome.com\/et\/toode\/dijon-mustard-270g\/","title":{"rendered":"Dijoni sinep 270g"},"content":{"rendered":"<p>Koostis: vesi, sinepiseemned, alkoholi\u00e4\u00e4dikas, sool, s\u00e4ilitusaine: naatriumvesiniksulfit.<\/p>\n<p>V\u00f5ib sisaldada soja- ja p\u00e4hkliosakesi.<\/p>\n","protected":false},"excerpt":{"rendered":"<p>Koostis: vesi, sinepiseemned, alkoholi\u00e4\u00e4dikas, sool, s\u00e4ilitusaine: naatriumvesiniksulfit. V\u00f5ib sisaldada soja- ja p\u00e4hkliosakesi.<\/p>\n","protected":false},"featured_media":384972,"template":"","meta":{"_acf_changed":false,"inline_featured_image":false},"product_cat":[25262,3588,15196],"product_tag":[],"giftcard-category":[],"class_list":{"0":"post-385039","1":"product","2":"type-product","3":"status-publish","4":"has-post-thumbnail","6":"product_cat-dipid-ja-kastmed","7":"product_cat-kook","8":"product_cat-gurmee","9":"pa_brand-nicolas-vahe","11":"first","12":"instock","13":"shipping-taxable","14":"purchasable","15":"product-type-simple"},"acf":[],"yoast_head":"<!-- This site is optimized with the Yoast SEO plugin v25.6 - https:\/\/yoast.com\/wordpress\/plugins\/seo\/ -->\n<title>Dijoni sinep 270g - Lartusihome.com<\/title>\n<meta name=\"robots\" content=\"index, follow, max-snippet:-1, max-image-preview:large, max-video-preview:-1\" \/>\n<link rel=\"canonical\" href=\"https:\/\/lartusihome.com\/et\/toode\/dijon-mustard-270g\/\" \/>\n<meta property=\"og:locale\" content=\"et_EE\" \/>\n<meta property=\"og:type\" content=\"article\" \/>\n<meta property=\"og:title\" content=\"Dijoni sinep 270g - Lartusihome.com\" \/>\n<meta property=\"og:description\" content=\"Koostis: vesi, sinepiseemned, alkoholi\u00e4\u00e4dikas, sool, s\u00e4ilitusaine: naatriumvesiniksulfit. V\u00f5ib sisaldada soja- ja p\u00e4hkliosakesi.\" \/>\n<meta property=\"og:url\" content=\"https:\/\/lartusihome.com\/et\/toode\/dijon-mustard-270g\/\" \/>\n<meta property=\"og:site_name\" content=\"Lartusihome.com\" \/>\n<meta property=\"article:publisher\" content=\"https:\/\/www.facebook.com\/lartusihome\/\" \/>\n<meta property=\"article:modified_time\" content=\"2024-11-22T13:22:55+00:00\" \/>\n<meta property=\"og:image\" content=\"https:\/\/lartusihome.com\/wp-content\/uploads\/2024\/11\/104982009_01.jpg\" \/>\n\t<meta property=\"og:image:width\" content=\"2000\" \/>\n\t<meta property=\"og:image:height\" content=\"2000\" \/>\n\t<meta property=\"og:image:type\" content=\"image\/jpeg\" \/>\n<meta name=\"twitter:card\" content=\"summary_large_image\" \/>\n<meta name=\"twitter:label1\" content=\"Est. reading time\" \/>\n\t<meta name=\"twitter:data1\" content=\"1 minut\" \/>\n<script type=\"application\/ld+json\" class=\"yoast-schema-graph\">{\"@context\":\"https:\/\/schema.org\",\"@graph\":[{\"@type\":\"WebPage\",\"@id\":\"https:\/\/lartusihome.com\/et\/toode\/dijon-mustard-270g\/\",\"url\":\"https:\/\/lartusihome.com\/et\/toode\/dijon-mustard-270g\/\",\"name\":\"Dijoni sinep 270g - Lartusihome.com\",\"isPartOf\":{\"@id\":\"https:\/\/lartusihome.com\/et\/#website\"},\"primaryImageOfPage\":{\"@id\":\"https:\/\/lartusihome.com\/et\/toode\/dijon-mustard-270g\/#primaryimage\"},\"image\":{\"@id\":\"https:\/\/lartusihome.com\/et\/toode\/dijon-mustard-270g\/#primaryimage\"},\"thumbnailUrl\":\"https:\/\/lartusihome.com\/wp-content\/uploads\/2024\/11\/104982009_01.jpg\",\"datePublished\":\"2024-11-22T13:20:04+00:00\",\"dateModified\":\"2024-11-22T13:22:55+00:00\",\"breadcrumb\":{\"@id\":\"https:\/\/lartusihome.com\/et\/toode\/dijon-mustard-270g\/#breadcrumb\"},\"inLanguage\":\"et\",\"potentialAction\":[{\"@type\":\"ReadAction\",\"target\":[\"https:\/\/lartusihome.com\/et\/toode\/dijon-mustard-270g\/\"]}]},{\"@type\":\"ImageObject\",\"inLanguage\":\"et\",\"@id\":\"https:\/\/lartusihome.com\/et\/toode\/dijon-mustard-270g\/#primaryimage\",\"url\":\"https:\/\/lartusihome.com\/wp-content\/uploads\/2024\/11\/104982009_01.jpg\",\"contentUrl\":\"https:\/\/lartusihome.com\/wp-content\/uploads\/2024\/11\/104982009_01.jpg\",\"width\":2000,\"height\":2000},{\"@type\":\"BreadcrumbList\",\"@id\":\"https:\/\/lartusihome.com\/et\/toode\/dijon-mustard-270g\/#breadcrumb\",\"itemListElement\":[{\"@type\":\"ListItem\",\"position\":1,\"name\":\"Home\",\"item\":\"https:\/\/lartusihome.com\/et\/\"},{\"@type\":\"ListItem\",\"position\":2,\"name\":\"Pood\",\"item\":\"https:\/\/lartusihome.com\/et\/pood\/\"},{\"@type\":\"ListItem\",\"position\":3,\"name\":\"Dijoni sinep 270g\"}]},{\"@type\":\"WebSite\",\"@id\":\"https:\/\/lartusihome.com\/et\/#website\",\"url\":\"https:\/\/lartusihome.com\/et\/\",\"name\":\"Lartusihome.com\",\"description\":\"Kodu \/ sisustus\",\"potentialAction\":[{\"@type\":\"SearchAction\",\"target\":{\"@type\":\"EntryPoint\",\"urlTemplate\":\"https:\/\/lartusihome.com\/et\/?s={search_term_string}\"},\"query-input\":{\"@type\":\"PropertyValueSpecification\",\"valueRequired\":true,\"valueName\":\"search_term_string\"}}],\"inLanguage\":\"et\"}]}<\/script>\n<!-- \/ Yoast SEO plugin. -->","yoast_head_json":{"title":"Dijoni sinep 270g - Lartusihome.com","robots":{"index":"index","follow":"follow","max-snippet":"max-snippet:-1","max-image-preview":"max-image-preview:large","max-video-preview":"max-video-preview:-1"},"canonical":"https:\/\/lartusihome.com\/et\/toode\/dijon-mustard-270g\/","og_locale":"et_EE","og_type":"article","og_title":"Dijoni sinep 270g - Lartusihome.com","og_description":"Koostis: vesi, sinepiseemned, alkoholi\u00e4\u00e4dikas, sool, s\u00e4ilitusaine: naatriumvesiniksulfit. V\u00f5ib sisaldada soja- ja p\u00e4hkliosakesi.","og_url":"https:\/\/lartusihome.com\/et\/toode\/dijon-mustard-270g\/","og_site_name":"Lartusihome.com","article_publisher":"https:\/\/www.facebook.com\/lartusihome\/","article_modified_time":"2024-11-22T13:22:55+00:00","og_image":[{"width":2000,"height":2000,"url":"https:\/\/lartusihome.com\/wp-content\/uploads\/2024\/11\/104982009_01.jpg","type":"image\/jpeg"}],"twitter_card":"summary_large_image","twitter_misc":{"Est. reading time":"1 minut"},"schema":{"@context":"https:\/\/schema.org","@graph":[{"@type":"WebPage","@id":"https:\/\/lartusihome.com\/et\/toode\/dijon-mustard-270g\/","url":"https:\/\/lartusihome.com\/et\/toode\/dijon-mustard-270g\/","name":"Dijoni sinep 270g - Lartusihome.com","isPartOf":{"@id":"https:\/\/lartusihome.com\/et\/#website"},"primaryImageOfPage":{"@id":"https:\/\/lartusihome.com\/et\/toode\/dijon-mustard-270g\/#primaryimage"},"image":{"@id":"https:\/\/lartusihome.com\/et\/toode\/dijon-mustard-270g\/#primaryimage"},"thumbnailUrl":"https:\/\/lartusihome.com\/wp-content\/uploads\/2024\/11\/104982009_01.jpg","datePublished":"2024-11-22T13:20:04+00:00","dateModified":"2024-11-22T13:22:55+00:00","breadcrumb":{"@id":"https:\/\/lartusihome.com\/et\/toode\/dijon-mustard-270g\/#breadcrumb"},"inLanguage":"et","potentialAction":[{"@type":"ReadAction","target":["https:\/\/lartusihome.com\/et\/toode\/dijon-mustard-270g\/"]}]},{"@type":"ImageObject","inLanguage":"et","@id":"https:\/\/lartusihome.com\/et\/toode\/dijon-mustard-270g\/#primaryimage","url":"https:\/\/lartusihome.com\/wp-content\/uploads\/2024\/11\/104982009_01.jpg","contentUrl":"https:\/\/lartusihome.com\/wp-content\/uploads\/2024\/11\/104982009_01.jpg","width":2000,"height":2000},{"@type":"BreadcrumbList","@id":"https:\/\/lartusihome.com\/et\/toode\/dijon-mustard-270g\/#breadcrumb","itemListElement":[{"@type":"ListItem","position":1,"name":"Home","item":"https:\/\/lartusihome.com\/et\/"},{"@type":"ListItem","position":2,"name":"Pood","item":"https:\/\/lartusihome.com\/et\/pood\/"},{"@type":"ListItem","position":3,"name":"Dijoni sinep 270g"}]},{"@type":"WebSite","@id":"https:\/\/lartusihome.com\/et\/#website","url":"https:\/\/lartusihome.com\/et\/","name":"Lartusihome.com","description":"Kodu \/ sisustus","potentialAction":[{"@type":"SearchAction","target":{"@type":"EntryPoint","urlTemplate":"https:\/\/lartusihome.com\/et\/?s={search_term_string}"},"query-input":{"@type":"PropertyValueSpecification","valueRequired":true,"valueName":"search_term_string"}}],"inLanguage":"et"}]}},"_links":{"self":[{"href":"https:\/\/lartusihome.com\/et\/wp-json\/wp\/v2\/product\/385039"}],"collection":[{"href":"https:\/\/lartusihome.com\/et\/wp-json\/wp\/v2\/product"}],"about":[{"href":"https:\/\/lartusihome.com\/et\/wp-json\/wp\/v2\/types\/product"}],"wp:featuredmedia":[{"embeddable":true,"href":"https:\/\/lartusihome.com\/et\/wp-json\/wp\/v2\/media\/384972"}],"wp:attachment":[{"href":"https:\/\/lartusihome.com\/et\/wp-json\/wp\/v2\/media?parent=385039"}],"wp:term":[{"taxonomy":"product_cat","embeddable":true,"href":"https:\/\/lartusihome.com\/et\/wp-json\/wp\/v2\/product_cat?post=385039"},{"taxonomy":"product_tag","embeddable":true,"href":"https:\/\/lartusihome.com\/et\/wp-json\/wp\/v2\/product_tag?post=385039"},{"taxonomy":"giftcard-category","embeddable":true,"href":"https:\/\/lartusihome.com\/et\/wp-json\/wp\/v2\/giftcard-category?post=385039"}],"curies":[{"name":"wp","href":"https:\/\/api.w.org\/{rel}","templated":true}]}}