{"id":384545,"date":"2024-11-18T17:56:07","date_gmt":"2024-11-18T15:56:07","guid":{"rendered":"https:\/\/lartusihome.com\/product\/gs-vegetable-chopper-14cm\/"},"modified":"2024-11-18T17:57:03","modified_gmt":"2024-11-18T15:57:03","slug":"gs-vegetable-chopper-14cm","status":"publish","type":"product","link":"https:\/\/lartusihome.com\/et\/toode\/gs-vegetable-chopper-14cm\/","title":{"rendered":"GS k\u00f6\u00f6giviljanuga 14cm"},"content":{"rendered":"<p>Cromova18 roostevaba teras<\/p>\n<p>Rockwell C56-58<\/p>\n<p>Terav 15 kraadine l\u00f5ikeserv<\/p>\n<p>Ei tohi pesta n\u00f5udepesumasinas<\/p>\n<p>Disainer: Komin Yamada<\/p>\n<p>Tehtud Jaapanis<\/p>\n","protected":false},"excerpt":{"rendered":"<p>Cromova18 roostevaba teras Rockwell C56-58 Terav 15 kraadine l\u00f5ikeserv Ei tohi pesta n\u00f5udepesumasinas Disainer: Komin Yamada Tehtud Jaapanis<\/p>\n","protected":false},"featured_media":384541,"template":"","meta":{"_acf_changed":false,"inline_featured_image":false},"product_cat":[3588,14427,602],"product_tag":[],"giftcard-category":[],"class_list":{"0":"post-384545","1":"product","2":"type-product","3":"status-publish","4":"has-post-thumbnail","6":"product_cat-kook","7":"product_cat-kooginoad-ja-lisatarvikud","8":"product_cat-kooginoad","9":"pa_brand-global-et","10":"pa_collection-gs","12":"first","13":"instock","14":"shipping-taxable","15":"purchasable","16":"product-type-simple"},"acf":[],"yoast_head":"<!-- This site is optimized with the Yoast SEO plugin v25.6 - https:\/\/yoast.com\/wordpress\/plugins\/seo\/ -->\n<title>GS k\u00f6\u00f6giviljanuga 14cm - Lartusihome.com<\/title>\n<meta name=\"robots\" content=\"index, follow, max-snippet:-1, max-image-preview:large, max-video-preview:-1\" \/>\n<link rel=\"canonical\" href=\"https:\/\/lartusihome.com\/et\/toode\/gs-vegetable-chopper-14cm\/\" \/>\n<meta property=\"og:locale\" content=\"et_EE\" \/>\n<meta property=\"og:type\" content=\"article\" \/>\n<meta property=\"og:title\" content=\"GS k\u00f6\u00f6giviljanuga 14cm - Lartusihome.com\" \/>\n<meta property=\"og:description\" content=\"Cromova18 roostevaba teras Rockwell C56-58 Terav 15 kraadine l\u00f5ikeserv Ei tohi pesta n\u00f5udepesumasinas Disainer: Komin Yamada Tehtud Jaapanis\" \/>\n<meta property=\"og:url\" content=\"https:\/\/lartusihome.com\/et\/toode\/gs-vegetable-chopper-14cm\/\" \/>\n<meta property=\"og:site_name\" content=\"Lartusihome.com\" \/>\n<meta property=\"article:publisher\" content=\"https:\/\/www.facebook.com\/lartusihome\/\" \/>\n<meta property=\"article:modified_time\" content=\"2024-11-18T15:57:03+00:00\" \/>\n<meta property=\"og:image\" content=\"https:\/\/lartusihome.com\/wp-content\/uploads\/2024\/11\/Vegetable-knife_GS-5_GS-5.jpg\" \/>\n\t<meta property=\"og:image:width\" content=\"2000\" \/>\n\t<meta property=\"og:image:height\" content=\"2000\" \/>\n\t<meta property=\"og:image:type\" content=\"image\/jpeg\" \/>\n<meta name=\"twitter:card\" content=\"summary_large_image\" \/>\n<meta name=\"twitter:label1\" content=\"Est. reading time\" \/>\n\t<meta name=\"twitter:data1\" content=\"1 minut\" \/>\n<script type=\"application\/ld+json\" class=\"yoast-schema-graph\">{\"@context\":\"https:\/\/schema.org\",\"@graph\":[{\"@type\":\"WebPage\",\"@id\":\"https:\/\/lartusihome.com\/et\/toode\/gs-vegetable-chopper-14cm\/\",\"url\":\"https:\/\/lartusihome.com\/et\/toode\/gs-vegetable-chopper-14cm\/\",\"name\":\"GS k\u00f6\u00f6giviljanuga 14cm - Lartusihome.com\",\"isPartOf\":{\"@id\":\"https:\/\/lartusihome.com\/et\/#website\"},\"primaryImageOfPage\":{\"@id\":\"https:\/\/lartusihome.com\/et\/toode\/gs-vegetable-chopper-14cm\/#primaryimage\"},\"image\":{\"@id\":\"https:\/\/lartusihome.com\/et\/toode\/gs-vegetable-chopper-14cm\/#primaryimage\"},\"thumbnailUrl\":\"https:\/\/lartusihome.com\/wp-content\/uploads\/2024\/11\/Vegetable-knife_GS-5_GS-5.jpg\",\"datePublished\":\"2024-11-18T15:56:07+00:00\",\"dateModified\":\"2024-11-18T15:57:03+00:00\",\"breadcrumb\":{\"@id\":\"https:\/\/lartusihome.com\/et\/toode\/gs-vegetable-chopper-14cm\/#breadcrumb\"},\"inLanguage\":\"et\",\"potentialAction\":[{\"@type\":\"ReadAction\",\"target\":[\"https:\/\/lartusihome.com\/et\/toode\/gs-vegetable-chopper-14cm\/\"]}]},{\"@type\":\"ImageObject\",\"inLanguage\":\"et\",\"@id\":\"https:\/\/lartusihome.com\/et\/toode\/gs-vegetable-chopper-14cm\/#primaryimage\",\"url\":\"https:\/\/lartusihome.com\/wp-content\/uploads\/2024\/11\/Vegetable-knife_GS-5_GS-5.jpg\",\"contentUrl\":\"https:\/\/lartusihome.com\/wp-content\/uploads\/2024\/11\/Vegetable-knife_GS-5_GS-5.jpg\",\"width\":2000,\"height\":2000},{\"@type\":\"BreadcrumbList\",\"@id\":\"https:\/\/lartusihome.com\/et\/toode\/gs-vegetable-chopper-14cm\/#breadcrumb\",\"itemListElement\":[{\"@type\":\"ListItem\",\"position\":1,\"name\":\"Home\",\"item\":\"https:\/\/lartusihome.com\/et\/\"},{\"@type\":\"ListItem\",\"position\":2,\"name\":\"Pood\",\"item\":\"https:\/\/lartusihome.com\/et\/pood\/\"},{\"@type\":\"ListItem\",\"position\":3,\"name\":\"GS k\u00f6\u00f6giviljanuga 14cm\"}]},{\"@type\":\"WebSite\",\"@id\":\"https:\/\/lartusihome.com\/et\/#website\",\"url\":\"https:\/\/lartusihome.com\/et\/\",\"name\":\"Lartusihome.com\",\"description\":\"Kodu \/ sisustus\",\"potentialAction\":[{\"@type\":\"SearchAction\",\"target\":{\"@type\":\"EntryPoint\",\"urlTemplate\":\"https:\/\/lartusihome.com\/et\/?s={search_term_string}\"},\"query-input\":{\"@type\":\"PropertyValueSpecification\",\"valueRequired\":true,\"valueName\":\"search_term_string\"}}],\"inLanguage\":\"et\"}]}<\/script>\n<!-- \/ Yoast SEO plugin. -->","yoast_head_json":{"title":"GS k\u00f6\u00f6giviljanuga 14cm - Lartusihome.com","robots":{"index":"index","follow":"follow","max-snippet":"max-snippet:-1","max-image-preview":"max-image-preview:large","max-video-preview":"max-video-preview:-1"},"canonical":"https:\/\/lartusihome.com\/et\/toode\/gs-vegetable-chopper-14cm\/","og_locale":"et_EE","og_type":"article","og_title":"GS k\u00f6\u00f6giviljanuga 14cm - Lartusihome.com","og_description":"Cromova18 roostevaba teras Rockwell C56-58 Terav 15 kraadine l\u00f5ikeserv Ei tohi pesta n\u00f5udepesumasinas Disainer: Komin Yamada Tehtud Jaapanis","og_url":"https:\/\/lartusihome.com\/et\/toode\/gs-vegetable-chopper-14cm\/","og_site_name":"Lartusihome.com","article_publisher":"https:\/\/www.facebook.com\/lartusihome\/","article_modified_time":"2024-11-18T15:57:03+00:00","og_image":[{"width":2000,"height":2000,"url":"https:\/\/lartusihome.com\/wp-content\/uploads\/2024\/11\/Vegetable-knife_GS-5_GS-5.jpg","type":"image\/jpeg"}],"twitter_card":"summary_large_image","twitter_misc":{"Est. reading time":"1 minut"},"schema":{"@context":"https:\/\/schema.org","@graph":[{"@type":"WebPage","@id":"https:\/\/lartusihome.com\/et\/toode\/gs-vegetable-chopper-14cm\/","url":"https:\/\/lartusihome.com\/et\/toode\/gs-vegetable-chopper-14cm\/","name":"GS k\u00f6\u00f6giviljanuga 14cm - Lartusihome.com","isPartOf":{"@id":"https:\/\/lartusihome.com\/et\/#website"},"primaryImageOfPage":{"@id":"https:\/\/lartusihome.com\/et\/toode\/gs-vegetable-chopper-14cm\/#primaryimage"},"image":{"@id":"https:\/\/lartusihome.com\/et\/toode\/gs-vegetable-chopper-14cm\/#primaryimage"},"thumbnailUrl":"https:\/\/lartusihome.com\/wp-content\/uploads\/2024\/11\/Vegetable-knife_GS-5_GS-5.jpg","datePublished":"2024-11-18T15:56:07+00:00","dateModified":"2024-11-18T15:57:03+00:00","breadcrumb":{"@id":"https:\/\/lartusihome.com\/et\/toode\/gs-vegetable-chopper-14cm\/#breadcrumb"},"inLanguage":"et","potentialAction":[{"@type":"ReadAction","target":["https:\/\/lartusihome.com\/et\/toode\/gs-vegetable-chopper-14cm\/"]}]},{"@type":"ImageObject","inLanguage":"et","@id":"https:\/\/lartusihome.com\/et\/toode\/gs-vegetable-chopper-14cm\/#primaryimage","url":"https:\/\/lartusihome.com\/wp-content\/uploads\/2024\/11\/Vegetable-knife_GS-5_GS-5.jpg","contentUrl":"https:\/\/lartusihome.com\/wp-content\/uploads\/2024\/11\/Vegetable-knife_GS-5_GS-5.jpg","width":2000,"height":2000},{"@type":"BreadcrumbList","@id":"https:\/\/lartusihome.com\/et\/toode\/gs-vegetable-chopper-14cm\/#breadcrumb","itemListElement":[{"@type":"ListItem","position":1,"name":"Home","item":"https:\/\/lartusihome.com\/et\/"},{"@type":"ListItem","position":2,"name":"Pood","item":"https:\/\/lartusihome.com\/et\/pood\/"},{"@type":"ListItem","position":3,"name":"GS k\u00f6\u00f6giviljanuga 14cm"}]},{"@type":"WebSite","@id":"https:\/\/lartusihome.com\/et\/#website","url":"https:\/\/lartusihome.com\/et\/","name":"Lartusihome.com","description":"Kodu \/ sisustus","potentialAction":[{"@type":"SearchAction","target":{"@type":"EntryPoint","urlTemplate":"https:\/\/lartusihome.com\/et\/?s={search_term_string}"},"query-input":{"@type":"PropertyValueSpecification","valueRequired":true,"valueName":"search_term_string"}}],"inLanguage":"et"}]}},"_links":{"self":[{"href":"https:\/\/lartusihome.com\/et\/wp-json\/wp\/v2\/product\/384545"}],"collection":[{"href":"https:\/\/lartusihome.com\/et\/wp-json\/wp\/v2\/product"}],"about":[{"href":"https:\/\/lartusihome.com\/et\/wp-json\/wp\/v2\/types\/product"}],"wp:featuredmedia":[{"embeddable":true,"href":"https:\/\/lartusihome.com\/et\/wp-json\/wp\/v2\/media\/384541"}],"wp:attachment":[{"href":"https:\/\/lartusihome.com\/et\/wp-json\/wp\/v2\/media?parent=384545"}],"wp:term":[{"taxonomy":"product_cat","embeddable":true,"href":"https:\/\/lartusihome.com\/et\/wp-json\/wp\/v2\/product_cat?post=384545"},{"taxonomy":"product_tag","embeddable":true,"href":"https:\/\/lartusihome.com\/et\/wp-json\/wp\/v2\/product_tag?post=384545"},{"taxonomy":"giftcard-category","embeddable":true,"href":"https:\/\/lartusihome.com\/et\/wp-json\/wp\/v2\/giftcard-category?post=384545"}],"curies":[{"name":"wp","href":"https:\/\/api.w.org\/{rel}","templated":true}]}}