{"id":378879,"date":"2024-10-17T12:40:37","date_gmt":"2024-10-17T09:40:37","guid":{"rendered":"https:\/\/lartusihome.com\/product\/alessandro-m-corkscrew-parade\/"},"modified":"2024-12-23T08:59:55","modified_gmt":"2024-12-23T06:59:55","slug":"alessandro-m-corkscrew-parade","status":"publish","type":"product","link":"https:\/\/lartusihome.com\/et\/toode\/alessandro-m-corkscrew-parade\/","title":{"rendered":"Alessandro M. korgitser &#8220;Parade&#8221;"},"content":{"rendered":"<div class=\"page\" title=\"Page 2\">\n<div class=\"layoutArea\">\n<div class=\"column\">\n<p>Aastal 1994 disainis Alessandro Mendini Anna G. korgitseri. Umbes 10 aastat hiljem loodi Alessando M avaja ja neist sai ikooniline paar. Aastap\u00e4eva puhul tegi Alessi koost\u00f6\u00f6d kolme erineva talendiga moe, graafilise disaini ja maali valdkonnast \u2013 Arthur Arbesser, Studio Temp ja Fulvia Mendini disainisid Anna G-le ja Alessandro M-ile selga uued riided. Korgitserid on n\u00fc\u00fcd valmistatud ka j\u00e4tkusuutlikust biolagunevast materjalist \u2013 \u00a0AlkiPaper\u00ae.<\/p>\n<\/div>\n<\/div>\n<\/div>\n<p>Materjal: AlkiPaper\u00ae ja kroomitud zamak<\/p>\n<p>K\u00f5rgus: 21 cm<\/p>\n<p>Diameeter: 6 cm<\/p>\n<p>Disainer: Alessandro Mendini, muster Arthur Arbesser<\/p>\n","protected":false},"excerpt":{"rendered":"<p>Aastal 1994 disainis Alessandro Mendini Anna G. korgitseri. Umbes 10 aastat hiljem loodi Alessando M avaja ja neist sai ikooniline paar. Aastap\u00e4eva puhul tegi Alessi koost\u00f6\u00f6d kolme erineva talendiga moe, graafilise disaini ja maali valdkonnast \u2013 Arthur Arbesser, Studio Temp ja Fulvia Mendini disainisid Anna G-le ja Alessandro M-ile selga uued riided. Korgitserid on n\u00fc\u00fcd&hellip;<\/p>\n","protected":false},"featured_media":378842,"template":"","meta":{"_acf_changed":false,"inline_featured_image":false},"product_cat":[25289,3588,310],"product_tag":[],"giftcard-category":[],"class_list":{"0":"post-378879","1":"product","2":"type-product","3":"status-publish","4":"has-post-thumbnail","6":"product_cat-korgitserid","7":"product_cat-kook","8":"product_cat-baaritarvikud","9":"pa_brand-alessi","10":"pa_collection-alessandro-m","12":"first","13":"outofstock","14":"shipping-taxable","15":"purchasable","16":"product-type-simple"},"acf":[],"yoast_head":"<!-- This site is optimized with the Yoast SEO plugin v25.6 - https:\/\/yoast.com\/wordpress\/plugins\/seo\/ -->\n<title>Alessandro M. korgitser &quot;Parade&quot; - Lartusihome.com<\/title>\n<meta name=\"robots\" content=\"index, follow, max-snippet:-1, max-image-preview:large, max-video-preview:-1\" \/>\n<link rel=\"canonical\" href=\"https:\/\/lartusihome.com\/et\/toode\/alessandro-m-corkscrew-parade\/\" \/>\n<meta property=\"og:locale\" content=\"et_EE\" \/>\n<meta property=\"og:type\" content=\"article\" \/>\n<meta property=\"og:title\" content=\"Alessandro M. korgitser &quot;Parade&quot; - Lartusihome.com\" \/>\n<meta property=\"og:description\" content=\"Aastal 1994 disainis Alessandro Mendini Anna G. korgitseri. Umbes 10 aastat hiljem loodi Alessando M avaja ja neist sai ikooniline paar. Aastap\u00e4eva puhul tegi Alessi koost\u00f6\u00f6d kolme erineva talendiga moe, graafilise disaini ja maali valdkonnast \u2013 Arthur Arbesser, Studio Temp ja Fulvia Mendini disainisid Anna G-le ja Alessandro M-ile selga uued riided. Korgitserid on n\u00fc\u00fcd&hellip;\" \/>\n<meta property=\"og:url\" content=\"https:\/\/lartusihome.com\/et\/toode\/alessandro-m-corkscrew-parade\/\" \/>\n<meta property=\"og:site_name\" content=\"Lartusihome.com\" \/>\n<meta property=\"article:publisher\" content=\"https:\/\/www.facebook.com\/lartusihome\/\" \/>\n<meta property=\"article:modified_time\" content=\"2024-12-23T06:59:55+00:00\" \/>\n<meta property=\"og:image\" content=\"https:\/\/lartusihome.com\/wp-content\/uploads\/2024\/10\/0003_AM23A-30_02_1x1_A4_3500pxl.jpg\" \/>\n\t<meta property=\"og:image:width\" content=\"2000\" \/>\n\t<meta property=\"og:image:height\" content=\"2000\" \/>\n\t<meta property=\"og:image:type\" content=\"image\/jpeg\" \/>\n<meta name=\"twitter:card\" content=\"summary_large_image\" \/>\n<meta name=\"twitter:label1\" content=\"Est. reading time\" \/>\n\t<meta name=\"twitter:data1\" content=\"1 minut\" \/>\n<script type=\"application\/ld+json\" class=\"yoast-schema-graph\">{\"@context\":\"https:\/\/schema.org\",\"@graph\":[{\"@type\":\"WebPage\",\"@id\":\"https:\/\/lartusihome.com\/et\/toode\/alessandro-m-corkscrew-parade\/\",\"url\":\"https:\/\/lartusihome.com\/et\/toode\/alessandro-m-corkscrew-parade\/\",\"name\":\"Alessandro M. korgitser \\\"Parade\\\" - Lartusihome.com\",\"isPartOf\":{\"@id\":\"https:\/\/lartusihome.com\/et\/#website\"},\"primaryImageOfPage\":{\"@id\":\"https:\/\/lartusihome.com\/et\/toode\/alessandro-m-corkscrew-parade\/#primaryimage\"},\"image\":{\"@id\":\"https:\/\/lartusihome.com\/et\/toode\/alessandro-m-corkscrew-parade\/#primaryimage\"},\"thumbnailUrl\":\"https:\/\/lartusihome.com\/wp-content\/uploads\/2024\/10\/0003_AM23A-30_02_1x1_A4_3500pxl.jpg\",\"datePublished\":\"2024-10-17T09:40:37+00:00\",\"dateModified\":\"2024-12-23T06:59:55+00:00\",\"breadcrumb\":{\"@id\":\"https:\/\/lartusihome.com\/et\/toode\/alessandro-m-corkscrew-parade\/#breadcrumb\"},\"inLanguage\":\"et\",\"potentialAction\":[{\"@type\":\"ReadAction\",\"target\":[\"https:\/\/lartusihome.com\/et\/toode\/alessandro-m-corkscrew-parade\/\"]}]},{\"@type\":\"ImageObject\",\"inLanguage\":\"et\",\"@id\":\"https:\/\/lartusihome.com\/et\/toode\/alessandro-m-corkscrew-parade\/#primaryimage\",\"url\":\"https:\/\/lartusihome.com\/wp-content\/uploads\/2024\/10\/0003_AM23A-30_02_1x1_A4_3500pxl.jpg\",\"contentUrl\":\"https:\/\/lartusihome.com\/wp-content\/uploads\/2024\/10\/0003_AM23A-30_02_1x1_A4_3500pxl.jpg\",\"width\":2000,\"height\":2000},{\"@type\":\"BreadcrumbList\",\"@id\":\"https:\/\/lartusihome.com\/et\/toode\/alessandro-m-corkscrew-parade\/#breadcrumb\",\"itemListElement\":[{\"@type\":\"ListItem\",\"position\":1,\"name\":\"Home\",\"item\":\"https:\/\/lartusihome.com\/et\/\"},{\"@type\":\"ListItem\",\"position\":2,\"name\":\"Pood\",\"item\":\"https:\/\/lartusihome.com\/et\/pood\/\"},{\"@type\":\"ListItem\",\"position\":3,\"name\":\"Alessandro M. korgitser &#8220;Parade&#8221;\"}]},{\"@type\":\"WebSite\",\"@id\":\"https:\/\/lartusihome.com\/et\/#website\",\"url\":\"https:\/\/lartusihome.com\/et\/\",\"name\":\"Lartusihome.com\",\"description\":\"Kodu \/ sisustus\",\"potentialAction\":[{\"@type\":\"SearchAction\",\"target\":{\"@type\":\"EntryPoint\",\"urlTemplate\":\"https:\/\/lartusihome.com\/et\/?s={search_term_string}\"},\"query-input\":{\"@type\":\"PropertyValueSpecification\",\"valueRequired\":true,\"valueName\":\"search_term_string\"}}],\"inLanguage\":\"et\"}]}<\/script>\n<!-- \/ Yoast SEO plugin. -->","yoast_head_json":{"title":"Alessandro M. korgitser \"Parade\" - Lartusihome.com","robots":{"index":"index","follow":"follow","max-snippet":"max-snippet:-1","max-image-preview":"max-image-preview:large","max-video-preview":"max-video-preview:-1"},"canonical":"https:\/\/lartusihome.com\/et\/toode\/alessandro-m-corkscrew-parade\/","og_locale":"et_EE","og_type":"article","og_title":"Alessandro M. korgitser \"Parade\" - Lartusihome.com","og_description":"Aastal 1994 disainis Alessandro Mendini Anna G. korgitseri. Umbes 10 aastat hiljem loodi Alessando M avaja ja neist sai ikooniline paar. Aastap\u00e4eva puhul tegi Alessi koost\u00f6\u00f6d kolme erineva talendiga moe, graafilise disaini ja maali valdkonnast \u2013 Arthur Arbesser, Studio Temp ja Fulvia Mendini disainisid Anna G-le ja Alessandro M-ile selga uued riided. Korgitserid on n\u00fc\u00fcd&hellip;","og_url":"https:\/\/lartusihome.com\/et\/toode\/alessandro-m-corkscrew-parade\/","og_site_name":"Lartusihome.com","article_publisher":"https:\/\/www.facebook.com\/lartusihome\/","article_modified_time":"2024-12-23T06:59:55+00:00","og_image":[{"width":2000,"height":2000,"url":"https:\/\/lartusihome.com\/wp-content\/uploads\/2024\/10\/0003_AM23A-30_02_1x1_A4_3500pxl.jpg","type":"image\/jpeg"}],"twitter_card":"summary_large_image","twitter_misc":{"Est. reading time":"1 minut"},"schema":{"@context":"https:\/\/schema.org","@graph":[{"@type":"WebPage","@id":"https:\/\/lartusihome.com\/et\/toode\/alessandro-m-corkscrew-parade\/","url":"https:\/\/lartusihome.com\/et\/toode\/alessandro-m-corkscrew-parade\/","name":"Alessandro M. korgitser \"Parade\" - Lartusihome.com","isPartOf":{"@id":"https:\/\/lartusihome.com\/et\/#website"},"primaryImageOfPage":{"@id":"https:\/\/lartusihome.com\/et\/toode\/alessandro-m-corkscrew-parade\/#primaryimage"},"image":{"@id":"https:\/\/lartusihome.com\/et\/toode\/alessandro-m-corkscrew-parade\/#primaryimage"},"thumbnailUrl":"https:\/\/lartusihome.com\/wp-content\/uploads\/2024\/10\/0003_AM23A-30_02_1x1_A4_3500pxl.jpg","datePublished":"2024-10-17T09:40:37+00:00","dateModified":"2024-12-23T06:59:55+00:00","breadcrumb":{"@id":"https:\/\/lartusihome.com\/et\/toode\/alessandro-m-corkscrew-parade\/#breadcrumb"},"inLanguage":"et","potentialAction":[{"@type":"ReadAction","target":["https:\/\/lartusihome.com\/et\/toode\/alessandro-m-corkscrew-parade\/"]}]},{"@type":"ImageObject","inLanguage":"et","@id":"https:\/\/lartusihome.com\/et\/toode\/alessandro-m-corkscrew-parade\/#primaryimage","url":"https:\/\/lartusihome.com\/wp-content\/uploads\/2024\/10\/0003_AM23A-30_02_1x1_A4_3500pxl.jpg","contentUrl":"https:\/\/lartusihome.com\/wp-content\/uploads\/2024\/10\/0003_AM23A-30_02_1x1_A4_3500pxl.jpg","width":2000,"height":2000},{"@type":"BreadcrumbList","@id":"https:\/\/lartusihome.com\/et\/toode\/alessandro-m-corkscrew-parade\/#breadcrumb","itemListElement":[{"@type":"ListItem","position":1,"name":"Home","item":"https:\/\/lartusihome.com\/et\/"},{"@type":"ListItem","position":2,"name":"Pood","item":"https:\/\/lartusihome.com\/et\/pood\/"},{"@type":"ListItem","position":3,"name":"Alessandro M. korgitser &#8220;Parade&#8221;"}]},{"@type":"WebSite","@id":"https:\/\/lartusihome.com\/et\/#website","url":"https:\/\/lartusihome.com\/et\/","name":"Lartusihome.com","description":"Kodu \/ sisustus","potentialAction":[{"@type":"SearchAction","target":{"@type":"EntryPoint","urlTemplate":"https:\/\/lartusihome.com\/et\/?s={search_term_string}"},"query-input":{"@type":"PropertyValueSpecification","valueRequired":true,"valueName":"search_term_string"}}],"inLanguage":"et"}]}},"_links":{"self":[{"href":"https:\/\/lartusihome.com\/et\/wp-json\/wp\/v2\/product\/378879"}],"collection":[{"href":"https:\/\/lartusihome.com\/et\/wp-json\/wp\/v2\/product"}],"about":[{"href":"https:\/\/lartusihome.com\/et\/wp-json\/wp\/v2\/types\/product"}],"wp:featuredmedia":[{"embeddable":true,"href":"https:\/\/lartusihome.com\/et\/wp-json\/wp\/v2\/media\/378842"}],"wp:attachment":[{"href":"https:\/\/lartusihome.com\/et\/wp-json\/wp\/v2\/media?parent=378879"}],"wp:term":[{"taxonomy":"product_cat","embeddable":true,"href":"https:\/\/lartusihome.com\/et\/wp-json\/wp\/v2\/product_cat?post=378879"},{"taxonomy":"product_tag","embeddable":true,"href":"https:\/\/lartusihome.com\/et\/wp-json\/wp\/v2\/product_tag?post=378879"},{"taxonomy":"giftcard-category","embeddable":true,"href":"https:\/\/lartusihome.com\/et\/wp-json\/wp\/v2\/giftcard-category?post=378879"}],"curies":[{"name":"wp","href":"https:\/\/api.w.org\/{rel}","templated":true}]}}