{"id":376138,"date":"2024-10-02T16:05:58","date_gmt":"2024-10-02T13:05:58","guid":{"rendered":"https:\/\/lartusihome.com\/product\/green-tools-mandolin-slicer\/"},"modified":"2025-06-30T21:44:34","modified_gmt":"2025-06-30T18:44:34","slug":"green-tools-mandolin-slicer","status":"publish","type":"product","link":"https:\/\/lartusihome.com\/et\/toode\/green-tools-mandolin-slicer\/","title":{"rendered":"Green Tools mandoliin"},"content":{"rendered":"<p>Green Toolsi mandoliiniga saate puu- ja k\u00f6\u00f6givilju kiiresti ja lihtsalt \u00f5hukesteks \u00fchtlasteks viiludeks viilutada. V\u00e4ikseimast muskaatp\u00e4hklist kuni suurte Portobello seenteni. Mandoliiniga on kaasas kolme kambriga hoidik, mis tagab, et saate k\u00f6\u00f6givilju viilutada kuni v\u00e4ikseima otsani ja seega v\u00e4hendada toiduraiskamist.<\/p>\n<p>Mandoliini tagak\u00fcljel olevat kruvi saab reguleerida, et muuta viilu paksust. P\u00f6\u00f6rake lihtsalt mandoliini alumisel k\u00fcljel olevat nuppu. P\u00f5hja all olevad kummikinnitused stabiliseerivad mandoliini ning tugev, ergonoomiline k\u00e4epide tagab mugava ja kindla haarde. Mandoliini disain annab teile t\u00e4iusliku t\u00f6\u00f6nurga otse kaussi v\u00f5i l\u00f5ikelauale viilutamiseks.<\/p>\n<p>Materjal: plastik, kumm, roostevaba teras<\/p>\n<p>Pikkus: 31,5 cm<\/p>\n<p>V\u00f5ib pesta n\u00f5udepesumasinas<\/p>\n","protected":false},"excerpt":{"rendered":"<p>Green Toolsi mandoliiniga saate puu- ja k\u00f6\u00f6givilju kiiresti ja lihtsalt \u00f5hukesteks \u00fchtlasteks viiludeks viilutada. V\u00e4ikseimast muskaatp\u00e4hklist kuni suurte Portobello seenteni. Mandoliiniga on kaasas kolme kambriga hoidik, mis tagab, et saate k\u00f6\u00f6givilju viilutada kuni v\u00e4ikseima otsani ja seega v\u00e4hendada toiduraiskamist. Mandoliini tagak\u00fcljel olevat kruvi saab reguleerida, et muuta viilu paksust. P\u00f6\u00f6rake lihtsalt mandoliini alumisel k\u00fcljel olevat&hellip;<\/p>\n","protected":false},"featured_media":376083,"template":"","meta":{"_acf_changed":false,"inline_featured_image":false},"product_cat":[25253,3588,50],"product_tag":[],"giftcard-category":[],"class_list":{"0":"post-376138","1":"product","2":"type-product","3":"status-publish","4":"has-post-thumbnail","6":"product_cat-riivid","7":"product_cat-kook","8":"product_cat-koogitarvikud","9":"pa_brand-eva-solo","10":"pa_collection-green-tool","12":"first","13":"instock","14":"shipping-taxable","15":"purchasable","16":"product-type-simple"},"acf":[],"yoast_head":"<!-- This site is optimized with the Yoast SEO plugin v25.6 - https:\/\/yoast.com\/wordpress\/plugins\/seo\/ -->\n<title>Green Tools mandoliin - Lartusihome.com<\/title>\n<meta name=\"robots\" content=\"index, follow, max-snippet:-1, max-image-preview:large, max-video-preview:-1\" \/>\n<link rel=\"canonical\" href=\"https:\/\/lartusihome.com\/et\/toode\/green-tools-mandolin-slicer\/\" \/>\n<meta property=\"og:locale\" content=\"et_EE\" \/>\n<meta property=\"og:type\" content=\"article\" \/>\n<meta property=\"og:title\" content=\"Green Tools mandoliin - Lartusihome.com\" \/>\n<meta property=\"og:description\" content=\"Green Toolsi mandoliiniga saate puu- ja k\u00f6\u00f6givilju kiiresti ja lihtsalt \u00f5hukesteks \u00fchtlasteks viiludeks viilutada. V\u00e4ikseimast muskaatp\u00e4hklist kuni suurte Portobello seenteni. Mandoliiniga on kaasas kolme kambriga hoidik, mis tagab, et saate k\u00f6\u00f6givilju viilutada kuni v\u00e4ikseima otsani ja seega v\u00e4hendada toiduraiskamist. Mandoliini tagak\u00fcljel olevat kruvi saab reguleerida, et muuta viilu paksust. P\u00f6\u00f6rake lihtsalt mandoliini alumisel k\u00fcljel olevat&hellip;\" \/>\n<meta property=\"og:url\" content=\"https:\/\/lartusihome.com\/et\/toode\/green-tools-mandolin-slicer\/\" \/>\n<meta property=\"og:site_name\" content=\"Lartusihome.com\" \/>\n<meta property=\"article:publisher\" content=\"https:\/\/www.facebook.com\/lartusihome\/\" \/>\n<meta property=\"article:modified_time\" content=\"2025-06-30T18:44:34+00:00\" \/>\n<meta property=\"og:image\" content=\"https:\/\/lartusihome.com\/wp-content\/uploads\/2024\/09\/531536_Green_tool_mandolin_slicer_set_aRGB_High.jpg\" \/>\n\t<meta property=\"og:image:width\" content=\"2000\" \/>\n\t<meta property=\"og:image:height\" content=\"2000\" \/>\n\t<meta property=\"og:image:type\" content=\"image\/jpeg\" \/>\n<meta name=\"twitter:card\" content=\"summary_large_image\" \/>\n<meta name=\"twitter:label1\" content=\"Est. reading time\" \/>\n\t<meta name=\"twitter:data1\" content=\"1 minut\" \/>\n<script type=\"application\/ld+json\" class=\"yoast-schema-graph\">{\"@context\":\"https:\/\/schema.org\",\"@graph\":[{\"@type\":\"WebPage\",\"@id\":\"https:\/\/lartusihome.com\/et\/toode\/green-tools-mandolin-slicer\/\",\"url\":\"https:\/\/lartusihome.com\/et\/toode\/green-tools-mandolin-slicer\/\",\"name\":\"Green Tools mandoliin - Lartusihome.com\",\"isPartOf\":{\"@id\":\"https:\/\/lartusihome.com\/et\/#website\"},\"primaryImageOfPage\":{\"@id\":\"https:\/\/lartusihome.com\/et\/toode\/green-tools-mandolin-slicer\/#primaryimage\"},\"image\":{\"@id\":\"https:\/\/lartusihome.com\/et\/toode\/green-tools-mandolin-slicer\/#primaryimage\"},\"thumbnailUrl\":\"https:\/\/lartusihome.com\/wp-content\/uploads\/2024\/09\/531536_Green_tool_mandolin_slicer_set_aRGB_High.jpg\",\"datePublished\":\"2024-10-02T13:05:58+00:00\",\"dateModified\":\"2025-06-30T18:44:34+00:00\",\"breadcrumb\":{\"@id\":\"https:\/\/lartusihome.com\/et\/toode\/green-tools-mandolin-slicer\/#breadcrumb\"},\"inLanguage\":\"et\",\"potentialAction\":[{\"@type\":\"ReadAction\",\"target\":[\"https:\/\/lartusihome.com\/et\/toode\/green-tools-mandolin-slicer\/\"]}]},{\"@type\":\"ImageObject\",\"inLanguage\":\"et\",\"@id\":\"https:\/\/lartusihome.com\/et\/toode\/green-tools-mandolin-slicer\/#primaryimage\",\"url\":\"https:\/\/lartusihome.com\/wp-content\/uploads\/2024\/09\/531536_Green_tool_mandolin_slicer_set_aRGB_High.jpg\",\"contentUrl\":\"https:\/\/lartusihome.com\/wp-content\/uploads\/2024\/09\/531536_Green_tool_mandolin_slicer_set_aRGB_High.jpg\",\"width\":2000,\"height\":2000},{\"@type\":\"BreadcrumbList\",\"@id\":\"https:\/\/lartusihome.com\/et\/toode\/green-tools-mandolin-slicer\/#breadcrumb\",\"itemListElement\":[{\"@type\":\"ListItem\",\"position\":1,\"name\":\"Home\",\"item\":\"https:\/\/lartusihome.com\/et\/\"},{\"@type\":\"ListItem\",\"position\":2,\"name\":\"Pood\",\"item\":\"https:\/\/lartusihome.com\/et\/pood\/\"},{\"@type\":\"ListItem\",\"position\":3,\"name\":\"Green Tools mandoliin\"}]},{\"@type\":\"WebSite\",\"@id\":\"https:\/\/lartusihome.com\/et\/#website\",\"url\":\"https:\/\/lartusihome.com\/et\/\",\"name\":\"Lartusihome.com\",\"description\":\"Kodu \/ sisustus\",\"potentialAction\":[{\"@type\":\"SearchAction\",\"target\":{\"@type\":\"EntryPoint\",\"urlTemplate\":\"https:\/\/lartusihome.com\/et\/?s={search_term_string}\"},\"query-input\":{\"@type\":\"PropertyValueSpecification\",\"valueRequired\":true,\"valueName\":\"search_term_string\"}}],\"inLanguage\":\"et\"}]}<\/script>\n<!-- \/ Yoast SEO plugin. -->","yoast_head_json":{"title":"Green Tools mandoliin - Lartusihome.com","robots":{"index":"index","follow":"follow","max-snippet":"max-snippet:-1","max-image-preview":"max-image-preview:large","max-video-preview":"max-video-preview:-1"},"canonical":"https:\/\/lartusihome.com\/et\/toode\/green-tools-mandolin-slicer\/","og_locale":"et_EE","og_type":"article","og_title":"Green Tools mandoliin - Lartusihome.com","og_description":"Green Toolsi mandoliiniga saate puu- ja k\u00f6\u00f6givilju kiiresti ja lihtsalt \u00f5hukesteks \u00fchtlasteks viiludeks viilutada. V\u00e4ikseimast muskaatp\u00e4hklist kuni suurte Portobello seenteni. Mandoliiniga on kaasas kolme kambriga hoidik, mis tagab, et saate k\u00f6\u00f6givilju viilutada kuni v\u00e4ikseima otsani ja seega v\u00e4hendada toiduraiskamist. Mandoliini tagak\u00fcljel olevat kruvi saab reguleerida, et muuta viilu paksust. P\u00f6\u00f6rake lihtsalt mandoliini alumisel k\u00fcljel olevat&hellip;","og_url":"https:\/\/lartusihome.com\/et\/toode\/green-tools-mandolin-slicer\/","og_site_name":"Lartusihome.com","article_publisher":"https:\/\/www.facebook.com\/lartusihome\/","article_modified_time":"2025-06-30T18:44:34+00:00","og_image":[{"width":2000,"height":2000,"url":"https:\/\/lartusihome.com\/wp-content\/uploads\/2024\/09\/531536_Green_tool_mandolin_slicer_set_aRGB_High.jpg","type":"image\/jpeg"}],"twitter_card":"summary_large_image","twitter_misc":{"Est. reading time":"1 minut"},"schema":{"@context":"https:\/\/schema.org","@graph":[{"@type":"WebPage","@id":"https:\/\/lartusihome.com\/et\/toode\/green-tools-mandolin-slicer\/","url":"https:\/\/lartusihome.com\/et\/toode\/green-tools-mandolin-slicer\/","name":"Green Tools mandoliin - Lartusihome.com","isPartOf":{"@id":"https:\/\/lartusihome.com\/et\/#website"},"primaryImageOfPage":{"@id":"https:\/\/lartusihome.com\/et\/toode\/green-tools-mandolin-slicer\/#primaryimage"},"image":{"@id":"https:\/\/lartusihome.com\/et\/toode\/green-tools-mandolin-slicer\/#primaryimage"},"thumbnailUrl":"https:\/\/lartusihome.com\/wp-content\/uploads\/2024\/09\/531536_Green_tool_mandolin_slicer_set_aRGB_High.jpg","datePublished":"2024-10-02T13:05:58+00:00","dateModified":"2025-06-30T18:44:34+00:00","breadcrumb":{"@id":"https:\/\/lartusihome.com\/et\/toode\/green-tools-mandolin-slicer\/#breadcrumb"},"inLanguage":"et","potentialAction":[{"@type":"ReadAction","target":["https:\/\/lartusihome.com\/et\/toode\/green-tools-mandolin-slicer\/"]}]},{"@type":"ImageObject","inLanguage":"et","@id":"https:\/\/lartusihome.com\/et\/toode\/green-tools-mandolin-slicer\/#primaryimage","url":"https:\/\/lartusihome.com\/wp-content\/uploads\/2024\/09\/531536_Green_tool_mandolin_slicer_set_aRGB_High.jpg","contentUrl":"https:\/\/lartusihome.com\/wp-content\/uploads\/2024\/09\/531536_Green_tool_mandolin_slicer_set_aRGB_High.jpg","width":2000,"height":2000},{"@type":"BreadcrumbList","@id":"https:\/\/lartusihome.com\/et\/toode\/green-tools-mandolin-slicer\/#breadcrumb","itemListElement":[{"@type":"ListItem","position":1,"name":"Home","item":"https:\/\/lartusihome.com\/et\/"},{"@type":"ListItem","position":2,"name":"Pood","item":"https:\/\/lartusihome.com\/et\/pood\/"},{"@type":"ListItem","position":3,"name":"Green Tools mandoliin"}]},{"@type":"WebSite","@id":"https:\/\/lartusihome.com\/et\/#website","url":"https:\/\/lartusihome.com\/et\/","name":"Lartusihome.com","description":"Kodu \/ sisustus","potentialAction":[{"@type":"SearchAction","target":{"@type":"EntryPoint","urlTemplate":"https:\/\/lartusihome.com\/et\/?s={search_term_string}"},"query-input":{"@type":"PropertyValueSpecification","valueRequired":true,"valueName":"search_term_string"}}],"inLanguage":"et"}]}},"_links":{"self":[{"href":"https:\/\/lartusihome.com\/et\/wp-json\/wp\/v2\/product\/376138"}],"collection":[{"href":"https:\/\/lartusihome.com\/et\/wp-json\/wp\/v2\/product"}],"about":[{"href":"https:\/\/lartusihome.com\/et\/wp-json\/wp\/v2\/types\/product"}],"wp:featuredmedia":[{"embeddable":true,"href":"https:\/\/lartusihome.com\/et\/wp-json\/wp\/v2\/media\/376083"}],"wp:attachment":[{"href":"https:\/\/lartusihome.com\/et\/wp-json\/wp\/v2\/media?parent=376138"}],"wp:term":[{"taxonomy":"product_cat","embeddable":true,"href":"https:\/\/lartusihome.com\/et\/wp-json\/wp\/v2\/product_cat?post=376138"},{"taxonomy":"product_tag","embeddable":true,"href":"https:\/\/lartusihome.com\/et\/wp-json\/wp\/v2\/product_tag?post=376138"},{"taxonomy":"giftcard-category","embeddable":true,"href":"https:\/\/lartusihome.com\/et\/wp-json\/wp\/v2\/giftcard-category?post=376138"}],"curies":[{"name":"wp","href":"https:\/\/api.w.org\/{rel}","templated":true}]}}