{"id":375391,"date":"2024-09-25T14:32:43","date_gmt":"2024-09-25T11:32:43","guid":{"rendered":"https:\/\/lartusihome.com\/product\/porta-table-lamp-white\/"},"modified":"2024-09-25T14:33:38","modified_gmt":"2024-09-25T11:33:38","slug":"porta-table-lamp-white","status":"publish","type":"product","link":"https:\/\/lartusihome.com\/et\/toode\/porta-table-lamp-white\/","title":{"rendered":"Porta laetav laualamp, valge"},"content":{"rendered":"<p>Valgustil on integreeritud, laetav, madala energiatarbega LED-valgusallikas, millel on 3 valgustugevuse taset: 100%, 40% ja 10% ning p\u00f5lemisaeg vastavalt 20 tundi, 60 tundi ja 120 tundi.<\/p>\n<p>Komplekti kuulub 1m USB-C laadimiskaabel.<\/p>\n<p>Materjal: ABS plastik ja akr\u00fc\u00fcl<\/p>\n<p>K\u00f5rgus: 23,5 cm<\/p>\n<p>Laius: 20,2 cm<\/p>\n<p>Pikkus: 11,2 cm<\/p>\n","protected":false},"excerpt":{"rendered":"<p>Valgustil on integreeritud, laetav, madala energiatarbega LED-valgusallikas, millel on 3 valgustugevuse taset: 100%, 40% ja 10% ning p\u00f5lemisaeg vastavalt 20 tundi, 60 tundi ja 120 tundi. Komplekti kuulub 1m USB-C laadimiskaabel. Materjal: ABS plastik ja akr\u00fc\u00fcl K\u00f5rgus: 23,5 cm Laius: 20,2 cm Pikkus: 11,2 cm<\/p>\n","protected":false},"featured_media":375344,"template":"","meta":{"_acf_changed":false,"inline_featured_image":false},"product_cat":[24570,22648,22612,5273,3257],"product_tag":[],"giftcard-category":[],"class_list":{"0":"post-375391","1":"product","2":"type-product","3":"status-publish","4":"has-post-thumbnail","6":"product_cat-laetavad-lambid","7":"product_cat-valimoobel","8":"product_cat-valgustid-ja-laternad-sisekujundus","9":"product_cat-moobel","10":"product_cat-valgustid","11":"pa_brand-normann-copenhagen-et","12":"pa_collection-porta","14":"first","15":"onbackorder","16":"shipping-taxable","17":"purchasable","18":"product-type-simple"},"acf":[],"yoast_head":"<!-- This site is optimized with the Yoast SEO plugin v25.6 - https:\/\/yoast.com\/wordpress\/plugins\/seo\/ -->\n<title>Porta laetav laualamp, valge - Lartusihome.com<\/title>\n<meta name=\"robots\" content=\"index, follow, max-snippet:-1, max-image-preview:large, max-video-preview:-1\" \/>\n<link rel=\"canonical\" href=\"https:\/\/lartusihome.com\/et\/toode\/porta-table-lamp-white\/\" \/>\n<meta property=\"og:locale\" content=\"et_EE\" \/>\n<meta property=\"og:type\" content=\"article\" \/>\n<meta property=\"og:title\" content=\"Porta laetav laualamp, valge - Lartusihome.com\" \/>\n<meta property=\"og:description\" content=\"Valgustil on integreeritud, laetav, madala energiatarbega LED-valgusallikas, millel on 3 valgustugevuse taset: 100%, 40% ja 10% ning p\u00f5lemisaeg vastavalt 20 tundi, 60 tundi ja 120 tundi. Komplekti kuulub 1m USB-C laadimiskaabel. Materjal: ABS plastik ja akr\u00fc\u00fcl K\u00f5rgus: 23,5 cm Laius: 20,2 cm Pikkus: 11,2 cm\" \/>\n<meta property=\"og:url\" content=\"https:\/\/lartusihome.com\/et\/toode\/porta-table-lamp-white\/\" \/>\n<meta property=\"og:site_name\" content=\"Lartusihome.com\" \/>\n<meta property=\"article:publisher\" content=\"https:\/\/www.facebook.com\/lartusihome\/\" \/>\n<meta property=\"article:modified_time\" content=\"2024-09-25T11:33:38+00:00\" \/>\n<meta property=\"og:image\" content=\"https:\/\/lartusihome.com\/wp-content\/uploads\/2024\/09\/510111_Porta_Table_Lamp_White_03.jpg\" \/>\n\t<meta property=\"og:image:width\" content=\"2000\" \/>\n\t<meta property=\"og:image:height\" content=\"2000\" \/>\n\t<meta property=\"og:image:type\" content=\"image\/jpeg\" \/>\n<meta name=\"twitter:card\" content=\"summary_large_image\" \/>\n<meta name=\"twitter:label1\" content=\"Est. reading time\" \/>\n\t<meta name=\"twitter:data1\" content=\"1 minut\" \/>\n<script type=\"application\/ld+json\" class=\"yoast-schema-graph\">{\"@context\":\"https:\/\/schema.org\",\"@graph\":[{\"@type\":\"WebPage\",\"@id\":\"https:\/\/lartusihome.com\/et\/toode\/porta-table-lamp-white\/\",\"url\":\"https:\/\/lartusihome.com\/et\/toode\/porta-table-lamp-white\/\",\"name\":\"Porta laetav laualamp, valge - Lartusihome.com\",\"isPartOf\":{\"@id\":\"https:\/\/lartusihome.com\/et\/#website\"},\"primaryImageOfPage\":{\"@id\":\"https:\/\/lartusihome.com\/et\/toode\/porta-table-lamp-white\/#primaryimage\"},\"image\":{\"@id\":\"https:\/\/lartusihome.com\/et\/toode\/porta-table-lamp-white\/#primaryimage\"},\"thumbnailUrl\":\"https:\/\/lartusihome.com\/wp-content\/uploads\/2024\/09\/510111_Porta_Table_Lamp_White_03.jpg\",\"datePublished\":\"2024-09-25T11:32:43+00:00\",\"dateModified\":\"2024-09-25T11:33:38+00:00\",\"breadcrumb\":{\"@id\":\"https:\/\/lartusihome.com\/et\/toode\/porta-table-lamp-white\/#breadcrumb\"},\"inLanguage\":\"et\",\"potentialAction\":[{\"@type\":\"ReadAction\",\"target\":[\"https:\/\/lartusihome.com\/et\/toode\/porta-table-lamp-white\/\"]}]},{\"@type\":\"ImageObject\",\"inLanguage\":\"et\",\"@id\":\"https:\/\/lartusihome.com\/et\/toode\/porta-table-lamp-white\/#primaryimage\",\"url\":\"https:\/\/lartusihome.com\/wp-content\/uploads\/2024\/09\/510111_Porta_Table_Lamp_White_03.jpg\",\"contentUrl\":\"https:\/\/lartusihome.com\/wp-content\/uploads\/2024\/09\/510111_Porta_Table_Lamp_White_03.jpg\",\"width\":2000,\"height\":2000},{\"@type\":\"BreadcrumbList\",\"@id\":\"https:\/\/lartusihome.com\/et\/toode\/porta-table-lamp-white\/#breadcrumb\",\"itemListElement\":[{\"@type\":\"ListItem\",\"position\":1,\"name\":\"Home\",\"item\":\"https:\/\/lartusihome.com\/et\/\"},{\"@type\":\"ListItem\",\"position\":2,\"name\":\"Pood\",\"item\":\"https:\/\/lartusihome.com\/et\/pood\/\"},{\"@type\":\"ListItem\",\"position\":3,\"name\":\"Porta laetav laualamp, valge\"}]},{\"@type\":\"WebSite\",\"@id\":\"https:\/\/lartusihome.com\/et\/#website\",\"url\":\"https:\/\/lartusihome.com\/et\/\",\"name\":\"Lartusihome.com\",\"description\":\"Kodu \/ sisustus\",\"potentialAction\":[{\"@type\":\"SearchAction\",\"target\":{\"@type\":\"EntryPoint\",\"urlTemplate\":\"https:\/\/lartusihome.com\/et\/?s={search_term_string}\"},\"query-input\":{\"@type\":\"PropertyValueSpecification\",\"valueRequired\":true,\"valueName\":\"search_term_string\"}}],\"inLanguage\":\"et\"}]}<\/script>\n<!-- \/ Yoast SEO plugin. -->","yoast_head_json":{"title":"Porta laetav laualamp, valge - Lartusihome.com","robots":{"index":"index","follow":"follow","max-snippet":"max-snippet:-1","max-image-preview":"max-image-preview:large","max-video-preview":"max-video-preview:-1"},"canonical":"https:\/\/lartusihome.com\/et\/toode\/porta-table-lamp-white\/","og_locale":"et_EE","og_type":"article","og_title":"Porta laetav laualamp, valge - Lartusihome.com","og_description":"Valgustil on integreeritud, laetav, madala energiatarbega LED-valgusallikas, millel on 3 valgustugevuse taset: 100%, 40% ja 10% ning p\u00f5lemisaeg vastavalt 20 tundi, 60 tundi ja 120 tundi. Komplekti kuulub 1m USB-C laadimiskaabel. Materjal: ABS plastik ja akr\u00fc\u00fcl K\u00f5rgus: 23,5 cm Laius: 20,2 cm Pikkus: 11,2 cm","og_url":"https:\/\/lartusihome.com\/et\/toode\/porta-table-lamp-white\/","og_site_name":"Lartusihome.com","article_publisher":"https:\/\/www.facebook.com\/lartusihome\/","article_modified_time":"2024-09-25T11:33:38+00:00","og_image":[{"width":2000,"height":2000,"url":"https:\/\/lartusihome.com\/wp-content\/uploads\/2024\/09\/510111_Porta_Table_Lamp_White_03.jpg","type":"image\/jpeg"}],"twitter_card":"summary_large_image","twitter_misc":{"Est. reading time":"1 minut"},"schema":{"@context":"https:\/\/schema.org","@graph":[{"@type":"WebPage","@id":"https:\/\/lartusihome.com\/et\/toode\/porta-table-lamp-white\/","url":"https:\/\/lartusihome.com\/et\/toode\/porta-table-lamp-white\/","name":"Porta laetav laualamp, valge - Lartusihome.com","isPartOf":{"@id":"https:\/\/lartusihome.com\/et\/#website"},"primaryImageOfPage":{"@id":"https:\/\/lartusihome.com\/et\/toode\/porta-table-lamp-white\/#primaryimage"},"image":{"@id":"https:\/\/lartusihome.com\/et\/toode\/porta-table-lamp-white\/#primaryimage"},"thumbnailUrl":"https:\/\/lartusihome.com\/wp-content\/uploads\/2024\/09\/510111_Porta_Table_Lamp_White_03.jpg","datePublished":"2024-09-25T11:32:43+00:00","dateModified":"2024-09-25T11:33:38+00:00","breadcrumb":{"@id":"https:\/\/lartusihome.com\/et\/toode\/porta-table-lamp-white\/#breadcrumb"},"inLanguage":"et","potentialAction":[{"@type":"ReadAction","target":["https:\/\/lartusihome.com\/et\/toode\/porta-table-lamp-white\/"]}]},{"@type":"ImageObject","inLanguage":"et","@id":"https:\/\/lartusihome.com\/et\/toode\/porta-table-lamp-white\/#primaryimage","url":"https:\/\/lartusihome.com\/wp-content\/uploads\/2024\/09\/510111_Porta_Table_Lamp_White_03.jpg","contentUrl":"https:\/\/lartusihome.com\/wp-content\/uploads\/2024\/09\/510111_Porta_Table_Lamp_White_03.jpg","width":2000,"height":2000},{"@type":"BreadcrumbList","@id":"https:\/\/lartusihome.com\/et\/toode\/porta-table-lamp-white\/#breadcrumb","itemListElement":[{"@type":"ListItem","position":1,"name":"Home","item":"https:\/\/lartusihome.com\/et\/"},{"@type":"ListItem","position":2,"name":"Pood","item":"https:\/\/lartusihome.com\/et\/pood\/"},{"@type":"ListItem","position":3,"name":"Porta laetav laualamp, valge"}]},{"@type":"WebSite","@id":"https:\/\/lartusihome.com\/et\/#website","url":"https:\/\/lartusihome.com\/et\/","name":"Lartusihome.com","description":"Kodu \/ sisustus","potentialAction":[{"@type":"SearchAction","target":{"@type":"EntryPoint","urlTemplate":"https:\/\/lartusihome.com\/et\/?s={search_term_string}"},"query-input":{"@type":"PropertyValueSpecification","valueRequired":true,"valueName":"search_term_string"}}],"inLanguage":"et"}]}},"_links":{"self":[{"href":"https:\/\/lartusihome.com\/et\/wp-json\/wp\/v2\/product\/375391"}],"collection":[{"href":"https:\/\/lartusihome.com\/et\/wp-json\/wp\/v2\/product"}],"about":[{"href":"https:\/\/lartusihome.com\/et\/wp-json\/wp\/v2\/types\/product"}],"wp:featuredmedia":[{"embeddable":true,"href":"https:\/\/lartusihome.com\/et\/wp-json\/wp\/v2\/media\/375344"}],"wp:attachment":[{"href":"https:\/\/lartusihome.com\/et\/wp-json\/wp\/v2\/media?parent=375391"}],"wp:term":[{"taxonomy":"product_cat","embeddable":true,"href":"https:\/\/lartusihome.com\/et\/wp-json\/wp\/v2\/product_cat?post=375391"},{"taxonomy":"product_tag","embeddable":true,"href":"https:\/\/lartusihome.com\/et\/wp-json\/wp\/v2\/product_tag?post=375391"},{"taxonomy":"giftcard-category","embeddable":true,"href":"https:\/\/lartusihome.com\/et\/wp-json\/wp\/v2\/giftcard-category?post=375391"}],"curies":[{"name":"wp","href":"https:\/\/api.w.org\/{rel}","templated":true}]}}