{"id":373125,"date":"2024-09-02T12:51:16","date_gmt":"2024-09-02T09:51:16","guid":{"rendered":"https:\/\/lartusihome.com\/product\/fave-footstool-chrome-spectrum-30160-leather\/"},"modified":"2024-09-02T12:52:49","modified_gmt":"2024-09-02T09:52:49","slug":"fave-footstool-chrome-spectrum-30160-leather","status":"publish","type":"product","link":"https:\/\/lartusihome.com\/et\/toode\/fave-footstool-chrome-spectrum-30160-leather\/","title":{"rendered":"Fave jalapink, kroom\/Spectrum 30160 nahk"},"content":{"rendered":"<p>Materjal: t\u00e4ispuidust ja vineerist karkass, poroloon, metallist raam<\/p>\n<p>Laius: 50 cm<\/p>\n<p>S\u00fcgavus: 56 cm<\/p>\n<p>K\u00f5rgus: 41 cm<\/p>\n<p>Kaal: 6,5 kg<\/p>\n<p>Disainer: Kristian Sofus Hansen ja Tommy Hyldahl, 2024<\/p>\n<p>V\u00f5imalik valida kroomist v\u00f5i mustast metallist raam<\/p>\n<p>V\u00f5imalik valida nahast v\u00f5i kangast polsterdus<\/p>\n<p>Materjalin\u00e4idistega on v\u00f5imalik tutvuda Lartusi Home\u2019is<\/p>\n<p>Tellimusel valmistatavaid tooteid ei ole v\u00f5imalik tagastada<\/p>\n","protected":false},"excerpt":{"rendered":"<p>Materjal: t\u00e4ispuidust ja vineerist karkass, poroloon, metallist raam Laius: 50 cm S\u00fcgavus: 56 cm K\u00f5rgus: 41 cm Kaal: 6,5 kg Disainer: Kristian Sofus Hansen ja Tommy Hyldahl, 2024 V\u00f5imalik valida kroomist v\u00f5i mustast metallist raam V\u00f5imalik valida nahast v\u00f5i kangast polsterdus Materjalin\u00e4idistega on v\u00f5imalik tutvuda Lartusi Home\u2019is Tellimusel valmistatavaid tooteid ei ole v\u00f5imalik tagastada<\/p>\n","protected":false},"featured_media":373115,"template":"","meta":{"_acf_changed":false,"inline_featured_image":false},"product_cat":[24476,5273,3237],"product_tag":[],"giftcard-category":[],"class_list":{"0":"post-373125","1":"product","2":"type-product","3":"status-publish","4":"has-post-thumbnail","6":"product_cat-tugitoolid","7":"product_cat-moobel","8":"product_cat-toolid","9":"product_shipping_class-suur-toode-et","10":"pa_brand-norr11-et","11":"pa_collection-fave","13":"first","14":"onbackorder","15":"shipping-taxable","16":"purchasable","17":"product-type-simple"},"acf":[],"yoast_head":"<!-- This site is optimized with the Yoast SEO plugin v25.6 - https:\/\/yoast.com\/wordpress\/plugins\/seo\/ -->\n<title>Fave jalapink, kroom\/Spectrum 30160 nahk - Lartusihome.com<\/title>\n<meta name=\"robots\" content=\"index, follow, max-snippet:-1, max-image-preview:large, max-video-preview:-1\" \/>\n<link rel=\"canonical\" href=\"https:\/\/lartusihome.com\/et\/toode\/fave-footstool-chrome-spectrum-30160-leather\/\" \/>\n<meta property=\"og:locale\" content=\"et_EE\" \/>\n<meta property=\"og:type\" content=\"article\" \/>\n<meta property=\"og:title\" content=\"Fave jalapink, kroom\/Spectrum 30160 nahk - Lartusihome.com\" \/>\n<meta property=\"og:description\" content=\"Materjal: t\u00e4ispuidust ja vineerist karkass, poroloon, metallist raam Laius: 50 cm S\u00fcgavus: 56 cm K\u00f5rgus: 41 cm Kaal: 6,5 kg Disainer: Kristian Sofus Hansen ja Tommy Hyldahl, 2024 V\u00f5imalik valida kroomist v\u00f5i mustast metallist raam V\u00f5imalik valida nahast v\u00f5i kangast polsterdus Materjalin\u00e4idistega on v\u00f5imalik tutvuda Lartusi Home\u2019is Tellimusel valmistatavaid tooteid ei ole v\u00f5imalik tagastada\" \/>\n<meta property=\"og:url\" content=\"https:\/\/lartusihome.com\/et\/toode\/fave-footstool-chrome-spectrum-30160-leather\/\" \/>\n<meta property=\"og:site_name\" content=\"Lartusihome.com\" \/>\n<meta property=\"article:publisher\" content=\"https:\/\/www.facebook.com\/lartusihome\/\" \/>\n<meta property=\"article:modified_time\" content=\"2024-09-02T09:52:49+00:00\" \/>\n<meta property=\"og:image\" content=\"https:\/\/lartusihome.com\/wp-content\/uploads\/2024\/09\/Fave-Footstool_Chrome_Spectrum-Mineral_NORR11.jpg\" \/>\n\t<meta property=\"og:image:width\" content=\"2000\" \/>\n\t<meta property=\"og:image:height\" content=\"2000\" \/>\n\t<meta property=\"og:image:type\" content=\"image\/jpeg\" \/>\n<meta name=\"twitter:card\" content=\"summary_large_image\" \/>\n<meta name=\"twitter:label1\" content=\"Est. reading time\" \/>\n\t<meta name=\"twitter:data1\" content=\"1 minut\" \/>\n<script type=\"application\/ld+json\" class=\"yoast-schema-graph\">{\"@context\":\"https:\/\/schema.org\",\"@graph\":[{\"@type\":\"WebPage\",\"@id\":\"https:\/\/lartusihome.com\/et\/toode\/fave-footstool-chrome-spectrum-30160-leather\/\",\"url\":\"https:\/\/lartusihome.com\/et\/toode\/fave-footstool-chrome-spectrum-30160-leather\/\",\"name\":\"Fave jalapink, kroom\/Spectrum 30160 nahk - Lartusihome.com\",\"isPartOf\":{\"@id\":\"https:\/\/lartusihome.com\/et\/#website\"},\"primaryImageOfPage\":{\"@id\":\"https:\/\/lartusihome.com\/et\/toode\/fave-footstool-chrome-spectrum-30160-leather\/#primaryimage\"},\"image\":{\"@id\":\"https:\/\/lartusihome.com\/et\/toode\/fave-footstool-chrome-spectrum-30160-leather\/#primaryimage\"},\"thumbnailUrl\":\"https:\/\/lartusihome.com\/wp-content\/uploads\/2024\/09\/Fave-Footstool_Chrome_Spectrum-Mineral_NORR11.jpg\",\"datePublished\":\"2024-09-02T09:51:16+00:00\",\"dateModified\":\"2024-09-02T09:52:49+00:00\",\"breadcrumb\":{\"@id\":\"https:\/\/lartusihome.com\/et\/toode\/fave-footstool-chrome-spectrum-30160-leather\/#breadcrumb\"},\"inLanguage\":\"et\",\"potentialAction\":[{\"@type\":\"ReadAction\",\"target\":[\"https:\/\/lartusihome.com\/et\/toode\/fave-footstool-chrome-spectrum-30160-leather\/\"]}]},{\"@type\":\"ImageObject\",\"inLanguage\":\"et\",\"@id\":\"https:\/\/lartusihome.com\/et\/toode\/fave-footstool-chrome-spectrum-30160-leather\/#primaryimage\",\"url\":\"https:\/\/lartusihome.com\/wp-content\/uploads\/2024\/09\/Fave-Footstool_Chrome_Spectrum-Mineral_NORR11.jpg\",\"contentUrl\":\"https:\/\/lartusihome.com\/wp-content\/uploads\/2024\/09\/Fave-Footstool_Chrome_Spectrum-Mineral_NORR11.jpg\",\"width\":2000,\"height\":2000},{\"@type\":\"BreadcrumbList\",\"@id\":\"https:\/\/lartusihome.com\/et\/toode\/fave-footstool-chrome-spectrum-30160-leather\/#breadcrumb\",\"itemListElement\":[{\"@type\":\"ListItem\",\"position\":1,\"name\":\"Home\",\"item\":\"https:\/\/lartusihome.com\/et\/\"},{\"@type\":\"ListItem\",\"position\":2,\"name\":\"Pood\",\"item\":\"https:\/\/lartusihome.com\/et\/pood\/\"},{\"@type\":\"ListItem\",\"position\":3,\"name\":\"Fave jalapink, kroom\/Spectrum 30160 nahk\"}]},{\"@type\":\"WebSite\",\"@id\":\"https:\/\/lartusihome.com\/et\/#website\",\"url\":\"https:\/\/lartusihome.com\/et\/\",\"name\":\"Lartusihome.com\",\"description\":\"Kodu \/ sisustus\",\"potentialAction\":[{\"@type\":\"SearchAction\",\"target\":{\"@type\":\"EntryPoint\",\"urlTemplate\":\"https:\/\/lartusihome.com\/et\/?s={search_term_string}\"},\"query-input\":{\"@type\":\"PropertyValueSpecification\",\"valueRequired\":true,\"valueName\":\"search_term_string\"}}],\"inLanguage\":\"et\"}]}<\/script>\n<!-- \/ Yoast SEO plugin. -->","yoast_head_json":{"title":"Fave jalapink, kroom\/Spectrum 30160 nahk - Lartusihome.com","robots":{"index":"index","follow":"follow","max-snippet":"max-snippet:-1","max-image-preview":"max-image-preview:large","max-video-preview":"max-video-preview:-1"},"canonical":"https:\/\/lartusihome.com\/et\/toode\/fave-footstool-chrome-spectrum-30160-leather\/","og_locale":"et_EE","og_type":"article","og_title":"Fave jalapink, kroom\/Spectrum 30160 nahk - Lartusihome.com","og_description":"Materjal: t\u00e4ispuidust ja vineerist karkass, poroloon, metallist raam Laius: 50 cm S\u00fcgavus: 56 cm K\u00f5rgus: 41 cm Kaal: 6,5 kg Disainer: Kristian Sofus Hansen ja Tommy Hyldahl, 2024 V\u00f5imalik valida kroomist v\u00f5i mustast metallist raam V\u00f5imalik valida nahast v\u00f5i kangast polsterdus Materjalin\u00e4idistega on v\u00f5imalik tutvuda Lartusi Home\u2019is Tellimusel valmistatavaid tooteid ei ole v\u00f5imalik tagastada","og_url":"https:\/\/lartusihome.com\/et\/toode\/fave-footstool-chrome-spectrum-30160-leather\/","og_site_name":"Lartusihome.com","article_publisher":"https:\/\/www.facebook.com\/lartusihome\/","article_modified_time":"2024-09-02T09:52:49+00:00","og_image":[{"width":2000,"height":2000,"url":"https:\/\/lartusihome.com\/wp-content\/uploads\/2024\/09\/Fave-Footstool_Chrome_Spectrum-Mineral_NORR11.jpg","type":"image\/jpeg"}],"twitter_card":"summary_large_image","twitter_misc":{"Est. reading time":"1 minut"},"schema":{"@context":"https:\/\/schema.org","@graph":[{"@type":"WebPage","@id":"https:\/\/lartusihome.com\/et\/toode\/fave-footstool-chrome-spectrum-30160-leather\/","url":"https:\/\/lartusihome.com\/et\/toode\/fave-footstool-chrome-spectrum-30160-leather\/","name":"Fave jalapink, kroom\/Spectrum 30160 nahk - Lartusihome.com","isPartOf":{"@id":"https:\/\/lartusihome.com\/et\/#website"},"primaryImageOfPage":{"@id":"https:\/\/lartusihome.com\/et\/toode\/fave-footstool-chrome-spectrum-30160-leather\/#primaryimage"},"image":{"@id":"https:\/\/lartusihome.com\/et\/toode\/fave-footstool-chrome-spectrum-30160-leather\/#primaryimage"},"thumbnailUrl":"https:\/\/lartusihome.com\/wp-content\/uploads\/2024\/09\/Fave-Footstool_Chrome_Spectrum-Mineral_NORR11.jpg","datePublished":"2024-09-02T09:51:16+00:00","dateModified":"2024-09-02T09:52:49+00:00","breadcrumb":{"@id":"https:\/\/lartusihome.com\/et\/toode\/fave-footstool-chrome-spectrum-30160-leather\/#breadcrumb"},"inLanguage":"et","potentialAction":[{"@type":"ReadAction","target":["https:\/\/lartusihome.com\/et\/toode\/fave-footstool-chrome-spectrum-30160-leather\/"]}]},{"@type":"ImageObject","inLanguage":"et","@id":"https:\/\/lartusihome.com\/et\/toode\/fave-footstool-chrome-spectrum-30160-leather\/#primaryimage","url":"https:\/\/lartusihome.com\/wp-content\/uploads\/2024\/09\/Fave-Footstool_Chrome_Spectrum-Mineral_NORR11.jpg","contentUrl":"https:\/\/lartusihome.com\/wp-content\/uploads\/2024\/09\/Fave-Footstool_Chrome_Spectrum-Mineral_NORR11.jpg","width":2000,"height":2000},{"@type":"BreadcrumbList","@id":"https:\/\/lartusihome.com\/et\/toode\/fave-footstool-chrome-spectrum-30160-leather\/#breadcrumb","itemListElement":[{"@type":"ListItem","position":1,"name":"Home","item":"https:\/\/lartusihome.com\/et\/"},{"@type":"ListItem","position":2,"name":"Pood","item":"https:\/\/lartusihome.com\/et\/pood\/"},{"@type":"ListItem","position":3,"name":"Fave jalapink, kroom\/Spectrum 30160 nahk"}]},{"@type":"WebSite","@id":"https:\/\/lartusihome.com\/et\/#website","url":"https:\/\/lartusihome.com\/et\/","name":"Lartusihome.com","description":"Kodu \/ sisustus","potentialAction":[{"@type":"SearchAction","target":{"@type":"EntryPoint","urlTemplate":"https:\/\/lartusihome.com\/et\/?s={search_term_string}"},"query-input":{"@type":"PropertyValueSpecification","valueRequired":true,"valueName":"search_term_string"}}],"inLanguage":"et"}]}},"_links":{"self":[{"href":"https:\/\/lartusihome.com\/et\/wp-json\/wp\/v2\/product\/373125"}],"collection":[{"href":"https:\/\/lartusihome.com\/et\/wp-json\/wp\/v2\/product"}],"about":[{"href":"https:\/\/lartusihome.com\/et\/wp-json\/wp\/v2\/types\/product"}],"wp:featuredmedia":[{"embeddable":true,"href":"https:\/\/lartusihome.com\/et\/wp-json\/wp\/v2\/media\/373115"}],"wp:attachment":[{"href":"https:\/\/lartusihome.com\/et\/wp-json\/wp\/v2\/media?parent=373125"}],"wp:term":[{"taxonomy":"product_cat","embeddable":true,"href":"https:\/\/lartusihome.com\/et\/wp-json\/wp\/v2\/product_cat?post=373125"},{"taxonomy":"product_tag","embeddable":true,"href":"https:\/\/lartusihome.com\/et\/wp-json\/wp\/v2\/product_tag?post=373125"},{"taxonomy":"giftcard-category","embeddable":true,"href":"https:\/\/lartusihome.com\/et\/wp-json\/wp\/v2\/giftcard-category?post=373125"}],"curies":[{"name":"wp","href":"https:\/\/api.w.org\/{rel}","templated":true}]}}