{"id":372058,"date":"2024-08-26T17:21:40","date_gmt":"2024-08-26T14:21:40","guid":{"rendered":"https:\/\/lartusihome.com\/product\/warm-tonka-scented-candle-340g-32h\/"},"modified":"2024-08-26T17:24:36","modified_gmt":"2024-08-26T14:24:36","slug":"warm-tonka-scented-candle-340g-32h","status":"publish","type":"product","link":"https:\/\/lartusihome.com\/et\/toode\/warm-tonka-scented-candle-340g-32h\/","title":{"rendered":"Warm Tonka l\u00f5hnak\u00fc\u00fcnal 340g, 32h"},"content":{"rendered":"<p>K\u00f5rgus: 7,5 cm<\/p>\n<p>Diameeter: 10 cm<\/p>\n<p>L\u00f5hnanoodid: ambra, muskus, greip ja mandariin<\/p>\n<p>Tahte: 4<\/p>\n<p>Materjal: <span class=\"Y2IQFc\" lang=\"et\">rapsi\u00f5li, parafiin, puuvill<\/span><\/p>\n<p>&nbsp;<\/p>\n","protected":false},"excerpt":{"rendered":"<p>K\u00f5rgus: 7,5 cm Diameeter: 10 cm L\u00f5hnanoodid: ambra, muskus, greip ja mandariin Tahte: 4 Materjal: rapsi\u00f5li, parafiin, puuvill &nbsp;<\/p>\n","protected":false},"featured_media":372051,"template":"","meta":{"_acf_changed":false,"inline_featured_image":false},"product_cat":[24125,22606,4365,1281],"product_tag":[],"giftcard-category":[],"class_list":{"0":"post-372058","1":"product","2":"type-product","3":"status-publish","4":"has-post-thumbnail","6":"product_cat-aksessuaarid-et","7":"product_cat-allahindlus","8":"product_cat-aksessuaarid","9":"product_cat-kuunlad","10":"pa_brand-meraki","11":"pa_collection-warm-tonka","13":"first","14":"instock","15":"sale","16":"shipping-taxable","17":"purchasable","18":"product-type-simple"},"acf":[],"yoast_head":"<!-- This site is optimized with the Yoast SEO plugin v25.6 - https:\/\/yoast.com\/wordpress\/plugins\/seo\/ -->\n<title>Warm Tonka l\u00f5hnak\u00fc\u00fcnal 340g, 32h - Lartusihome.com<\/title>\n<meta name=\"robots\" content=\"index, follow, max-snippet:-1, max-image-preview:large, max-video-preview:-1\" \/>\n<link rel=\"canonical\" href=\"https:\/\/lartusihome.com\/et\/toode\/warm-tonka-scented-candle-340g-32h\/\" \/>\n<meta property=\"og:locale\" content=\"et_EE\" \/>\n<meta property=\"og:type\" content=\"article\" \/>\n<meta property=\"og:title\" content=\"Warm Tonka l\u00f5hnak\u00fc\u00fcnal 340g, 32h - Lartusihome.com\" \/>\n<meta property=\"og:description\" content=\"K\u00f5rgus: 7,5 cm Diameeter: 10 cm L\u00f5hnanoodid: ambra, muskus, greip ja mandariin Tahte: 4 Materjal: rapsi\u00f5li, parafiin, puuvill &nbsp;\" \/>\n<meta property=\"og:url\" content=\"https:\/\/lartusihome.com\/et\/toode\/warm-tonka-scented-candle-340g-32h\/\" \/>\n<meta property=\"og:site_name\" content=\"Lartusihome.com\" \/>\n<meta property=\"article:publisher\" content=\"https:\/\/www.facebook.com\/lartusihome\/\" \/>\n<meta property=\"article:modified_time\" content=\"2024-08-26T14:24:36+00:00\" \/>\n<meta property=\"og:image\" content=\"https:\/\/lartusihome.com\/wp-content\/uploads\/2024\/08\/366650304_01.jpg\" \/>\n\t<meta property=\"og:image:width\" content=\"2000\" \/>\n\t<meta property=\"og:image:height\" content=\"2000\" \/>\n\t<meta property=\"og:image:type\" content=\"image\/jpeg\" \/>\n<meta name=\"twitter:card\" content=\"summary_large_image\" \/>\n<meta name=\"twitter:label1\" content=\"Est. reading time\" \/>\n\t<meta name=\"twitter:data1\" content=\"1 minut\" \/>\n<script type=\"application\/ld+json\" class=\"yoast-schema-graph\">{\"@context\":\"https:\/\/schema.org\",\"@graph\":[{\"@type\":\"WebPage\",\"@id\":\"https:\/\/lartusihome.com\/et\/toode\/warm-tonka-scented-candle-340g-32h\/\",\"url\":\"https:\/\/lartusihome.com\/et\/toode\/warm-tonka-scented-candle-340g-32h\/\",\"name\":\"Warm Tonka l\u00f5hnak\u00fc\u00fcnal 340g, 32h - Lartusihome.com\",\"isPartOf\":{\"@id\":\"https:\/\/lartusihome.com\/et\/#website\"},\"primaryImageOfPage\":{\"@id\":\"https:\/\/lartusihome.com\/et\/toode\/warm-tonka-scented-candle-340g-32h\/#primaryimage\"},\"image\":{\"@id\":\"https:\/\/lartusihome.com\/et\/toode\/warm-tonka-scented-candle-340g-32h\/#primaryimage\"},\"thumbnailUrl\":\"https:\/\/lartusihome.com\/wp-content\/uploads\/2024\/08\/366650304_01.jpg\",\"datePublished\":\"2024-08-26T14:21:40+00:00\",\"dateModified\":\"2024-08-26T14:24:36+00:00\",\"breadcrumb\":{\"@id\":\"https:\/\/lartusihome.com\/et\/toode\/warm-tonka-scented-candle-340g-32h\/#breadcrumb\"},\"inLanguage\":\"et\",\"potentialAction\":[{\"@type\":\"ReadAction\",\"target\":[\"https:\/\/lartusihome.com\/et\/toode\/warm-tonka-scented-candle-340g-32h\/\"]}]},{\"@type\":\"ImageObject\",\"inLanguage\":\"et\",\"@id\":\"https:\/\/lartusihome.com\/et\/toode\/warm-tonka-scented-candle-340g-32h\/#primaryimage\",\"url\":\"https:\/\/lartusihome.com\/wp-content\/uploads\/2024\/08\/366650304_01.jpg\",\"contentUrl\":\"https:\/\/lartusihome.com\/wp-content\/uploads\/2024\/08\/366650304_01.jpg\",\"width\":2000,\"height\":2000},{\"@type\":\"BreadcrumbList\",\"@id\":\"https:\/\/lartusihome.com\/et\/toode\/warm-tonka-scented-candle-340g-32h\/#breadcrumb\",\"itemListElement\":[{\"@type\":\"ListItem\",\"position\":1,\"name\":\"Home\",\"item\":\"https:\/\/lartusihome.com\/et\/\"},{\"@type\":\"ListItem\",\"position\":2,\"name\":\"Pood\",\"item\":\"https:\/\/lartusihome.com\/et\/pood\/\"},{\"@type\":\"ListItem\",\"position\":3,\"name\":\"Warm Tonka l\u00f5hnak\u00fc\u00fcnal 340g, 32h\"}]},{\"@type\":\"WebSite\",\"@id\":\"https:\/\/lartusihome.com\/et\/#website\",\"url\":\"https:\/\/lartusihome.com\/et\/\",\"name\":\"Lartusihome.com\",\"description\":\"Kodu \/ sisustus\",\"potentialAction\":[{\"@type\":\"SearchAction\",\"target\":{\"@type\":\"EntryPoint\",\"urlTemplate\":\"https:\/\/lartusihome.com\/et\/?s={search_term_string}\"},\"query-input\":{\"@type\":\"PropertyValueSpecification\",\"valueRequired\":true,\"valueName\":\"search_term_string\"}}],\"inLanguage\":\"et\"}]}<\/script>\n<!-- \/ Yoast SEO plugin. -->","yoast_head_json":{"title":"Warm Tonka l\u00f5hnak\u00fc\u00fcnal 340g, 32h - Lartusihome.com","robots":{"index":"index","follow":"follow","max-snippet":"max-snippet:-1","max-image-preview":"max-image-preview:large","max-video-preview":"max-video-preview:-1"},"canonical":"https:\/\/lartusihome.com\/et\/toode\/warm-tonka-scented-candle-340g-32h\/","og_locale":"et_EE","og_type":"article","og_title":"Warm Tonka l\u00f5hnak\u00fc\u00fcnal 340g, 32h - Lartusihome.com","og_description":"K\u00f5rgus: 7,5 cm Diameeter: 10 cm L\u00f5hnanoodid: ambra, muskus, greip ja mandariin Tahte: 4 Materjal: rapsi\u00f5li, parafiin, puuvill &nbsp;","og_url":"https:\/\/lartusihome.com\/et\/toode\/warm-tonka-scented-candle-340g-32h\/","og_site_name":"Lartusihome.com","article_publisher":"https:\/\/www.facebook.com\/lartusihome\/","article_modified_time":"2024-08-26T14:24:36+00:00","og_image":[{"width":2000,"height":2000,"url":"https:\/\/lartusihome.com\/wp-content\/uploads\/2024\/08\/366650304_01.jpg","type":"image\/jpeg"}],"twitter_card":"summary_large_image","twitter_misc":{"Est. reading time":"1 minut"},"schema":{"@context":"https:\/\/schema.org","@graph":[{"@type":"WebPage","@id":"https:\/\/lartusihome.com\/et\/toode\/warm-tonka-scented-candle-340g-32h\/","url":"https:\/\/lartusihome.com\/et\/toode\/warm-tonka-scented-candle-340g-32h\/","name":"Warm Tonka l\u00f5hnak\u00fc\u00fcnal 340g, 32h - Lartusihome.com","isPartOf":{"@id":"https:\/\/lartusihome.com\/et\/#website"},"primaryImageOfPage":{"@id":"https:\/\/lartusihome.com\/et\/toode\/warm-tonka-scented-candle-340g-32h\/#primaryimage"},"image":{"@id":"https:\/\/lartusihome.com\/et\/toode\/warm-tonka-scented-candle-340g-32h\/#primaryimage"},"thumbnailUrl":"https:\/\/lartusihome.com\/wp-content\/uploads\/2024\/08\/366650304_01.jpg","datePublished":"2024-08-26T14:21:40+00:00","dateModified":"2024-08-26T14:24:36+00:00","breadcrumb":{"@id":"https:\/\/lartusihome.com\/et\/toode\/warm-tonka-scented-candle-340g-32h\/#breadcrumb"},"inLanguage":"et","potentialAction":[{"@type":"ReadAction","target":["https:\/\/lartusihome.com\/et\/toode\/warm-tonka-scented-candle-340g-32h\/"]}]},{"@type":"ImageObject","inLanguage":"et","@id":"https:\/\/lartusihome.com\/et\/toode\/warm-tonka-scented-candle-340g-32h\/#primaryimage","url":"https:\/\/lartusihome.com\/wp-content\/uploads\/2024\/08\/366650304_01.jpg","contentUrl":"https:\/\/lartusihome.com\/wp-content\/uploads\/2024\/08\/366650304_01.jpg","width":2000,"height":2000},{"@type":"BreadcrumbList","@id":"https:\/\/lartusihome.com\/et\/toode\/warm-tonka-scented-candle-340g-32h\/#breadcrumb","itemListElement":[{"@type":"ListItem","position":1,"name":"Home","item":"https:\/\/lartusihome.com\/et\/"},{"@type":"ListItem","position":2,"name":"Pood","item":"https:\/\/lartusihome.com\/et\/pood\/"},{"@type":"ListItem","position":3,"name":"Warm Tonka l\u00f5hnak\u00fc\u00fcnal 340g, 32h"}]},{"@type":"WebSite","@id":"https:\/\/lartusihome.com\/et\/#website","url":"https:\/\/lartusihome.com\/et\/","name":"Lartusihome.com","description":"Kodu \/ sisustus","potentialAction":[{"@type":"SearchAction","target":{"@type":"EntryPoint","urlTemplate":"https:\/\/lartusihome.com\/et\/?s={search_term_string}"},"query-input":{"@type":"PropertyValueSpecification","valueRequired":true,"valueName":"search_term_string"}}],"inLanguage":"et"}]}},"_links":{"self":[{"href":"https:\/\/lartusihome.com\/et\/wp-json\/wp\/v2\/product\/372058"}],"collection":[{"href":"https:\/\/lartusihome.com\/et\/wp-json\/wp\/v2\/product"}],"about":[{"href":"https:\/\/lartusihome.com\/et\/wp-json\/wp\/v2\/types\/product"}],"wp:featuredmedia":[{"embeddable":true,"href":"https:\/\/lartusihome.com\/et\/wp-json\/wp\/v2\/media\/372051"}],"wp:attachment":[{"href":"https:\/\/lartusihome.com\/et\/wp-json\/wp\/v2\/media?parent=372058"}],"wp:term":[{"taxonomy":"product_cat","embeddable":true,"href":"https:\/\/lartusihome.com\/et\/wp-json\/wp\/v2\/product_cat?post=372058"},{"taxonomy":"product_tag","embeddable":true,"href":"https:\/\/lartusihome.com\/et\/wp-json\/wp\/v2\/product_tag?post=372058"},{"taxonomy":"giftcard-category","embeddable":true,"href":"https:\/\/lartusihome.com\/et\/wp-json\/wp\/v2\/giftcard-category?post=372058"}],"curies":[{"name":"wp","href":"https:\/\/api.w.org\/{rel}","templated":true}]}}