{"id":365451,"date":"2024-06-17T16:03:13","date_gmt":"2024-06-17T13:03:13","guid":{"rendered":"https:\/\/lartusihome.com\/product\/menhir-espresso-maker-150ml\/"},"modified":"2024-06-17T16:08:00","modified_gmt":"2024-06-17T13:08:00","slug":"menhir-espresso-maker-150ml","status":"publish","type":"product","link":"https:\/\/lartusihome.com\/et\/toode\/menhir-espresso-maker-150ml\/","title":{"rendered":"Menhir espressokann 150ml"},"content":{"rendered":"<p>Materjal: 18\/10 roostevaba teras, k\u00e4epide termoplastist<\/p>\n<p>Mahutavus: 150 ml<\/p>\n<p>K\u00f5rgus: 18 cm<\/p>\n<p>Laius: 7,5 cm<\/p>\n<p>Pikkus: 14 cm<\/p>\n<p>Sobib ka induktsioonile<\/p>\n<p>Ei tohi pesta n\u00f5udepesumasinas<\/p>\n<p>Disainer: Michael Anastassiades<\/p>\n<p>Lihtne kasutada: T\u00e4ida kannu alumine osa k\u00fclma veega (kuni ventiilini). Aseta sinna peale filter ja t\u00e4ida see kohviga (kohvipuru ei tohiks v\u00e4ga kokku pressida). Seej\u00e4rel keera kannu \u00fclemine ja alumine osa kokku ja aseta pliidile.<\/p>\n","protected":false},"excerpt":{"rendered":"<p>Materjal: 18\/10 roostevaba teras, k\u00e4epide termoplastist Mahutavus: 150 ml K\u00f5rgus: 18 cm Laius: 7,5 cm Pikkus: 14 cm Sobib ka induktsioonile Ei tohi pesta n\u00f5udepesumasinas Disainer: Michael Anastassiades Lihtne kasutada: T\u00e4ida kannu alumine osa k\u00fclma veega (kuni ventiilini). Aseta sinna peale filter ja t\u00e4ida see kohviga (kohvipuru ei tohiks v\u00e4ga kokku pressida). Seej\u00e4rel keera kannu&hellip;<\/p>\n","protected":false},"featured_media":365440,"template":"","meta":{"_acf_changed":false,"inline_featured_image":false},"product_cat":[3588,14401,50],"product_tag":[],"giftcard-category":[],"class_list":{"0":"post-365451","1":"product","2":"type-product","3":"status-publish","4":"has-post-thumbnail","6":"product_cat-kook","7":"product_cat-tee-ja-kohvikannud","8":"product_cat-koogitarvikud","9":"pa_brand-alessi","10":"pa_collection-menhir","12":"first","13":"outofstock","14":"shipping-taxable","15":"purchasable","16":"product-type-simple"},"acf":[],"yoast_head":"<!-- This site is optimized with the Yoast SEO plugin v25.6 - https:\/\/yoast.com\/wordpress\/plugins\/seo\/ -->\n<title>Menhir espressokann 150ml - Lartusihome.com<\/title>\n<meta name=\"robots\" content=\"index, follow, max-snippet:-1, max-image-preview:large, max-video-preview:-1\" \/>\n<link rel=\"canonical\" href=\"https:\/\/lartusihome.com\/et\/toode\/menhir-espresso-maker-150ml\/\" \/>\n<meta property=\"og:locale\" content=\"et_EE\" \/>\n<meta property=\"og:type\" content=\"article\" \/>\n<meta property=\"og:title\" content=\"Menhir espressokann 150ml - Lartusihome.com\" \/>\n<meta property=\"og:description\" content=\"Materjal: 18\/10 roostevaba teras, k\u00e4epide termoplastist Mahutavus: 150 ml K\u00f5rgus: 18 cm Laius: 7,5 cm Pikkus: 14 cm Sobib ka induktsioonile Ei tohi pesta n\u00f5udepesumasinas Disainer: Michael Anastassiades Lihtne kasutada: T\u00e4ida kannu alumine osa k\u00fclma veega (kuni ventiilini). Aseta sinna peale filter ja t\u00e4ida see kohviga (kohvipuru ei tohiks v\u00e4ga kokku pressida). Seej\u00e4rel keera kannu&hellip;\" \/>\n<meta property=\"og:url\" content=\"https:\/\/lartusihome.com\/et\/toode\/menhir-espresso-maker-150ml\/\" \/>\n<meta property=\"og:site_name\" content=\"Lartusihome.com\" \/>\n<meta property=\"article:publisher\" content=\"https:\/\/www.facebook.com\/lartusihome\/\" \/>\n<meta property=\"article:modified_time\" content=\"2024-06-17T13:08:00+00:00\" \/>\n<meta property=\"og:image\" content=\"https:\/\/lartusihome.com\/wp-content\/uploads\/2024\/06\/0002_MA01-3_01_1x1_A4_3500pxl.jpg\" \/>\n\t<meta property=\"og:image:width\" content=\"2000\" \/>\n\t<meta property=\"og:image:height\" content=\"2000\" \/>\n\t<meta property=\"og:image:type\" content=\"image\/jpeg\" \/>\n<meta name=\"twitter:card\" content=\"summary_large_image\" \/>\n<meta name=\"twitter:label1\" content=\"Est. reading time\" \/>\n\t<meta name=\"twitter:data1\" content=\"1 minut\" \/>\n<script type=\"application\/ld+json\" class=\"yoast-schema-graph\">{\"@context\":\"https:\/\/schema.org\",\"@graph\":[{\"@type\":\"WebPage\",\"@id\":\"https:\/\/lartusihome.com\/et\/toode\/menhir-espresso-maker-150ml\/\",\"url\":\"https:\/\/lartusihome.com\/et\/toode\/menhir-espresso-maker-150ml\/\",\"name\":\"Menhir espressokann 150ml - Lartusihome.com\",\"isPartOf\":{\"@id\":\"https:\/\/lartusihome.com\/et\/#website\"},\"primaryImageOfPage\":{\"@id\":\"https:\/\/lartusihome.com\/et\/toode\/menhir-espresso-maker-150ml\/#primaryimage\"},\"image\":{\"@id\":\"https:\/\/lartusihome.com\/et\/toode\/menhir-espresso-maker-150ml\/#primaryimage\"},\"thumbnailUrl\":\"https:\/\/lartusihome.com\/wp-content\/uploads\/2024\/06\/0002_MA01-3_01_1x1_A4_3500pxl.jpg\",\"datePublished\":\"2024-06-17T13:03:13+00:00\",\"dateModified\":\"2024-06-17T13:08:00+00:00\",\"breadcrumb\":{\"@id\":\"https:\/\/lartusihome.com\/et\/toode\/menhir-espresso-maker-150ml\/#breadcrumb\"},\"inLanguage\":\"et\",\"potentialAction\":[{\"@type\":\"ReadAction\",\"target\":[\"https:\/\/lartusihome.com\/et\/toode\/menhir-espresso-maker-150ml\/\"]}]},{\"@type\":\"ImageObject\",\"inLanguage\":\"et\",\"@id\":\"https:\/\/lartusihome.com\/et\/toode\/menhir-espresso-maker-150ml\/#primaryimage\",\"url\":\"https:\/\/lartusihome.com\/wp-content\/uploads\/2024\/06\/0002_MA01-3_01_1x1_A4_3500pxl.jpg\",\"contentUrl\":\"https:\/\/lartusihome.com\/wp-content\/uploads\/2024\/06\/0002_MA01-3_01_1x1_A4_3500pxl.jpg\",\"width\":2000,\"height\":2000},{\"@type\":\"BreadcrumbList\",\"@id\":\"https:\/\/lartusihome.com\/et\/toode\/menhir-espresso-maker-150ml\/#breadcrumb\",\"itemListElement\":[{\"@type\":\"ListItem\",\"position\":1,\"name\":\"Home\",\"item\":\"https:\/\/lartusihome.com\/et\/\"},{\"@type\":\"ListItem\",\"position\":2,\"name\":\"Pood\",\"item\":\"https:\/\/lartusihome.com\/et\/pood\/\"},{\"@type\":\"ListItem\",\"position\":3,\"name\":\"Menhir espressokann 150ml\"}]},{\"@type\":\"WebSite\",\"@id\":\"https:\/\/lartusihome.com\/et\/#website\",\"url\":\"https:\/\/lartusihome.com\/et\/\",\"name\":\"Lartusihome.com\",\"description\":\"Kodu \/ sisustus\",\"potentialAction\":[{\"@type\":\"SearchAction\",\"target\":{\"@type\":\"EntryPoint\",\"urlTemplate\":\"https:\/\/lartusihome.com\/et\/?s={search_term_string}\"},\"query-input\":{\"@type\":\"PropertyValueSpecification\",\"valueRequired\":true,\"valueName\":\"search_term_string\"}}],\"inLanguage\":\"et\"}]}<\/script>\n<!-- \/ Yoast SEO plugin. -->","yoast_head_json":{"title":"Menhir espressokann 150ml - Lartusihome.com","robots":{"index":"index","follow":"follow","max-snippet":"max-snippet:-1","max-image-preview":"max-image-preview:large","max-video-preview":"max-video-preview:-1"},"canonical":"https:\/\/lartusihome.com\/et\/toode\/menhir-espresso-maker-150ml\/","og_locale":"et_EE","og_type":"article","og_title":"Menhir espressokann 150ml - Lartusihome.com","og_description":"Materjal: 18\/10 roostevaba teras, k\u00e4epide termoplastist Mahutavus: 150 ml K\u00f5rgus: 18 cm Laius: 7,5 cm Pikkus: 14 cm Sobib ka induktsioonile Ei tohi pesta n\u00f5udepesumasinas Disainer: Michael Anastassiades Lihtne kasutada: T\u00e4ida kannu alumine osa k\u00fclma veega (kuni ventiilini). Aseta sinna peale filter ja t\u00e4ida see kohviga (kohvipuru ei tohiks v\u00e4ga kokku pressida). Seej\u00e4rel keera kannu&hellip;","og_url":"https:\/\/lartusihome.com\/et\/toode\/menhir-espresso-maker-150ml\/","og_site_name":"Lartusihome.com","article_publisher":"https:\/\/www.facebook.com\/lartusihome\/","article_modified_time":"2024-06-17T13:08:00+00:00","og_image":[{"width":2000,"height":2000,"url":"https:\/\/lartusihome.com\/wp-content\/uploads\/2024\/06\/0002_MA01-3_01_1x1_A4_3500pxl.jpg","type":"image\/jpeg"}],"twitter_card":"summary_large_image","twitter_misc":{"Est. reading time":"1 minut"},"schema":{"@context":"https:\/\/schema.org","@graph":[{"@type":"WebPage","@id":"https:\/\/lartusihome.com\/et\/toode\/menhir-espresso-maker-150ml\/","url":"https:\/\/lartusihome.com\/et\/toode\/menhir-espresso-maker-150ml\/","name":"Menhir espressokann 150ml - Lartusihome.com","isPartOf":{"@id":"https:\/\/lartusihome.com\/et\/#website"},"primaryImageOfPage":{"@id":"https:\/\/lartusihome.com\/et\/toode\/menhir-espresso-maker-150ml\/#primaryimage"},"image":{"@id":"https:\/\/lartusihome.com\/et\/toode\/menhir-espresso-maker-150ml\/#primaryimage"},"thumbnailUrl":"https:\/\/lartusihome.com\/wp-content\/uploads\/2024\/06\/0002_MA01-3_01_1x1_A4_3500pxl.jpg","datePublished":"2024-06-17T13:03:13+00:00","dateModified":"2024-06-17T13:08:00+00:00","breadcrumb":{"@id":"https:\/\/lartusihome.com\/et\/toode\/menhir-espresso-maker-150ml\/#breadcrumb"},"inLanguage":"et","potentialAction":[{"@type":"ReadAction","target":["https:\/\/lartusihome.com\/et\/toode\/menhir-espresso-maker-150ml\/"]}]},{"@type":"ImageObject","inLanguage":"et","@id":"https:\/\/lartusihome.com\/et\/toode\/menhir-espresso-maker-150ml\/#primaryimage","url":"https:\/\/lartusihome.com\/wp-content\/uploads\/2024\/06\/0002_MA01-3_01_1x1_A4_3500pxl.jpg","contentUrl":"https:\/\/lartusihome.com\/wp-content\/uploads\/2024\/06\/0002_MA01-3_01_1x1_A4_3500pxl.jpg","width":2000,"height":2000},{"@type":"BreadcrumbList","@id":"https:\/\/lartusihome.com\/et\/toode\/menhir-espresso-maker-150ml\/#breadcrumb","itemListElement":[{"@type":"ListItem","position":1,"name":"Home","item":"https:\/\/lartusihome.com\/et\/"},{"@type":"ListItem","position":2,"name":"Pood","item":"https:\/\/lartusihome.com\/et\/pood\/"},{"@type":"ListItem","position":3,"name":"Menhir espressokann 150ml"}]},{"@type":"WebSite","@id":"https:\/\/lartusihome.com\/et\/#website","url":"https:\/\/lartusihome.com\/et\/","name":"Lartusihome.com","description":"Kodu \/ sisustus","potentialAction":[{"@type":"SearchAction","target":{"@type":"EntryPoint","urlTemplate":"https:\/\/lartusihome.com\/et\/?s={search_term_string}"},"query-input":{"@type":"PropertyValueSpecification","valueRequired":true,"valueName":"search_term_string"}}],"inLanguage":"et"}]}},"_links":{"self":[{"href":"https:\/\/lartusihome.com\/et\/wp-json\/wp\/v2\/product\/365451"}],"collection":[{"href":"https:\/\/lartusihome.com\/et\/wp-json\/wp\/v2\/product"}],"about":[{"href":"https:\/\/lartusihome.com\/et\/wp-json\/wp\/v2\/types\/product"}],"wp:featuredmedia":[{"embeddable":true,"href":"https:\/\/lartusihome.com\/et\/wp-json\/wp\/v2\/media\/365440"}],"wp:attachment":[{"href":"https:\/\/lartusihome.com\/et\/wp-json\/wp\/v2\/media?parent=365451"}],"wp:term":[{"taxonomy":"product_cat","embeddable":true,"href":"https:\/\/lartusihome.com\/et\/wp-json\/wp\/v2\/product_cat?post=365451"},{"taxonomy":"product_tag","embeddable":true,"href":"https:\/\/lartusihome.com\/et\/wp-json\/wp\/v2\/product_tag?post=365451"},{"taxonomy":"giftcard-category","embeddable":true,"href":"https:\/\/lartusihome.com\/et\/wp-json\/wp\/v2\/giftcard-category?post=365451"}],"curies":[{"name":"wp","href":"https:\/\/api.w.org\/{rel}","templated":true}]}}