{"id":364762,"date":"2024-06-07T11:49:34","date_gmt":"2024-06-07T08:49:34","guid":{"rendered":"https:\/\/lartusihome.com\/product\/anti-calc-spray-500ml\/"},"modified":"2025-06-30T21:44:34","modified_gmt":"2025-06-30T18:44:34","slug":"anti-calc-spray-500ml","status":"publish","type":"product","link":"https:\/\/lartusihome.com\/et\/toode\/anti-calc-spray-500ml\/","title":{"rendered":"Katlakivieemaldi 500ml"},"content":{"rendered":"<p>pH: 1,5 &#8211; 2,5<\/p>\n<p>K\u00f6\u00f6gi ja vannitoa valamutelt, segistitelt ja plaatidelt katlakivi eemaldamiseks.<\/p>\n<p>KASUTUSJUHEND: Enne vahendi pinnale pihustamist tehke ala m\u00e4rjaks. Kasutage puhastamiseks j\u00e4medat harja v\u00f5i k\u00e4sna. Parima tulemuse saavutamiseks loputage puhta veega ja kuivatage r\u00e4tikuga.<\/p>\n<p>Katlakivieemaldi on enamiku pindade suhtes \u00f5rn. Siiski on soovitatav (eriti kivipindadel) enne kogu pinnale kandmist katsetada v\u00e4ikesel ja mitten\u00e4htaval pinnal.<\/p>\n<p>Koostis: sidrunhape, naatriumlaureetsulfaat, naatriumbens\u00fc\u00fclsulfonaat, naatrium C14-16, olefiinsulfonaat, alla 5% anioonsed pindaktiivsed ained, fenoks\u00fcetanool, parf\u00fc\u00fcm<\/p>\n","protected":false},"excerpt":{"rendered":"<p>pH: 1,5 &#8211; 2,5 K\u00f6\u00f6gi ja vannitoa valamutelt, segistitelt ja plaatidelt katlakivi eemaldamiseks. KASUTUSJUHEND: Enne vahendi pinnale pihustamist tehke ala m\u00e4rjaks. Kasutage puhastamiseks j\u00e4medat harja v\u00f5i k\u00e4sna. Parima tulemuse saavutamiseks loputage puhta veega ja kuivatage r\u00e4tikuga. Katlakivieemaldi on enamiku pindade suhtes \u00f5rn. Siiski on soovitatav (eriti kivipindadel) enne kogu pinnale kandmist katsetada v\u00e4ikesel ja mitten\u00e4htaval&hellip;<\/p>\n","protected":false},"featured_media":364759,"template":"","meta":{"_acf_changed":false,"inline_featured_image":false},"product_cat":[3588,18119],"product_tag":[],"giftcard-category":[],"class_list":{"0":"post-364762","1":"product","2":"type-product","3":"status-publish","4":"has-post-thumbnail","6":"product_cat-kook","7":"product_cat-koristustarvikud","8":"pa_brand-humdakin","10":"first","11":"outofstock","12":"shipping-taxable","13":"purchasable","14":"product-type-simple"},"acf":[],"yoast_head":"<!-- This site is optimized with the Yoast SEO plugin v25.6 - https:\/\/yoast.com\/wordpress\/plugins\/seo\/ -->\n<title>Katlakivieemaldi 500ml - Lartusihome.com<\/title>\n<meta name=\"robots\" content=\"index, follow, max-snippet:-1, max-image-preview:large, max-video-preview:-1\" \/>\n<link rel=\"canonical\" href=\"https:\/\/lartusihome.com\/et\/toode\/anti-calc-spray-500ml\/\" \/>\n<meta property=\"og:locale\" content=\"et_EE\" \/>\n<meta property=\"og:type\" content=\"article\" \/>\n<meta property=\"og:title\" content=\"Katlakivieemaldi 500ml - Lartusihome.com\" \/>\n<meta property=\"og:description\" content=\"pH: 1,5 &#8211; 2,5 K\u00f6\u00f6gi ja vannitoa valamutelt, segistitelt ja plaatidelt katlakivi eemaldamiseks. KASUTUSJUHEND: Enne vahendi pinnale pihustamist tehke ala m\u00e4rjaks. Kasutage puhastamiseks j\u00e4medat harja v\u00f5i k\u00e4sna. Parima tulemuse saavutamiseks loputage puhta veega ja kuivatage r\u00e4tikuga. Katlakivieemaldi on enamiku pindade suhtes \u00f5rn. Siiski on soovitatav (eriti kivipindadel) enne kogu pinnale kandmist katsetada v\u00e4ikesel ja mitten\u00e4htaval&hellip;\" \/>\n<meta property=\"og:url\" content=\"https:\/\/lartusihome.com\/et\/toode\/anti-calc-spray-500ml\/\" \/>\n<meta property=\"og:site_name\" content=\"Lartusihome.com\" \/>\n<meta property=\"article:publisher\" content=\"https:\/\/www.facebook.com\/lartusihome\/\" \/>\n<meta property=\"article:modified_time\" content=\"2025-06-30T18:44:34+00:00\" \/>\n<meta property=\"og:image\" content=\"https:\/\/lartusihome.com\/wp-content\/uploads\/2024\/05\/Humdakin_SKU212_AntiCalcSpray-1024x1024.jpg\" \/>\n\t<meta property=\"og:image:width\" content=\"1024\" \/>\n\t<meta property=\"og:image:height\" content=\"1024\" \/>\n\t<meta property=\"og:image:type\" content=\"image\/jpeg\" \/>\n<meta name=\"twitter:card\" content=\"summary_large_image\" \/>\n<meta name=\"twitter:label1\" content=\"Est. reading time\" \/>\n\t<meta name=\"twitter:data1\" content=\"1 minut\" \/>\n<script type=\"application\/ld+json\" class=\"yoast-schema-graph\">{\"@context\":\"https:\/\/schema.org\",\"@graph\":[{\"@type\":\"WebPage\",\"@id\":\"https:\/\/lartusihome.com\/et\/toode\/anti-calc-spray-500ml\/\",\"url\":\"https:\/\/lartusihome.com\/et\/toode\/anti-calc-spray-500ml\/\",\"name\":\"Katlakivieemaldi 500ml - Lartusihome.com\",\"isPartOf\":{\"@id\":\"https:\/\/lartusihome.com\/et\/#website\"},\"primaryImageOfPage\":{\"@id\":\"https:\/\/lartusihome.com\/et\/toode\/anti-calc-spray-500ml\/#primaryimage\"},\"image\":{\"@id\":\"https:\/\/lartusihome.com\/et\/toode\/anti-calc-spray-500ml\/#primaryimage\"},\"thumbnailUrl\":\"https:\/\/lartusihome.com\/wp-content\/uploads\/2024\/05\/Humdakin_SKU212_AntiCalcSpray.jpg\",\"datePublished\":\"2024-06-07T08:49:34+00:00\",\"dateModified\":\"2025-06-30T18:44:34+00:00\",\"breadcrumb\":{\"@id\":\"https:\/\/lartusihome.com\/et\/toode\/anti-calc-spray-500ml\/#breadcrumb\"},\"inLanguage\":\"et\",\"potentialAction\":[{\"@type\":\"ReadAction\",\"target\":[\"https:\/\/lartusihome.com\/et\/toode\/anti-calc-spray-500ml\/\"]}]},{\"@type\":\"ImageObject\",\"inLanguage\":\"et\",\"@id\":\"https:\/\/lartusihome.com\/et\/toode\/anti-calc-spray-500ml\/#primaryimage\",\"url\":\"https:\/\/lartusihome.com\/wp-content\/uploads\/2024\/05\/Humdakin_SKU212_AntiCalcSpray.jpg\",\"contentUrl\":\"https:\/\/lartusihome.com\/wp-content\/uploads\/2024\/05\/Humdakin_SKU212_AntiCalcSpray.jpg\",\"width\":2000,\"height\":2000},{\"@type\":\"BreadcrumbList\",\"@id\":\"https:\/\/lartusihome.com\/et\/toode\/anti-calc-spray-500ml\/#breadcrumb\",\"itemListElement\":[{\"@type\":\"ListItem\",\"position\":1,\"name\":\"Home\",\"item\":\"https:\/\/lartusihome.com\/et\/\"},{\"@type\":\"ListItem\",\"position\":2,\"name\":\"Pood\",\"item\":\"https:\/\/lartusihome.com\/et\/pood\/\"},{\"@type\":\"ListItem\",\"position\":3,\"name\":\"Katlakivieemaldi 500ml\"}]},{\"@type\":\"WebSite\",\"@id\":\"https:\/\/lartusihome.com\/et\/#website\",\"url\":\"https:\/\/lartusihome.com\/et\/\",\"name\":\"Lartusihome.com\",\"description\":\"Kodu \/ sisustus\",\"potentialAction\":[{\"@type\":\"SearchAction\",\"target\":{\"@type\":\"EntryPoint\",\"urlTemplate\":\"https:\/\/lartusihome.com\/et\/?s={search_term_string}\"},\"query-input\":{\"@type\":\"PropertyValueSpecification\",\"valueRequired\":true,\"valueName\":\"search_term_string\"}}],\"inLanguage\":\"et\"}]}<\/script>\n<!-- \/ Yoast SEO plugin. -->","yoast_head_json":{"title":"Katlakivieemaldi 500ml - Lartusihome.com","robots":{"index":"index","follow":"follow","max-snippet":"max-snippet:-1","max-image-preview":"max-image-preview:large","max-video-preview":"max-video-preview:-1"},"canonical":"https:\/\/lartusihome.com\/et\/toode\/anti-calc-spray-500ml\/","og_locale":"et_EE","og_type":"article","og_title":"Katlakivieemaldi 500ml - Lartusihome.com","og_description":"pH: 1,5 &#8211; 2,5 K\u00f6\u00f6gi ja vannitoa valamutelt, segistitelt ja plaatidelt katlakivi eemaldamiseks. KASUTUSJUHEND: Enne vahendi pinnale pihustamist tehke ala m\u00e4rjaks. Kasutage puhastamiseks j\u00e4medat harja v\u00f5i k\u00e4sna. Parima tulemuse saavutamiseks loputage puhta veega ja kuivatage r\u00e4tikuga. Katlakivieemaldi on enamiku pindade suhtes \u00f5rn. Siiski on soovitatav (eriti kivipindadel) enne kogu pinnale kandmist katsetada v\u00e4ikesel ja mitten\u00e4htaval&hellip;","og_url":"https:\/\/lartusihome.com\/et\/toode\/anti-calc-spray-500ml\/","og_site_name":"Lartusihome.com","article_publisher":"https:\/\/www.facebook.com\/lartusihome\/","article_modified_time":"2025-06-30T18:44:34+00:00","og_image":[{"width":1024,"height":1024,"url":"https:\/\/lartusihome.com\/wp-content\/uploads\/2024\/05\/Humdakin_SKU212_AntiCalcSpray-1024x1024.jpg","type":"image\/jpeg"}],"twitter_card":"summary_large_image","twitter_misc":{"Est. reading time":"1 minut"},"schema":{"@context":"https:\/\/schema.org","@graph":[{"@type":"WebPage","@id":"https:\/\/lartusihome.com\/et\/toode\/anti-calc-spray-500ml\/","url":"https:\/\/lartusihome.com\/et\/toode\/anti-calc-spray-500ml\/","name":"Katlakivieemaldi 500ml - Lartusihome.com","isPartOf":{"@id":"https:\/\/lartusihome.com\/et\/#website"},"primaryImageOfPage":{"@id":"https:\/\/lartusihome.com\/et\/toode\/anti-calc-spray-500ml\/#primaryimage"},"image":{"@id":"https:\/\/lartusihome.com\/et\/toode\/anti-calc-spray-500ml\/#primaryimage"},"thumbnailUrl":"https:\/\/lartusihome.com\/wp-content\/uploads\/2024\/05\/Humdakin_SKU212_AntiCalcSpray.jpg","datePublished":"2024-06-07T08:49:34+00:00","dateModified":"2025-06-30T18:44:34+00:00","breadcrumb":{"@id":"https:\/\/lartusihome.com\/et\/toode\/anti-calc-spray-500ml\/#breadcrumb"},"inLanguage":"et","potentialAction":[{"@type":"ReadAction","target":["https:\/\/lartusihome.com\/et\/toode\/anti-calc-spray-500ml\/"]}]},{"@type":"ImageObject","inLanguage":"et","@id":"https:\/\/lartusihome.com\/et\/toode\/anti-calc-spray-500ml\/#primaryimage","url":"https:\/\/lartusihome.com\/wp-content\/uploads\/2024\/05\/Humdakin_SKU212_AntiCalcSpray.jpg","contentUrl":"https:\/\/lartusihome.com\/wp-content\/uploads\/2024\/05\/Humdakin_SKU212_AntiCalcSpray.jpg","width":2000,"height":2000},{"@type":"BreadcrumbList","@id":"https:\/\/lartusihome.com\/et\/toode\/anti-calc-spray-500ml\/#breadcrumb","itemListElement":[{"@type":"ListItem","position":1,"name":"Home","item":"https:\/\/lartusihome.com\/et\/"},{"@type":"ListItem","position":2,"name":"Pood","item":"https:\/\/lartusihome.com\/et\/pood\/"},{"@type":"ListItem","position":3,"name":"Katlakivieemaldi 500ml"}]},{"@type":"WebSite","@id":"https:\/\/lartusihome.com\/et\/#website","url":"https:\/\/lartusihome.com\/et\/","name":"Lartusihome.com","description":"Kodu \/ sisustus","potentialAction":[{"@type":"SearchAction","target":{"@type":"EntryPoint","urlTemplate":"https:\/\/lartusihome.com\/et\/?s={search_term_string}"},"query-input":{"@type":"PropertyValueSpecification","valueRequired":true,"valueName":"search_term_string"}}],"inLanguage":"et"}]}},"_links":{"self":[{"href":"https:\/\/lartusihome.com\/et\/wp-json\/wp\/v2\/product\/364762"}],"collection":[{"href":"https:\/\/lartusihome.com\/et\/wp-json\/wp\/v2\/product"}],"about":[{"href":"https:\/\/lartusihome.com\/et\/wp-json\/wp\/v2\/types\/product"}],"wp:featuredmedia":[{"embeddable":true,"href":"https:\/\/lartusihome.com\/et\/wp-json\/wp\/v2\/media\/364759"}],"wp:attachment":[{"href":"https:\/\/lartusihome.com\/et\/wp-json\/wp\/v2\/media?parent=364762"}],"wp:term":[{"taxonomy":"product_cat","embeddable":true,"href":"https:\/\/lartusihome.com\/et\/wp-json\/wp\/v2\/product_cat?post=364762"},{"taxonomy":"product_tag","embeddable":true,"href":"https:\/\/lartusihome.com\/et\/wp-json\/wp\/v2\/product_tag?post=364762"},{"taxonomy":"giftcard-category","embeddable":true,"href":"https:\/\/lartusihome.com\/et\/wp-json\/wp\/v2\/giftcard-category?post=364762"}],"curies":[{"name":"wp","href":"https:\/\/api.w.org\/{rel}","templated":true}]}}