{"id":364740,"date":"2024-06-07T11:41:25","date_gmt":"2024-06-07T08:41:25","guid":{"rendered":"https:\/\/lartusihome.com\/product\/02-universal-cleaner-1l-calendula-sage\/"},"modified":"2024-06-07T11:44:43","modified_gmt":"2024-06-07T08:44:43","slug":"02-universal-cleaner-1l-calendula-sage","status":"publish","type":"product","link":"https:\/\/lartusihome.com\/et\/toode\/02-universal-cleaner-1l-calendula-sage\/","title":{"rendered":"02 universaalne puhastusvahend 1l &#8211; saialill &#038; salvei"},"content":{"rendered":"<p>pH: 5,0 &#8211; 7,0<\/p>\n<p>Pakend on tehtud taaskasutatavast plastikust.<\/p>\n<p>This is an effective universal cleaner that perfectly removes impurities from surfaces. It can be used on all surfaces that tolerate water, such as painted, wooden and ceramic surfaces. The detergent is enriched with antistatic additives and natural extracts from calendula and salvia for a gentler cleaning experience. Use the Universal Cleaner regularly to keep the bacterial numbers low and your home clean and pleasant-smelling.<\/p>\n<p>This product is a concentrate. Recommended dosage: add 30 ml (two tablespoons) of Universal Cleaner to five liters of moderately warm water.<\/p>\n<p>See on t\u00f5hus universaalne puhastusvahend, mis eemaldab ideaalselt pindadelt mustuse. Seda v\u00f5ib kasutada k\u00f5igil vett taluvatel pindadel (puit, keraamilised pinnad jne). Puhastusvahendit on rikastatud antistaatiliste lisanditega ning looduslike saialille- ja salveiekstraktidega. Kasutage universaalset puhastusvahendit regulaarselt, et hoida bakterite arv madal ning teie kodu oleks puhas ja meeldiva l\u00f5hnaga.<\/p>\n<p>See toode on kontsentraat. Soovitatav annus: lisage 30 ml (kaks supilusikat\u00e4it) universaalset puhastusvahendit viiele liitrile leigele veele.<\/p>\n","protected":false},"excerpt":{"rendered":"<p>pH: 5,0 &#8211; 7,0 Pakend on tehtud taaskasutatavast plastikust. This is an effective universal cleaner that perfectly removes impurities from surfaces. It can be used on all surfaces that tolerate water, such as painted, wooden and ceramic surfaces. The detergent is enriched with antistatic additives and natural extracts from calendula and salvia for a gentler&hellip;<\/p>\n","protected":false},"featured_media":364733,"template":"","meta":{"_acf_changed":false,"inline_featured_image":false},"product_cat":[3588,18119],"product_tag":[],"giftcard-category":[],"class_list":{"0":"post-364740","1":"product","2":"type-product","3":"status-publish","4":"has-post-thumbnail","6":"product_cat-kook","7":"product_cat-koristustarvikud","8":"pa_brand-humdakin","10":"first","11":"instock","12":"shipping-taxable","13":"purchasable","14":"product-type-simple"},"acf":[],"yoast_head":"<!-- This site is optimized with the Yoast SEO plugin v25.6 - https:\/\/yoast.com\/wordpress\/plugins\/seo\/ -->\n<title>02 universaalne puhastusvahend 1l - saialill &amp; salvei - Lartusihome.com<\/title>\n<meta name=\"robots\" content=\"index, follow, max-snippet:-1, max-image-preview:large, max-video-preview:-1\" \/>\n<link rel=\"canonical\" href=\"https:\/\/lartusihome.com\/et\/toode\/02-universal-cleaner-1l-calendula-sage\/\" \/>\n<meta property=\"og:locale\" content=\"et_EE\" \/>\n<meta property=\"og:type\" content=\"article\" \/>\n<meta property=\"og:title\" content=\"02 universaalne puhastusvahend 1l - saialill &amp; salvei - Lartusihome.com\" \/>\n<meta property=\"og:description\" content=\"pH: 5,0 &#8211; 7,0 Pakend on tehtud taaskasutatavast plastikust. This is an effective universal cleaner that perfectly removes impurities from surfaces. It can be used on all surfaces that tolerate water, such as painted, wooden and ceramic surfaces. The detergent is enriched with antistatic additives and natural extracts from calendula and salvia for a gentler&hellip;\" \/>\n<meta property=\"og:url\" content=\"https:\/\/lartusihome.com\/et\/toode\/02-universal-cleaner-1l-calendula-sage\/\" \/>\n<meta property=\"og:site_name\" content=\"Lartusihome.com\" \/>\n<meta property=\"article:publisher\" content=\"https:\/\/www.facebook.com\/lartusihome\/\" \/>\n<meta property=\"article:modified_time\" content=\"2024-06-07T08:44:43+00:00\" \/>\n<meta property=\"og:image\" content=\"https:\/\/lartusihome.com\/wp-content\/uploads\/2024\/06\/Humdakin_SKU372_UniversalCleaner-1024x1024.jpg\" \/>\n\t<meta property=\"og:image:width\" content=\"1024\" \/>\n\t<meta property=\"og:image:height\" content=\"1024\" \/>\n\t<meta property=\"og:image:type\" content=\"image\/jpeg\" \/>\n<meta name=\"twitter:card\" content=\"summary_large_image\" \/>\n<meta name=\"twitter:label1\" content=\"Est. reading time\" \/>\n\t<meta name=\"twitter:data1\" content=\"1 minut\" \/>\n<script type=\"application\/ld+json\" class=\"yoast-schema-graph\">{\"@context\":\"https:\/\/schema.org\",\"@graph\":[{\"@type\":\"WebPage\",\"@id\":\"https:\/\/lartusihome.com\/et\/toode\/02-universal-cleaner-1l-calendula-sage\/\",\"url\":\"https:\/\/lartusihome.com\/et\/toode\/02-universal-cleaner-1l-calendula-sage\/\",\"name\":\"02 universaalne puhastusvahend 1l - saialill & salvei - Lartusihome.com\",\"isPartOf\":{\"@id\":\"https:\/\/lartusihome.com\/et\/#website\"},\"primaryImageOfPage\":{\"@id\":\"https:\/\/lartusihome.com\/et\/toode\/02-universal-cleaner-1l-calendula-sage\/#primaryimage\"},\"image\":{\"@id\":\"https:\/\/lartusihome.com\/et\/toode\/02-universal-cleaner-1l-calendula-sage\/#primaryimage\"},\"thumbnailUrl\":\"https:\/\/lartusihome.com\/wp-content\/uploads\/2024\/06\/Humdakin_SKU372_UniversalCleaner.jpg\",\"datePublished\":\"2024-06-07T08:41:25+00:00\",\"dateModified\":\"2024-06-07T08:44:43+00:00\",\"breadcrumb\":{\"@id\":\"https:\/\/lartusihome.com\/et\/toode\/02-universal-cleaner-1l-calendula-sage\/#breadcrumb\"},\"inLanguage\":\"et\",\"potentialAction\":[{\"@type\":\"ReadAction\",\"target\":[\"https:\/\/lartusihome.com\/et\/toode\/02-universal-cleaner-1l-calendula-sage\/\"]}]},{\"@type\":\"ImageObject\",\"inLanguage\":\"et\",\"@id\":\"https:\/\/lartusihome.com\/et\/toode\/02-universal-cleaner-1l-calendula-sage\/#primaryimage\",\"url\":\"https:\/\/lartusihome.com\/wp-content\/uploads\/2024\/06\/Humdakin_SKU372_UniversalCleaner.jpg\",\"contentUrl\":\"https:\/\/lartusihome.com\/wp-content\/uploads\/2024\/06\/Humdakin_SKU372_UniversalCleaner.jpg\",\"width\":2000,\"height\":2000},{\"@type\":\"BreadcrumbList\",\"@id\":\"https:\/\/lartusihome.com\/et\/toode\/02-universal-cleaner-1l-calendula-sage\/#breadcrumb\",\"itemListElement\":[{\"@type\":\"ListItem\",\"position\":1,\"name\":\"Home\",\"item\":\"https:\/\/lartusihome.com\/et\/\"},{\"@type\":\"ListItem\",\"position\":2,\"name\":\"Pood\",\"item\":\"https:\/\/lartusihome.com\/et\/pood\/\"},{\"@type\":\"ListItem\",\"position\":3,\"name\":\"02 universaalne puhastusvahend 1l &#8211; saialill &#038; salvei\"}]},{\"@type\":\"WebSite\",\"@id\":\"https:\/\/lartusihome.com\/et\/#website\",\"url\":\"https:\/\/lartusihome.com\/et\/\",\"name\":\"Lartusihome.com\",\"description\":\"Kodu \/ sisustus\",\"potentialAction\":[{\"@type\":\"SearchAction\",\"target\":{\"@type\":\"EntryPoint\",\"urlTemplate\":\"https:\/\/lartusihome.com\/et\/?s={search_term_string}\"},\"query-input\":{\"@type\":\"PropertyValueSpecification\",\"valueRequired\":true,\"valueName\":\"search_term_string\"}}],\"inLanguage\":\"et\"}]}<\/script>\n<!-- \/ Yoast SEO plugin. -->","yoast_head_json":{"title":"02 universaalne puhastusvahend 1l - saialill & salvei - Lartusihome.com","robots":{"index":"index","follow":"follow","max-snippet":"max-snippet:-1","max-image-preview":"max-image-preview:large","max-video-preview":"max-video-preview:-1"},"canonical":"https:\/\/lartusihome.com\/et\/toode\/02-universal-cleaner-1l-calendula-sage\/","og_locale":"et_EE","og_type":"article","og_title":"02 universaalne puhastusvahend 1l - saialill & salvei - Lartusihome.com","og_description":"pH: 5,0 &#8211; 7,0 Pakend on tehtud taaskasutatavast plastikust. This is an effective universal cleaner that perfectly removes impurities from surfaces. It can be used on all surfaces that tolerate water, such as painted, wooden and ceramic surfaces. The detergent is enriched with antistatic additives and natural extracts from calendula and salvia for a gentler&hellip;","og_url":"https:\/\/lartusihome.com\/et\/toode\/02-universal-cleaner-1l-calendula-sage\/","og_site_name":"Lartusihome.com","article_publisher":"https:\/\/www.facebook.com\/lartusihome\/","article_modified_time":"2024-06-07T08:44:43+00:00","og_image":[{"width":1024,"height":1024,"url":"https:\/\/lartusihome.com\/wp-content\/uploads\/2024\/06\/Humdakin_SKU372_UniversalCleaner-1024x1024.jpg","type":"image\/jpeg"}],"twitter_card":"summary_large_image","twitter_misc":{"Est. reading time":"1 minut"},"schema":{"@context":"https:\/\/schema.org","@graph":[{"@type":"WebPage","@id":"https:\/\/lartusihome.com\/et\/toode\/02-universal-cleaner-1l-calendula-sage\/","url":"https:\/\/lartusihome.com\/et\/toode\/02-universal-cleaner-1l-calendula-sage\/","name":"02 universaalne puhastusvahend 1l - saialill & salvei - Lartusihome.com","isPartOf":{"@id":"https:\/\/lartusihome.com\/et\/#website"},"primaryImageOfPage":{"@id":"https:\/\/lartusihome.com\/et\/toode\/02-universal-cleaner-1l-calendula-sage\/#primaryimage"},"image":{"@id":"https:\/\/lartusihome.com\/et\/toode\/02-universal-cleaner-1l-calendula-sage\/#primaryimage"},"thumbnailUrl":"https:\/\/lartusihome.com\/wp-content\/uploads\/2024\/06\/Humdakin_SKU372_UniversalCleaner.jpg","datePublished":"2024-06-07T08:41:25+00:00","dateModified":"2024-06-07T08:44:43+00:00","breadcrumb":{"@id":"https:\/\/lartusihome.com\/et\/toode\/02-universal-cleaner-1l-calendula-sage\/#breadcrumb"},"inLanguage":"et","potentialAction":[{"@type":"ReadAction","target":["https:\/\/lartusihome.com\/et\/toode\/02-universal-cleaner-1l-calendula-sage\/"]}]},{"@type":"ImageObject","inLanguage":"et","@id":"https:\/\/lartusihome.com\/et\/toode\/02-universal-cleaner-1l-calendula-sage\/#primaryimage","url":"https:\/\/lartusihome.com\/wp-content\/uploads\/2024\/06\/Humdakin_SKU372_UniversalCleaner.jpg","contentUrl":"https:\/\/lartusihome.com\/wp-content\/uploads\/2024\/06\/Humdakin_SKU372_UniversalCleaner.jpg","width":2000,"height":2000},{"@type":"BreadcrumbList","@id":"https:\/\/lartusihome.com\/et\/toode\/02-universal-cleaner-1l-calendula-sage\/#breadcrumb","itemListElement":[{"@type":"ListItem","position":1,"name":"Home","item":"https:\/\/lartusihome.com\/et\/"},{"@type":"ListItem","position":2,"name":"Pood","item":"https:\/\/lartusihome.com\/et\/pood\/"},{"@type":"ListItem","position":3,"name":"02 universaalne puhastusvahend 1l &#8211; saialill &#038; salvei"}]},{"@type":"WebSite","@id":"https:\/\/lartusihome.com\/et\/#website","url":"https:\/\/lartusihome.com\/et\/","name":"Lartusihome.com","description":"Kodu \/ sisustus","potentialAction":[{"@type":"SearchAction","target":{"@type":"EntryPoint","urlTemplate":"https:\/\/lartusihome.com\/et\/?s={search_term_string}"},"query-input":{"@type":"PropertyValueSpecification","valueRequired":true,"valueName":"search_term_string"}}],"inLanguage":"et"}]}},"_links":{"self":[{"href":"https:\/\/lartusihome.com\/et\/wp-json\/wp\/v2\/product\/364740"}],"collection":[{"href":"https:\/\/lartusihome.com\/et\/wp-json\/wp\/v2\/product"}],"about":[{"href":"https:\/\/lartusihome.com\/et\/wp-json\/wp\/v2\/types\/product"}],"wp:featuredmedia":[{"embeddable":true,"href":"https:\/\/lartusihome.com\/et\/wp-json\/wp\/v2\/media\/364733"}],"wp:attachment":[{"href":"https:\/\/lartusihome.com\/et\/wp-json\/wp\/v2\/media?parent=364740"}],"wp:term":[{"taxonomy":"product_cat","embeddable":true,"href":"https:\/\/lartusihome.com\/et\/wp-json\/wp\/v2\/product_cat?post=364740"},{"taxonomy":"product_tag","embeddable":true,"href":"https:\/\/lartusihome.com\/et\/wp-json\/wp\/v2\/product_tag?post=364740"},{"taxonomy":"giftcard-category","embeddable":true,"href":"https:\/\/lartusihome.com\/et\/wp-json\/wp\/v2\/giftcard-category?post=364740"}],"curies":[{"name":"wp","href":"https:\/\/api.w.org\/{rel}","templated":true}]}}