{"id":362070,"date":"2024-05-09T17:52:45","date_gmt":"2024-05-09T14:52:45","guid":{"rendered":"https:\/\/lartusihome.com\/product\/bit-coffee-table-black\/"},"modified":"2024-05-09T17:53:45","modified_gmt":"2024-05-09T14:53:45","slug":"bit-coffee-table-black","status":"publish","type":"product","link":"https:\/\/lartusihome.com\/et\/toode\/bit-coffee-table-black\/","title":{"rendered":"Bit diivanilaud, must"},"content":{"rendered":"<p>Bit diivanilaud on valmistatud v\u00e4ikestest taaskasutatud majapidamis- ja t\u00f6\u00f6stusplastij\u00e4\u00e4tmete t\u00fckkidest. Uuenduslik materjalikompositsioon, mis pakub oman\u00e4olist pikslilist ilmet ja vastupidavat pinda. Kollektsioon Bit sobib nii sise- kui v\u00e4liskeskkonda, taludes temperatuuri -10\u00b0C kuni +50\u00b0C.<\/p>\n<p>Materjal: (LDPE) 95% madala tihedusega pol\u00fcet\u00fcleenist t\u00f6\u00f6stusj\u00e4\u00e4tmeid (olenevalt Biti v\u00e4rvist varieerub see arv vahemikus 85-95%), PE 5%<\/p>\n<p>K\u00f5rgus: 48 cm<\/p>\n<p>\u00d8: 75 cm<\/p>\n<p>Kaal: 15 kg<\/p>\n<p>Disainer: Simon Legald<\/p>\n","protected":false},"excerpt":{"rendered":"<p>Bit diivanilaud on valmistatud v\u00e4ikestest taaskasutatud majapidamis- ja t\u00f6\u00f6stusplastij\u00e4\u00e4tmete t\u00fckkidest. Uuenduslik materjalikompositsioon, mis pakub oman\u00e4olist pikslilist ilmet ja vastupidavat pinda. Kollektsioon Bit sobib nii sise- kui v\u00e4liskeskkonda, taludes temperatuuri -10\u00b0C kuni +50\u00b0C. Materjal: (LDPE) 95% madala tihedusega pol\u00fcet\u00fcleenist t\u00f6\u00f6stusj\u00e4\u00e4tmeid (olenevalt Biti v\u00e4rvist varieerub see arv vahemikus 85-95%), PE 5% K\u00f5rgus: 48 cm \u00d8: 75 cm&hellip;<\/p>\n","protected":false},"featured_media":362060,"template":"","meta":{"_acf_changed":false,"inline_featured_image":false},"product_cat":[25088,22648,22613],"product_tag":[],"giftcard-category":[],"class_list":{"0":"post-362070","1":"product","2":"type-product","3":"status-publish","4":"has-post-thumbnail","6":"product_cat-diivanilauad-et","7":"product_cat-valimoobel","8":"product_cat-lauad-ja-toolid-sisekujundus","9":"pa_brand-normann-copenhagen-et","10":"pa_collection-bit","12":"first","13":"onbackorder","14":"shipping-taxable","15":"purchasable","16":"product-type-simple"},"acf":[],"yoast_head":"<!-- This site is optimized with the Yoast SEO plugin v25.6 - https:\/\/yoast.com\/wordpress\/plugins\/seo\/ -->\n<title>Bit diivanilaud, must - Lartusihome.com<\/title>\n<meta name=\"robots\" content=\"index, follow, max-snippet:-1, max-image-preview:large, max-video-preview:-1\" \/>\n<link rel=\"canonical\" href=\"https:\/\/lartusihome.com\/et\/toode\/bit-coffee-table-black\/\" \/>\n<meta property=\"og:locale\" content=\"et_EE\" \/>\n<meta property=\"og:type\" content=\"article\" \/>\n<meta property=\"og:title\" content=\"Bit diivanilaud, must - Lartusihome.com\" \/>\n<meta property=\"og:description\" content=\"Bit diivanilaud on valmistatud v\u00e4ikestest taaskasutatud majapidamis- ja t\u00f6\u00f6stusplastij\u00e4\u00e4tmete t\u00fckkidest. Uuenduslik materjalikompositsioon, mis pakub oman\u00e4olist pikslilist ilmet ja vastupidavat pinda. Kollektsioon Bit sobib nii sise- kui v\u00e4liskeskkonda, taludes temperatuuri -10\u00b0C kuni +50\u00b0C. Materjal: (LDPE) 95% madala tihedusega pol\u00fcet\u00fcleenist t\u00f6\u00f6stusj\u00e4\u00e4tmeid (olenevalt Biti v\u00e4rvist varieerub see arv vahemikus 85-95%), PE 5% K\u00f5rgus: 48 cm \u00d8: 75 cm&hellip;\" \/>\n<meta property=\"og:url\" content=\"https:\/\/lartusihome.com\/et\/toode\/bit-coffee-table-black\/\" \/>\n<meta property=\"og:site_name\" content=\"Lartusihome.com\" \/>\n<meta property=\"article:publisher\" content=\"https:\/\/www.facebook.com\/lartusihome\/\" \/>\n<meta property=\"article:modified_time\" content=\"2024-05-09T14:53:45+00:00\" \/>\n<meta property=\"og:image\" content=\"https:\/\/lartusihome.com\/wp-content\/uploads\/2024\/05\/609442_Bit_Coffee_Table_Black.jpg\" \/>\n\t<meta property=\"og:image:width\" content=\"2000\" \/>\n\t<meta property=\"og:image:height\" content=\"2000\" \/>\n\t<meta property=\"og:image:type\" content=\"image\/jpeg\" \/>\n<meta name=\"twitter:card\" content=\"summary_large_image\" \/>\n<meta name=\"twitter:label1\" content=\"Est. reading time\" \/>\n\t<meta name=\"twitter:data1\" content=\"1 minut\" \/>\n<script type=\"application\/ld+json\" class=\"yoast-schema-graph\">{\"@context\":\"https:\/\/schema.org\",\"@graph\":[{\"@type\":\"WebPage\",\"@id\":\"https:\/\/lartusihome.com\/et\/toode\/bit-coffee-table-black\/\",\"url\":\"https:\/\/lartusihome.com\/et\/toode\/bit-coffee-table-black\/\",\"name\":\"Bit diivanilaud, must - Lartusihome.com\",\"isPartOf\":{\"@id\":\"https:\/\/lartusihome.com\/et\/#website\"},\"primaryImageOfPage\":{\"@id\":\"https:\/\/lartusihome.com\/et\/toode\/bit-coffee-table-black\/#primaryimage\"},\"image\":{\"@id\":\"https:\/\/lartusihome.com\/et\/toode\/bit-coffee-table-black\/#primaryimage\"},\"thumbnailUrl\":\"https:\/\/lartusihome.com\/wp-content\/uploads\/2024\/05\/609442_Bit_Coffee_Table_Black.jpg\",\"datePublished\":\"2024-05-09T14:52:45+00:00\",\"dateModified\":\"2024-05-09T14:53:45+00:00\",\"breadcrumb\":{\"@id\":\"https:\/\/lartusihome.com\/et\/toode\/bit-coffee-table-black\/#breadcrumb\"},\"inLanguage\":\"et\",\"potentialAction\":[{\"@type\":\"ReadAction\",\"target\":[\"https:\/\/lartusihome.com\/et\/toode\/bit-coffee-table-black\/\"]}]},{\"@type\":\"ImageObject\",\"inLanguage\":\"et\",\"@id\":\"https:\/\/lartusihome.com\/et\/toode\/bit-coffee-table-black\/#primaryimage\",\"url\":\"https:\/\/lartusihome.com\/wp-content\/uploads\/2024\/05\/609442_Bit_Coffee_Table_Black.jpg\",\"contentUrl\":\"https:\/\/lartusihome.com\/wp-content\/uploads\/2024\/05\/609442_Bit_Coffee_Table_Black.jpg\",\"width\":2000,\"height\":2000},{\"@type\":\"BreadcrumbList\",\"@id\":\"https:\/\/lartusihome.com\/et\/toode\/bit-coffee-table-black\/#breadcrumb\",\"itemListElement\":[{\"@type\":\"ListItem\",\"position\":1,\"name\":\"Home\",\"item\":\"https:\/\/lartusihome.com\/et\/\"},{\"@type\":\"ListItem\",\"position\":2,\"name\":\"Pood\",\"item\":\"https:\/\/lartusihome.com\/et\/pood\/\"},{\"@type\":\"ListItem\",\"position\":3,\"name\":\"Bit diivanilaud, must\"}]},{\"@type\":\"WebSite\",\"@id\":\"https:\/\/lartusihome.com\/et\/#website\",\"url\":\"https:\/\/lartusihome.com\/et\/\",\"name\":\"Lartusihome.com\",\"description\":\"Kodu \/ sisustus\",\"potentialAction\":[{\"@type\":\"SearchAction\",\"target\":{\"@type\":\"EntryPoint\",\"urlTemplate\":\"https:\/\/lartusihome.com\/et\/?s={search_term_string}\"},\"query-input\":{\"@type\":\"PropertyValueSpecification\",\"valueRequired\":true,\"valueName\":\"search_term_string\"}}],\"inLanguage\":\"et\"}]}<\/script>\n<!-- \/ Yoast SEO plugin. -->","yoast_head_json":{"title":"Bit diivanilaud, must - Lartusihome.com","robots":{"index":"index","follow":"follow","max-snippet":"max-snippet:-1","max-image-preview":"max-image-preview:large","max-video-preview":"max-video-preview:-1"},"canonical":"https:\/\/lartusihome.com\/et\/toode\/bit-coffee-table-black\/","og_locale":"et_EE","og_type":"article","og_title":"Bit diivanilaud, must - Lartusihome.com","og_description":"Bit diivanilaud on valmistatud v\u00e4ikestest taaskasutatud majapidamis- ja t\u00f6\u00f6stusplastij\u00e4\u00e4tmete t\u00fckkidest. Uuenduslik materjalikompositsioon, mis pakub oman\u00e4olist pikslilist ilmet ja vastupidavat pinda. Kollektsioon Bit sobib nii sise- kui v\u00e4liskeskkonda, taludes temperatuuri -10\u00b0C kuni +50\u00b0C. Materjal: (LDPE) 95% madala tihedusega pol\u00fcet\u00fcleenist t\u00f6\u00f6stusj\u00e4\u00e4tmeid (olenevalt Biti v\u00e4rvist varieerub see arv vahemikus 85-95%), PE 5% K\u00f5rgus: 48 cm \u00d8: 75 cm&hellip;","og_url":"https:\/\/lartusihome.com\/et\/toode\/bit-coffee-table-black\/","og_site_name":"Lartusihome.com","article_publisher":"https:\/\/www.facebook.com\/lartusihome\/","article_modified_time":"2024-05-09T14:53:45+00:00","og_image":[{"width":2000,"height":2000,"url":"https:\/\/lartusihome.com\/wp-content\/uploads\/2024\/05\/609442_Bit_Coffee_Table_Black.jpg","type":"image\/jpeg"}],"twitter_card":"summary_large_image","twitter_misc":{"Est. reading time":"1 minut"},"schema":{"@context":"https:\/\/schema.org","@graph":[{"@type":"WebPage","@id":"https:\/\/lartusihome.com\/et\/toode\/bit-coffee-table-black\/","url":"https:\/\/lartusihome.com\/et\/toode\/bit-coffee-table-black\/","name":"Bit diivanilaud, must - Lartusihome.com","isPartOf":{"@id":"https:\/\/lartusihome.com\/et\/#website"},"primaryImageOfPage":{"@id":"https:\/\/lartusihome.com\/et\/toode\/bit-coffee-table-black\/#primaryimage"},"image":{"@id":"https:\/\/lartusihome.com\/et\/toode\/bit-coffee-table-black\/#primaryimage"},"thumbnailUrl":"https:\/\/lartusihome.com\/wp-content\/uploads\/2024\/05\/609442_Bit_Coffee_Table_Black.jpg","datePublished":"2024-05-09T14:52:45+00:00","dateModified":"2024-05-09T14:53:45+00:00","breadcrumb":{"@id":"https:\/\/lartusihome.com\/et\/toode\/bit-coffee-table-black\/#breadcrumb"},"inLanguage":"et","potentialAction":[{"@type":"ReadAction","target":["https:\/\/lartusihome.com\/et\/toode\/bit-coffee-table-black\/"]}]},{"@type":"ImageObject","inLanguage":"et","@id":"https:\/\/lartusihome.com\/et\/toode\/bit-coffee-table-black\/#primaryimage","url":"https:\/\/lartusihome.com\/wp-content\/uploads\/2024\/05\/609442_Bit_Coffee_Table_Black.jpg","contentUrl":"https:\/\/lartusihome.com\/wp-content\/uploads\/2024\/05\/609442_Bit_Coffee_Table_Black.jpg","width":2000,"height":2000},{"@type":"BreadcrumbList","@id":"https:\/\/lartusihome.com\/et\/toode\/bit-coffee-table-black\/#breadcrumb","itemListElement":[{"@type":"ListItem","position":1,"name":"Home","item":"https:\/\/lartusihome.com\/et\/"},{"@type":"ListItem","position":2,"name":"Pood","item":"https:\/\/lartusihome.com\/et\/pood\/"},{"@type":"ListItem","position":3,"name":"Bit diivanilaud, must"}]},{"@type":"WebSite","@id":"https:\/\/lartusihome.com\/et\/#website","url":"https:\/\/lartusihome.com\/et\/","name":"Lartusihome.com","description":"Kodu \/ sisustus","potentialAction":[{"@type":"SearchAction","target":{"@type":"EntryPoint","urlTemplate":"https:\/\/lartusihome.com\/et\/?s={search_term_string}"},"query-input":{"@type":"PropertyValueSpecification","valueRequired":true,"valueName":"search_term_string"}}],"inLanguage":"et"}]}},"_links":{"self":[{"href":"https:\/\/lartusihome.com\/et\/wp-json\/wp\/v2\/product\/362070"}],"collection":[{"href":"https:\/\/lartusihome.com\/et\/wp-json\/wp\/v2\/product"}],"about":[{"href":"https:\/\/lartusihome.com\/et\/wp-json\/wp\/v2\/types\/product"}],"wp:featuredmedia":[{"embeddable":true,"href":"https:\/\/lartusihome.com\/et\/wp-json\/wp\/v2\/media\/362060"}],"wp:attachment":[{"href":"https:\/\/lartusihome.com\/et\/wp-json\/wp\/v2\/media?parent=362070"}],"wp:term":[{"taxonomy":"product_cat","embeddable":true,"href":"https:\/\/lartusihome.com\/et\/wp-json\/wp\/v2\/product_cat?post=362070"},{"taxonomy":"product_tag","embeddable":true,"href":"https:\/\/lartusihome.com\/et\/wp-json\/wp\/v2\/product_tag?post=362070"},{"taxonomy":"giftcard-category","embeddable":true,"href":"https:\/\/lartusihome.com\/et\/wp-json\/wp\/v2\/giftcard-category?post=362070"}],"curies":[{"name":"wp","href":"https:\/\/api.w.org\/{rel}","templated":true}]}}