{"id":358891,"date":"2024-04-17T16:49:12","date_gmt":"2024-04-17T13:49:12","guid":{"rendered":"https:\/\/lartusihome.com\/product\/nohr-kettle-1l\/"},"modified":"2024-04-17T16:54:15","modified_gmt":"2024-04-17T13:54:15","slug":"nohr-kettle-1l","status":"publish","type":"product","link":"https:\/\/lartusihome.com\/et\/toode\/nohr-kettle-1l\/","title":{"rendered":"Nohr veekeedukann 1l"},"content":{"rendered":"<p>Veekeetja on nii dekoratiivne kui ka funktsionaalne \u2013 v\u00e4lja t\u00f6\u00f6tatud pakkuma kohvi valmistamisel parimat maitseelamust. Sobib h\u00e4sti nt V60 ja Chemexi meetodil kohvi valmistamiseks. Kael v\u00f5imaldab paremini kontrollida vett, mida oma kohvipurule valate.<\/p>\n<p>Materjal: PVD-kattega roostevaba teras, bakeliit<\/p>\n<p>Pikkus: 28 cm<\/p>\n<p>K\u00f5rgus: 13 cm<\/p>\n<p>Laius: 14 cm<\/p>\n<p>Disainer: S\u00f8ren Refsgaard<\/p>\n<p>Sobib ka induktsioonpliidile<\/p>\n","protected":false},"excerpt":{"rendered":"<p>Veekeetja on nii dekoratiivne kui ka funktsionaalne \u2013 v\u00e4lja t\u00f6\u00f6tatud pakkuma kohvi valmistamisel parimat maitseelamust. Sobib h\u00e4sti nt V60 ja Chemexi meetodil kohvi valmistamiseks. Kael v\u00f5imaldab paremini kontrollida vett, mida oma kohvipurule valate. Materjal: PVD-kattega roostevaba teras, bakeliit Pikkus: 28 cm K\u00f5rgus: 13 cm Laius: 14 cm Disainer: S\u00f8ren Refsgaard Sobib ka induktsioonpliidile<\/p>\n","protected":false},"featured_media":358837,"template":"","meta":{"_acf_changed":false,"inline_featured_image":false},"product_cat":[25589,3588,50],"product_tag":[],"giftcard-category":[],"class_list":{"0":"post-358891","1":"product","2":"type-product","3":"status-publish","4":"has-post-thumbnail","6":"product_cat-veekeedukannud","7":"product_cat-kook","8":"product_cat-koogitarvikud","9":"pa_brand-stelton","10":"pa_collection-nohr","12":"first","13":"outofstock","14":"shipping-taxable","15":"purchasable","16":"product-type-simple"},"acf":[],"yoast_head":"<!-- This site is optimized with the Yoast SEO plugin v25.6 - https:\/\/yoast.com\/wordpress\/plugins\/seo\/ -->\n<title>Nohr veekeedukann 1l - Lartusihome.com<\/title>\n<meta name=\"robots\" content=\"index, follow, max-snippet:-1, max-image-preview:large, max-video-preview:-1\" \/>\n<link rel=\"canonical\" href=\"https:\/\/lartusihome.com\/et\/toode\/nohr-kettle-1l\/\" \/>\n<meta property=\"og:locale\" content=\"et_EE\" \/>\n<meta property=\"og:type\" content=\"article\" \/>\n<meta property=\"og:title\" content=\"Nohr veekeedukann 1l - Lartusihome.com\" \/>\n<meta property=\"og:description\" content=\"Veekeetja on nii dekoratiivne kui ka funktsionaalne \u2013 v\u00e4lja t\u00f6\u00f6tatud pakkuma kohvi valmistamisel parimat maitseelamust. Sobib h\u00e4sti nt V60 ja Chemexi meetodil kohvi valmistamiseks. Kael v\u00f5imaldab paremini kontrollida vett, mida oma kohvipurule valate. Materjal: PVD-kattega roostevaba teras, bakeliit Pikkus: 28 cm K\u00f5rgus: 13 cm Laius: 14 cm Disainer: S\u00f8ren Refsgaard Sobib ka induktsioonpliidile\" \/>\n<meta property=\"og:url\" content=\"https:\/\/lartusihome.com\/et\/toode\/nohr-kettle-1l\/\" \/>\n<meta property=\"og:site_name\" content=\"Lartusihome.com\" \/>\n<meta property=\"article:publisher\" content=\"https:\/\/www.facebook.com\/lartusihome\/\" \/>\n<meta property=\"article:modified_time\" content=\"2024-04-17T13:54:15+00:00\" \/>\n<meta property=\"og:image\" content=\"https:\/\/lartusihome.com\/wp-content\/uploads\/2024\/04\/OL_610_Nohr_gooseneck_kettle.jpg\" \/>\n\t<meta property=\"og:image:width\" content=\"2000\" \/>\n\t<meta property=\"og:image:height\" content=\"2000\" \/>\n\t<meta property=\"og:image:type\" content=\"image\/jpeg\" \/>\n<meta name=\"twitter:card\" content=\"summary_large_image\" \/>\n<meta name=\"twitter:label1\" content=\"Est. reading time\" \/>\n\t<meta name=\"twitter:data1\" content=\"1 minut\" \/>\n<script type=\"application\/ld+json\" class=\"yoast-schema-graph\">{\"@context\":\"https:\/\/schema.org\",\"@graph\":[{\"@type\":\"WebPage\",\"@id\":\"https:\/\/lartusihome.com\/et\/toode\/nohr-kettle-1l\/\",\"url\":\"https:\/\/lartusihome.com\/et\/toode\/nohr-kettle-1l\/\",\"name\":\"Nohr veekeedukann 1l - Lartusihome.com\",\"isPartOf\":{\"@id\":\"https:\/\/lartusihome.com\/et\/#website\"},\"primaryImageOfPage\":{\"@id\":\"https:\/\/lartusihome.com\/et\/toode\/nohr-kettle-1l\/#primaryimage\"},\"image\":{\"@id\":\"https:\/\/lartusihome.com\/et\/toode\/nohr-kettle-1l\/#primaryimage\"},\"thumbnailUrl\":\"https:\/\/lartusihome.com\/wp-content\/uploads\/2024\/04\/OL_610_Nohr_gooseneck_kettle.jpg\",\"datePublished\":\"2024-04-17T13:49:12+00:00\",\"dateModified\":\"2024-04-17T13:54:15+00:00\",\"breadcrumb\":{\"@id\":\"https:\/\/lartusihome.com\/et\/toode\/nohr-kettle-1l\/#breadcrumb\"},\"inLanguage\":\"et\",\"potentialAction\":[{\"@type\":\"ReadAction\",\"target\":[\"https:\/\/lartusihome.com\/et\/toode\/nohr-kettle-1l\/\"]}]},{\"@type\":\"ImageObject\",\"inLanguage\":\"et\",\"@id\":\"https:\/\/lartusihome.com\/et\/toode\/nohr-kettle-1l\/#primaryimage\",\"url\":\"https:\/\/lartusihome.com\/wp-content\/uploads\/2024\/04\/OL_610_Nohr_gooseneck_kettle.jpg\",\"contentUrl\":\"https:\/\/lartusihome.com\/wp-content\/uploads\/2024\/04\/OL_610_Nohr_gooseneck_kettle.jpg\",\"width\":2000,\"height\":2000},{\"@type\":\"BreadcrumbList\",\"@id\":\"https:\/\/lartusihome.com\/et\/toode\/nohr-kettle-1l\/#breadcrumb\",\"itemListElement\":[{\"@type\":\"ListItem\",\"position\":1,\"name\":\"Home\",\"item\":\"https:\/\/lartusihome.com\/et\/\"},{\"@type\":\"ListItem\",\"position\":2,\"name\":\"Pood\",\"item\":\"https:\/\/lartusihome.com\/et\/pood\/\"},{\"@type\":\"ListItem\",\"position\":3,\"name\":\"Nohr veekeedukann 1l\"}]},{\"@type\":\"WebSite\",\"@id\":\"https:\/\/lartusihome.com\/et\/#website\",\"url\":\"https:\/\/lartusihome.com\/et\/\",\"name\":\"Lartusihome.com\",\"description\":\"Kodu \/ sisustus\",\"potentialAction\":[{\"@type\":\"SearchAction\",\"target\":{\"@type\":\"EntryPoint\",\"urlTemplate\":\"https:\/\/lartusihome.com\/et\/?s={search_term_string}\"},\"query-input\":{\"@type\":\"PropertyValueSpecification\",\"valueRequired\":true,\"valueName\":\"search_term_string\"}}],\"inLanguage\":\"et\"}]}<\/script>\n<!-- \/ Yoast SEO plugin. -->","yoast_head_json":{"title":"Nohr veekeedukann 1l - Lartusihome.com","robots":{"index":"index","follow":"follow","max-snippet":"max-snippet:-1","max-image-preview":"max-image-preview:large","max-video-preview":"max-video-preview:-1"},"canonical":"https:\/\/lartusihome.com\/et\/toode\/nohr-kettle-1l\/","og_locale":"et_EE","og_type":"article","og_title":"Nohr veekeedukann 1l - Lartusihome.com","og_description":"Veekeetja on nii dekoratiivne kui ka funktsionaalne \u2013 v\u00e4lja t\u00f6\u00f6tatud pakkuma kohvi valmistamisel parimat maitseelamust. Sobib h\u00e4sti nt V60 ja Chemexi meetodil kohvi valmistamiseks. Kael v\u00f5imaldab paremini kontrollida vett, mida oma kohvipurule valate. Materjal: PVD-kattega roostevaba teras, bakeliit Pikkus: 28 cm K\u00f5rgus: 13 cm Laius: 14 cm Disainer: S\u00f8ren Refsgaard Sobib ka induktsioonpliidile","og_url":"https:\/\/lartusihome.com\/et\/toode\/nohr-kettle-1l\/","og_site_name":"Lartusihome.com","article_publisher":"https:\/\/www.facebook.com\/lartusihome\/","article_modified_time":"2024-04-17T13:54:15+00:00","og_image":[{"width":2000,"height":2000,"url":"https:\/\/lartusihome.com\/wp-content\/uploads\/2024\/04\/OL_610_Nohr_gooseneck_kettle.jpg","type":"image\/jpeg"}],"twitter_card":"summary_large_image","twitter_misc":{"Est. reading time":"1 minut"},"schema":{"@context":"https:\/\/schema.org","@graph":[{"@type":"WebPage","@id":"https:\/\/lartusihome.com\/et\/toode\/nohr-kettle-1l\/","url":"https:\/\/lartusihome.com\/et\/toode\/nohr-kettle-1l\/","name":"Nohr veekeedukann 1l - Lartusihome.com","isPartOf":{"@id":"https:\/\/lartusihome.com\/et\/#website"},"primaryImageOfPage":{"@id":"https:\/\/lartusihome.com\/et\/toode\/nohr-kettle-1l\/#primaryimage"},"image":{"@id":"https:\/\/lartusihome.com\/et\/toode\/nohr-kettle-1l\/#primaryimage"},"thumbnailUrl":"https:\/\/lartusihome.com\/wp-content\/uploads\/2024\/04\/OL_610_Nohr_gooseneck_kettle.jpg","datePublished":"2024-04-17T13:49:12+00:00","dateModified":"2024-04-17T13:54:15+00:00","breadcrumb":{"@id":"https:\/\/lartusihome.com\/et\/toode\/nohr-kettle-1l\/#breadcrumb"},"inLanguage":"et","potentialAction":[{"@type":"ReadAction","target":["https:\/\/lartusihome.com\/et\/toode\/nohr-kettle-1l\/"]}]},{"@type":"ImageObject","inLanguage":"et","@id":"https:\/\/lartusihome.com\/et\/toode\/nohr-kettle-1l\/#primaryimage","url":"https:\/\/lartusihome.com\/wp-content\/uploads\/2024\/04\/OL_610_Nohr_gooseneck_kettle.jpg","contentUrl":"https:\/\/lartusihome.com\/wp-content\/uploads\/2024\/04\/OL_610_Nohr_gooseneck_kettle.jpg","width":2000,"height":2000},{"@type":"BreadcrumbList","@id":"https:\/\/lartusihome.com\/et\/toode\/nohr-kettle-1l\/#breadcrumb","itemListElement":[{"@type":"ListItem","position":1,"name":"Home","item":"https:\/\/lartusihome.com\/et\/"},{"@type":"ListItem","position":2,"name":"Pood","item":"https:\/\/lartusihome.com\/et\/pood\/"},{"@type":"ListItem","position":3,"name":"Nohr veekeedukann 1l"}]},{"@type":"WebSite","@id":"https:\/\/lartusihome.com\/et\/#website","url":"https:\/\/lartusihome.com\/et\/","name":"Lartusihome.com","description":"Kodu \/ sisustus","potentialAction":[{"@type":"SearchAction","target":{"@type":"EntryPoint","urlTemplate":"https:\/\/lartusihome.com\/et\/?s={search_term_string}"},"query-input":{"@type":"PropertyValueSpecification","valueRequired":true,"valueName":"search_term_string"}}],"inLanguage":"et"}]}},"_links":{"self":[{"href":"https:\/\/lartusihome.com\/et\/wp-json\/wp\/v2\/product\/358891"}],"collection":[{"href":"https:\/\/lartusihome.com\/et\/wp-json\/wp\/v2\/product"}],"about":[{"href":"https:\/\/lartusihome.com\/et\/wp-json\/wp\/v2\/types\/product"}],"wp:featuredmedia":[{"embeddable":true,"href":"https:\/\/lartusihome.com\/et\/wp-json\/wp\/v2\/media\/358837"}],"wp:attachment":[{"href":"https:\/\/lartusihome.com\/et\/wp-json\/wp\/v2\/media?parent=358891"}],"wp:term":[{"taxonomy":"product_cat","embeddable":true,"href":"https:\/\/lartusihome.com\/et\/wp-json\/wp\/v2\/product_cat?post=358891"},{"taxonomy":"product_tag","embeddable":true,"href":"https:\/\/lartusihome.com\/et\/wp-json\/wp\/v2\/product_tag?post=358891"},{"taxonomy":"giftcard-category","embeddable":true,"href":"https:\/\/lartusihome.com\/et\/wp-json\/wp\/v2\/giftcard-category?post=358891"}],"curies":[{"name":"wp","href":"https:\/\/api.w.org\/{rel}","templated":true}]}}