{"id":358657,"date":"2024-04-16T16:18:51","date_gmt":"2024-04-16T13:18:51","guid":{"rendered":"https:\/\/lartusihome.com\/product\/herbarium-body-wash-375ml\/"},"modified":"2024-07-23T09:10:15","modified_gmt":"2024-07-23T06:10:15","slug":"herbarium-body-wash-375ml","status":"publish","type":"product","link":"https:\/\/lartusihome.com\/et\/toode\/herbarium-body-wash-375ml\/","title":{"rendered":"Herbarium du\u0161igeel 375ml"},"content":{"rendered":"<p>L\u00f5hnanoodid: apelsin, kadakas, roos ja ho puit<\/p>\n<p>Sisaldab looduslikke \u00f5lisid. Herbariumi rikkalik puidusus ja s\u00e4ravad tsitruse noodid toovad silme ette jalutusk\u00e4igu botaanikaaedades, kus on alati tunda lillede ja rohu l\u00f5hna.<\/p>\n<p>Sobib k\u00f5ikidele nahat\u00fc\u00fcpidele<\/p>\n<p>Naturaalsed koostisosad<\/p>\n<p>Vegan ja julmusevaba<\/p>\n<p>Taaskasutatav klaasist pudel<\/p>\n<p>Toodetud Taanis<\/p>\n","protected":false},"excerpt":{"rendered":"<p>L\u00f5hnanoodid: apelsin, kadakas, roos ja ho puit Sisaldab looduslikke \u00f5lisid. Herbariumi rikkalik puidusus ja s\u00e4ravad tsitruse noodid toovad silme ette jalutusk\u00e4igu botaanikaaedades, kus on alati tunda lillede ja rohu l\u00f5hna. Sobib k\u00f5ikidele nahat\u00fc\u00fcpidele Naturaalsed koostisosad Vegan ja julmusevaba Taaskasutatav klaasist pudel Toodetud Taanis<\/p>\n","protected":false},"featured_media":358609,"template":"","meta":{"_acf_changed":false,"inline_featured_image":false},"product_cat":[4518,15417],"product_tag":[],"giftcard-category":[],"class_list":{"0":"post-358657","1":"product","2":"type-product","3":"status-publish","4":"has-post-thumbnail","6":"product_cat-vannituba","7":"product_cat-hugieen-ja-kosmeetika","8":"pa_brand-frama","9":"pa_collection-herbarium","11":"first","12":"instock","13":"sale","14":"shipping-taxable","15":"purchasable","16":"product-type-simple"},"acf":[],"yoast_head":"<!-- This site is optimized with the Yoast SEO plugin v25.6 - https:\/\/yoast.com\/wordpress\/plugins\/seo\/ -->\n<title>Herbarium du\u0161igeel 375ml - Lartusihome.com<\/title>\n<meta name=\"robots\" content=\"index, follow, max-snippet:-1, max-image-preview:large, max-video-preview:-1\" \/>\n<link rel=\"canonical\" href=\"https:\/\/lartusihome.com\/et\/toode\/herbarium-body-wash-375ml\/\" \/>\n<meta property=\"og:locale\" content=\"et_EE\" \/>\n<meta property=\"og:type\" content=\"article\" \/>\n<meta property=\"og:title\" content=\"Herbarium du\u0161igeel 375ml - Lartusihome.com\" \/>\n<meta property=\"og:description\" content=\"L\u00f5hnanoodid: apelsin, kadakas, roos ja ho puit Sisaldab looduslikke \u00f5lisid. Herbariumi rikkalik puidusus ja s\u00e4ravad tsitruse noodid toovad silme ette jalutusk\u00e4igu botaanikaaedades, kus on alati tunda lillede ja rohu l\u00f5hna. Sobib k\u00f5ikidele nahat\u00fc\u00fcpidele Naturaalsed koostisosad Vegan ja julmusevaba Taaskasutatav klaasist pudel Toodetud Taanis\" \/>\n<meta property=\"og:url\" content=\"https:\/\/lartusihome.com\/et\/toode\/herbarium-body-wash-375ml\/\" \/>\n<meta property=\"og:site_name\" content=\"Lartusihome.com\" \/>\n<meta property=\"article:publisher\" content=\"https:\/\/www.facebook.com\/lartusihome\/\" \/>\n<meta property=\"article:modified_time\" content=\"2024-07-23T06:10:15+00:00\" \/>\n<meta property=\"og:image\" content=\"https:\/\/lartusihome.com\/wp-content\/uploads\/2024\/04\/FRAMA-Herbarium-Body-Wash-375ml-Packshot-png.png\" \/>\n\t<meta property=\"og:image:width\" content=\"2000\" \/>\n\t<meta property=\"og:image:height\" content=\"2000\" \/>\n\t<meta property=\"og:image:type\" content=\"image\/png\" \/>\n<meta name=\"twitter:card\" content=\"summary_large_image\" \/>\n<meta name=\"twitter:label1\" content=\"Est. reading time\" \/>\n\t<meta name=\"twitter:data1\" content=\"1 minut\" \/>\n<script type=\"application\/ld+json\" class=\"yoast-schema-graph\">{\"@context\":\"https:\/\/schema.org\",\"@graph\":[{\"@type\":\"WebPage\",\"@id\":\"https:\/\/lartusihome.com\/et\/toode\/herbarium-body-wash-375ml\/\",\"url\":\"https:\/\/lartusihome.com\/et\/toode\/herbarium-body-wash-375ml\/\",\"name\":\"Herbarium du\u0161igeel 375ml - Lartusihome.com\",\"isPartOf\":{\"@id\":\"https:\/\/lartusihome.com\/et\/#website\"},\"primaryImageOfPage\":{\"@id\":\"https:\/\/lartusihome.com\/et\/toode\/herbarium-body-wash-375ml\/#primaryimage\"},\"image\":{\"@id\":\"https:\/\/lartusihome.com\/et\/toode\/herbarium-body-wash-375ml\/#primaryimage\"},\"thumbnailUrl\":\"https:\/\/lartusihome.com\/wp-content\/uploads\/2024\/04\/FRAMA-Herbarium-Body-Wash-375ml-Packshot-png.png\",\"datePublished\":\"2024-04-16T13:18:51+00:00\",\"dateModified\":\"2024-07-23T06:10:15+00:00\",\"breadcrumb\":{\"@id\":\"https:\/\/lartusihome.com\/et\/toode\/herbarium-body-wash-375ml\/#breadcrumb\"},\"inLanguage\":\"et\",\"potentialAction\":[{\"@type\":\"ReadAction\",\"target\":[\"https:\/\/lartusihome.com\/et\/toode\/herbarium-body-wash-375ml\/\"]}]},{\"@type\":\"ImageObject\",\"inLanguage\":\"et\",\"@id\":\"https:\/\/lartusihome.com\/et\/toode\/herbarium-body-wash-375ml\/#primaryimage\",\"url\":\"https:\/\/lartusihome.com\/wp-content\/uploads\/2024\/04\/FRAMA-Herbarium-Body-Wash-375ml-Packshot-png.png\",\"contentUrl\":\"https:\/\/lartusihome.com\/wp-content\/uploads\/2024\/04\/FRAMA-Herbarium-Body-Wash-375ml-Packshot-png.png\",\"width\":2000,\"height\":2000},{\"@type\":\"BreadcrumbList\",\"@id\":\"https:\/\/lartusihome.com\/et\/toode\/herbarium-body-wash-375ml\/#breadcrumb\",\"itemListElement\":[{\"@type\":\"ListItem\",\"position\":1,\"name\":\"Home\",\"item\":\"https:\/\/lartusihome.com\/et\/\"},{\"@type\":\"ListItem\",\"position\":2,\"name\":\"Pood\",\"item\":\"https:\/\/lartusihome.com\/et\/pood\/\"},{\"@type\":\"ListItem\",\"position\":3,\"name\":\"Herbarium du\u0161igeel 375ml\"}]},{\"@type\":\"WebSite\",\"@id\":\"https:\/\/lartusihome.com\/et\/#website\",\"url\":\"https:\/\/lartusihome.com\/et\/\",\"name\":\"Lartusihome.com\",\"description\":\"Kodu \/ sisustus\",\"potentialAction\":[{\"@type\":\"SearchAction\",\"target\":{\"@type\":\"EntryPoint\",\"urlTemplate\":\"https:\/\/lartusihome.com\/et\/?s={search_term_string}\"},\"query-input\":{\"@type\":\"PropertyValueSpecification\",\"valueRequired\":true,\"valueName\":\"search_term_string\"}}],\"inLanguage\":\"et\"}]}<\/script>\n<!-- \/ Yoast SEO plugin. -->","yoast_head_json":{"title":"Herbarium du\u0161igeel 375ml - Lartusihome.com","robots":{"index":"index","follow":"follow","max-snippet":"max-snippet:-1","max-image-preview":"max-image-preview:large","max-video-preview":"max-video-preview:-1"},"canonical":"https:\/\/lartusihome.com\/et\/toode\/herbarium-body-wash-375ml\/","og_locale":"et_EE","og_type":"article","og_title":"Herbarium du\u0161igeel 375ml - Lartusihome.com","og_description":"L\u00f5hnanoodid: apelsin, kadakas, roos ja ho puit Sisaldab looduslikke \u00f5lisid. Herbariumi rikkalik puidusus ja s\u00e4ravad tsitruse noodid toovad silme ette jalutusk\u00e4igu botaanikaaedades, kus on alati tunda lillede ja rohu l\u00f5hna. Sobib k\u00f5ikidele nahat\u00fc\u00fcpidele Naturaalsed koostisosad Vegan ja julmusevaba Taaskasutatav klaasist pudel Toodetud Taanis","og_url":"https:\/\/lartusihome.com\/et\/toode\/herbarium-body-wash-375ml\/","og_site_name":"Lartusihome.com","article_publisher":"https:\/\/www.facebook.com\/lartusihome\/","article_modified_time":"2024-07-23T06:10:15+00:00","og_image":[{"width":2000,"height":2000,"url":"https:\/\/lartusihome.com\/wp-content\/uploads\/2024\/04\/FRAMA-Herbarium-Body-Wash-375ml-Packshot-png.png","type":"image\/png"}],"twitter_card":"summary_large_image","twitter_misc":{"Est. reading time":"1 minut"},"schema":{"@context":"https:\/\/schema.org","@graph":[{"@type":"WebPage","@id":"https:\/\/lartusihome.com\/et\/toode\/herbarium-body-wash-375ml\/","url":"https:\/\/lartusihome.com\/et\/toode\/herbarium-body-wash-375ml\/","name":"Herbarium du\u0161igeel 375ml - Lartusihome.com","isPartOf":{"@id":"https:\/\/lartusihome.com\/et\/#website"},"primaryImageOfPage":{"@id":"https:\/\/lartusihome.com\/et\/toode\/herbarium-body-wash-375ml\/#primaryimage"},"image":{"@id":"https:\/\/lartusihome.com\/et\/toode\/herbarium-body-wash-375ml\/#primaryimage"},"thumbnailUrl":"https:\/\/lartusihome.com\/wp-content\/uploads\/2024\/04\/FRAMA-Herbarium-Body-Wash-375ml-Packshot-png.png","datePublished":"2024-04-16T13:18:51+00:00","dateModified":"2024-07-23T06:10:15+00:00","breadcrumb":{"@id":"https:\/\/lartusihome.com\/et\/toode\/herbarium-body-wash-375ml\/#breadcrumb"},"inLanguage":"et","potentialAction":[{"@type":"ReadAction","target":["https:\/\/lartusihome.com\/et\/toode\/herbarium-body-wash-375ml\/"]}]},{"@type":"ImageObject","inLanguage":"et","@id":"https:\/\/lartusihome.com\/et\/toode\/herbarium-body-wash-375ml\/#primaryimage","url":"https:\/\/lartusihome.com\/wp-content\/uploads\/2024\/04\/FRAMA-Herbarium-Body-Wash-375ml-Packshot-png.png","contentUrl":"https:\/\/lartusihome.com\/wp-content\/uploads\/2024\/04\/FRAMA-Herbarium-Body-Wash-375ml-Packshot-png.png","width":2000,"height":2000},{"@type":"BreadcrumbList","@id":"https:\/\/lartusihome.com\/et\/toode\/herbarium-body-wash-375ml\/#breadcrumb","itemListElement":[{"@type":"ListItem","position":1,"name":"Home","item":"https:\/\/lartusihome.com\/et\/"},{"@type":"ListItem","position":2,"name":"Pood","item":"https:\/\/lartusihome.com\/et\/pood\/"},{"@type":"ListItem","position":3,"name":"Herbarium du\u0161igeel 375ml"}]},{"@type":"WebSite","@id":"https:\/\/lartusihome.com\/et\/#website","url":"https:\/\/lartusihome.com\/et\/","name":"Lartusihome.com","description":"Kodu \/ sisustus","potentialAction":[{"@type":"SearchAction","target":{"@type":"EntryPoint","urlTemplate":"https:\/\/lartusihome.com\/et\/?s={search_term_string}"},"query-input":{"@type":"PropertyValueSpecification","valueRequired":true,"valueName":"search_term_string"}}],"inLanguage":"et"}]}},"_links":{"self":[{"href":"https:\/\/lartusihome.com\/et\/wp-json\/wp\/v2\/product\/358657"}],"collection":[{"href":"https:\/\/lartusihome.com\/et\/wp-json\/wp\/v2\/product"}],"about":[{"href":"https:\/\/lartusihome.com\/et\/wp-json\/wp\/v2\/types\/product"}],"wp:featuredmedia":[{"embeddable":true,"href":"https:\/\/lartusihome.com\/et\/wp-json\/wp\/v2\/media\/358609"}],"wp:attachment":[{"href":"https:\/\/lartusihome.com\/et\/wp-json\/wp\/v2\/media?parent=358657"}],"wp:term":[{"taxonomy":"product_cat","embeddable":true,"href":"https:\/\/lartusihome.com\/et\/wp-json\/wp\/v2\/product_cat?post=358657"},{"taxonomy":"product_tag","embeddable":true,"href":"https:\/\/lartusihome.com\/et\/wp-json\/wp\/v2\/product_tag?post=358657"},{"taxonomy":"giftcard-category","embeddable":true,"href":"https:\/\/lartusihome.com\/et\/wp-json\/wp\/v2\/giftcard-category?post=358657"}],"curies":[{"name":"wp","href":"https:\/\/api.w.org\/{rel}","templated":true}]}}