{"id":358652,"date":"2024-04-16T15:58:30","date_gmt":"2024-04-16T12:58:30","guid":{"rendered":"https:\/\/lartusihome.com\/product\/herbarium-hand-wash-refill-500ml\/"},"modified":"2024-04-16T16:02:22","modified_gmt":"2024-04-16T13:02:22","slug":"herbarium-hand-wash-refill-500ml","status":"publish","type":"product","link":"https:\/\/lartusihome.com\/et\/toode\/herbarium-hand-wash-refill-500ml\/","title":{"rendered":"Herbarium k\u00e4teseebi t\u00e4ide 500ml"},"content":{"rendered":"<p>L\u00f5hnanoodid: apelsin, kadakas, roos ja ho puit<\/p>\n<p>Sisaldab niisutavaid taimseid koostisosi, mis j\u00e4tab k\u00e4ed puhtaks, pehmeks ja elastseks. Herbariumi rikkalik puidusus ja s\u00e4ravad tsitruse noodid toovad silme ette jalutusk\u00e4igu botaanikaaedades, kus on alati tunda lillede ja rohu l\u00f5hna.<\/p>\n<p>Sobib k\u00f5ikidele nahat\u00fc\u00fcpidele<\/p>\n<p>Naturaalsed koostisosad<\/p>\n<p>Vegan ja julmusevaba<\/p>\n<p>500 ml pudel on valmistatud taaskasutatavast PET-st<\/p>\n<p>Toodetud Taanis<\/p>\n","protected":false},"excerpt":{"rendered":"<p>L\u00f5hnanoodid: apelsin, kadakas, roos ja ho puit Sisaldab niisutavaid taimseid koostisosi, mis j\u00e4tab k\u00e4ed puhtaks, pehmeks ja elastseks. Herbariumi rikkalik puidusus ja s\u00e4ravad tsitruse noodid toovad silme ette jalutusk\u00e4igu botaanikaaedades, kus on alati tunda lillede ja rohu l\u00f5hna. Sobib k\u00f5ikidele nahat\u00fc\u00fcpidele Naturaalsed koostisosad Vegan ja julmusevaba 500 ml pudel on valmistatud taaskasutatavast PET-st Toodetud Taanis<\/p>\n","protected":false},"featured_media":358617,"template":"","meta":{"_acf_changed":false,"inline_featured_image":false},"product_cat":[22606,24134,4518,15417],"product_tag":[],"giftcard-category":[],"class_list":{"0":"post-358652","1":"product","2":"type-product","3":"status-publish","4":"has-post-thumbnail","6":"product_cat-allahindlus","7":"product_cat-vannituba-et","8":"product_cat-vannituba","9":"product_cat-hugieen-ja-kosmeetika","10":"pa_brand-frama","11":"pa_collection-herbarium","13":"first","14":"instock","15":"sale","16":"shipping-taxable","17":"purchasable","18":"product-type-simple"},"acf":[],"yoast_head":"<!-- This site is optimized with the Yoast SEO plugin v25.6 - https:\/\/yoast.com\/wordpress\/plugins\/seo\/ -->\n<title>Herbarium k\u00e4teseebi t\u00e4ide 500ml - Lartusihome.com<\/title>\n<meta name=\"robots\" content=\"index, follow, max-snippet:-1, max-image-preview:large, max-video-preview:-1\" \/>\n<link rel=\"canonical\" href=\"https:\/\/lartusihome.com\/et\/toode\/herbarium-hand-wash-refill-500ml\/\" \/>\n<meta property=\"og:locale\" content=\"et_EE\" \/>\n<meta property=\"og:type\" content=\"article\" \/>\n<meta property=\"og:title\" content=\"Herbarium k\u00e4teseebi t\u00e4ide 500ml - Lartusihome.com\" \/>\n<meta property=\"og:description\" content=\"L\u00f5hnanoodid: apelsin, kadakas, roos ja ho puit Sisaldab niisutavaid taimseid koostisosi, mis j\u00e4tab k\u00e4ed puhtaks, pehmeks ja elastseks. Herbariumi rikkalik puidusus ja s\u00e4ravad tsitruse noodid toovad silme ette jalutusk\u00e4igu botaanikaaedades, kus on alati tunda lillede ja rohu l\u00f5hna. Sobib k\u00f5ikidele nahat\u00fc\u00fcpidele Naturaalsed koostisosad Vegan ja julmusevaba 500 ml pudel on valmistatud taaskasutatavast PET-st Toodetud Taanis\" \/>\n<meta property=\"og:url\" content=\"https:\/\/lartusihome.com\/et\/toode\/herbarium-hand-wash-refill-500ml\/\" \/>\n<meta property=\"og:site_name\" content=\"Lartusihome.com\" \/>\n<meta property=\"article:publisher\" content=\"https:\/\/www.facebook.com\/lartusihome\/\" \/>\n<meta property=\"article:modified_time\" content=\"2024-04-16T13:02:22+00:00\" \/>\n<meta property=\"og:image\" content=\"https:\/\/lartusihome.com\/wp-content\/uploads\/2024\/04\/FRAMA-Herbarium-Hand-Wash-Refill-Packshot-png.png\" \/>\n\t<meta property=\"og:image:width\" content=\"2000\" \/>\n\t<meta property=\"og:image:height\" content=\"2000\" \/>\n\t<meta property=\"og:image:type\" content=\"image\/png\" \/>\n<meta name=\"twitter:card\" content=\"summary_large_image\" \/>\n<meta name=\"twitter:label1\" content=\"Est. reading time\" \/>\n\t<meta name=\"twitter:data1\" content=\"1 minut\" \/>\n<script type=\"application\/ld+json\" class=\"yoast-schema-graph\">{\"@context\":\"https:\/\/schema.org\",\"@graph\":[{\"@type\":\"WebPage\",\"@id\":\"https:\/\/lartusihome.com\/et\/toode\/herbarium-hand-wash-refill-500ml\/\",\"url\":\"https:\/\/lartusihome.com\/et\/toode\/herbarium-hand-wash-refill-500ml\/\",\"name\":\"Herbarium k\u00e4teseebi t\u00e4ide 500ml - Lartusihome.com\",\"isPartOf\":{\"@id\":\"https:\/\/lartusihome.com\/et\/#website\"},\"primaryImageOfPage\":{\"@id\":\"https:\/\/lartusihome.com\/et\/toode\/herbarium-hand-wash-refill-500ml\/#primaryimage\"},\"image\":{\"@id\":\"https:\/\/lartusihome.com\/et\/toode\/herbarium-hand-wash-refill-500ml\/#primaryimage\"},\"thumbnailUrl\":\"https:\/\/lartusihome.com\/wp-content\/uploads\/2024\/04\/FRAMA-Herbarium-Hand-Wash-Refill-Packshot-png.png\",\"datePublished\":\"2024-04-16T12:58:30+00:00\",\"dateModified\":\"2024-04-16T13:02:22+00:00\",\"breadcrumb\":{\"@id\":\"https:\/\/lartusihome.com\/et\/toode\/herbarium-hand-wash-refill-500ml\/#breadcrumb\"},\"inLanguage\":\"et\",\"potentialAction\":[{\"@type\":\"ReadAction\",\"target\":[\"https:\/\/lartusihome.com\/et\/toode\/herbarium-hand-wash-refill-500ml\/\"]}]},{\"@type\":\"ImageObject\",\"inLanguage\":\"et\",\"@id\":\"https:\/\/lartusihome.com\/et\/toode\/herbarium-hand-wash-refill-500ml\/#primaryimage\",\"url\":\"https:\/\/lartusihome.com\/wp-content\/uploads\/2024\/04\/FRAMA-Herbarium-Hand-Wash-Refill-Packshot-png.png\",\"contentUrl\":\"https:\/\/lartusihome.com\/wp-content\/uploads\/2024\/04\/FRAMA-Herbarium-Hand-Wash-Refill-Packshot-png.png\",\"width\":2000,\"height\":2000},{\"@type\":\"BreadcrumbList\",\"@id\":\"https:\/\/lartusihome.com\/et\/toode\/herbarium-hand-wash-refill-500ml\/#breadcrumb\",\"itemListElement\":[{\"@type\":\"ListItem\",\"position\":1,\"name\":\"Home\",\"item\":\"https:\/\/lartusihome.com\/et\/\"},{\"@type\":\"ListItem\",\"position\":2,\"name\":\"Pood\",\"item\":\"https:\/\/lartusihome.com\/et\/pood\/\"},{\"@type\":\"ListItem\",\"position\":3,\"name\":\"Herbarium k\u00e4teseebi t\u00e4ide 500ml\"}]},{\"@type\":\"WebSite\",\"@id\":\"https:\/\/lartusihome.com\/et\/#website\",\"url\":\"https:\/\/lartusihome.com\/et\/\",\"name\":\"Lartusihome.com\",\"description\":\"Kodu \/ sisustus\",\"potentialAction\":[{\"@type\":\"SearchAction\",\"target\":{\"@type\":\"EntryPoint\",\"urlTemplate\":\"https:\/\/lartusihome.com\/et\/?s={search_term_string}\"},\"query-input\":{\"@type\":\"PropertyValueSpecification\",\"valueRequired\":true,\"valueName\":\"search_term_string\"}}],\"inLanguage\":\"et\"}]}<\/script>\n<!-- \/ Yoast SEO plugin. -->","yoast_head_json":{"title":"Herbarium k\u00e4teseebi t\u00e4ide 500ml - Lartusihome.com","robots":{"index":"index","follow":"follow","max-snippet":"max-snippet:-1","max-image-preview":"max-image-preview:large","max-video-preview":"max-video-preview:-1"},"canonical":"https:\/\/lartusihome.com\/et\/toode\/herbarium-hand-wash-refill-500ml\/","og_locale":"et_EE","og_type":"article","og_title":"Herbarium k\u00e4teseebi t\u00e4ide 500ml - Lartusihome.com","og_description":"L\u00f5hnanoodid: apelsin, kadakas, roos ja ho puit Sisaldab niisutavaid taimseid koostisosi, mis j\u00e4tab k\u00e4ed puhtaks, pehmeks ja elastseks. Herbariumi rikkalik puidusus ja s\u00e4ravad tsitruse noodid toovad silme ette jalutusk\u00e4igu botaanikaaedades, kus on alati tunda lillede ja rohu l\u00f5hna. Sobib k\u00f5ikidele nahat\u00fc\u00fcpidele Naturaalsed koostisosad Vegan ja julmusevaba 500 ml pudel on valmistatud taaskasutatavast PET-st Toodetud Taanis","og_url":"https:\/\/lartusihome.com\/et\/toode\/herbarium-hand-wash-refill-500ml\/","og_site_name":"Lartusihome.com","article_publisher":"https:\/\/www.facebook.com\/lartusihome\/","article_modified_time":"2024-04-16T13:02:22+00:00","og_image":[{"width":2000,"height":2000,"url":"https:\/\/lartusihome.com\/wp-content\/uploads\/2024\/04\/FRAMA-Herbarium-Hand-Wash-Refill-Packshot-png.png","type":"image\/png"}],"twitter_card":"summary_large_image","twitter_misc":{"Est. reading time":"1 minut"},"schema":{"@context":"https:\/\/schema.org","@graph":[{"@type":"WebPage","@id":"https:\/\/lartusihome.com\/et\/toode\/herbarium-hand-wash-refill-500ml\/","url":"https:\/\/lartusihome.com\/et\/toode\/herbarium-hand-wash-refill-500ml\/","name":"Herbarium k\u00e4teseebi t\u00e4ide 500ml - Lartusihome.com","isPartOf":{"@id":"https:\/\/lartusihome.com\/et\/#website"},"primaryImageOfPage":{"@id":"https:\/\/lartusihome.com\/et\/toode\/herbarium-hand-wash-refill-500ml\/#primaryimage"},"image":{"@id":"https:\/\/lartusihome.com\/et\/toode\/herbarium-hand-wash-refill-500ml\/#primaryimage"},"thumbnailUrl":"https:\/\/lartusihome.com\/wp-content\/uploads\/2024\/04\/FRAMA-Herbarium-Hand-Wash-Refill-Packshot-png.png","datePublished":"2024-04-16T12:58:30+00:00","dateModified":"2024-04-16T13:02:22+00:00","breadcrumb":{"@id":"https:\/\/lartusihome.com\/et\/toode\/herbarium-hand-wash-refill-500ml\/#breadcrumb"},"inLanguage":"et","potentialAction":[{"@type":"ReadAction","target":["https:\/\/lartusihome.com\/et\/toode\/herbarium-hand-wash-refill-500ml\/"]}]},{"@type":"ImageObject","inLanguage":"et","@id":"https:\/\/lartusihome.com\/et\/toode\/herbarium-hand-wash-refill-500ml\/#primaryimage","url":"https:\/\/lartusihome.com\/wp-content\/uploads\/2024\/04\/FRAMA-Herbarium-Hand-Wash-Refill-Packshot-png.png","contentUrl":"https:\/\/lartusihome.com\/wp-content\/uploads\/2024\/04\/FRAMA-Herbarium-Hand-Wash-Refill-Packshot-png.png","width":2000,"height":2000},{"@type":"BreadcrumbList","@id":"https:\/\/lartusihome.com\/et\/toode\/herbarium-hand-wash-refill-500ml\/#breadcrumb","itemListElement":[{"@type":"ListItem","position":1,"name":"Home","item":"https:\/\/lartusihome.com\/et\/"},{"@type":"ListItem","position":2,"name":"Pood","item":"https:\/\/lartusihome.com\/et\/pood\/"},{"@type":"ListItem","position":3,"name":"Herbarium k\u00e4teseebi t\u00e4ide 500ml"}]},{"@type":"WebSite","@id":"https:\/\/lartusihome.com\/et\/#website","url":"https:\/\/lartusihome.com\/et\/","name":"Lartusihome.com","description":"Kodu \/ sisustus","potentialAction":[{"@type":"SearchAction","target":{"@type":"EntryPoint","urlTemplate":"https:\/\/lartusihome.com\/et\/?s={search_term_string}"},"query-input":{"@type":"PropertyValueSpecification","valueRequired":true,"valueName":"search_term_string"}}],"inLanguage":"et"}]}},"_links":{"self":[{"href":"https:\/\/lartusihome.com\/et\/wp-json\/wp\/v2\/product\/358652"}],"collection":[{"href":"https:\/\/lartusihome.com\/et\/wp-json\/wp\/v2\/product"}],"about":[{"href":"https:\/\/lartusihome.com\/et\/wp-json\/wp\/v2\/types\/product"}],"wp:featuredmedia":[{"embeddable":true,"href":"https:\/\/lartusihome.com\/et\/wp-json\/wp\/v2\/media\/358617"}],"wp:attachment":[{"href":"https:\/\/lartusihome.com\/et\/wp-json\/wp\/v2\/media?parent=358652"}],"wp:term":[{"taxonomy":"product_cat","embeddable":true,"href":"https:\/\/lartusihome.com\/et\/wp-json\/wp\/v2\/product_cat?post=358652"},{"taxonomy":"product_tag","embeddable":true,"href":"https:\/\/lartusihome.com\/et\/wp-json\/wp\/v2\/product_tag?post=358652"},{"taxonomy":"giftcard-category","embeddable":true,"href":"https:\/\/lartusihome.com\/et\/wp-json\/wp\/v2\/giftcard-category?post=358652"}],"curies":[{"name":"wp","href":"https:\/\/api.w.org\/{rel}","templated":true}]}}