{"id":355292,"date":"2024-03-22T12:10:52","date_gmt":"2024-03-22T10:10:52","guid":{"rendered":"https:\/\/lartusihome.com\/product\/mat-bar-chair-65cm\/"},"modified":"2024-03-22T12:11:50","modified_gmt":"2024-03-22T10:11:50","slug":"mat-bar-chair-65cm","status":"publish","type":"product","link":"https:\/\/lartusihome.com\/et\/toode\/mat-bar-chair-65cm\/","title":{"rendered":"Mat baaritool seljatoega 65cm"},"content":{"rendered":"<p>Mat on l\u00fchend s\u00f5nast \u201cmaterjal\u201d, mis viitab antud tooli valmistamisel kasutatud uuenduslikele materjalidele \u2013 kanepile ja merevetikatele. Eesm\u00e4rgiks oli luua tool, mille keskkonnam\u00f5ju on selle t\u00f6\u00f6stusharu normidest v\u00e4iksem.<\/p>\n<p>Taani disainistuudio Foersom &amp; Hiort-Lorenzen loodud tool on aastatepikkuse uurimis- ja arendustegevuse tulemus. Tooli kest on valmistatud uuenduslikult, kasutades kanepit ja merevetikaid. Materjalid moodustavad disaini p\u00f5hiolemuse.<\/p>\n<p>k\u00f5rgus: 101 cm<\/p>\n<p>laius: 51,6 cm<\/p>\n<p>s\u00fcgavus: 55 cm<\/p>\n<p>istumisk\u00f5rgus: 65 cm<\/p>\n<p>5,3 kg<\/p>\n<p>&nbsp;<\/p>\n","protected":false},"excerpt":{"rendered":"<p>Mat on l\u00fchend s\u00f5nast \u201cmaterjal\u201d, mis viitab antud tooli valmistamisel kasutatud uuenduslikele materjalidele \u2013 kanepile ja merevetikatele. Eesm\u00e4rgiks oli luua tool, mille keskkonnam\u00f5ju on selle t\u00f6\u00f6stusharu normidest v\u00e4iksem. Taani disainistuudio Foersom &amp; Hiort-Lorenzen loodud tool on aastatepikkuse uurimis- ja arendustegevuse tulemus. Tooli kest on valmistatud uuenduslikult, kasutades kanepit ja merevetikaid. Materjalid moodustavad disaini p\u00f5hiolemuse. k\u00f5rgus:&hellip;<\/p>\n","protected":false},"featured_media":355257,"template":"","meta":{"_acf_changed":false,"inline_featured_image":false},"product_cat":[24889,5273,3237],"product_tag":[],"giftcard-category":[],"class_list":{"0":"post-355292","1":"product","2":"type-product","3":"status-publish","4":"has-post-thumbnail","6":"product_cat-baaritoolid","7":"product_cat-moobel","8":"product_cat-toolid","9":"pa_brand-normann-copenhagen-et","10":"pa_collection-mat","12":"first","13":"onbackorder","14":"shipping-taxable","15":"purchasable","16":"product-type-variable"},"acf":[],"yoast_head":"<!-- This site is optimized with the Yoast SEO plugin v25.6 - https:\/\/yoast.com\/wordpress\/plugins\/seo\/ -->\n<title>Mat baaritool seljatoega 65cm - Lartusihome.com<\/title>\n<meta name=\"robots\" content=\"index, follow, max-snippet:-1, max-image-preview:large, max-video-preview:-1\" \/>\n<link rel=\"canonical\" href=\"https:\/\/lartusihome.com\/et\/toode\/mat-bar-chair-65cm\/\" \/>\n<meta property=\"og:locale\" content=\"et_EE\" \/>\n<meta property=\"og:type\" content=\"article\" \/>\n<meta property=\"og:title\" content=\"Mat baaritool seljatoega 65cm - Lartusihome.com\" \/>\n<meta property=\"og:description\" content=\"Mat on l\u00fchend s\u00f5nast \u201cmaterjal\u201d, mis viitab antud tooli valmistamisel kasutatud uuenduslikele materjalidele \u2013 kanepile ja merevetikatele. Eesm\u00e4rgiks oli luua tool, mille keskkonnam\u00f5ju on selle t\u00f6\u00f6stusharu normidest v\u00e4iksem. Taani disainistuudio Foersom &amp; Hiort-Lorenzen loodud tool on aastatepikkuse uurimis- ja arendustegevuse tulemus. Tooli kest on valmistatud uuenduslikult, kasutades kanepit ja merevetikaid. Materjalid moodustavad disaini p\u00f5hiolemuse. k\u00f5rgus:&hellip;\" \/>\n<meta property=\"og:url\" content=\"https:\/\/lartusihome.com\/et\/toode\/mat-bar-chair-65cm\/\" \/>\n<meta property=\"og:site_name\" content=\"Lartusihome.com\" \/>\n<meta property=\"article:publisher\" content=\"https:\/\/www.facebook.com\/lartusihome\/\" \/>\n<meta property=\"article:modified_time\" content=\"2024-03-22T10:11:50+00:00\" \/>\n<meta property=\"og:image\" content=\"https:\/\/lartusihome.com\/wp-content\/uploads\/2024\/03\/609233_Mat_Bar_Chair_65_cm_Hemp_Steel_Cream_01.jpg\" \/>\n\t<meta property=\"og:image:width\" content=\"2000\" \/>\n\t<meta property=\"og:image:height\" content=\"2000\" \/>\n\t<meta property=\"og:image:type\" content=\"image\/jpeg\" \/>\n<meta name=\"twitter:card\" content=\"summary_large_image\" \/>\n<meta name=\"twitter:label1\" content=\"Est. reading time\" \/>\n\t<meta name=\"twitter:data1\" content=\"1 minut\" \/>\n<script type=\"application\/ld+json\" class=\"yoast-schema-graph\">{\"@context\":\"https:\/\/schema.org\",\"@graph\":[{\"@type\":\"WebPage\",\"@id\":\"https:\/\/lartusihome.com\/et\/toode\/mat-bar-chair-65cm\/\",\"url\":\"https:\/\/lartusihome.com\/et\/toode\/mat-bar-chair-65cm\/\",\"name\":\"Mat baaritool seljatoega 65cm - Lartusihome.com\",\"isPartOf\":{\"@id\":\"https:\/\/lartusihome.com\/et\/#website\"},\"primaryImageOfPage\":{\"@id\":\"https:\/\/lartusihome.com\/et\/toode\/mat-bar-chair-65cm\/#primaryimage\"},\"image\":{\"@id\":\"https:\/\/lartusihome.com\/et\/toode\/mat-bar-chair-65cm\/#primaryimage\"},\"thumbnailUrl\":\"https:\/\/lartusihome.com\/wp-content\/uploads\/2024\/03\/609233_Mat_Bar_Chair_65_cm_Hemp_Steel_Cream_01.jpg\",\"datePublished\":\"2024-03-22T10:10:52+00:00\",\"dateModified\":\"2024-03-22T10:11:50+00:00\",\"breadcrumb\":{\"@id\":\"https:\/\/lartusihome.com\/et\/toode\/mat-bar-chair-65cm\/#breadcrumb\"},\"inLanguage\":\"et\",\"potentialAction\":[{\"@type\":\"ReadAction\",\"target\":[\"https:\/\/lartusihome.com\/et\/toode\/mat-bar-chair-65cm\/\"]}]},{\"@type\":\"ImageObject\",\"inLanguage\":\"et\",\"@id\":\"https:\/\/lartusihome.com\/et\/toode\/mat-bar-chair-65cm\/#primaryimage\",\"url\":\"https:\/\/lartusihome.com\/wp-content\/uploads\/2024\/03\/609233_Mat_Bar_Chair_65_cm_Hemp_Steel_Cream_01.jpg\",\"contentUrl\":\"https:\/\/lartusihome.com\/wp-content\/uploads\/2024\/03\/609233_Mat_Bar_Chair_65_cm_Hemp_Steel_Cream_01.jpg\",\"width\":2000,\"height\":2000},{\"@type\":\"BreadcrumbList\",\"@id\":\"https:\/\/lartusihome.com\/et\/toode\/mat-bar-chair-65cm\/#breadcrumb\",\"itemListElement\":[{\"@type\":\"ListItem\",\"position\":1,\"name\":\"Home\",\"item\":\"https:\/\/lartusihome.com\/et\/\"},{\"@type\":\"ListItem\",\"position\":2,\"name\":\"Pood\",\"item\":\"https:\/\/lartusihome.com\/et\/pood\/\"},{\"@type\":\"ListItem\",\"position\":3,\"name\":\"Mat baaritool seljatoega 65cm\"}]},{\"@type\":\"WebSite\",\"@id\":\"https:\/\/lartusihome.com\/et\/#website\",\"url\":\"https:\/\/lartusihome.com\/et\/\",\"name\":\"Lartusihome.com\",\"description\":\"Kodu \/ sisustus\",\"potentialAction\":[{\"@type\":\"SearchAction\",\"target\":{\"@type\":\"EntryPoint\",\"urlTemplate\":\"https:\/\/lartusihome.com\/et\/?s={search_term_string}\"},\"query-input\":{\"@type\":\"PropertyValueSpecification\",\"valueRequired\":true,\"valueName\":\"search_term_string\"}}],\"inLanguage\":\"et\"}]}<\/script>\n<!-- \/ Yoast SEO plugin. -->","yoast_head_json":{"title":"Mat baaritool seljatoega 65cm - Lartusihome.com","robots":{"index":"index","follow":"follow","max-snippet":"max-snippet:-1","max-image-preview":"max-image-preview:large","max-video-preview":"max-video-preview:-1"},"canonical":"https:\/\/lartusihome.com\/et\/toode\/mat-bar-chair-65cm\/","og_locale":"et_EE","og_type":"article","og_title":"Mat baaritool seljatoega 65cm - Lartusihome.com","og_description":"Mat on l\u00fchend s\u00f5nast \u201cmaterjal\u201d, mis viitab antud tooli valmistamisel kasutatud uuenduslikele materjalidele \u2013 kanepile ja merevetikatele. Eesm\u00e4rgiks oli luua tool, mille keskkonnam\u00f5ju on selle t\u00f6\u00f6stusharu normidest v\u00e4iksem. Taani disainistuudio Foersom &amp; Hiort-Lorenzen loodud tool on aastatepikkuse uurimis- ja arendustegevuse tulemus. Tooli kest on valmistatud uuenduslikult, kasutades kanepit ja merevetikaid. Materjalid moodustavad disaini p\u00f5hiolemuse. k\u00f5rgus:&hellip;","og_url":"https:\/\/lartusihome.com\/et\/toode\/mat-bar-chair-65cm\/","og_site_name":"Lartusihome.com","article_publisher":"https:\/\/www.facebook.com\/lartusihome\/","article_modified_time":"2024-03-22T10:11:50+00:00","og_image":[{"width":2000,"height":2000,"url":"https:\/\/lartusihome.com\/wp-content\/uploads\/2024\/03\/609233_Mat_Bar_Chair_65_cm_Hemp_Steel_Cream_01.jpg","type":"image\/jpeg"}],"twitter_card":"summary_large_image","twitter_misc":{"Est. reading time":"1 minut"},"schema":{"@context":"https:\/\/schema.org","@graph":[{"@type":"WebPage","@id":"https:\/\/lartusihome.com\/et\/toode\/mat-bar-chair-65cm\/","url":"https:\/\/lartusihome.com\/et\/toode\/mat-bar-chair-65cm\/","name":"Mat baaritool seljatoega 65cm - Lartusihome.com","isPartOf":{"@id":"https:\/\/lartusihome.com\/et\/#website"},"primaryImageOfPage":{"@id":"https:\/\/lartusihome.com\/et\/toode\/mat-bar-chair-65cm\/#primaryimage"},"image":{"@id":"https:\/\/lartusihome.com\/et\/toode\/mat-bar-chair-65cm\/#primaryimage"},"thumbnailUrl":"https:\/\/lartusihome.com\/wp-content\/uploads\/2024\/03\/609233_Mat_Bar_Chair_65_cm_Hemp_Steel_Cream_01.jpg","datePublished":"2024-03-22T10:10:52+00:00","dateModified":"2024-03-22T10:11:50+00:00","breadcrumb":{"@id":"https:\/\/lartusihome.com\/et\/toode\/mat-bar-chair-65cm\/#breadcrumb"},"inLanguage":"et","potentialAction":[{"@type":"ReadAction","target":["https:\/\/lartusihome.com\/et\/toode\/mat-bar-chair-65cm\/"]}]},{"@type":"ImageObject","inLanguage":"et","@id":"https:\/\/lartusihome.com\/et\/toode\/mat-bar-chair-65cm\/#primaryimage","url":"https:\/\/lartusihome.com\/wp-content\/uploads\/2024\/03\/609233_Mat_Bar_Chair_65_cm_Hemp_Steel_Cream_01.jpg","contentUrl":"https:\/\/lartusihome.com\/wp-content\/uploads\/2024\/03\/609233_Mat_Bar_Chair_65_cm_Hemp_Steel_Cream_01.jpg","width":2000,"height":2000},{"@type":"BreadcrumbList","@id":"https:\/\/lartusihome.com\/et\/toode\/mat-bar-chair-65cm\/#breadcrumb","itemListElement":[{"@type":"ListItem","position":1,"name":"Home","item":"https:\/\/lartusihome.com\/et\/"},{"@type":"ListItem","position":2,"name":"Pood","item":"https:\/\/lartusihome.com\/et\/pood\/"},{"@type":"ListItem","position":3,"name":"Mat baaritool seljatoega 65cm"}]},{"@type":"WebSite","@id":"https:\/\/lartusihome.com\/et\/#website","url":"https:\/\/lartusihome.com\/et\/","name":"Lartusihome.com","description":"Kodu \/ sisustus","potentialAction":[{"@type":"SearchAction","target":{"@type":"EntryPoint","urlTemplate":"https:\/\/lartusihome.com\/et\/?s={search_term_string}"},"query-input":{"@type":"PropertyValueSpecification","valueRequired":true,"valueName":"search_term_string"}}],"inLanguage":"et"}]}},"_links":{"self":[{"href":"https:\/\/lartusihome.com\/et\/wp-json\/wp\/v2\/product\/355292"}],"collection":[{"href":"https:\/\/lartusihome.com\/et\/wp-json\/wp\/v2\/product"}],"about":[{"href":"https:\/\/lartusihome.com\/et\/wp-json\/wp\/v2\/types\/product"}],"wp:featuredmedia":[{"embeddable":true,"href":"https:\/\/lartusihome.com\/et\/wp-json\/wp\/v2\/media\/355257"}],"wp:attachment":[{"href":"https:\/\/lartusihome.com\/et\/wp-json\/wp\/v2\/media?parent=355292"}],"wp:term":[{"taxonomy":"product_cat","embeddable":true,"href":"https:\/\/lartusihome.com\/et\/wp-json\/wp\/v2\/product_cat?post=355292"},{"taxonomy":"product_tag","embeddable":true,"href":"https:\/\/lartusihome.com\/et\/wp-json\/wp\/v2\/product_tag?post=355292"},{"taxonomy":"giftcard-category","embeddable":true,"href":"https:\/\/lartusihome.com\/et\/wp-json\/wp\/v2\/giftcard-category?post=355292"}],"curies":[{"name":"wp","href":"https:\/\/api.w.org\/{rel}","templated":true}]}}