{"id":354565,"date":"2024-03-20T12:05:56","date_gmt":"2024-03-20T10:05:56","guid":{"rendered":"https:\/\/lartusihome.com\/product\/perlemor-sand-egg-cups-2pcs\/"},"modified":"2025-12-11T23:33:04","modified_gmt":"2025-12-11T21:33:04","slug":"perlemor-sand-egg-cups-2pcs","status":"publish","type":"product","link":"https:\/\/lartusihome.com\/et\/toode\/perlemor-sand-egg-cups-2pcs\/","title":{"rendered":"Perlemor Sand munatopsid 2tk"},"content":{"rendered":"<p>pikkus: 5,3 cm<\/p>\n<p>laius: 5,3 cm<\/p>\n<p>k\u00f5rgus: 4,4 cm<\/p>\n<p>preemium portselan<\/p>\n<p>v\u00f5ib pesta n\u00f5udepesumasinas<\/p>\n","protected":false},"excerpt":{"rendered":"<p>pikkus: 5,3 cm laius: 5,3 cm k\u00f5rgus: 4,4 cm preemium portselan v\u00f5ib pesta n\u00f5udepesumasinas<\/p>\n","protected":false},"featured_media":354558,"template":"","meta":{"_acf_changed":false,"inline_featured_image":false},"product_cat":[14631,3574,120],"product_tag":[],"giftcard-category":[],"class_list":{"0":"post-354565","1":"product","2":"type-product","3":"status-publish","4":"has-post-thumbnail","6":"product_cat-kevad","7":"product_cat-lauanoud","8":"product_cat-portselan","9":"pa_brand-villeroy-boch","10":"pa_collection-perlemor-sand","12":"first","13":"instock","14":"shipping-taxable","15":"purchasable","16":"product-type-simple"},"acf":[],"yoast_head":"<!-- This site is optimized with the Yoast SEO plugin v25.6 - https:\/\/yoast.com\/wordpress\/plugins\/seo\/ -->\n<title>Perlemor Sand munatopsid 2tk - Lartusihome.com<\/title>\n<meta name=\"robots\" content=\"index, follow, max-snippet:-1, max-image-preview:large, max-video-preview:-1\" \/>\n<link rel=\"canonical\" href=\"https:\/\/lartusihome.com\/et\/toode\/perlemor-sand-egg-cups-2pcs\/\" \/>\n<meta property=\"og:locale\" content=\"et_EE\" \/>\n<meta property=\"og:type\" content=\"article\" \/>\n<meta property=\"og:title\" content=\"Perlemor Sand munatopsid 2tk - Lartusihome.com\" \/>\n<meta property=\"og:description\" content=\"pikkus: 5,3 cm laius: 5,3 cm k\u00f5rgus: 4,4 cm preemium portselan v\u00f5ib pesta n\u00f5udepesumasinas\" \/>\n<meta property=\"og:url\" content=\"https:\/\/lartusihome.com\/et\/toode\/perlemor-sand-egg-cups-2pcs\/\" \/>\n<meta property=\"og:site_name\" content=\"Lartusihome.com\" \/>\n<meta property=\"article:publisher\" content=\"https:\/\/www.facebook.com\/lartusihome\/\" \/>\n<meta property=\"article:modified_time\" content=\"2025-12-11T21:33:04+00:00\" \/>\n<meta property=\"og:image\" content=\"https:\/\/lartusihome.com\/wp-content\/uploads\/2024\/03\/VB_1951768357_PerlemorHome_2tlg_mono_fs_single_rgb.jpg\" \/>\n\t<meta property=\"og:image:width\" content=\"2000\" \/>\n\t<meta property=\"og:image:height\" content=\"2000\" \/>\n\t<meta property=\"og:image:type\" content=\"image\/jpeg\" \/>\n<meta name=\"twitter:card\" content=\"summary_large_image\" \/>\n<meta name=\"twitter:label1\" content=\"Est. reading time\" \/>\n\t<meta name=\"twitter:data1\" content=\"1 minut\" \/>\n<script type=\"application\/ld+json\" class=\"yoast-schema-graph\">{\"@context\":\"https:\/\/schema.org\",\"@graph\":[{\"@type\":\"WebPage\",\"@id\":\"https:\/\/lartusihome.com\/et\/toode\/perlemor-sand-egg-cups-2pcs\/\",\"url\":\"https:\/\/lartusihome.com\/et\/toode\/perlemor-sand-egg-cups-2pcs\/\",\"name\":\"Perlemor Sand munatopsid 2tk - Lartusihome.com\",\"isPartOf\":{\"@id\":\"https:\/\/lartusihome.com\/et\/#website\"},\"primaryImageOfPage\":{\"@id\":\"https:\/\/lartusihome.com\/et\/toode\/perlemor-sand-egg-cups-2pcs\/#primaryimage\"},\"image\":{\"@id\":\"https:\/\/lartusihome.com\/et\/toode\/perlemor-sand-egg-cups-2pcs\/#primaryimage\"},\"thumbnailUrl\":\"https:\/\/lartusihome.com\/wp-content\/uploads\/2024\/03\/VB_1951768357_PerlemorHome_2tlg_mono_fs_single_rgb.jpg\",\"datePublished\":\"2024-03-20T10:05:56+00:00\",\"dateModified\":\"2025-12-11T21:33:04+00:00\",\"breadcrumb\":{\"@id\":\"https:\/\/lartusihome.com\/et\/toode\/perlemor-sand-egg-cups-2pcs\/#breadcrumb\"},\"inLanguage\":\"et\",\"potentialAction\":[{\"@type\":\"ReadAction\",\"target\":[\"https:\/\/lartusihome.com\/et\/toode\/perlemor-sand-egg-cups-2pcs\/\"]}]},{\"@type\":\"ImageObject\",\"inLanguage\":\"et\",\"@id\":\"https:\/\/lartusihome.com\/et\/toode\/perlemor-sand-egg-cups-2pcs\/#primaryimage\",\"url\":\"https:\/\/lartusihome.com\/wp-content\/uploads\/2024\/03\/VB_1951768357_PerlemorHome_2tlg_mono_fs_single_rgb.jpg\",\"contentUrl\":\"https:\/\/lartusihome.com\/wp-content\/uploads\/2024\/03\/VB_1951768357_PerlemorHome_2tlg_mono_fs_single_rgb.jpg\",\"width\":2000,\"height\":2000},{\"@type\":\"BreadcrumbList\",\"@id\":\"https:\/\/lartusihome.com\/et\/toode\/perlemor-sand-egg-cups-2pcs\/#breadcrumb\",\"itemListElement\":[{\"@type\":\"ListItem\",\"position\":1,\"name\":\"Home\",\"item\":\"https:\/\/lartusihome.com\/et\/\"},{\"@type\":\"ListItem\",\"position\":2,\"name\":\"Pood\",\"item\":\"https:\/\/lartusihome.com\/et\/pood\/\"},{\"@type\":\"ListItem\",\"position\":3,\"name\":\"Perlemor Sand munatopsid 2tk\"}]},{\"@type\":\"WebSite\",\"@id\":\"https:\/\/lartusihome.com\/et\/#website\",\"url\":\"https:\/\/lartusihome.com\/et\/\",\"name\":\"Lartusihome.com\",\"description\":\"Kodu \/ sisustus\",\"potentialAction\":[{\"@type\":\"SearchAction\",\"target\":{\"@type\":\"EntryPoint\",\"urlTemplate\":\"https:\/\/lartusihome.com\/et\/?s={search_term_string}\"},\"query-input\":{\"@type\":\"PropertyValueSpecification\",\"valueRequired\":true,\"valueName\":\"search_term_string\"}}],\"inLanguage\":\"et\"}]}<\/script>\n<!-- \/ Yoast SEO plugin. -->","yoast_head_json":{"title":"Perlemor Sand munatopsid 2tk - Lartusihome.com","robots":{"index":"index","follow":"follow","max-snippet":"max-snippet:-1","max-image-preview":"max-image-preview:large","max-video-preview":"max-video-preview:-1"},"canonical":"https:\/\/lartusihome.com\/et\/toode\/perlemor-sand-egg-cups-2pcs\/","og_locale":"et_EE","og_type":"article","og_title":"Perlemor Sand munatopsid 2tk - Lartusihome.com","og_description":"pikkus: 5,3 cm laius: 5,3 cm k\u00f5rgus: 4,4 cm preemium portselan v\u00f5ib pesta n\u00f5udepesumasinas","og_url":"https:\/\/lartusihome.com\/et\/toode\/perlemor-sand-egg-cups-2pcs\/","og_site_name":"Lartusihome.com","article_publisher":"https:\/\/www.facebook.com\/lartusihome\/","article_modified_time":"2025-12-11T21:33:04+00:00","og_image":[{"width":2000,"height":2000,"url":"https:\/\/lartusihome.com\/wp-content\/uploads\/2024\/03\/VB_1951768357_PerlemorHome_2tlg_mono_fs_single_rgb.jpg","type":"image\/jpeg"}],"twitter_card":"summary_large_image","twitter_misc":{"Est. reading time":"1 minut"},"schema":{"@context":"https:\/\/schema.org","@graph":[{"@type":"WebPage","@id":"https:\/\/lartusihome.com\/et\/toode\/perlemor-sand-egg-cups-2pcs\/","url":"https:\/\/lartusihome.com\/et\/toode\/perlemor-sand-egg-cups-2pcs\/","name":"Perlemor Sand munatopsid 2tk - Lartusihome.com","isPartOf":{"@id":"https:\/\/lartusihome.com\/et\/#website"},"primaryImageOfPage":{"@id":"https:\/\/lartusihome.com\/et\/toode\/perlemor-sand-egg-cups-2pcs\/#primaryimage"},"image":{"@id":"https:\/\/lartusihome.com\/et\/toode\/perlemor-sand-egg-cups-2pcs\/#primaryimage"},"thumbnailUrl":"https:\/\/lartusihome.com\/wp-content\/uploads\/2024\/03\/VB_1951768357_PerlemorHome_2tlg_mono_fs_single_rgb.jpg","datePublished":"2024-03-20T10:05:56+00:00","dateModified":"2025-12-11T21:33:04+00:00","breadcrumb":{"@id":"https:\/\/lartusihome.com\/et\/toode\/perlemor-sand-egg-cups-2pcs\/#breadcrumb"},"inLanguage":"et","potentialAction":[{"@type":"ReadAction","target":["https:\/\/lartusihome.com\/et\/toode\/perlemor-sand-egg-cups-2pcs\/"]}]},{"@type":"ImageObject","inLanguage":"et","@id":"https:\/\/lartusihome.com\/et\/toode\/perlemor-sand-egg-cups-2pcs\/#primaryimage","url":"https:\/\/lartusihome.com\/wp-content\/uploads\/2024\/03\/VB_1951768357_PerlemorHome_2tlg_mono_fs_single_rgb.jpg","contentUrl":"https:\/\/lartusihome.com\/wp-content\/uploads\/2024\/03\/VB_1951768357_PerlemorHome_2tlg_mono_fs_single_rgb.jpg","width":2000,"height":2000},{"@type":"BreadcrumbList","@id":"https:\/\/lartusihome.com\/et\/toode\/perlemor-sand-egg-cups-2pcs\/#breadcrumb","itemListElement":[{"@type":"ListItem","position":1,"name":"Home","item":"https:\/\/lartusihome.com\/et\/"},{"@type":"ListItem","position":2,"name":"Pood","item":"https:\/\/lartusihome.com\/et\/pood\/"},{"@type":"ListItem","position":3,"name":"Perlemor Sand munatopsid 2tk"}]},{"@type":"WebSite","@id":"https:\/\/lartusihome.com\/et\/#website","url":"https:\/\/lartusihome.com\/et\/","name":"Lartusihome.com","description":"Kodu \/ sisustus","potentialAction":[{"@type":"SearchAction","target":{"@type":"EntryPoint","urlTemplate":"https:\/\/lartusihome.com\/et\/?s={search_term_string}"},"query-input":{"@type":"PropertyValueSpecification","valueRequired":true,"valueName":"search_term_string"}}],"inLanguage":"et"}]}},"_links":{"self":[{"href":"https:\/\/lartusihome.com\/et\/wp-json\/wp\/v2\/product\/354565"}],"collection":[{"href":"https:\/\/lartusihome.com\/et\/wp-json\/wp\/v2\/product"}],"about":[{"href":"https:\/\/lartusihome.com\/et\/wp-json\/wp\/v2\/types\/product"}],"wp:featuredmedia":[{"embeddable":true,"href":"https:\/\/lartusihome.com\/et\/wp-json\/wp\/v2\/media\/354558"}],"wp:attachment":[{"href":"https:\/\/lartusihome.com\/et\/wp-json\/wp\/v2\/media?parent=354565"}],"wp:term":[{"taxonomy":"product_cat","embeddable":true,"href":"https:\/\/lartusihome.com\/et\/wp-json\/wp\/v2\/product_cat?post=354565"},{"taxonomy":"product_tag","embeddable":true,"href":"https:\/\/lartusihome.com\/et\/wp-json\/wp\/v2\/product_tag?post=354565"},{"taxonomy":"giftcard-category","embeddable":true,"href":"https:\/\/lartusihome.com\/et\/wp-json\/wp\/v2\/giftcard-category?post=354565"}],"curies":[{"name":"wp","href":"https:\/\/api.w.org\/{rel}","templated":true}]}}