{"id":353254,"date":"2024-03-13T15:56:02","date_gmt":"2024-03-13T13:56:02","guid":{"rendered":"https:\/\/lartusihome.com\/product\/taper-candle-32cm-water-mint-matt\/"},"modified":"2024-03-27T22:47:14","modified_gmt":"2024-03-27T20:47:14","slug":"taper-candle-32cm-water-mint-matt","status":"publish","type":"product","link":"https:\/\/lartusihome.com\/et\/toode\/taper-candle-32cm-water-mint-matt\/","title":{"rendered":"K\u00fc\u00fcnal 32cm, Water Mint (matt)"},"content":{"rendered":"<p>K\u00fc\u00fcnlad on valmistatud puhtaima kvaliteediga 100% parafiinvahast, mida saab kuumutada ja kasutada ilma kunstlikke koostisosi lisamata. Taht on valmistatud 100% puhtast puuvillast, nii v\u00e4rvained kui ka lakid on veep\u00f5hised ega sisalda seet\u00f5ttu atsetooni ega aniliini<\/p>\n<p>p\u00f5lemisaeg: umbes 8 h<\/p>\n<p>diameeter: 2,6 cm<\/p>\n<p>k\u00fc\u00fcnal kustub ise 2-3cm pikkusena<\/p>\n","protected":false},"excerpt":{"rendered":"<p>K\u00fc\u00fcnlad on valmistatud puhtaima kvaliteediga 100% parafiinvahast, mida saab kuumutada ja kasutada ilma kunstlikke koostisosi lisamata. Taht on valmistatud 100% puhtast puuvillast, nii v\u00e4rvained kui ka lakid on veep\u00f5hised ega sisalda seet\u00f5ttu atsetooni ega aniliini p\u00f5lemisaeg: umbes 8 h diameeter: 2,6 cm k\u00fc\u00fcnal kustub ise 2-3cm pikkusena<\/p>\n","protected":false},"featured_media":425994,"template":"","meta":{"_acf_changed":false,"inline_featured_image":false},"product_cat":[4365,1281],"product_tag":[],"giftcard-category":[],"class_list":{"0":"post-353254","1":"product","2":"type-product","3":"status-publish","4":"has-post-thumbnail","6":"product_cat-aksessuaarid","7":"product_cat-kuunlad","8":"pa_brand-ester-erik","10":"first","11":"instock","12":"shipping-taxable","13":"purchasable","14":"product-type-simple"},"acf":[],"yoast_head":"<!-- This site is optimized with the Yoast SEO plugin v25.6 - https:\/\/yoast.com\/wordpress\/plugins\/seo\/ -->\n<title>K\u00fc\u00fcnal 32cm, Water Mint (matt) - Lartusihome.com<\/title>\n<meta name=\"robots\" content=\"index, follow, max-snippet:-1, max-image-preview:large, max-video-preview:-1\" \/>\n<link rel=\"canonical\" href=\"https:\/\/lartusihome.com\/et\/toode\/taper-candle-32cm-water-mint-matt\/\" \/>\n<meta property=\"og:locale\" content=\"et_EE\" \/>\n<meta property=\"og:type\" content=\"article\" \/>\n<meta property=\"og:title\" content=\"K\u00fc\u00fcnal 32cm, Water Mint (matt) - Lartusihome.com\" \/>\n<meta property=\"og:description\" content=\"K\u00fc\u00fcnlad on valmistatud puhtaima kvaliteediga 100% parafiinvahast, mida saab kuumutada ja kasutada ilma kunstlikke koostisosi lisamata. Taht on valmistatud 100% puhtast puuvillast, nii v\u00e4rvained kui ka lakid on veep\u00f5hised ega sisalda seet\u00f5ttu atsetooni ega aniliini p\u00f5lemisaeg: umbes 8 h diameeter: 2,6 cm k\u00fc\u00fcnal kustub ise 2-3cm pikkusena\" \/>\n<meta property=\"og:url\" content=\"https:\/\/lartusihome.com\/et\/toode\/taper-candle-32cm-water-mint-matt\/\" \/>\n<meta property=\"og:site_name\" content=\"Lartusihome.com\" \/>\n<meta property=\"article:publisher\" content=\"https:\/\/www.facebook.com\/lartusihome\/\" \/>\n<meta property=\"article:modified_time\" content=\"2024-03-27T20:47:14+00:00\" \/>\n<meta property=\"og:image\" content=\"https:\/\/lartusihome.com\/wp-content\/uploads\/2024\/03\/0366-03.jpg\" \/>\n\t<meta property=\"og:image:width\" content=\"2000\" \/>\n\t<meta property=\"og:image:height\" content=\"2000\" \/>\n\t<meta property=\"og:image:type\" content=\"image\/jpeg\" \/>\n<meta name=\"twitter:card\" content=\"summary_large_image\" \/>\n<meta name=\"twitter:label1\" content=\"Est. reading time\" \/>\n\t<meta name=\"twitter:data1\" content=\"1 minut\" \/>\n<script type=\"application\/ld+json\" class=\"yoast-schema-graph\">{\"@context\":\"https:\/\/schema.org\",\"@graph\":[{\"@type\":\"WebPage\",\"@id\":\"https:\/\/lartusihome.com\/et\/toode\/taper-candle-32cm-water-mint-matt\/\",\"url\":\"https:\/\/lartusihome.com\/et\/toode\/taper-candle-32cm-water-mint-matt\/\",\"name\":\"K\u00fc\u00fcnal 32cm, Water Mint (matt) - Lartusihome.com\",\"isPartOf\":{\"@id\":\"https:\/\/lartusihome.com\/et\/#website\"},\"primaryImageOfPage\":{\"@id\":\"https:\/\/lartusihome.com\/et\/toode\/taper-candle-32cm-water-mint-matt\/#primaryimage\"},\"image\":{\"@id\":\"https:\/\/lartusihome.com\/et\/toode\/taper-candle-32cm-water-mint-matt\/#primaryimage\"},\"thumbnailUrl\":\"https:\/\/lartusihome.com\/wp-content\/uploads\/2024\/03\/0366_03_1.jpg\",\"datePublished\":\"2024-03-13T13:56:02+00:00\",\"dateModified\":\"2024-03-27T20:47:14+00:00\",\"breadcrumb\":{\"@id\":\"https:\/\/lartusihome.com\/et\/toode\/taper-candle-32cm-water-mint-matt\/#breadcrumb\"},\"inLanguage\":\"et\",\"potentialAction\":[{\"@type\":\"ReadAction\",\"target\":[\"https:\/\/lartusihome.com\/et\/toode\/taper-candle-32cm-water-mint-matt\/\"]}]},{\"@type\":\"ImageObject\",\"inLanguage\":\"et\",\"@id\":\"https:\/\/lartusihome.com\/et\/toode\/taper-candle-32cm-water-mint-matt\/#primaryimage\",\"url\":\"https:\/\/lartusihome.com\/wp-content\/uploads\/2024\/03\/0366_03_1.jpg\",\"contentUrl\":\"https:\/\/lartusihome.com\/wp-content\/uploads\/2024\/03\/0366_03_1.jpg\",\"width\":2000,\"height\":2000},{\"@type\":\"BreadcrumbList\",\"@id\":\"https:\/\/lartusihome.com\/et\/toode\/taper-candle-32cm-water-mint-matt\/#breadcrumb\",\"itemListElement\":[{\"@type\":\"ListItem\",\"position\":1,\"name\":\"Home\",\"item\":\"https:\/\/lartusihome.com\/et\/\"},{\"@type\":\"ListItem\",\"position\":2,\"name\":\"Pood\",\"item\":\"https:\/\/lartusihome.com\/et\/pood\/\"},{\"@type\":\"ListItem\",\"position\":3,\"name\":\"K\u00fc\u00fcnal 32cm, Water Mint (matt)\"}]},{\"@type\":\"WebSite\",\"@id\":\"https:\/\/lartusihome.com\/et\/#website\",\"url\":\"https:\/\/lartusihome.com\/et\/\",\"name\":\"Lartusihome.com\",\"description\":\"Kodu \/ sisustus\",\"potentialAction\":[{\"@type\":\"SearchAction\",\"target\":{\"@type\":\"EntryPoint\",\"urlTemplate\":\"https:\/\/lartusihome.com\/et\/?s={search_term_string}\"},\"query-input\":{\"@type\":\"PropertyValueSpecification\",\"valueRequired\":true,\"valueName\":\"search_term_string\"}}],\"inLanguage\":\"et\"}]}<\/script>\n<!-- \/ Yoast SEO plugin. -->","yoast_head_json":{"title":"K\u00fc\u00fcnal 32cm, Water Mint (matt) - Lartusihome.com","robots":{"index":"index","follow":"follow","max-snippet":"max-snippet:-1","max-image-preview":"max-image-preview:large","max-video-preview":"max-video-preview:-1"},"canonical":"https:\/\/lartusihome.com\/et\/toode\/taper-candle-32cm-water-mint-matt\/","og_locale":"et_EE","og_type":"article","og_title":"K\u00fc\u00fcnal 32cm, Water Mint (matt) - Lartusihome.com","og_description":"K\u00fc\u00fcnlad on valmistatud puhtaima kvaliteediga 100% parafiinvahast, mida saab kuumutada ja kasutada ilma kunstlikke koostisosi lisamata. Taht on valmistatud 100% puhtast puuvillast, nii v\u00e4rvained kui ka lakid on veep\u00f5hised ega sisalda seet\u00f5ttu atsetooni ega aniliini p\u00f5lemisaeg: umbes 8 h diameeter: 2,6 cm k\u00fc\u00fcnal kustub ise 2-3cm pikkusena","og_url":"https:\/\/lartusihome.com\/et\/toode\/taper-candle-32cm-water-mint-matt\/","og_site_name":"Lartusihome.com","article_publisher":"https:\/\/www.facebook.com\/lartusihome\/","article_modified_time":"2024-03-27T20:47:14+00:00","og_image":[{"width":2000,"height":2000,"url":"https:\/\/lartusihome.com\/wp-content\/uploads\/2024\/03\/0366-03.jpg","type":"image\/jpeg"}],"twitter_card":"summary_large_image","twitter_misc":{"Est. reading time":"1 minut"},"schema":{"@context":"https:\/\/schema.org","@graph":[{"@type":"WebPage","@id":"https:\/\/lartusihome.com\/et\/toode\/taper-candle-32cm-water-mint-matt\/","url":"https:\/\/lartusihome.com\/et\/toode\/taper-candle-32cm-water-mint-matt\/","name":"K\u00fc\u00fcnal 32cm, Water Mint (matt) - Lartusihome.com","isPartOf":{"@id":"https:\/\/lartusihome.com\/et\/#website"},"primaryImageOfPage":{"@id":"https:\/\/lartusihome.com\/et\/toode\/taper-candle-32cm-water-mint-matt\/#primaryimage"},"image":{"@id":"https:\/\/lartusihome.com\/et\/toode\/taper-candle-32cm-water-mint-matt\/#primaryimage"},"thumbnailUrl":"https:\/\/lartusihome.com\/wp-content\/uploads\/2024\/03\/0366_03_1.jpg","datePublished":"2024-03-13T13:56:02+00:00","dateModified":"2024-03-27T20:47:14+00:00","breadcrumb":{"@id":"https:\/\/lartusihome.com\/et\/toode\/taper-candle-32cm-water-mint-matt\/#breadcrumb"},"inLanguage":"et","potentialAction":[{"@type":"ReadAction","target":["https:\/\/lartusihome.com\/et\/toode\/taper-candle-32cm-water-mint-matt\/"]}]},{"@type":"ImageObject","inLanguage":"et","@id":"https:\/\/lartusihome.com\/et\/toode\/taper-candle-32cm-water-mint-matt\/#primaryimage","url":"https:\/\/lartusihome.com\/wp-content\/uploads\/2024\/03\/0366_03_1.jpg","contentUrl":"https:\/\/lartusihome.com\/wp-content\/uploads\/2024\/03\/0366_03_1.jpg","width":2000,"height":2000},{"@type":"BreadcrumbList","@id":"https:\/\/lartusihome.com\/et\/toode\/taper-candle-32cm-water-mint-matt\/#breadcrumb","itemListElement":[{"@type":"ListItem","position":1,"name":"Home","item":"https:\/\/lartusihome.com\/et\/"},{"@type":"ListItem","position":2,"name":"Pood","item":"https:\/\/lartusihome.com\/et\/pood\/"},{"@type":"ListItem","position":3,"name":"K\u00fc\u00fcnal 32cm, Water Mint (matt)"}]},{"@type":"WebSite","@id":"https:\/\/lartusihome.com\/et\/#website","url":"https:\/\/lartusihome.com\/et\/","name":"Lartusihome.com","description":"Kodu \/ sisustus","potentialAction":[{"@type":"SearchAction","target":{"@type":"EntryPoint","urlTemplate":"https:\/\/lartusihome.com\/et\/?s={search_term_string}"},"query-input":{"@type":"PropertyValueSpecification","valueRequired":true,"valueName":"search_term_string"}}],"inLanguage":"et"}]}},"_links":{"self":[{"href":"https:\/\/lartusihome.com\/et\/wp-json\/wp\/v2\/product\/353254"}],"collection":[{"href":"https:\/\/lartusihome.com\/et\/wp-json\/wp\/v2\/product"}],"about":[{"href":"https:\/\/lartusihome.com\/et\/wp-json\/wp\/v2\/types\/product"}],"wp:featuredmedia":[{"embeddable":true,"href":"https:\/\/lartusihome.com\/et\/wp-json\/wp\/v2\/media\/425994"}],"wp:attachment":[{"href":"https:\/\/lartusihome.com\/et\/wp-json\/wp\/v2\/media?parent=353254"}],"wp:term":[{"taxonomy":"product_cat","embeddable":true,"href":"https:\/\/lartusihome.com\/et\/wp-json\/wp\/v2\/product_cat?post=353254"},{"taxonomy":"product_tag","embeddable":true,"href":"https:\/\/lartusihome.com\/et\/wp-json\/wp\/v2\/product_tag?post=353254"},{"taxonomy":"giftcard-category","embeddable":true,"href":"https:\/\/lartusihome.com\/et\/wp-json\/wp\/v2\/giftcard-category?post=353254"}],"curies":[{"name":"wp","href":"https:\/\/api.w.org\/{rel}","templated":true}]}}