{"id":352521,"date":"2024-03-07T15:50:07","date_gmt":"2024-03-07T13:50:07","guid":{"rendered":"https:\/\/lartusihome.com\/product\/temple-table-tall-limestone\/"},"modified":"2025-11-29T18:29:03","modified_gmt":"2025-11-29T16:29:03","slug":"temple-table-tall-limestone","status":"publish","type":"product","link":"https:\/\/lartusihome.com\/et\/toode\/temple-table-tall-limestone\/","title":{"rendered":"Temple laud, k\u00f5rge, paekivi"},"content":{"rendered":"<p>paekivi sobib v\u00e4litingimustes kasutamiseks<\/p>\n<p>k\u00f5rgus: 50 cm<\/p>\n<p>laius 32 cm<\/p>\n<p>pikkus 33 cm<\/p>\n<p>kaal: 46,4 kg<\/p>\n<p>disainer: Kristian Sofus Hansen &amp; Tommy Hyldahl<\/p>\n","protected":false},"excerpt":{"rendered":"<p>paekivi sobib v\u00e4litingimustes kasutamiseks k\u00f5rgus: 50 cm laius 32 cm pikkus 33 cm kaal: 46,4 kg disainer: Kristian Sofus Hansen &amp; Tommy Hyldahl<\/p>\n","protected":false},"featured_media":352485,"template":"","meta":{"_acf_changed":false,"inline_featured_image":false},"product_cat":[24647,25086,24643,22648,22613,5273,3247],"product_tag":[],"giftcard-category":[],"class_list":{"0":"post-352521","1":"product","2":"type-product","3":"status-publish","4":"has-post-thumbnail","6":"product_cat-abilauad","7":"product_cat-abilauad-et","8":"product_cat-diivanilauad","9":"product_cat-valimoobel","10":"product_cat-lauad-ja-toolid-sisekujundus","11":"product_cat-moobel","12":"product_cat-lauad","13":"product_shipping_class-suur-toode-et","14":"pa_brand-101-copenhagen","15":"pa_collection-temple","17":"first","18":"instock","19":"shipping-taxable","20":"purchasable","21":"product-type-simple"},"acf":[],"yoast_head":"<!-- This site is optimized with the Yoast SEO plugin v25.6 - https:\/\/yoast.com\/wordpress\/plugins\/seo\/ -->\n<title>Temple laud, k\u00f5rge, paekivi - Lartusihome.com<\/title>\n<meta name=\"robots\" content=\"index, follow, max-snippet:-1, max-image-preview:large, max-video-preview:-1\" \/>\n<link rel=\"canonical\" href=\"https:\/\/lartusihome.com\/et\/toode\/temple-table-tall-limestone\/\" \/>\n<meta property=\"og:locale\" content=\"et_EE\" \/>\n<meta property=\"og:type\" content=\"article\" \/>\n<meta property=\"og:title\" content=\"Temple laud, k\u00f5rge, paekivi - Lartusihome.com\" \/>\n<meta property=\"og:description\" content=\"paekivi sobib v\u00e4litingimustes kasutamiseks k\u00f5rgus: 50 cm laius 32 cm pikkus 33 cm kaal: 46,4 kg disainer: Kristian Sofus Hansen &amp; Tommy Hyldahl\" \/>\n<meta property=\"og:url\" content=\"https:\/\/lartusihome.com\/et\/toode\/temple-table-tall-limestone\/\" \/>\n<meta property=\"og:site_name\" content=\"Lartusihome.com\" \/>\n<meta property=\"article:publisher\" content=\"https:\/\/www.facebook.com\/lartusihome\/\" \/>\n<meta property=\"article:modified_time\" content=\"2025-11-29T16:29:03+00:00\" \/>\n<meta property=\"og:image\" content=\"https:\/\/lartusihome.com\/wp-content\/uploads\/2024\/03\/241013-Temple-Coffee-Table-Tall-Limestone-White-Packshoot-2.jpg\" \/>\n\t<meta property=\"og:image:width\" content=\"2000\" \/>\n\t<meta property=\"og:image:height\" content=\"2000\" \/>\n\t<meta property=\"og:image:type\" content=\"image\/jpeg\" \/>\n<meta name=\"twitter:card\" content=\"summary_large_image\" \/>\n<meta name=\"twitter:label1\" content=\"Est. reading time\" \/>\n\t<meta name=\"twitter:data1\" content=\"1 minut\" \/>\n<script type=\"application\/ld+json\" class=\"yoast-schema-graph\">{\"@context\":\"https:\/\/schema.org\",\"@graph\":[{\"@type\":\"WebPage\",\"@id\":\"https:\/\/lartusihome.com\/et\/toode\/temple-table-tall-limestone\/\",\"url\":\"https:\/\/lartusihome.com\/et\/toode\/temple-table-tall-limestone\/\",\"name\":\"Temple laud, k\u00f5rge, paekivi - Lartusihome.com\",\"isPartOf\":{\"@id\":\"https:\/\/lartusihome.com\/et\/#website\"},\"primaryImageOfPage\":{\"@id\":\"https:\/\/lartusihome.com\/et\/toode\/temple-table-tall-limestone\/#primaryimage\"},\"image\":{\"@id\":\"https:\/\/lartusihome.com\/et\/toode\/temple-table-tall-limestone\/#primaryimage\"},\"thumbnailUrl\":\"https:\/\/lartusihome.com\/wp-content\/uploads\/2024\/03\/241013-Temple-Coffee-Table-Tall-Limestone-White-Packshoot-2.jpg\",\"datePublished\":\"2024-03-07T13:50:07+00:00\",\"dateModified\":\"2025-11-29T16:29:03+00:00\",\"breadcrumb\":{\"@id\":\"https:\/\/lartusihome.com\/et\/toode\/temple-table-tall-limestone\/#breadcrumb\"},\"inLanguage\":\"et\",\"potentialAction\":[{\"@type\":\"ReadAction\",\"target\":[\"https:\/\/lartusihome.com\/et\/toode\/temple-table-tall-limestone\/\"]}]},{\"@type\":\"ImageObject\",\"inLanguage\":\"et\",\"@id\":\"https:\/\/lartusihome.com\/et\/toode\/temple-table-tall-limestone\/#primaryimage\",\"url\":\"https:\/\/lartusihome.com\/wp-content\/uploads\/2024\/03\/241013-Temple-Coffee-Table-Tall-Limestone-White-Packshoot-2.jpg\",\"contentUrl\":\"https:\/\/lartusihome.com\/wp-content\/uploads\/2024\/03\/241013-Temple-Coffee-Table-Tall-Limestone-White-Packshoot-2.jpg\",\"width\":2000,\"height\":2000},{\"@type\":\"BreadcrumbList\",\"@id\":\"https:\/\/lartusihome.com\/et\/toode\/temple-table-tall-limestone\/#breadcrumb\",\"itemListElement\":[{\"@type\":\"ListItem\",\"position\":1,\"name\":\"Home\",\"item\":\"https:\/\/lartusihome.com\/et\/\"},{\"@type\":\"ListItem\",\"position\":2,\"name\":\"Pood\",\"item\":\"https:\/\/lartusihome.com\/et\/pood\/\"},{\"@type\":\"ListItem\",\"position\":3,\"name\":\"Temple laud, k\u00f5rge, paekivi\"}]},{\"@type\":\"WebSite\",\"@id\":\"https:\/\/lartusihome.com\/et\/#website\",\"url\":\"https:\/\/lartusihome.com\/et\/\",\"name\":\"Lartusihome.com\",\"description\":\"Kodu \/ sisustus\",\"potentialAction\":[{\"@type\":\"SearchAction\",\"target\":{\"@type\":\"EntryPoint\",\"urlTemplate\":\"https:\/\/lartusihome.com\/et\/?s={search_term_string}\"},\"query-input\":{\"@type\":\"PropertyValueSpecification\",\"valueRequired\":true,\"valueName\":\"search_term_string\"}}],\"inLanguage\":\"et\"}]}<\/script>\n<!-- \/ Yoast SEO plugin. -->","yoast_head_json":{"title":"Temple laud, k\u00f5rge, paekivi - Lartusihome.com","robots":{"index":"index","follow":"follow","max-snippet":"max-snippet:-1","max-image-preview":"max-image-preview:large","max-video-preview":"max-video-preview:-1"},"canonical":"https:\/\/lartusihome.com\/et\/toode\/temple-table-tall-limestone\/","og_locale":"et_EE","og_type":"article","og_title":"Temple laud, k\u00f5rge, paekivi - Lartusihome.com","og_description":"paekivi sobib v\u00e4litingimustes kasutamiseks k\u00f5rgus: 50 cm laius 32 cm pikkus 33 cm kaal: 46,4 kg disainer: Kristian Sofus Hansen &amp; Tommy Hyldahl","og_url":"https:\/\/lartusihome.com\/et\/toode\/temple-table-tall-limestone\/","og_site_name":"Lartusihome.com","article_publisher":"https:\/\/www.facebook.com\/lartusihome\/","article_modified_time":"2025-11-29T16:29:03+00:00","og_image":[{"width":2000,"height":2000,"url":"https:\/\/lartusihome.com\/wp-content\/uploads\/2024\/03\/241013-Temple-Coffee-Table-Tall-Limestone-White-Packshoot-2.jpg","type":"image\/jpeg"}],"twitter_card":"summary_large_image","twitter_misc":{"Est. reading time":"1 minut"},"schema":{"@context":"https:\/\/schema.org","@graph":[{"@type":"WebPage","@id":"https:\/\/lartusihome.com\/et\/toode\/temple-table-tall-limestone\/","url":"https:\/\/lartusihome.com\/et\/toode\/temple-table-tall-limestone\/","name":"Temple laud, k\u00f5rge, paekivi - Lartusihome.com","isPartOf":{"@id":"https:\/\/lartusihome.com\/et\/#website"},"primaryImageOfPage":{"@id":"https:\/\/lartusihome.com\/et\/toode\/temple-table-tall-limestone\/#primaryimage"},"image":{"@id":"https:\/\/lartusihome.com\/et\/toode\/temple-table-tall-limestone\/#primaryimage"},"thumbnailUrl":"https:\/\/lartusihome.com\/wp-content\/uploads\/2024\/03\/241013-Temple-Coffee-Table-Tall-Limestone-White-Packshoot-2.jpg","datePublished":"2024-03-07T13:50:07+00:00","dateModified":"2025-11-29T16:29:03+00:00","breadcrumb":{"@id":"https:\/\/lartusihome.com\/et\/toode\/temple-table-tall-limestone\/#breadcrumb"},"inLanguage":"et","potentialAction":[{"@type":"ReadAction","target":["https:\/\/lartusihome.com\/et\/toode\/temple-table-tall-limestone\/"]}]},{"@type":"ImageObject","inLanguage":"et","@id":"https:\/\/lartusihome.com\/et\/toode\/temple-table-tall-limestone\/#primaryimage","url":"https:\/\/lartusihome.com\/wp-content\/uploads\/2024\/03\/241013-Temple-Coffee-Table-Tall-Limestone-White-Packshoot-2.jpg","contentUrl":"https:\/\/lartusihome.com\/wp-content\/uploads\/2024\/03\/241013-Temple-Coffee-Table-Tall-Limestone-White-Packshoot-2.jpg","width":2000,"height":2000},{"@type":"BreadcrumbList","@id":"https:\/\/lartusihome.com\/et\/toode\/temple-table-tall-limestone\/#breadcrumb","itemListElement":[{"@type":"ListItem","position":1,"name":"Home","item":"https:\/\/lartusihome.com\/et\/"},{"@type":"ListItem","position":2,"name":"Pood","item":"https:\/\/lartusihome.com\/et\/pood\/"},{"@type":"ListItem","position":3,"name":"Temple laud, k\u00f5rge, paekivi"}]},{"@type":"WebSite","@id":"https:\/\/lartusihome.com\/et\/#website","url":"https:\/\/lartusihome.com\/et\/","name":"Lartusihome.com","description":"Kodu \/ sisustus","potentialAction":[{"@type":"SearchAction","target":{"@type":"EntryPoint","urlTemplate":"https:\/\/lartusihome.com\/et\/?s={search_term_string}"},"query-input":{"@type":"PropertyValueSpecification","valueRequired":true,"valueName":"search_term_string"}}],"inLanguage":"et"}]}},"_links":{"self":[{"href":"https:\/\/lartusihome.com\/et\/wp-json\/wp\/v2\/product\/352521"}],"collection":[{"href":"https:\/\/lartusihome.com\/et\/wp-json\/wp\/v2\/product"}],"about":[{"href":"https:\/\/lartusihome.com\/et\/wp-json\/wp\/v2\/types\/product"}],"wp:featuredmedia":[{"embeddable":true,"href":"https:\/\/lartusihome.com\/et\/wp-json\/wp\/v2\/media\/352485"}],"wp:attachment":[{"href":"https:\/\/lartusihome.com\/et\/wp-json\/wp\/v2\/media?parent=352521"}],"wp:term":[{"taxonomy":"product_cat","embeddable":true,"href":"https:\/\/lartusihome.com\/et\/wp-json\/wp\/v2\/product_cat?post=352521"},{"taxonomy":"product_tag","embeddable":true,"href":"https:\/\/lartusihome.com\/et\/wp-json\/wp\/v2\/product_tag?post=352521"},{"taxonomy":"giftcard-category","embeddable":true,"href":"https:\/\/lartusihome.com\/et\/wp-json\/wp\/v2\/giftcard-category?post=352521"}],"curies":[{"name":"wp","href":"https:\/\/api.w.org\/{rel}","templated":true}]}}