{"id":351547,"date":"2024-02-29T15:45:37","date_gmt":"2024-02-29T13:45:37","guid":{"rendered":"https:\/\/lartusihome.com\/product\/irish-leather-oud-scented-candle-210g\/"},"modified":"2026-02-04T10:56:42","modified_gmt":"2026-02-04T08:56:42","slug":"irish-leather-oud-scented-candle-210g","status":"publish","type":"product","link":"https:\/\/lartusihome.com\/et\/toode\/irish-leather-oud-scented-candle-210g\/","title":{"rendered":"Irish Leather &#038; Oud l\u00f5hnak\u00fc\u00fcnal 210g"},"content":{"rendered":"<p>nahk, oud<\/p>\n<p>100% naturaalne vaha<\/p>\n<p>puuvillast taht<\/p>\n<p>p\u00f5lemisaeg v\u00e4hemalt 50h<\/p>\n<p>kaas kuulub komplekti<\/p>\n<p>valmistatud Iirimaal<\/p>\n<p>vegan-s\u00f5bralik<\/p>\n<p>julmusevaba<\/p>\n","protected":false},"excerpt":{"rendered":"<p>nahk, oud 100% naturaalne vaha puuvillast taht p\u00f5lemisaeg v\u00e4hemalt 50h kaas kuulub komplekti valmistatud Iirimaal vegan-s\u00f5bralik julmusevaba<\/p>\n","protected":false},"featured_media":351453,"template":"","meta":{"_acf_changed":false,"inline_featured_image":false},"product_cat":[24125,22606,4365,1281],"product_tag":[],"giftcard-category":[],"class_list":{"0":"post-351547","1":"product","2":"type-product","3":"status-publish","4":"has-post-thumbnail","6":"product_cat-aksessuaarid-et","7":"product_cat-allahindlus","8":"product_cat-aksessuaarid","9":"product_cat-kuunlad","10":"pa_brand-max-benjamin-et","11":"pa_collection-irish-leather-oud","13":"first","14":"instock","15":"sale","16":"shipping-taxable","17":"purchasable","18":"product-type-simple"},"acf":[],"yoast_head":"<!-- This site is optimized with the Yoast SEO plugin v25.6 - https:\/\/yoast.com\/wordpress\/plugins\/seo\/ -->\n<title>Irish Leather &amp; Oud l\u00f5hnak\u00fc\u00fcnal 210g - Lartusihome.com<\/title>\n<meta name=\"robots\" content=\"index, follow, max-snippet:-1, max-image-preview:large, max-video-preview:-1\" \/>\n<link rel=\"canonical\" href=\"https:\/\/lartusihome.com\/et\/toode\/irish-leather-oud-scented-candle-210g\/\" \/>\n<meta property=\"og:locale\" content=\"et_EE\" \/>\n<meta property=\"og:type\" content=\"article\" \/>\n<meta property=\"og:title\" content=\"Irish Leather &amp; Oud l\u00f5hnak\u00fc\u00fcnal 210g - Lartusihome.com\" \/>\n<meta property=\"og:description\" content=\"nahk, oud 100% naturaalne vaha puuvillast taht p\u00f5lemisaeg v\u00e4hemalt 50h kaas kuulub komplekti valmistatud Iirimaal vegan-s\u00f5bralik julmusevaba\" \/>\n<meta property=\"og:url\" content=\"https:\/\/lartusihome.com\/et\/toode\/irish-leather-oud-scented-candle-210g\/\" \/>\n<meta property=\"og:site_name\" content=\"Lartusihome.com\" \/>\n<meta property=\"article:publisher\" content=\"https:\/\/www.facebook.com\/lartusihome\/\" \/>\n<meta property=\"article:modified_time\" content=\"2026-02-04T08:56:42+00:00\" \/>\n<meta property=\"og:image\" content=\"https:\/\/lartusihome.com\/wp-content\/uploads\/2024\/02\/210mg_IrishLeatherOud-lit-high.jpg\" \/>\n\t<meta property=\"og:image:width\" content=\"2000\" \/>\n\t<meta property=\"og:image:height\" content=\"2000\" \/>\n\t<meta property=\"og:image:type\" content=\"image\/jpeg\" \/>\n<meta name=\"twitter:card\" content=\"summary_large_image\" \/>\n<meta name=\"twitter:label1\" content=\"Est. reading time\" \/>\n\t<meta name=\"twitter:data1\" content=\"1 minut\" \/>\n<script type=\"application\/ld+json\" class=\"yoast-schema-graph\">{\"@context\":\"https:\/\/schema.org\",\"@graph\":[{\"@type\":\"WebPage\",\"@id\":\"https:\/\/lartusihome.com\/et\/toode\/irish-leather-oud-scented-candle-210g\/\",\"url\":\"https:\/\/lartusihome.com\/et\/toode\/irish-leather-oud-scented-candle-210g\/\",\"name\":\"Irish Leather & Oud l\u00f5hnak\u00fc\u00fcnal 210g - Lartusihome.com\",\"isPartOf\":{\"@id\":\"https:\/\/lartusihome.com\/et\/#website\"},\"primaryImageOfPage\":{\"@id\":\"https:\/\/lartusihome.com\/et\/toode\/irish-leather-oud-scented-candle-210g\/#primaryimage\"},\"image\":{\"@id\":\"https:\/\/lartusihome.com\/et\/toode\/irish-leather-oud-scented-candle-210g\/#primaryimage\"},\"thumbnailUrl\":\"https:\/\/lartusihome.com\/wp-content\/uploads\/2024\/02\/210mg_IrishLeatherOud-lit-high.jpg\",\"datePublished\":\"2024-02-29T13:45:37+00:00\",\"dateModified\":\"2026-02-04T08:56:42+00:00\",\"breadcrumb\":{\"@id\":\"https:\/\/lartusihome.com\/et\/toode\/irish-leather-oud-scented-candle-210g\/#breadcrumb\"},\"inLanguage\":\"et\",\"potentialAction\":[{\"@type\":\"ReadAction\",\"target\":[\"https:\/\/lartusihome.com\/et\/toode\/irish-leather-oud-scented-candle-210g\/\"]}]},{\"@type\":\"ImageObject\",\"inLanguage\":\"et\",\"@id\":\"https:\/\/lartusihome.com\/et\/toode\/irish-leather-oud-scented-candle-210g\/#primaryimage\",\"url\":\"https:\/\/lartusihome.com\/wp-content\/uploads\/2024\/02\/210mg_IrishLeatherOud-lit-high.jpg\",\"contentUrl\":\"https:\/\/lartusihome.com\/wp-content\/uploads\/2024\/02\/210mg_IrishLeatherOud-lit-high.jpg\",\"width\":2000,\"height\":2000},{\"@type\":\"BreadcrumbList\",\"@id\":\"https:\/\/lartusihome.com\/et\/toode\/irish-leather-oud-scented-candle-210g\/#breadcrumb\",\"itemListElement\":[{\"@type\":\"ListItem\",\"position\":1,\"name\":\"Home\",\"item\":\"https:\/\/lartusihome.com\/et\/\"},{\"@type\":\"ListItem\",\"position\":2,\"name\":\"Pood\",\"item\":\"https:\/\/lartusihome.com\/et\/pood\/\"},{\"@type\":\"ListItem\",\"position\":3,\"name\":\"Irish Leather &#038; Oud l\u00f5hnak\u00fc\u00fcnal 210g\"}]},{\"@type\":\"WebSite\",\"@id\":\"https:\/\/lartusihome.com\/et\/#website\",\"url\":\"https:\/\/lartusihome.com\/et\/\",\"name\":\"Lartusihome.com\",\"description\":\"Kodu \/ sisustus\",\"potentialAction\":[{\"@type\":\"SearchAction\",\"target\":{\"@type\":\"EntryPoint\",\"urlTemplate\":\"https:\/\/lartusihome.com\/et\/?s={search_term_string}\"},\"query-input\":{\"@type\":\"PropertyValueSpecification\",\"valueRequired\":true,\"valueName\":\"search_term_string\"}}],\"inLanguage\":\"et\"}]}<\/script>\n<!-- \/ Yoast SEO plugin. -->","yoast_head_json":{"title":"Irish Leather & Oud l\u00f5hnak\u00fc\u00fcnal 210g - Lartusihome.com","robots":{"index":"index","follow":"follow","max-snippet":"max-snippet:-1","max-image-preview":"max-image-preview:large","max-video-preview":"max-video-preview:-1"},"canonical":"https:\/\/lartusihome.com\/et\/toode\/irish-leather-oud-scented-candle-210g\/","og_locale":"et_EE","og_type":"article","og_title":"Irish Leather & Oud l\u00f5hnak\u00fc\u00fcnal 210g - Lartusihome.com","og_description":"nahk, oud 100% naturaalne vaha puuvillast taht p\u00f5lemisaeg v\u00e4hemalt 50h kaas kuulub komplekti valmistatud Iirimaal vegan-s\u00f5bralik julmusevaba","og_url":"https:\/\/lartusihome.com\/et\/toode\/irish-leather-oud-scented-candle-210g\/","og_site_name":"Lartusihome.com","article_publisher":"https:\/\/www.facebook.com\/lartusihome\/","article_modified_time":"2026-02-04T08:56:42+00:00","og_image":[{"width":2000,"height":2000,"url":"https:\/\/lartusihome.com\/wp-content\/uploads\/2024\/02\/210mg_IrishLeatherOud-lit-high.jpg","type":"image\/jpeg"}],"twitter_card":"summary_large_image","twitter_misc":{"Est. reading time":"1 minut"},"schema":{"@context":"https:\/\/schema.org","@graph":[{"@type":"WebPage","@id":"https:\/\/lartusihome.com\/et\/toode\/irish-leather-oud-scented-candle-210g\/","url":"https:\/\/lartusihome.com\/et\/toode\/irish-leather-oud-scented-candle-210g\/","name":"Irish Leather & Oud l\u00f5hnak\u00fc\u00fcnal 210g - Lartusihome.com","isPartOf":{"@id":"https:\/\/lartusihome.com\/et\/#website"},"primaryImageOfPage":{"@id":"https:\/\/lartusihome.com\/et\/toode\/irish-leather-oud-scented-candle-210g\/#primaryimage"},"image":{"@id":"https:\/\/lartusihome.com\/et\/toode\/irish-leather-oud-scented-candle-210g\/#primaryimage"},"thumbnailUrl":"https:\/\/lartusihome.com\/wp-content\/uploads\/2024\/02\/210mg_IrishLeatherOud-lit-high.jpg","datePublished":"2024-02-29T13:45:37+00:00","dateModified":"2026-02-04T08:56:42+00:00","breadcrumb":{"@id":"https:\/\/lartusihome.com\/et\/toode\/irish-leather-oud-scented-candle-210g\/#breadcrumb"},"inLanguage":"et","potentialAction":[{"@type":"ReadAction","target":["https:\/\/lartusihome.com\/et\/toode\/irish-leather-oud-scented-candle-210g\/"]}]},{"@type":"ImageObject","inLanguage":"et","@id":"https:\/\/lartusihome.com\/et\/toode\/irish-leather-oud-scented-candle-210g\/#primaryimage","url":"https:\/\/lartusihome.com\/wp-content\/uploads\/2024\/02\/210mg_IrishLeatherOud-lit-high.jpg","contentUrl":"https:\/\/lartusihome.com\/wp-content\/uploads\/2024\/02\/210mg_IrishLeatherOud-lit-high.jpg","width":2000,"height":2000},{"@type":"BreadcrumbList","@id":"https:\/\/lartusihome.com\/et\/toode\/irish-leather-oud-scented-candle-210g\/#breadcrumb","itemListElement":[{"@type":"ListItem","position":1,"name":"Home","item":"https:\/\/lartusihome.com\/et\/"},{"@type":"ListItem","position":2,"name":"Pood","item":"https:\/\/lartusihome.com\/et\/pood\/"},{"@type":"ListItem","position":3,"name":"Irish Leather &#038; Oud l\u00f5hnak\u00fc\u00fcnal 210g"}]},{"@type":"WebSite","@id":"https:\/\/lartusihome.com\/et\/#website","url":"https:\/\/lartusihome.com\/et\/","name":"Lartusihome.com","description":"Kodu \/ sisustus","potentialAction":[{"@type":"SearchAction","target":{"@type":"EntryPoint","urlTemplate":"https:\/\/lartusihome.com\/et\/?s={search_term_string}"},"query-input":{"@type":"PropertyValueSpecification","valueRequired":true,"valueName":"search_term_string"}}],"inLanguage":"et"}]}},"_links":{"self":[{"href":"https:\/\/lartusihome.com\/et\/wp-json\/wp\/v2\/product\/351547"}],"collection":[{"href":"https:\/\/lartusihome.com\/et\/wp-json\/wp\/v2\/product"}],"about":[{"href":"https:\/\/lartusihome.com\/et\/wp-json\/wp\/v2\/types\/product"}],"wp:featuredmedia":[{"embeddable":true,"href":"https:\/\/lartusihome.com\/et\/wp-json\/wp\/v2\/media\/351453"}],"wp:attachment":[{"href":"https:\/\/lartusihome.com\/et\/wp-json\/wp\/v2\/media?parent=351547"}],"wp:term":[{"taxonomy":"product_cat","embeddable":true,"href":"https:\/\/lartusihome.com\/et\/wp-json\/wp\/v2\/product_cat?post=351547"},{"taxonomy":"product_tag","embeddable":true,"href":"https:\/\/lartusihome.com\/et\/wp-json\/wp\/v2\/product_tag?post=351547"},{"taxonomy":"giftcard-category","embeddable":true,"href":"https:\/\/lartusihome.com\/et\/wp-json\/wp\/v2\/giftcard-category?post=351547"}],"curies":[{"name":"wp","href":"https:\/\/api.w.org\/{rel}","templated":true}]}}