{"id":351308,"date":"2024-02-26T16:28:12","date_gmt":"2024-02-26T14:28:12","guid":{"rendered":"https:\/\/lartusihome.com\/product\/scala-coffee-table-o110cm-black-marble\/"},"modified":"2025-04-21T10:31:56","modified_gmt":"2025-04-21T07:31:56","slug":"scala-coffee-table-o110cm-black-marble","status":"publish","type":"product","link":"https:\/\/lartusihome.com\/et\/toode\/scala-coffee-table-o110cm-black-marble\/","title":{"rendered":"Scala diivanilaud \u00d8110cm, must marmor"},"content":{"rendered":"<div><\/div>\n<div class=\"col-headline\">Materjal:<\/div>\n<div>\n<p>lauaplaat: must marmor<\/p>\n<p>jalad: lakitud alumiinium<\/p>\n<p>k\u00f5rgus: 40 cm<\/p>\n<p>\u00d8: 110 cm<\/p>\n<p>&nbsp;<\/p>\n<\/div>\n","protected":false},"excerpt":{"rendered":"<p>Materjal: lauaplaat: must marmor jalad: lakitud alumiinium k\u00f5rgus: 40 cm \u00d8: 110 cm &nbsp;<\/p>\n","protected":false},"featured_media":351284,"template":"","meta":{"_acf_changed":false,"inline_featured_image":false},"product_cat":[24643,5273,3247],"product_tag":[],"giftcard-category":[],"class_list":{"0":"post-351308","1":"product","2":"type-product","3":"status-publish","4":"has-post-thumbnail","6":"product_cat-diivanilauad","7":"product_cat-moobel","8":"product_cat-lauad","9":"pa_brand-normann-copenhagen-et","10":"pa_collection-scala","12":"first","13":"onbackorder","14":"shipping-taxable","15":"purchasable","16":"product-type-simple"},"acf":[],"yoast_head":"<!-- This site is optimized with the Yoast SEO plugin v25.6 - https:\/\/yoast.com\/wordpress\/plugins\/seo\/ -->\n<title>Scala diivanilaud \u00d8110cm, must marmor - Lartusihome.com<\/title>\n<meta name=\"robots\" content=\"index, follow, max-snippet:-1, max-image-preview:large, max-video-preview:-1\" \/>\n<link rel=\"canonical\" href=\"https:\/\/lartusihome.com\/et\/toode\/scala-coffee-table-o110cm-black-marble\/\" \/>\n<meta property=\"og:locale\" content=\"et_EE\" \/>\n<meta property=\"og:type\" content=\"article\" \/>\n<meta property=\"og:title\" content=\"Scala diivanilaud \u00d8110cm, must marmor - Lartusihome.com\" \/>\n<meta property=\"og:description\" content=\"Materjal: lauaplaat: must marmor jalad: lakitud alumiinium k\u00f5rgus: 40 cm \u00d8: 110 cm &nbsp;\" \/>\n<meta property=\"og:url\" content=\"https:\/\/lartusihome.com\/et\/toode\/scala-coffee-table-o110cm-black-marble\/\" \/>\n<meta property=\"og:site_name\" content=\"Lartusihome.com\" \/>\n<meta property=\"article:publisher\" content=\"https:\/\/www.facebook.com\/lartusihome\/\" \/>\n<meta property=\"article:modified_time\" content=\"2025-04-21T07:31:56+00:00\" \/>\n<meta property=\"og:image\" content=\"https:\/\/lartusihome.com\/wp-content\/uploads\/2024\/02\/604186_Scala_Coffee_Table_H40_O110cm_Marble_Black_01.jpg\" \/>\n\t<meta property=\"og:image:width\" content=\"2000\" \/>\n\t<meta property=\"og:image:height\" content=\"2000\" \/>\n\t<meta property=\"og:image:type\" content=\"image\/jpeg\" \/>\n<meta name=\"twitter:card\" content=\"summary_large_image\" \/>\n<meta name=\"twitter:label1\" content=\"Est. reading time\" \/>\n\t<meta name=\"twitter:data1\" content=\"1 minut\" \/>\n<script type=\"application\/ld+json\" class=\"yoast-schema-graph\">{\"@context\":\"https:\/\/schema.org\",\"@graph\":[{\"@type\":\"WebPage\",\"@id\":\"https:\/\/lartusihome.com\/et\/toode\/scala-coffee-table-o110cm-black-marble\/\",\"url\":\"https:\/\/lartusihome.com\/et\/toode\/scala-coffee-table-o110cm-black-marble\/\",\"name\":\"Scala diivanilaud \u00d8110cm, must marmor - Lartusihome.com\",\"isPartOf\":{\"@id\":\"https:\/\/lartusihome.com\/et\/#website\"},\"primaryImageOfPage\":{\"@id\":\"https:\/\/lartusihome.com\/et\/toode\/scala-coffee-table-o110cm-black-marble\/#primaryimage\"},\"image\":{\"@id\":\"https:\/\/lartusihome.com\/et\/toode\/scala-coffee-table-o110cm-black-marble\/#primaryimage\"},\"thumbnailUrl\":\"https:\/\/lartusihome.com\/wp-content\/uploads\/2024\/02\/604186_Scala_Coffee_Table_H40_O110cm_Marble_Black_01.jpg\",\"datePublished\":\"2024-02-26T14:28:12+00:00\",\"dateModified\":\"2025-04-21T07:31:56+00:00\",\"breadcrumb\":{\"@id\":\"https:\/\/lartusihome.com\/et\/toode\/scala-coffee-table-o110cm-black-marble\/#breadcrumb\"},\"inLanguage\":\"et\",\"potentialAction\":[{\"@type\":\"ReadAction\",\"target\":[\"https:\/\/lartusihome.com\/et\/toode\/scala-coffee-table-o110cm-black-marble\/\"]}]},{\"@type\":\"ImageObject\",\"inLanguage\":\"et\",\"@id\":\"https:\/\/lartusihome.com\/et\/toode\/scala-coffee-table-o110cm-black-marble\/#primaryimage\",\"url\":\"https:\/\/lartusihome.com\/wp-content\/uploads\/2024\/02\/604186_Scala_Coffee_Table_H40_O110cm_Marble_Black_01.jpg\",\"contentUrl\":\"https:\/\/lartusihome.com\/wp-content\/uploads\/2024\/02\/604186_Scala_Coffee_Table_H40_O110cm_Marble_Black_01.jpg\",\"width\":2000,\"height\":2000},{\"@type\":\"BreadcrumbList\",\"@id\":\"https:\/\/lartusihome.com\/et\/toode\/scala-coffee-table-o110cm-black-marble\/#breadcrumb\",\"itemListElement\":[{\"@type\":\"ListItem\",\"position\":1,\"name\":\"Home\",\"item\":\"https:\/\/lartusihome.com\/et\/\"},{\"@type\":\"ListItem\",\"position\":2,\"name\":\"Pood\",\"item\":\"https:\/\/lartusihome.com\/et\/pood\/\"},{\"@type\":\"ListItem\",\"position\":3,\"name\":\"Scala diivanilaud \u00d8110cm, must marmor\"}]},{\"@type\":\"WebSite\",\"@id\":\"https:\/\/lartusihome.com\/et\/#website\",\"url\":\"https:\/\/lartusihome.com\/et\/\",\"name\":\"Lartusihome.com\",\"description\":\"Kodu \/ sisustus\",\"potentialAction\":[{\"@type\":\"SearchAction\",\"target\":{\"@type\":\"EntryPoint\",\"urlTemplate\":\"https:\/\/lartusihome.com\/et\/?s={search_term_string}\"},\"query-input\":{\"@type\":\"PropertyValueSpecification\",\"valueRequired\":true,\"valueName\":\"search_term_string\"}}],\"inLanguage\":\"et\"}]}<\/script>\n<!-- \/ Yoast SEO plugin. -->","yoast_head_json":{"title":"Scala diivanilaud \u00d8110cm, must marmor - Lartusihome.com","robots":{"index":"index","follow":"follow","max-snippet":"max-snippet:-1","max-image-preview":"max-image-preview:large","max-video-preview":"max-video-preview:-1"},"canonical":"https:\/\/lartusihome.com\/et\/toode\/scala-coffee-table-o110cm-black-marble\/","og_locale":"et_EE","og_type":"article","og_title":"Scala diivanilaud \u00d8110cm, must marmor - Lartusihome.com","og_description":"Materjal: lauaplaat: must marmor jalad: lakitud alumiinium k\u00f5rgus: 40 cm \u00d8: 110 cm &nbsp;","og_url":"https:\/\/lartusihome.com\/et\/toode\/scala-coffee-table-o110cm-black-marble\/","og_site_name":"Lartusihome.com","article_publisher":"https:\/\/www.facebook.com\/lartusihome\/","article_modified_time":"2025-04-21T07:31:56+00:00","og_image":[{"width":2000,"height":2000,"url":"https:\/\/lartusihome.com\/wp-content\/uploads\/2024\/02\/604186_Scala_Coffee_Table_H40_O110cm_Marble_Black_01.jpg","type":"image\/jpeg"}],"twitter_card":"summary_large_image","twitter_misc":{"Est. reading time":"1 minut"},"schema":{"@context":"https:\/\/schema.org","@graph":[{"@type":"WebPage","@id":"https:\/\/lartusihome.com\/et\/toode\/scala-coffee-table-o110cm-black-marble\/","url":"https:\/\/lartusihome.com\/et\/toode\/scala-coffee-table-o110cm-black-marble\/","name":"Scala diivanilaud \u00d8110cm, must marmor - Lartusihome.com","isPartOf":{"@id":"https:\/\/lartusihome.com\/et\/#website"},"primaryImageOfPage":{"@id":"https:\/\/lartusihome.com\/et\/toode\/scala-coffee-table-o110cm-black-marble\/#primaryimage"},"image":{"@id":"https:\/\/lartusihome.com\/et\/toode\/scala-coffee-table-o110cm-black-marble\/#primaryimage"},"thumbnailUrl":"https:\/\/lartusihome.com\/wp-content\/uploads\/2024\/02\/604186_Scala_Coffee_Table_H40_O110cm_Marble_Black_01.jpg","datePublished":"2024-02-26T14:28:12+00:00","dateModified":"2025-04-21T07:31:56+00:00","breadcrumb":{"@id":"https:\/\/lartusihome.com\/et\/toode\/scala-coffee-table-o110cm-black-marble\/#breadcrumb"},"inLanguage":"et","potentialAction":[{"@type":"ReadAction","target":["https:\/\/lartusihome.com\/et\/toode\/scala-coffee-table-o110cm-black-marble\/"]}]},{"@type":"ImageObject","inLanguage":"et","@id":"https:\/\/lartusihome.com\/et\/toode\/scala-coffee-table-o110cm-black-marble\/#primaryimage","url":"https:\/\/lartusihome.com\/wp-content\/uploads\/2024\/02\/604186_Scala_Coffee_Table_H40_O110cm_Marble_Black_01.jpg","contentUrl":"https:\/\/lartusihome.com\/wp-content\/uploads\/2024\/02\/604186_Scala_Coffee_Table_H40_O110cm_Marble_Black_01.jpg","width":2000,"height":2000},{"@type":"BreadcrumbList","@id":"https:\/\/lartusihome.com\/et\/toode\/scala-coffee-table-o110cm-black-marble\/#breadcrumb","itemListElement":[{"@type":"ListItem","position":1,"name":"Home","item":"https:\/\/lartusihome.com\/et\/"},{"@type":"ListItem","position":2,"name":"Pood","item":"https:\/\/lartusihome.com\/et\/pood\/"},{"@type":"ListItem","position":3,"name":"Scala diivanilaud \u00d8110cm, must marmor"}]},{"@type":"WebSite","@id":"https:\/\/lartusihome.com\/et\/#website","url":"https:\/\/lartusihome.com\/et\/","name":"Lartusihome.com","description":"Kodu \/ sisustus","potentialAction":[{"@type":"SearchAction","target":{"@type":"EntryPoint","urlTemplate":"https:\/\/lartusihome.com\/et\/?s={search_term_string}"},"query-input":{"@type":"PropertyValueSpecification","valueRequired":true,"valueName":"search_term_string"}}],"inLanguage":"et"}]}},"_links":{"self":[{"href":"https:\/\/lartusihome.com\/et\/wp-json\/wp\/v2\/product\/351308"}],"collection":[{"href":"https:\/\/lartusihome.com\/et\/wp-json\/wp\/v2\/product"}],"about":[{"href":"https:\/\/lartusihome.com\/et\/wp-json\/wp\/v2\/types\/product"}],"wp:featuredmedia":[{"embeddable":true,"href":"https:\/\/lartusihome.com\/et\/wp-json\/wp\/v2\/media\/351284"}],"wp:attachment":[{"href":"https:\/\/lartusihome.com\/et\/wp-json\/wp\/v2\/media?parent=351308"}],"wp:term":[{"taxonomy":"product_cat","embeddable":true,"href":"https:\/\/lartusihome.com\/et\/wp-json\/wp\/v2\/product_cat?post=351308"},{"taxonomy":"product_tag","embeddable":true,"href":"https:\/\/lartusihome.com\/et\/wp-json\/wp\/v2\/product_tag?post=351308"},{"taxonomy":"giftcard-category","embeddable":true,"href":"https:\/\/lartusihome.com\/et\/wp-json\/wp\/v2\/giftcard-category?post=351308"}],"curies":[{"name":"wp","href":"https:\/\/api.w.org\/{rel}","templated":true}]}}