{"id":347988,"date":"2024-02-12T17:08:06","date_gmt":"2024-02-12T15:08:06","guid":{"rendered":"https:\/\/lartusihome.com\/product\/sewing-kit\/"},"modified":"2026-02-28T11:28:44","modified_gmt":"2026-02-28T09:28:44","slug":"sewing-kit","status":"publish","type":"product","link":"https:\/\/lartusihome.com\/et\/toode\/sewing-kit\/","title":{"rendered":"\u00d5mbluskomplekt"},"content":{"rendered":"<p>Selle \u00f5mbluskomplektiga on kaasas k\u00f5ik olulised \u00f5mblust\u00f6\u00f6riistad ja -tarvikud, mida vajate riiete parandamiseks.<\/p>\n<p>M\u00f5\u00f5dud: 14,5 x 5 x 10,8 cm<\/p>\n<p>Niidid x 6 (must, sinine, tumehall, helehall, valge ja helebee\u017e)<br \/>\nK\u00e4\u00e4rid<br \/>\nHarutaja<br \/>\nKangapliiats<br \/>\nN\u00f5elad x 7<br \/>\nN\u00f6\u00f6pn\u00f5elad x 10<br \/>\nHaakn\u00f5elad x 4<br \/>\nS\u00f5rmk\u00fcbar<br \/>\nM\u00f5\u00f5dulint (150 cm)<br \/>\nPaigad x 5<br \/>\nN\u00f6\u00f6bid x 12 (must ja l\u00e4bipaistev valge)<br \/>\nNiidistaja<\/p>\n","protected":false},"excerpt":{"rendered":"<p>Selle \u00f5mbluskomplektiga on kaasas k\u00f5ik olulised \u00f5mblust\u00f6\u00f6riistad ja -tarvikud, mida vajate riiete parandamiseks. M\u00f5\u00f5dud: 14,5 x 5 x 10,8 cm Niidid x 6 (must, sinine, tumehall, helehall, valge ja helebee\u017e) K\u00e4\u00e4rid Harutaja Kangapliiats N\u00f5elad x 7 N\u00f6\u00f6pn\u00f5elad x 10 Haakn\u00f5elad x 4 S\u00f5rmk\u00fcbar M\u00f5\u00f5dulint (150 cm) Paigad x 5 N\u00f6\u00f6bid x 12 (must ja l\u00e4bipaistev&hellip;<\/p>\n","protected":false},"featured_media":347952,"template":"","meta":{"_acf_changed":false,"inline_featured_image":false},"product_cat":[24243,4518],"product_tag":[],"giftcard-category":[],"class_list":{"0":"post-347988","1":"product","2":"type-product","3":"status-publish","4":"has-post-thumbnail","6":"product_cat-roivahooldus","7":"product_cat-vannituba","8":"pa_brand-steamery-et","10":"first","11":"outofstock","12":"shipping-taxable","13":"purchasable","14":"product-type-simple"},"acf":[],"yoast_head":"<!-- This site is optimized with the Yoast SEO plugin v25.6 - https:\/\/yoast.com\/wordpress\/plugins\/seo\/ -->\n<title>\u00d5mbluskomplekt - Lartusihome.com<\/title>\n<meta name=\"robots\" content=\"index, follow, max-snippet:-1, max-image-preview:large, max-video-preview:-1\" \/>\n<link rel=\"canonical\" href=\"https:\/\/lartusihome.com\/et\/toode\/sewing-kit\/\" \/>\n<meta property=\"og:locale\" content=\"et_EE\" \/>\n<meta property=\"og:type\" content=\"article\" \/>\n<meta property=\"og:title\" content=\"\u00d5mbluskomplekt - Lartusihome.com\" \/>\n<meta property=\"og:description\" content=\"Selle \u00f5mbluskomplektiga on kaasas k\u00f5ik olulised \u00f5mblust\u00f6\u00f6riistad ja -tarvikud, mida vajate riiete parandamiseks. M\u00f5\u00f5dud: 14,5 x 5 x 10,8 cm Niidid x 6 (must, sinine, tumehall, helehall, valge ja helebee\u017e) K\u00e4\u00e4rid Harutaja Kangapliiats N\u00f5elad x 7 N\u00f6\u00f6pn\u00f5elad x 10 Haakn\u00f5elad x 4 S\u00f5rmk\u00fcbar M\u00f5\u00f5dulint (150 cm) Paigad x 5 N\u00f6\u00f6bid x 12 (must ja l\u00e4bipaistev&hellip;\" \/>\n<meta property=\"og:url\" content=\"https:\/\/lartusihome.com\/et\/toode\/sewing-kit\/\" \/>\n<meta property=\"og:site_name\" content=\"Lartusihome.com\" \/>\n<meta property=\"article:publisher\" content=\"https:\/\/www.facebook.com\/lartusihome\/\" \/>\n<meta property=\"article:modified_time\" content=\"2026-02-28T09:28:44+00:00\" \/>\n<meta property=\"og:image\" content=\"https:\/\/lartusihome.com\/wp-content\/uploads\/2024\/02\/sewing-kit-front.jpg\" \/>\n\t<meta property=\"og:image:width\" content=\"2000\" \/>\n\t<meta property=\"og:image:height\" content=\"2000\" \/>\n\t<meta property=\"og:image:type\" content=\"image\/jpeg\" \/>\n<meta name=\"twitter:card\" content=\"summary_large_image\" \/>\n<meta name=\"twitter:label1\" content=\"Est. reading time\" \/>\n\t<meta name=\"twitter:data1\" content=\"1 minut\" \/>\n<script type=\"application\/ld+json\" class=\"yoast-schema-graph\">{\"@context\":\"https:\/\/schema.org\",\"@graph\":[{\"@type\":\"WebPage\",\"@id\":\"https:\/\/lartusihome.com\/et\/toode\/sewing-kit\/\",\"url\":\"https:\/\/lartusihome.com\/et\/toode\/sewing-kit\/\",\"name\":\"\u00d5mbluskomplekt - Lartusihome.com\",\"isPartOf\":{\"@id\":\"https:\/\/lartusihome.com\/et\/#website\"},\"primaryImageOfPage\":{\"@id\":\"https:\/\/lartusihome.com\/et\/toode\/sewing-kit\/#primaryimage\"},\"image\":{\"@id\":\"https:\/\/lartusihome.com\/et\/toode\/sewing-kit\/#primaryimage\"},\"thumbnailUrl\":\"https:\/\/lartusihome.com\/wp-content\/uploads\/2024\/02\/sewing-kit-front.jpg\",\"datePublished\":\"2024-02-12T15:08:06+00:00\",\"dateModified\":\"2026-02-28T09:28:44+00:00\",\"breadcrumb\":{\"@id\":\"https:\/\/lartusihome.com\/et\/toode\/sewing-kit\/#breadcrumb\"},\"inLanguage\":\"et\",\"potentialAction\":[{\"@type\":\"ReadAction\",\"target\":[\"https:\/\/lartusihome.com\/et\/toode\/sewing-kit\/\"]}]},{\"@type\":\"ImageObject\",\"inLanguage\":\"et\",\"@id\":\"https:\/\/lartusihome.com\/et\/toode\/sewing-kit\/#primaryimage\",\"url\":\"https:\/\/lartusihome.com\/wp-content\/uploads\/2024\/02\/sewing-kit-front.jpg\",\"contentUrl\":\"https:\/\/lartusihome.com\/wp-content\/uploads\/2024\/02\/sewing-kit-front.jpg\",\"width\":2000,\"height\":2000},{\"@type\":\"BreadcrumbList\",\"@id\":\"https:\/\/lartusihome.com\/et\/toode\/sewing-kit\/#breadcrumb\",\"itemListElement\":[{\"@type\":\"ListItem\",\"position\":1,\"name\":\"Home\",\"item\":\"https:\/\/lartusihome.com\/et\/\"},{\"@type\":\"ListItem\",\"position\":2,\"name\":\"Pood\",\"item\":\"https:\/\/lartusihome.com\/et\/pood\/\"},{\"@type\":\"ListItem\",\"position\":3,\"name\":\"\u00d5mbluskomplekt\"}]},{\"@type\":\"WebSite\",\"@id\":\"https:\/\/lartusihome.com\/et\/#website\",\"url\":\"https:\/\/lartusihome.com\/et\/\",\"name\":\"Lartusihome.com\",\"description\":\"Kodu \/ sisustus\",\"potentialAction\":[{\"@type\":\"SearchAction\",\"target\":{\"@type\":\"EntryPoint\",\"urlTemplate\":\"https:\/\/lartusihome.com\/et\/?s={search_term_string}\"},\"query-input\":{\"@type\":\"PropertyValueSpecification\",\"valueRequired\":true,\"valueName\":\"search_term_string\"}}],\"inLanguage\":\"et\"}]}<\/script>\n<!-- \/ Yoast SEO plugin. -->","yoast_head_json":{"title":"\u00d5mbluskomplekt - Lartusihome.com","robots":{"index":"index","follow":"follow","max-snippet":"max-snippet:-1","max-image-preview":"max-image-preview:large","max-video-preview":"max-video-preview:-1"},"canonical":"https:\/\/lartusihome.com\/et\/toode\/sewing-kit\/","og_locale":"et_EE","og_type":"article","og_title":"\u00d5mbluskomplekt - Lartusihome.com","og_description":"Selle \u00f5mbluskomplektiga on kaasas k\u00f5ik olulised \u00f5mblust\u00f6\u00f6riistad ja -tarvikud, mida vajate riiete parandamiseks. M\u00f5\u00f5dud: 14,5 x 5 x 10,8 cm Niidid x 6 (must, sinine, tumehall, helehall, valge ja helebee\u017e) K\u00e4\u00e4rid Harutaja Kangapliiats N\u00f5elad x 7 N\u00f6\u00f6pn\u00f5elad x 10 Haakn\u00f5elad x 4 S\u00f5rmk\u00fcbar M\u00f5\u00f5dulint (150 cm) Paigad x 5 N\u00f6\u00f6bid x 12 (must ja l\u00e4bipaistev&hellip;","og_url":"https:\/\/lartusihome.com\/et\/toode\/sewing-kit\/","og_site_name":"Lartusihome.com","article_publisher":"https:\/\/www.facebook.com\/lartusihome\/","article_modified_time":"2026-02-28T09:28:44+00:00","og_image":[{"width":2000,"height":2000,"url":"https:\/\/lartusihome.com\/wp-content\/uploads\/2024\/02\/sewing-kit-front.jpg","type":"image\/jpeg"}],"twitter_card":"summary_large_image","twitter_misc":{"Est. reading time":"1 minut"},"schema":{"@context":"https:\/\/schema.org","@graph":[{"@type":"WebPage","@id":"https:\/\/lartusihome.com\/et\/toode\/sewing-kit\/","url":"https:\/\/lartusihome.com\/et\/toode\/sewing-kit\/","name":"\u00d5mbluskomplekt - Lartusihome.com","isPartOf":{"@id":"https:\/\/lartusihome.com\/et\/#website"},"primaryImageOfPage":{"@id":"https:\/\/lartusihome.com\/et\/toode\/sewing-kit\/#primaryimage"},"image":{"@id":"https:\/\/lartusihome.com\/et\/toode\/sewing-kit\/#primaryimage"},"thumbnailUrl":"https:\/\/lartusihome.com\/wp-content\/uploads\/2024\/02\/sewing-kit-front.jpg","datePublished":"2024-02-12T15:08:06+00:00","dateModified":"2026-02-28T09:28:44+00:00","breadcrumb":{"@id":"https:\/\/lartusihome.com\/et\/toode\/sewing-kit\/#breadcrumb"},"inLanguage":"et","potentialAction":[{"@type":"ReadAction","target":["https:\/\/lartusihome.com\/et\/toode\/sewing-kit\/"]}]},{"@type":"ImageObject","inLanguage":"et","@id":"https:\/\/lartusihome.com\/et\/toode\/sewing-kit\/#primaryimage","url":"https:\/\/lartusihome.com\/wp-content\/uploads\/2024\/02\/sewing-kit-front.jpg","contentUrl":"https:\/\/lartusihome.com\/wp-content\/uploads\/2024\/02\/sewing-kit-front.jpg","width":2000,"height":2000},{"@type":"BreadcrumbList","@id":"https:\/\/lartusihome.com\/et\/toode\/sewing-kit\/#breadcrumb","itemListElement":[{"@type":"ListItem","position":1,"name":"Home","item":"https:\/\/lartusihome.com\/et\/"},{"@type":"ListItem","position":2,"name":"Pood","item":"https:\/\/lartusihome.com\/et\/pood\/"},{"@type":"ListItem","position":3,"name":"\u00d5mbluskomplekt"}]},{"@type":"WebSite","@id":"https:\/\/lartusihome.com\/et\/#website","url":"https:\/\/lartusihome.com\/et\/","name":"Lartusihome.com","description":"Kodu \/ sisustus","potentialAction":[{"@type":"SearchAction","target":{"@type":"EntryPoint","urlTemplate":"https:\/\/lartusihome.com\/et\/?s={search_term_string}"},"query-input":{"@type":"PropertyValueSpecification","valueRequired":true,"valueName":"search_term_string"}}],"inLanguage":"et"}]}},"_links":{"self":[{"href":"https:\/\/lartusihome.com\/et\/wp-json\/wp\/v2\/product\/347988"}],"collection":[{"href":"https:\/\/lartusihome.com\/et\/wp-json\/wp\/v2\/product"}],"about":[{"href":"https:\/\/lartusihome.com\/et\/wp-json\/wp\/v2\/types\/product"}],"wp:featuredmedia":[{"embeddable":true,"href":"https:\/\/lartusihome.com\/et\/wp-json\/wp\/v2\/media\/347952"}],"wp:attachment":[{"href":"https:\/\/lartusihome.com\/et\/wp-json\/wp\/v2\/media?parent=347988"}],"wp:term":[{"taxonomy":"product_cat","embeddable":true,"href":"https:\/\/lartusihome.com\/et\/wp-json\/wp\/v2\/product_cat?post=347988"},{"taxonomy":"product_tag","embeddable":true,"href":"https:\/\/lartusihome.com\/et\/wp-json\/wp\/v2\/product_tag?post=347988"},{"taxonomy":"giftcard-category","embeddable":true,"href":"https:\/\/lartusihome.com\/et\/wp-json\/wp\/v2\/giftcard-category?post=347988"}],"curies":[{"name":"wp","href":"https:\/\/api.w.org\/{rel}","templated":true}]}}