{"id":344866,"date":"2024-01-04T15:36:31","date_gmt":"2024-01-04T13:36:31","guid":{"rendered":"https:\/\/lartusihome.com\/product\/dustpan-broom-black\/"},"modified":"2024-01-04T15:38:36","modified_gmt":"2024-01-04T13:38:36","slug":"dustpan-broom-black","status":"publish","type":"product","link":"https:\/\/lartusihome.com\/et\/toode\/dustpan-broom-black\/","title":{"rendered":"Pr\u00fcgik\u00fchvel &#038; hari, must"},"content":{"rendered":"<p id=\"tw-target-text\" class=\"tw-data-text tw-text-large tw-ta\" dir=\"ltr\" data-placeholder=\"T\u00f5lge\" data-ved=\"2ahUKEwiCr4_GrcODAxW_AhAIHQ4HAegQ3ewLegQIBRAQ\"><span class=\"Y2IQFc\" lang=\"et\">materjal: plastik (k\u00fchvel), p\u00f6\u00f6k naturaalsete harjastega (hari) <\/span><\/p>\n<p class=\"tw-data-text tw-text-large tw-ta\" dir=\"ltr\" data-placeholder=\"T\u00f5lge\" data-ved=\"2ahUKEwiCr4_GrcODAxW_AhAIHQ4HAegQ3ewLegQIBRAQ\"><span class=\"Y2IQFc\" lang=\"et\">k\u00f5rgus: 32 cm <\/span><\/p>\n<p class=\"tw-data-text tw-text-large tw-ta\" dir=\"ltr\" data-placeholder=\"T\u00f5lge\" data-ved=\"2ahUKEwiCr4_GrcODAxW_AhAIHQ4HAegQ3ewLegQIBRAQ\"><span class=\"Y2IQFc\" lang=\"et\">laius: 24 cm<\/span><\/p>\n<p>&nbsp;<\/p>\n","protected":false},"excerpt":{"rendered":"<p>materjal: plastik (k\u00fchvel), p\u00f6\u00f6k naturaalsete harjastega (hari) k\u00f5rgus: 32 cm laius: 24 cm &nbsp;<\/p>\n","protected":false},"featured_media":345513,"template":"","meta":{"_acf_changed":false,"inline_featured_image":false},"product_cat":[3588,18119],"product_tag":[],"giftcard-category":[],"class_list":{"0":"post-344866","1":"product","2":"type-product","3":"status-publish","4":"has-post-thumbnail","6":"product_cat-kook","7":"product_cat-koristustarvikud","8":"pa_brand-normann-copenhagen-et","10":"first","11":"outofstock","12":"shipping-taxable","13":"purchasable","14":"product-type-simple"},"acf":[],"yoast_head":"<!-- This site is optimized with the Yoast SEO plugin v25.6 - https:\/\/yoast.com\/wordpress\/plugins\/seo\/ -->\n<title>Pr\u00fcgik\u00fchvel &amp; hari, must - Lartusihome.com<\/title>\n<meta name=\"robots\" content=\"index, follow, max-snippet:-1, max-image-preview:large, max-video-preview:-1\" \/>\n<link rel=\"canonical\" href=\"https:\/\/lartusihome.com\/et\/toode\/dustpan-broom-black\/\" \/>\n<meta property=\"og:locale\" content=\"et_EE\" \/>\n<meta property=\"og:type\" content=\"article\" \/>\n<meta property=\"og:title\" content=\"Pr\u00fcgik\u00fchvel &amp; hari, must - Lartusihome.com\" \/>\n<meta property=\"og:description\" content=\"materjal: plastik (k\u00fchvel), p\u00f6\u00f6k naturaalsete harjastega (hari) k\u00f5rgus: 32 cm laius: 24 cm &nbsp;\" \/>\n<meta property=\"og:url\" content=\"https:\/\/lartusihome.com\/et\/toode\/dustpan-broom-black\/\" \/>\n<meta property=\"og:site_name\" content=\"Lartusihome.com\" \/>\n<meta property=\"article:publisher\" content=\"https:\/\/www.facebook.com\/lartusihome\/\" \/>\n<meta property=\"article:modified_time\" content=\"2024-01-04T13:38:36+00:00\" \/>\n<meta property=\"og:image\" content=\"https:\/\/lartusihome.com\/wp-content\/uploads\/2023\/11\/303200_Dustpan_Broom_Black_1.jpg\" \/>\n\t<meta property=\"og:image:width\" content=\"2000\" \/>\n\t<meta property=\"og:image:height\" content=\"2000\" \/>\n\t<meta property=\"og:image:type\" content=\"image\/jpeg\" \/>\n<meta name=\"twitter:card\" content=\"summary_large_image\" \/>\n<meta name=\"twitter:label1\" content=\"Est. reading time\" \/>\n\t<meta name=\"twitter:data1\" content=\"1 minut\" \/>\n<script type=\"application\/ld+json\" class=\"yoast-schema-graph\">{\"@context\":\"https:\/\/schema.org\",\"@graph\":[{\"@type\":\"WebPage\",\"@id\":\"https:\/\/lartusihome.com\/et\/toode\/dustpan-broom-black\/\",\"url\":\"https:\/\/lartusihome.com\/et\/toode\/dustpan-broom-black\/\",\"name\":\"Pr\u00fcgik\u00fchvel & hari, must - Lartusihome.com\",\"isPartOf\":{\"@id\":\"https:\/\/lartusihome.com\/et\/#website\"},\"primaryImageOfPage\":{\"@id\":\"https:\/\/lartusihome.com\/et\/toode\/dustpan-broom-black\/#primaryimage\"},\"image\":{\"@id\":\"https:\/\/lartusihome.com\/et\/toode\/dustpan-broom-black\/#primaryimage\"},\"thumbnailUrl\":\"https:\/\/lartusihome.com\/wp-content\/uploads\/2024\/01\/303200_2Dustpan_Broom_Black_1.jpg\",\"datePublished\":\"2024-01-04T13:36:31+00:00\",\"dateModified\":\"2024-01-04T13:38:36+00:00\",\"breadcrumb\":{\"@id\":\"https:\/\/lartusihome.com\/et\/toode\/dustpan-broom-black\/#breadcrumb\"},\"inLanguage\":\"et\",\"potentialAction\":[{\"@type\":\"ReadAction\",\"target\":[\"https:\/\/lartusihome.com\/et\/toode\/dustpan-broom-black\/\"]}]},{\"@type\":\"ImageObject\",\"inLanguage\":\"et\",\"@id\":\"https:\/\/lartusihome.com\/et\/toode\/dustpan-broom-black\/#primaryimage\",\"url\":\"https:\/\/lartusihome.com\/wp-content\/uploads\/2024\/01\/303200_2Dustpan_Broom_Black_1.jpg\",\"contentUrl\":\"https:\/\/lartusihome.com\/wp-content\/uploads\/2024\/01\/303200_2Dustpan_Broom_Black_1.jpg\",\"width\":2000,\"height\":2000},{\"@type\":\"BreadcrumbList\",\"@id\":\"https:\/\/lartusihome.com\/et\/toode\/dustpan-broom-black\/#breadcrumb\",\"itemListElement\":[{\"@type\":\"ListItem\",\"position\":1,\"name\":\"Home\",\"item\":\"https:\/\/lartusihome.com\/et\/\"},{\"@type\":\"ListItem\",\"position\":2,\"name\":\"Pood\",\"item\":\"https:\/\/lartusihome.com\/et\/pood\/\"},{\"@type\":\"ListItem\",\"position\":3,\"name\":\"Pr\u00fcgik\u00fchvel &#038; hari, must\"}]},{\"@type\":\"WebSite\",\"@id\":\"https:\/\/lartusihome.com\/et\/#website\",\"url\":\"https:\/\/lartusihome.com\/et\/\",\"name\":\"Lartusihome.com\",\"description\":\"Kodu \/ sisustus\",\"potentialAction\":[{\"@type\":\"SearchAction\",\"target\":{\"@type\":\"EntryPoint\",\"urlTemplate\":\"https:\/\/lartusihome.com\/et\/?s={search_term_string}\"},\"query-input\":{\"@type\":\"PropertyValueSpecification\",\"valueRequired\":true,\"valueName\":\"search_term_string\"}}],\"inLanguage\":\"et\"}]}<\/script>\n<!-- \/ Yoast SEO plugin. -->","yoast_head_json":{"title":"Pr\u00fcgik\u00fchvel & hari, must - Lartusihome.com","robots":{"index":"index","follow":"follow","max-snippet":"max-snippet:-1","max-image-preview":"max-image-preview:large","max-video-preview":"max-video-preview:-1"},"canonical":"https:\/\/lartusihome.com\/et\/toode\/dustpan-broom-black\/","og_locale":"et_EE","og_type":"article","og_title":"Pr\u00fcgik\u00fchvel & hari, must - Lartusihome.com","og_description":"materjal: plastik (k\u00fchvel), p\u00f6\u00f6k naturaalsete harjastega (hari) k\u00f5rgus: 32 cm laius: 24 cm &nbsp;","og_url":"https:\/\/lartusihome.com\/et\/toode\/dustpan-broom-black\/","og_site_name":"Lartusihome.com","article_publisher":"https:\/\/www.facebook.com\/lartusihome\/","article_modified_time":"2024-01-04T13:38:36+00:00","og_image":[{"width":2000,"height":2000,"url":"https:\/\/lartusihome.com\/wp-content\/uploads\/2023\/11\/303200_Dustpan_Broom_Black_1.jpg","type":"image\/jpeg"}],"twitter_card":"summary_large_image","twitter_misc":{"Est. reading time":"1 minut"},"schema":{"@context":"https:\/\/schema.org","@graph":[{"@type":"WebPage","@id":"https:\/\/lartusihome.com\/et\/toode\/dustpan-broom-black\/","url":"https:\/\/lartusihome.com\/et\/toode\/dustpan-broom-black\/","name":"Pr\u00fcgik\u00fchvel & hari, must - Lartusihome.com","isPartOf":{"@id":"https:\/\/lartusihome.com\/et\/#website"},"primaryImageOfPage":{"@id":"https:\/\/lartusihome.com\/et\/toode\/dustpan-broom-black\/#primaryimage"},"image":{"@id":"https:\/\/lartusihome.com\/et\/toode\/dustpan-broom-black\/#primaryimage"},"thumbnailUrl":"https:\/\/lartusihome.com\/wp-content\/uploads\/2024\/01\/303200_2Dustpan_Broom_Black_1.jpg","datePublished":"2024-01-04T13:36:31+00:00","dateModified":"2024-01-04T13:38:36+00:00","breadcrumb":{"@id":"https:\/\/lartusihome.com\/et\/toode\/dustpan-broom-black\/#breadcrumb"},"inLanguage":"et","potentialAction":[{"@type":"ReadAction","target":["https:\/\/lartusihome.com\/et\/toode\/dustpan-broom-black\/"]}]},{"@type":"ImageObject","inLanguage":"et","@id":"https:\/\/lartusihome.com\/et\/toode\/dustpan-broom-black\/#primaryimage","url":"https:\/\/lartusihome.com\/wp-content\/uploads\/2024\/01\/303200_2Dustpan_Broom_Black_1.jpg","contentUrl":"https:\/\/lartusihome.com\/wp-content\/uploads\/2024\/01\/303200_2Dustpan_Broom_Black_1.jpg","width":2000,"height":2000},{"@type":"BreadcrumbList","@id":"https:\/\/lartusihome.com\/et\/toode\/dustpan-broom-black\/#breadcrumb","itemListElement":[{"@type":"ListItem","position":1,"name":"Home","item":"https:\/\/lartusihome.com\/et\/"},{"@type":"ListItem","position":2,"name":"Pood","item":"https:\/\/lartusihome.com\/et\/pood\/"},{"@type":"ListItem","position":3,"name":"Pr\u00fcgik\u00fchvel &#038; hari, must"}]},{"@type":"WebSite","@id":"https:\/\/lartusihome.com\/et\/#website","url":"https:\/\/lartusihome.com\/et\/","name":"Lartusihome.com","description":"Kodu \/ sisustus","potentialAction":[{"@type":"SearchAction","target":{"@type":"EntryPoint","urlTemplate":"https:\/\/lartusihome.com\/et\/?s={search_term_string}"},"query-input":{"@type":"PropertyValueSpecification","valueRequired":true,"valueName":"search_term_string"}}],"inLanguage":"et"}]}},"_links":{"self":[{"href":"https:\/\/lartusihome.com\/et\/wp-json\/wp\/v2\/product\/344866"}],"collection":[{"href":"https:\/\/lartusihome.com\/et\/wp-json\/wp\/v2\/product"}],"about":[{"href":"https:\/\/lartusihome.com\/et\/wp-json\/wp\/v2\/types\/product"}],"wp:featuredmedia":[{"embeddable":true,"href":"https:\/\/lartusihome.com\/et\/wp-json\/wp\/v2\/media\/345513"}],"wp:attachment":[{"href":"https:\/\/lartusihome.com\/et\/wp-json\/wp\/v2\/media?parent=344866"}],"wp:term":[{"taxonomy":"product_cat","embeddable":true,"href":"https:\/\/lartusihome.com\/et\/wp-json\/wp\/v2\/product_cat?post=344866"},{"taxonomy":"product_tag","embeddable":true,"href":"https:\/\/lartusihome.com\/et\/wp-json\/wp\/v2\/product_tag?post=344866"},{"taxonomy":"giftcard-category","embeddable":true,"href":"https:\/\/lartusihome.com\/et\/wp-json\/wp\/v2\/giftcard-category?post=344866"}],"curies":[{"name":"wp","href":"https:\/\/api.w.org\/{rel}","templated":true}]}}