{"id":338788,"date":"2023-11-08T15:29:22","date_gmt":"2023-11-08T13:29:22","guid":{"rendered":"https:\/\/lartusihome.com\/product\/eva-mixing-bowl-2l-17cm-green\/"},"modified":"2024-11-06T23:48:54","modified_gmt":"2024-11-06T21:48:54","slug":"eva-mixing-bowl-2l-17cm-green","status":"publish","type":"product","link":"https:\/\/lartusihome.com\/et\/toode\/eva-mixing-bowl-2l-17cm-green\/","title":{"rendered":"Eva kauss 2l\/17cm, roheline"},"content":{"rendered":"<p>Talub s\u00fcgavk\u00fclma, mikrolaineahju, n\u00f5udepesumasinat ja kuni 100\u2070C<\/p>\n<p>Plastik, kumm<\/p>\n<p>Pikkus: 20,4 cm<\/p>\n<p>Laius: 17,2 cm<\/p>\n<p>K\u00f5rgus: 13,1 cm<\/p>\n","protected":false},"excerpt":{"rendered":"<p>Talub s\u00fcgavk\u00fclma, mikrolaineahju, n\u00f5udepesumasinat ja kuni 100\u2070C Plastik, kumm Pikkus: 20,4 cm Laius: 17,2 cm K\u00f5rgus: 13,1 cm<\/p>\n","protected":false},"featured_media":338748,"template":"","meta":{"_acf_changed":false,"inline_featured_image":false},"product_cat":[25433,3588,50],"product_tag":[],"giftcard-category":[],"class_list":{"0":"post-338788","1":"product","2":"type-product","3":"status-publish","4":"has-post-thumbnail","6":"product_cat-segamiskausid","7":"product_cat-kook","8":"product_cat-koogitarvikud","9":"pa_brand-eva-solo","10":"pa_collection-eva","12":"first","13":"instock","14":"shipping-taxable","15":"purchasable","16":"product-type-simple"},"acf":[],"yoast_head":"<!-- This site is optimized with the Yoast SEO plugin v25.6 - https:\/\/yoast.com\/wordpress\/plugins\/seo\/ -->\n<title>Eva kauss 2l\/17cm, roheline - Lartusihome.com<\/title>\n<meta name=\"robots\" content=\"index, follow, max-snippet:-1, max-image-preview:large, max-video-preview:-1\" \/>\n<link rel=\"canonical\" href=\"https:\/\/lartusihome.com\/et\/toode\/eva-mixing-bowl-2l-17cm-green\/\" \/>\n<meta property=\"og:locale\" content=\"et_EE\" \/>\n<meta property=\"og:type\" content=\"article\" \/>\n<meta property=\"og:title\" content=\"Eva kauss 2l\/17cm, roheline - Lartusihome.com\" \/>\n<meta property=\"og:description\" content=\"Talub s\u00fcgavk\u00fclma, mikrolaineahju, n\u00f5udepesumasinat ja kuni 100\u2070C Plastik, kumm Pikkus: 20,4 cm Laius: 17,2 cm K\u00f5rgus: 13,1 cm\" \/>\n<meta property=\"og:url\" content=\"https:\/\/lartusihome.com\/et\/toode\/eva-mixing-bowl-2l-17cm-green\/\" \/>\n<meta property=\"og:site_name\" content=\"Lartusihome.com\" \/>\n<meta property=\"article:publisher\" content=\"https:\/\/www.facebook.com\/lartusihome\/\" \/>\n<meta property=\"article:modified_time\" content=\"2024-11-06T21:48:54+00:00\" \/>\n<meta property=\"og:image\" content=\"https:\/\/lartusihome.com\/wp-content\/uploads\/2023\/09\/530423__Eva_mixing_bowl_2l_angle_Emerald_Green_aRGB_High.jpg\" \/>\n\t<meta property=\"og:image:width\" content=\"2000\" \/>\n\t<meta property=\"og:image:height\" content=\"2000\" \/>\n\t<meta property=\"og:image:type\" content=\"image\/jpeg\" \/>\n<meta name=\"twitter:card\" content=\"summary_large_image\" \/>\n<meta name=\"twitter:label1\" content=\"Est. reading time\" \/>\n\t<meta name=\"twitter:data1\" content=\"1 minut\" \/>\n<script type=\"application\/ld+json\" class=\"yoast-schema-graph\">{\"@context\":\"https:\/\/schema.org\",\"@graph\":[{\"@type\":\"WebPage\",\"@id\":\"https:\/\/lartusihome.com\/et\/toode\/eva-mixing-bowl-2l-17cm-green\/\",\"url\":\"https:\/\/lartusihome.com\/et\/toode\/eva-mixing-bowl-2l-17cm-green\/\",\"name\":\"Eva kauss 2l\/17cm, roheline - Lartusihome.com\",\"isPartOf\":{\"@id\":\"https:\/\/lartusihome.com\/et\/#website\"},\"primaryImageOfPage\":{\"@id\":\"https:\/\/lartusihome.com\/et\/toode\/eva-mixing-bowl-2l-17cm-green\/#primaryimage\"},\"image\":{\"@id\":\"https:\/\/lartusihome.com\/et\/toode\/eva-mixing-bowl-2l-17cm-green\/#primaryimage\"},\"thumbnailUrl\":\"https:\/\/lartusihome.com\/wp-content\/uploads\/2023\/09\/530423__Eva_mixing_bowl_2l_angle_Emerald_Green_aRGB_High.jpg\",\"datePublished\":\"2023-11-08T13:29:22+00:00\",\"dateModified\":\"2024-11-06T21:48:54+00:00\",\"breadcrumb\":{\"@id\":\"https:\/\/lartusihome.com\/et\/toode\/eva-mixing-bowl-2l-17cm-green\/#breadcrumb\"},\"inLanguage\":\"et\",\"potentialAction\":[{\"@type\":\"ReadAction\",\"target\":[\"https:\/\/lartusihome.com\/et\/toode\/eva-mixing-bowl-2l-17cm-green\/\"]}]},{\"@type\":\"ImageObject\",\"inLanguage\":\"et\",\"@id\":\"https:\/\/lartusihome.com\/et\/toode\/eva-mixing-bowl-2l-17cm-green\/#primaryimage\",\"url\":\"https:\/\/lartusihome.com\/wp-content\/uploads\/2023\/09\/530423__Eva_mixing_bowl_2l_angle_Emerald_Green_aRGB_High.jpg\",\"contentUrl\":\"https:\/\/lartusihome.com\/wp-content\/uploads\/2023\/09\/530423__Eva_mixing_bowl_2l_angle_Emerald_Green_aRGB_High.jpg\",\"width\":2000,\"height\":2000},{\"@type\":\"BreadcrumbList\",\"@id\":\"https:\/\/lartusihome.com\/et\/toode\/eva-mixing-bowl-2l-17cm-green\/#breadcrumb\",\"itemListElement\":[{\"@type\":\"ListItem\",\"position\":1,\"name\":\"Home\",\"item\":\"https:\/\/lartusihome.com\/et\/\"},{\"@type\":\"ListItem\",\"position\":2,\"name\":\"Pood\",\"item\":\"https:\/\/lartusihome.com\/et\/pood\/\"},{\"@type\":\"ListItem\",\"position\":3,\"name\":\"Eva kauss 2l\/17cm, roheline\"}]},{\"@type\":\"WebSite\",\"@id\":\"https:\/\/lartusihome.com\/et\/#website\",\"url\":\"https:\/\/lartusihome.com\/et\/\",\"name\":\"Lartusihome.com\",\"description\":\"Kodu \/ sisustus\",\"potentialAction\":[{\"@type\":\"SearchAction\",\"target\":{\"@type\":\"EntryPoint\",\"urlTemplate\":\"https:\/\/lartusihome.com\/et\/?s={search_term_string}\"},\"query-input\":{\"@type\":\"PropertyValueSpecification\",\"valueRequired\":true,\"valueName\":\"search_term_string\"}}],\"inLanguage\":\"et\"}]}<\/script>\n<!-- \/ Yoast SEO plugin. -->","yoast_head_json":{"title":"Eva kauss 2l\/17cm, roheline - Lartusihome.com","robots":{"index":"index","follow":"follow","max-snippet":"max-snippet:-1","max-image-preview":"max-image-preview:large","max-video-preview":"max-video-preview:-1"},"canonical":"https:\/\/lartusihome.com\/et\/toode\/eva-mixing-bowl-2l-17cm-green\/","og_locale":"et_EE","og_type":"article","og_title":"Eva kauss 2l\/17cm, roheline - Lartusihome.com","og_description":"Talub s\u00fcgavk\u00fclma, mikrolaineahju, n\u00f5udepesumasinat ja kuni 100\u2070C Plastik, kumm Pikkus: 20,4 cm Laius: 17,2 cm K\u00f5rgus: 13,1 cm","og_url":"https:\/\/lartusihome.com\/et\/toode\/eva-mixing-bowl-2l-17cm-green\/","og_site_name":"Lartusihome.com","article_publisher":"https:\/\/www.facebook.com\/lartusihome\/","article_modified_time":"2024-11-06T21:48:54+00:00","og_image":[{"width":2000,"height":2000,"url":"https:\/\/lartusihome.com\/wp-content\/uploads\/2023\/09\/530423__Eva_mixing_bowl_2l_angle_Emerald_Green_aRGB_High.jpg","type":"image\/jpeg"}],"twitter_card":"summary_large_image","twitter_misc":{"Est. reading time":"1 minut"},"schema":{"@context":"https:\/\/schema.org","@graph":[{"@type":"WebPage","@id":"https:\/\/lartusihome.com\/et\/toode\/eva-mixing-bowl-2l-17cm-green\/","url":"https:\/\/lartusihome.com\/et\/toode\/eva-mixing-bowl-2l-17cm-green\/","name":"Eva kauss 2l\/17cm, roheline - Lartusihome.com","isPartOf":{"@id":"https:\/\/lartusihome.com\/et\/#website"},"primaryImageOfPage":{"@id":"https:\/\/lartusihome.com\/et\/toode\/eva-mixing-bowl-2l-17cm-green\/#primaryimage"},"image":{"@id":"https:\/\/lartusihome.com\/et\/toode\/eva-mixing-bowl-2l-17cm-green\/#primaryimage"},"thumbnailUrl":"https:\/\/lartusihome.com\/wp-content\/uploads\/2023\/09\/530423__Eva_mixing_bowl_2l_angle_Emerald_Green_aRGB_High.jpg","datePublished":"2023-11-08T13:29:22+00:00","dateModified":"2024-11-06T21:48:54+00:00","breadcrumb":{"@id":"https:\/\/lartusihome.com\/et\/toode\/eva-mixing-bowl-2l-17cm-green\/#breadcrumb"},"inLanguage":"et","potentialAction":[{"@type":"ReadAction","target":["https:\/\/lartusihome.com\/et\/toode\/eva-mixing-bowl-2l-17cm-green\/"]}]},{"@type":"ImageObject","inLanguage":"et","@id":"https:\/\/lartusihome.com\/et\/toode\/eva-mixing-bowl-2l-17cm-green\/#primaryimage","url":"https:\/\/lartusihome.com\/wp-content\/uploads\/2023\/09\/530423__Eva_mixing_bowl_2l_angle_Emerald_Green_aRGB_High.jpg","contentUrl":"https:\/\/lartusihome.com\/wp-content\/uploads\/2023\/09\/530423__Eva_mixing_bowl_2l_angle_Emerald_Green_aRGB_High.jpg","width":2000,"height":2000},{"@type":"BreadcrumbList","@id":"https:\/\/lartusihome.com\/et\/toode\/eva-mixing-bowl-2l-17cm-green\/#breadcrumb","itemListElement":[{"@type":"ListItem","position":1,"name":"Home","item":"https:\/\/lartusihome.com\/et\/"},{"@type":"ListItem","position":2,"name":"Pood","item":"https:\/\/lartusihome.com\/et\/pood\/"},{"@type":"ListItem","position":3,"name":"Eva kauss 2l\/17cm, roheline"}]},{"@type":"WebSite","@id":"https:\/\/lartusihome.com\/et\/#website","url":"https:\/\/lartusihome.com\/et\/","name":"Lartusihome.com","description":"Kodu \/ sisustus","potentialAction":[{"@type":"SearchAction","target":{"@type":"EntryPoint","urlTemplate":"https:\/\/lartusihome.com\/et\/?s={search_term_string}"},"query-input":{"@type":"PropertyValueSpecification","valueRequired":true,"valueName":"search_term_string"}}],"inLanguage":"et"}]}},"_links":{"self":[{"href":"https:\/\/lartusihome.com\/et\/wp-json\/wp\/v2\/product\/338788"}],"collection":[{"href":"https:\/\/lartusihome.com\/et\/wp-json\/wp\/v2\/product"}],"about":[{"href":"https:\/\/lartusihome.com\/et\/wp-json\/wp\/v2\/types\/product"}],"wp:featuredmedia":[{"embeddable":true,"href":"https:\/\/lartusihome.com\/et\/wp-json\/wp\/v2\/media\/338748"}],"wp:attachment":[{"href":"https:\/\/lartusihome.com\/et\/wp-json\/wp\/v2\/media?parent=338788"}],"wp:term":[{"taxonomy":"product_cat","embeddable":true,"href":"https:\/\/lartusihome.com\/et\/wp-json\/wp\/v2\/product_cat?post=338788"},{"taxonomy":"product_tag","embeddable":true,"href":"https:\/\/lartusihome.com\/et\/wp-json\/wp\/v2\/product_tag?post=338788"},{"taxonomy":"giftcard-category","embeddable":true,"href":"https:\/\/lartusihome.com\/et\/wp-json\/wp\/v2\/giftcard-category?post=338788"}],"curies":[{"name":"wp","href":"https:\/\/api.w.org\/{rel}","templated":true}]}}