{"id":335837,"date":"2023-10-19T16:05:50","date_gmt":"2023-10-19T13:05:50","guid":{"rendered":"https:\/\/lartusihome.com\/product\/standing-lamp-n1\/"},"modified":"2023-10-19T16:07:20","modified_gmt":"2023-10-19T13:07:20","slug":"standing-lamp-n1","status":"publish","type":"product","link":"https:\/\/lartusihome.com\/et\/toode\/standing-lamp-n1\/","title":{"rendered":"P\u00f5randalamp n\u00b01"},"content":{"rendered":"<p>Materjal: pulberv\u00e4rvitud metalltoru v\u00f5i messingtoru 16mm, lambipesa on messingu v\u00e4rvi, lambivari valgest klaasist, LED pirn\/poolpeegel (kaasas)<\/p>\n<p>Valgusallikas: 4W LED<\/p>\n<p>V\u00e4rvitemperatuur: K2700<\/p>\n<p>Lumen: 350<\/p>\n<p>IP reiting 20<\/p>\n<p>Energiaklass A+<\/p>\n<p>Dimmerdatav<\/p>\n<p>CE \u2013 sertifitseeritud<\/p>\n<p>Pikkus: 120 cm<\/p>\n<p>Laius: 100 cm<\/p>\n<p>K\u00f5rgus: 190 cm<\/p>\n<p>Disainer: Muller Van Severen<\/p>\n<p>&nbsp;<\/p>\n","protected":false},"excerpt":{"rendered":"<p>Materjal: pulberv\u00e4rvitud metalltoru v\u00f5i messingtoru 16mm, lambipesa on messingu v\u00e4rvi, lambivari valgest klaasist, LED pirn\/poolpeegel (kaasas) Valgusallikas: 4W LED V\u00e4rvitemperatuur: K2700 Lumen: 350 IP reiting 20 Energiaklass A+ Dimmerdatav CE \u2013 sertifitseeritud Pikkus: 120 cm Laius: 100 cm K\u00f5rgus: 190 cm Disainer: Muller Van Severen &nbsp;<\/p>\n","protected":false},"featured_media":335826,"template":"","meta":{"_acf_changed":false,"inline_featured_image":false},"product_cat":[24567,5273,3257],"product_tag":[],"giftcard-category":[],"class_list":{"0":"post-335837","1":"product","2":"type-product","3":"status-publish","4":"has-post-thumbnail","6":"product_cat-porandalambid","7":"product_cat-moobel","8":"product_cat-valgustid","9":"pa_brand-valerie_objects-et","11":"first","12":"onbackorder","13":"shipping-taxable","14":"purchasable","15":"product-type-variable"},"acf":[],"yoast_head":"<!-- This site is optimized with the Yoast SEO plugin v25.6 - https:\/\/yoast.com\/wordpress\/plugins\/seo\/ -->\n<title>P\u00f5randalamp n\u00b01 - Lartusihome.com<\/title>\n<meta name=\"robots\" content=\"index, follow, max-snippet:-1, max-image-preview:large, max-video-preview:-1\" \/>\n<link rel=\"canonical\" href=\"https:\/\/lartusihome.com\/et\/toode\/standing-lamp-n1\/\" \/>\n<meta property=\"og:locale\" content=\"et_EE\" \/>\n<meta property=\"og:type\" content=\"article\" \/>\n<meta property=\"og:title\" content=\"P\u00f5randalamp n\u00b01 - Lartusihome.com\" \/>\n<meta property=\"og:description\" content=\"Materjal: pulberv\u00e4rvitud metalltoru v\u00f5i messingtoru 16mm, lambipesa on messingu v\u00e4rvi, lambivari valgest klaasist, LED pirn\/poolpeegel (kaasas) Valgusallikas: 4W LED V\u00e4rvitemperatuur: K2700 Lumen: 350 IP reiting 20 Energiaklass A+ Dimmerdatav CE \u2013 sertifitseeritud Pikkus: 120 cm Laius: 100 cm K\u00f5rgus: 190 cm Disainer: Muller Van Severen &nbsp;\" \/>\n<meta property=\"og:url\" content=\"https:\/\/lartusihome.com\/et\/toode\/standing-lamp-n1\/\" \/>\n<meta property=\"og:site_name\" content=\"Lartusihome.com\" \/>\n<meta property=\"article:publisher\" content=\"https:\/\/www.facebook.com\/lartusihome\/\" \/>\n<meta property=\"article:modified_time\" content=\"2023-10-19T13:07:20+00:00\" \/>\n<meta property=\"og:image\" content=\"https:\/\/lartusihome.com\/wp-content\/uploads\/2023\/10\/V9015013LG_packshot.jpg\" \/>\n\t<meta property=\"og:image:width\" content=\"2000\" \/>\n\t<meta property=\"og:image:height\" content=\"2000\" \/>\n\t<meta property=\"og:image:type\" content=\"image\/jpeg\" \/>\n<meta name=\"twitter:card\" content=\"summary_large_image\" \/>\n<meta name=\"twitter:label1\" content=\"Est. reading time\" \/>\n\t<meta name=\"twitter:data1\" content=\"1 minut\" \/>\n<script type=\"application\/ld+json\" class=\"yoast-schema-graph\">{\"@context\":\"https:\/\/schema.org\",\"@graph\":[{\"@type\":\"WebPage\",\"@id\":\"https:\/\/lartusihome.com\/et\/toode\/standing-lamp-n1\/\",\"url\":\"https:\/\/lartusihome.com\/et\/toode\/standing-lamp-n1\/\",\"name\":\"P\u00f5randalamp n\u00b01 - Lartusihome.com\",\"isPartOf\":{\"@id\":\"https:\/\/lartusihome.com\/et\/#website\"},\"primaryImageOfPage\":{\"@id\":\"https:\/\/lartusihome.com\/et\/toode\/standing-lamp-n1\/#primaryimage\"},\"image\":{\"@id\":\"https:\/\/lartusihome.com\/et\/toode\/standing-lamp-n1\/#primaryimage\"},\"thumbnailUrl\":\"https:\/\/lartusihome.com\/wp-content\/uploads\/2023\/10\/V9015013LG_packshot.jpg\",\"datePublished\":\"2023-10-19T13:05:50+00:00\",\"dateModified\":\"2023-10-19T13:07:20+00:00\",\"breadcrumb\":{\"@id\":\"https:\/\/lartusihome.com\/et\/toode\/standing-lamp-n1\/#breadcrumb\"},\"inLanguage\":\"et\",\"potentialAction\":[{\"@type\":\"ReadAction\",\"target\":[\"https:\/\/lartusihome.com\/et\/toode\/standing-lamp-n1\/\"]}]},{\"@type\":\"ImageObject\",\"inLanguage\":\"et\",\"@id\":\"https:\/\/lartusihome.com\/et\/toode\/standing-lamp-n1\/#primaryimage\",\"url\":\"https:\/\/lartusihome.com\/wp-content\/uploads\/2023\/10\/V9015013LG_packshot.jpg\",\"contentUrl\":\"https:\/\/lartusihome.com\/wp-content\/uploads\/2023\/10\/V9015013LG_packshot.jpg\",\"width\":2000,\"height\":2000},{\"@type\":\"BreadcrumbList\",\"@id\":\"https:\/\/lartusihome.com\/et\/toode\/standing-lamp-n1\/#breadcrumb\",\"itemListElement\":[{\"@type\":\"ListItem\",\"position\":1,\"name\":\"Home\",\"item\":\"https:\/\/lartusihome.com\/et\/\"},{\"@type\":\"ListItem\",\"position\":2,\"name\":\"Pood\",\"item\":\"https:\/\/lartusihome.com\/et\/pood\/\"},{\"@type\":\"ListItem\",\"position\":3,\"name\":\"P\u00f5randalamp n\u00b01\"}]},{\"@type\":\"WebSite\",\"@id\":\"https:\/\/lartusihome.com\/et\/#website\",\"url\":\"https:\/\/lartusihome.com\/et\/\",\"name\":\"Lartusihome.com\",\"description\":\"Kodu \/ sisustus\",\"potentialAction\":[{\"@type\":\"SearchAction\",\"target\":{\"@type\":\"EntryPoint\",\"urlTemplate\":\"https:\/\/lartusihome.com\/et\/?s={search_term_string}\"},\"query-input\":{\"@type\":\"PropertyValueSpecification\",\"valueRequired\":true,\"valueName\":\"search_term_string\"}}],\"inLanguage\":\"et\"}]}<\/script>\n<!-- \/ Yoast SEO plugin. -->","yoast_head_json":{"title":"P\u00f5randalamp n\u00b01 - Lartusihome.com","robots":{"index":"index","follow":"follow","max-snippet":"max-snippet:-1","max-image-preview":"max-image-preview:large","max-video-preview":"max-video-preview:-1"},"canonical":"https:\/\/lartusihome.com\/et\/toode\/standing-lamp-n1\/","og_locale":"et_EE","og_type":"article","og_title":"P\u00f5randalamp n\u00b01 - Lartusihome.com","og_description":"Materjal: pulberv\u00e4rvitud metalltoru v\u00f5i messingtoru 16mm, lambipesa on messingu v\u00e4rvi, lambivari valgest klaasist, LED pirn\/poolpeegel (kaasas) Valgusallikas: 4W LED V\u00e4rvitemperatuur: K2700 Lumen: 350 IP reiting 20 Energiaklass A+ Dimmerdatav CE \u2013 sertifitseeritud Pikkus: 120 cm Laius: 100 cm K\u00f5rgus: 190 cm Disainer: Muller Van Severen &nbsp;","og_url":"https:\/\/lartusihome.com\/et\/toode\/standing-lamp-n1\/","og_site_name":"Lartusihome.com","article_publisher":"https:\/\/www.facebook.com\/lartusihome\/","article_modified_time":"2023-10-19T13:07:20+00:00","og_image":[{"width":2000,"height":2000,"url":"https:\/\/lartusihome.com\/wp-content\/uploads\/2023\/10\/V9015013LG_packshot.jpg","type":"image\/jpeg"}],"twitter_card":"summary_large_image","twitter_misc":{"Est. reading time":"1 minut"},"schema":{"@context":"https:\/\/schema.org","@graph":[{"@type":"WebPage","@id":"https:\/\/lartusihome.com\/et\/toode\/standing-lamp-n1\/","url":"https:\/\/lartusihome.com\/et\/toode\/standing-lamp-n1\/","name":"P\u00f5randalamp n\u00b01 - Lartusihome.com","isPartOf":{"@id":"https:\/\/lartusihome.com\/et\/#website"},"primaryImageOfPage":{"@id":"https:\/\/lartusihome.com\/et\/toode\/standing-lamp-n1\/#primaryimage"},"image":{"@id":"https:\/\/lartusihome.com\/et\/toode\/standing-lamp-n1\/#primaryimage"},"thumbnailUrl":"https:\/\/lartusihome.com\/wp-content\/uploads\/2023\/10\/V9015013LG_packshot.jpg","datePublished":"2023-10-19T13:05:50+00:00","dateModified":"2023-10-19T13:07:20+00:00","breadcrumb":{"@id":"https:\/\/lartusihome.com\/et\/toode\/standing-lamp-n1\/#breadcrumb"},"inLanguage":"et","potentialAction":[{"@type":"ReadAction","target":["https:\/\/lartusihome.com\/et\/toode\/standing-lamp-n1\/"]}]},{"@type":"ImageObject","inLanguage":"et","@id":"https:\/\/lartusihome.com\/et\/toode\/standing-lamp-n1\/#primaryimage","url":"https:\/\/lartusihome.com\/wp-content\/uploads\/2023\/10\/V9015013LG_packshot.jpg","contentUrl":"https:\/\/lartusihome.com\/wp-content\/uploads\/2023\/10\/V9015013LG_packshot.jpg","width":2000,"height":2000},{"@type":"BreadcrumbList","@id":"https:\/\/lartusihome.com\/et\/toode\/standing-lamp-n1\/#breadcrumb","itemListElement":[{"@type":"ListItem","position":1,"name":"Home","item":"https:\/\/lartusihome.com\/et\/"},{"@type":"ListItem","position":2,"name":"Pood","item":"https:\/\/lartusihome.com\/et\/pood\/"},{"@type":"ListItem","position":3,"name":"P\u00f5randalamp n\u00b01"}]},{"@type":"WebSite","@id":"https:\/\/lartusihome.com\/et\/#website","url":"https:\/\/lartusihome.com\/et\/","name":"Lartusihome.com","description":"Kodu \/ sisustus","potentialAction":[{"@type":"SearchAction","target":{"@type":"EntryPoint","urlTemplate":"https:\/\/lartusihome.com\/et\/?s={search_term_string}"},"query-input":{"@type":"PropertyValueSpecification","valueRequired":true,"valueName":"search_term_string"}}],"inLanguage":"et"}]}},"_links":{"self":[{"href":"https:\/\/lartusihome.com\/et\/wp-json\/wp\/v2\/product\/335837"}],"collection":[{"href":"https:\/\/lartusihome.com\/et\/wp-json\/wp\/v2\/product"}],"about":[{"href":"https:\/\/lartusihome.com\/et\/wp-json\/wp\/v2\/types\/product"}],"wp:featuredmedia":[{"embeddable":true,"href":"https:\/\/lartusihome.com\/et\/wp-json\/wp\/v2\/media\/335826"}],"wp:attachment":[{"href":"https:\/\/lartusihome.com\/et\/wp-json\/wp\/v2\/media?parent=335837"}],"wp:term":[{"taxonomy":"product_cat","embeddable":true,"href":"https:\/\/lartusihome.com\/et\/wp-json\/wp\/v2\/product_cat?post=335837"},{"taxonomy":"product_tag","embeddable":true,"href":"https:\/\/lartusihome.com\/et\/wp-json\/wp\/v2\/product_tag?post=335837"},{"taxonomy":"giftcard-category","embeddable":true,"href":"https:\/\/lartusihome.com\/et\/wp-json\/wp\/v2\/giftcard-category?post=335837"}],"curies":[{"name":"wp","href":"https:\/\/api.w.org\/{rel}","templated":true}]}}