{"id":334660,"date":"2023-10-12T17:13:58","date_gmt":"2023-10-12T14:13:58","guid":{"rendered":"https:\/\/lartusihome.com\/product\/mammoth-chair-leather\/"},"modified":"2023-10-12T17:16:37","modified_gmt":"2023-10-12T14:16:37","slug":"mammoth-chair-leather","status":"publish","type":"product","link":"https:\/\/lartusihome.com\/et\/toode\/mammoth-chair-leather\/","title":{"rendered":"Mammoth tugitool, nahk"},"content":{"rendered":"<p>See toode on saadaval rohkemates variatsioonides. Lisainfo saamiseks v\u00f5tke meiega \u00fchendust.<\/p>\n<p>Laius: 89 cm<\/p>\n<p>S\u00fcgavus: 87 cm<\/p>\n<p>K\u00f5rgus: 104 cm<\/p>\n<p>Istumisk\u00f5rgus: 35,5 cm<\/p>\n<p>FSC sertifikaadiga tamm ja tammespoon, mis on polsterdatud S\u00f8rensen Leatheri kvaliteetse keskkonnas\u00f5braliku nahaga.<\/p>\n<p>NORR11 kogu puitm\u00f6\u00f6bli valik on toodetud veep\u00f5hise lakiga. Veep\u00f5histe lakkide kasutamine tavaliste lakkide asemel v\u00e4hendab oluliselt kahjulike ainete emissiooni, parandades sise- ja v\u00e4liskliimat ning luues paremad t\u00f6\u00f6tingimused tootmisfaasis.<\/p>\n<p>N\u00e4idis Lartusi Home\u2019i esinduskaupluses: Mammoth tugitool (hele suitsutatud tamm, Savanne roheline nahk)<\/p>\n","protected":false},"excerpt":{"rendered":"<p>See toode on saadaval rohkemates variatsioonides. Lisainfo saamiseks v\u00f5tke meiega \u00fchendust. Laius: 89 cm S\u00fcgavus: 87 cm K\u00f5rgus: 104 cm Istumisk\u00f5rgus: 35,5 cm FSC sertifikaadiga tamm ja tammespoon, mis on polsterdatud S\u00f8rensen Leatheri kvaliteetse keskkonnas\u00f5braliku nahaga. NORR11 kogu puitm\u00f6\u00f6bli valik on toodetud veep\u00f5hise lakiga. Veep\u00f5histe lakkide kasutamine tavaliste lakkide asemel v\u00e4hendab oluliselt kahjulike ainete emissiooni,&hellip;<\/p>\n","protected":false},"featured_media":334645,"template":"","meta":{"_acf_changed":false,"inline_featured_image":false},"product_cat":[24476,5273,3237],"product_tag":[],"giftcard-category":[],"class_list":{"0":"post-334660","1":"product","2":"type-product","3":"status-publish","4":"has-post-thumbnail","6":"product_cat-tugitoolid","7":"product_cat-moobel","8":"product_cat-toolid","9":"pa_brand-norr11-et","10":"pa_collection-mammoth","11":"pa_material-black-oak-et","12":"pa_material-light-smoked-oak-et","13":"pa_material-dark-smoked-oak-et","14":"pa_material-natural-oak","16":"first","17":"onbackorder","18":"shipping-taxable","19":"purchasable","20":"product-type-variable"},"acf":[],"yoast_head":"<!-- This site is optimized with the Yoast SEO plugin v25.6 - https:\/\/yoast.com\/wordpress\/plugins\/seo\/ -->\n<title>Mammoth tugitool, nahk - Lartusihome.com<\/title>\n<meta name=\"robots\" content=\"index, follow, max-snippet:-1, max-image-preview:large, max-video-preview:-1\" \/>\n<link rel=\"canonical\" href=\"https:\/\/lartusihome.com\/et\/toode\/mammoth-chair-leather\/\" \/>\n<meta property=\"og:locale\" content=\"et_EE\" \/>\n<meta property=\"og:type\" content=\"article\" \/>\n<meta property=\"og:title\" content=\"Mammoth tugitool, nahk - Lartusihome.com\" \/>\n<meta property=\"og:description\" content=\"See toode on saadaval rohkemates variatsioonides. Lisainfo saamiseks v\u00f5tke meiega \u00fchendust. Laius: 89 cm S\u00fcgavus: 87 cm K\u00f5rgus: 104 cm Istumisk\u00f5rgus: 35,5 cm FSC sertifikaadiga tamm ja tammespoon, mis on polsterdatud S\u00f8rensen Leatheri kvaliteetse keskkonnas\u00f5braliku nahaga. NORR11 kogu puitm\u00f6\u00f6bli valik on toodetud veep\u00f5hise lakiga. Veep\u00f5histe lakkide kasutamine tavaliste lakkide asemel v\u00e4hendab oluliselt kahjulike ainete emissiooni,&hellip;\" \/>\n<meta property=\"og:url\" content=\"https:\/\/lartusihome.com\/et\/toode\/mammoth-chair-leather\/\" \/>\n<meta property=\"og:site_name\" content=\"Lartusihome.com\" \/>\n<meta property=\"article:publisher\" content=\"https:\/\/www.facebook.com\/lartusihome\/\" \/>\n<meta property=\"article:modified_time\" content=\"2023-10-12T14:16:37+00:00\" \/>\n<meta property=\"og:image\" content=\"https:\/\/lartusihome.com\/wp-content\/uploads\/2023\/10\/NORR11Mammoth_ChairDunes_Cognac_-_21000Oak_Light_Smoked.jpg\" \/>\n\t<meta property=\"og:image:width\" content=\"2000\" \/>\n\t<meta property=\"og:image:height\" content=\"2000\" \/>\n\t<meta property=\"og:image:type\" content=\"image\/jpeg\" \/>\n<meta name=\"twitter:card\" content=\"summary_large_image\" \/>\n<meta name=\"twitter:label1\" content=\"Est. reading time\" \/>\n\t<meta name=\"twitter:data1\" content=\"1 minut\" \/>\n<script type=\"application\/ld+json\" class=\"yoast-schema-graph\">{\"@context\":\"https:\/\/schema.org\",\"@graph\":[{\"@type\":\"WebPage\",\"@id\":\"https:\/\/lartusihome.com\/et\/toode\/mammoth-chair-leather\/\",\"url\":\"https:\/\/lartusihome.com\/et\/toode\/mammoth-chair-leather\/\",\"name\":\"Mammoth tugitool, nahk - Lartusihome.com\",\"isPartOf\":{\"@id\":\"https:\/\/lartusihome.com\/et\/#website\"},\"primaryImageOfPage\":{\"@id\":\"https:\/\/lartusihome.com\/et\/toode\/mammoth-chair-leather\/#primaryimage\"},\"image\":{\"@id\":\"https:\/\/lartusihome.com\/et\/toode\/mammoth-chair-leather\/#primaryimage\"},\"thumbnailUrl\":\"https:\/\/lartusihome.com\/wp-content\/uploads\/2023\/10\/NORR11Mammoth_ChairDunes_Cognac_-_21000Oak_Light_Smoked.jpg\",\"datePublished\":\"2023-10-12T14:13:58+00:00\",\"dateModified\":\"2023-10-12T14:16:37+00:00\",\"breadcrumb\":{\"@id\":\"https:\/\/lartusihome.com\/et\/toode\/mammoth-chair-leather\/#breadcrumb\"},\"inLanguage\":\"et\",\"potentialAction\":[{\"@type\":\"ReadAction\",\"target\":[\"https:\/\/lartusihome.com\/et\/toode\/mammoth-chair-leather\/\"]}]},{\"@type\":\"ImageObject\",\"inLanguage\":\"et\",\"@id\":\"https:\/\/lartusihome.com\/et\/toode\/mammoth-chair-leather\/#primaryimage\",\"url\":\"https:\/\/lartusihome.com\/wp-content\/uploads\/2023\/10\/NORR11Mammoth_ChairDunes_Cognac_-_21000Oak_Light_Smoked.jpg\",\"contentUrl\":\"https:\/\/lartusihome.com\/wp-content\/uploads\/2023\/10\/NORR11Mammoth_ChairDunes_Cognac_-_21000Oak_Light_Smoked.jpg\",\"width\":2000,\"height\":2000},{\"@type\":\"BreadcrumbList\",\"@id\":\"https:\/\/lartusihome.com\/et\/toode\/mammoth-chair-leather\/#breadcrumb\",\"itemListElement\":[{\"@type\":\"ListItem\",\"position\":1,\"name\":\"Home\",\"item\":\"https:\/\/lartusihome.com\/et\/\"},{\"@type\":\"ListItem\",\"position\":2,\"name\":\"Pood\",\"item\":\"https:\/\/lartusihome.com\/et\/pood\/\"},{\"@type\":\"ListItem\",\"position\":3,\"name\":\"Mammoth tugitool, nahk\"}]},{\"@type\":\"WebSite\",\"@id\":\"https:\/\/lartusihome.com\/et\/#website\",\"url\":\"https:\/\/lartusihome.com\/et\/\",\"name\":\"Lartusihome.com\",\"description\":\"Kodu \/ sisustus\",\"potentialAction\":[{\"@type\":\"SearchAction\",\"target\":{\"@type\":\"EntryPoint\",\"urlTemplate\":\"https:\/\/lartusihome.com\/et\/?s={search_term_string}\"},\"query-input\":{\"@type\":\"PropertyValueSpecification\",\"valueRequired\":true,\"valueName\":\"search_term_string\"}}],\"inLanguage\":\"et\"}]}<\/script>\n<!-- \/ Yoast SEO plugin. -->","yoast_head_json":{"title":"Mammoth tugitool, nahk - Lartusihome.com","robots":{"index":"index","follow":"follow","max-snippet":"max-snippet:-1","max-image-preview":"max-image-preview:large","max-video-preview":"max-video-preview:-1"},"canonical":"https:\/\/lartusihome.com\/et\/toode\/mammoth-chair-leather\/","og_locale":"et_EE","og_type":"article","og_title":"Mammoth tugitool, nahk - Lartusihome.com","og_description":"See toode on saadaval rohkemates variatsioonides. Lisainfo saamiseks v\u00f5tke meiega \u00fchendust. Laius: 89 cm S\u00fcgavus: 87 cm K\u00f5rgus: 104 cm Istumisk\u00f5rgus: 35,5 cm FSC sertifikaadiga tamm ja tammespoon, mis on polsterdatud S\u00f8rensen Leatheri kvaliteetse keskkonnas\u00f5braliku nahaga. NORR11 kogu puitm\u00f6\u00f6bli valik on toodetud veep\u00f5hise lakiga. Veep\u00f5histe lakkide kasutamine tavaliste lakkide asemel v\u00e4hendab oluliselt kahjulike ainete emissiooni,&hellip;","og_url":"https:\/\/lartusihome.com\/et\/toode\/mammoth-chair-leather\/","og_site_name":"Lartusihome.com","article_publisher":"https:\/\/www.facebook.com\/lartusihome\/","article_modified_time":"2023-10-12T14:16:37+00:00","og_image":[{"width":2000,"height":2000,"url":"https:\/\/lartusihome.com\/wp-content\/uploads\/2023\/10\/NORR11Mammoth_ChairDunes_Cognac_-_21000Oak_Light_Smoked.jpg","type":"image\/jpeg"}],"twitter_card":"summary_large_image","twitter_misc":{"Est. reading time":"1 minut"},"schema":{"@context":"https:\/\/schema.org","@graph":[{"@type":"WebPage","@id":"https:\/\/lartusihome.com\/et\/toode\/mammoth-chair-leather\/","url":"https:\/\/lartusihome.com\/et\/toode\/mammoth-chair-leather\/","name":"Mammoth tugitool, nahk - Lartusihome.com","isPartOf":{"@id":"https:\/\/lartusihome.com\/et\/#website"},"primaryImageOfPage":{"@id":"https:\/\/lartusihome.com\/et\/toode\/mammoth-chair-leather\/#primaryimage"},"image":{"@id":"https:\/\/lartusihome.com\/et\/toode\/mammoth-chair-leather\/#primaryimage"},"thumbnailUrl":"https:\/\/lartusihome.com\/wp-content\/uploads\/2023\/10\/NORR11Mammoth_ChairDunes_Cognac_-_21000Oak_Light_Smoked.jpg","datePublished":"2023-10-12T14:13:58+00:00","dateModified":"2023-10-12T14:16:37+00:00","breadcrumb":{"@id":"https:\/\/lartusihome.com\/et\/toode\/mammoth-chair-leather\/#breadcrumb"},"inLanguage":"et","potentialAction":[{"@type":"ReadAction","target":["https:\/\/lartusihome.com\/et\/toode\/mammoth-chair-leather\/"]}]},{"@type":"ImageObject","inLanguage":"et","@id":"https:\/\/lartusihome.com\/et\/toode\/mammoth-chair-leather\/#primaryimage","url":"https:\/\/lartusihome.com\/wp-content\/uploads\/2023\/10\/NORR11Mammoth_ChairDunes_Cognac_-_21000Oak_Light_Smoked.jpg","contentUrl":"https:\/\/lartusihome.com\/wp-content\/uploads\/2023\/10\/NORR11Mammoth_ChairDunes_Cognac_-_21000Oak_Light_Smoked.jpg","width":2000,"height":2000},{"@type":"BreadcrumbList","@id":"https:\/\/lartusihome.com\/et\/toode\/mammoth-chair-leather\/#breadcrumb","itemListElement":[{"@type":"ListItem","position":1,"name":"Home","item":"https:\/\/lartusihome.com\/et\/"},{"@type":"ListItem","position":2,"name":"Pood","item":"https:\/\/lartusihome.com\/et\/pood\/"},{"@type":"ListItem","position":3,"name":"Mammoth tugitool, nahk"}]},{"@type":"WebSite","@id":"https:\/\/lartusihome.com\/et\/#website","url":"https:\/\/lartusihome.com\/et\/","name":"Lartusihome.com","description":"Kodu \/ sisustus","potentialAction":[{"@type":"SearchAction","target":{"@type":"EntryPoint","urlTemplate":"https:\/\/lartusihome.com\/et\/?s={search_term_string}"},"query-input":{"@type":"PropertyValueSpecification","valueRequired":true,"valueName":"search_term_string"}}],"inLanguage":"et"}]}},"_links":{"self":[{"href":"https:\/\/lartusihome.com\/et\/wp-json\/wp\/v2\/product\/334660"}],"collection":[{"href":"https:\/\/lartusihome.com\/et\/wp-json\/wp\/v2\/product"}],"about":[{"href":"https:\/\/lartusihome.com\/et\/wp-json\/wp\/v2\/types\/product"}],"wp:featuredmedia":[{"embeddable":true,"href":"https:\/\/lartusihome.com\/et\/wp-json\/wp\/v2\/media\/334645"}],"wp:attachment":[{"href":"https:\/\/lartusihome.com\/et\/wp-json\/wp\/v2\/media?parent=334660"}],"wp:term":[{"taxonomy":"product_cat","embeddable":true,"href":"https:\/\/lartusihome.com\/et\/wp-json\/wp\/v2\/product_cat?post=334660"},{"taxonomy":"product_tag","embeddable":true,"href":"https:\/\/lartusihome.com\/et\/wp-json\/wp\/v2\/product_tag?post=334660"},{"taxonomy":"giftcard-category","embeddable":true,"href":"https:\/\/lartusihome.com\/et\/wp-json\/wp\/v2\/giftcard-category?post=334660"}],"curies":[{"name":"wp","href":"https:\/\/api.w.org\/{rel}","templated":true}]}}