{"id":332884,"date":"2023-10-02T17:17:49","date_gmt":"2023-10-02T14:17:49","guid":{"rendered":"https:\/\/lartusihome.com\/product\/bottle-grinder-small-2pcs\/"},"modified":"2024-12-01T20:58:03","modified_gmt":"2024-12-01T18:58:03","slug":"bottle-grinder-small-2pcs","status":"publish","type":"product","link":"https:\/\/lartusihome.com\/et\/toode\/bottle-grinder-small-2pcs\/","title":{"rendered":"Bottle veskid, v\u00e4ikesed, 2tk"},"content":{"rendered":"<p id=\"tw-target-text\" class=\"tw-data-text tw-text-large tw-ta\" dir=\"ltr\" data-placeholder=\"T\u00f5lge\" data-ved=\"2ahUKEwjV1rDw_taBAxX7FhAIHdwYDmUQ3ewLegQIBhAQ\"><span class=\"Y2IQFc\" lang=\"et\">plastik, silikoon, keraamiline jahvatusmehhanism ja p\u00f6\u00f6k v\u00f5i p\u00e4hkel <\/span><\/p>\n<p class=\"tw-data-text tw-text-large tw-ta\" dir=\"ltr\" data-placeholder=\"T\u00f5lge\" data-ved=\"2ahUKEwjV1rDw_taBAxX7FhAIHdwYDmUQ3ewLegQIBhAQ\"><span class=\"Y2IQFc\" lang=\"et\">k\u00f5rgus: 11,5 cm <\/span><\/p>\n<p class=\"tw-data-text tw-text-large tw-ta\" dir=\"ltr\" data-placeholder=\"T\u00f5lge\" data-ved=\"2ahUKEwjV1rDw_taBAxX7FhAIHdwYDmUQ3ewLegQIBhAQ\"><span class=\"Y2IQFc\" lang=\"et\">\u00d8: 6,8 cm <\/span><\/p>\n<p class=\"tw-data-text tw-text-large tw-ta\" dir=\"ltr\" data-placeholder=\"T\u00f5lge\" data-ved=\"2ahUKEwjV1rDw_taBAxX7FhAIHdwYDmUQ3ewLegQIBhAQ\"><span class=\"Y2IQFc\" lang=\"et\">mahutavus: 1 dl <\/span><\/p>\n<p class=\"tw-data-text tw-text-large tw-ta\" dir=\"ltr\" data-placeholder=\"T\u00f5lge\" data-ved=\"2ahUKEwjV1rDw_taBAxX7FhAIHdwYDmUQ3ewLegQIBhAQ\"><span class=\"Y2IQFc\" lang=\"et\">Disainer: Norm Architects<\/span><\/p>\n","protected":false},"excerpt":{"rendered":"<p>plastik, silikoon, keraamiline jahvatusmehhanism ja p\u00f6\u00f6k v\u00f5i p\u00e4hkel k\u00f5rgus: 11,5 cm \u00d8: 6,8 cm mahutavus: 1 dl Disainer: Norm Architects<\/p>\n","protected":false},"featured_media":332877,"template":"","meta":{"_acf_changed":false,"inline_featured_image":false},"product_cat":[3588,13196],"product_tag":[],"giftcard-category":[],"class_list":{"0":"post-332884","1":"product","2":"type-product","3":"status-publish","4":"has-post-thumbnail","6":"product_cat-kook","7":"product_cat-veskid","8":"pa_brand-menu","9":"pa_collection-bottle","11":"first","12":"instock","13":"shipping-taxable","14":"purchasable","15":"product-type-variable"},"acf":[],"yoast_head":"<!-- This site is optimized with the Yoast SEO plugin v25.6 - https:\/\/yoast.com\/wordpress\/plugins\/seo\/ -->\n<title>Bottle veskid, v\u00e4ikesed, 2tk - Lartusihome.com<\/title>\n<meta name=\"robots\" content=\"index, follow, max-snippet:-1, max-image-preview:large, max-video-preview:-1\" \/>\n<link rel=\"canonical\" href=\"https:\/\/lartusihome.com\/et\/toode\/bottle-grinder-small-2pcs\/\" \/>\n<meta property=\"og:locale\" content=\"et_EE\" \/>\n<meta property=\"og:type\" content=\"article\" \/>\n<meta property=\"og:title\" content=\"Bottle veskid, v\u00e4ikesed, 2tk - Lartusihome.com\" \/>\n<meta property=\"og:description\" content=\"plastik, silikoon, keraamiline jahvatusmehhanism ja p\u00f6\u00f6k v\u00f5i p\u00e4hkel k\u00f5rgus: 11,5 cm \u00d8: 6,8 cm mahutavus: 1 dl Disainer: Norm Architects\" \/>\n<meta property=\"og:url\" content=\"https:\/\/lartusihome.com\/et\/toode\/bottle-grinder-small-2pcs\/\" \/>\n<meta property=\"og:site_name\" content=\"Lartusihome.com\" \/>\n<meta property=\"article:publisher\" content=\"https:\/\/www.facebook.com\/lartusihome\/\" \/>\n<meta property=\"article:modified_time\" content=\"2024-12-01T18:58:03+00:00\" \/>\n<meta property=\"og:image\" content=\"https:\/\/lartusihome.com\/wp-content\/uploads\/2023\/10\/4413399_Bottle_Grinder_Beech_Lidt_Ash_Carbon_Front2.jpg\" \/>\n\t<meta property=\"og:image:width\" content=\"2000\" \/>\n\t<meta property=\"og:image:height\" content=\"2000\" \/>\n\t<meta property=\"og:image:type\" content=\"image\/jpeg\" \/>\n<meta name=\"twitter:card\" content=\"summary_large_image\" \/>\n<meta name=\"twitter:label1\" content=\"Est. reading time\" \/>\n\t<meta name=\"twitter:data1\" content=\"1 minut\" \/>\n<script type=\"application\/ld+json\" class=\"yoast-schema-graph\">{\"@context\":\"https:\/\/schema.org\",\"@graph\":[{\"@type\":\"WebPage\",\"@id\":\"https:\/\/lartusihome.com\/et\/toode\/bottle-grinder-small-2pcs\/\",\"url\":\"https:\/\/lartusihome.com\/et\/toode\/bottle-grinder-small-2pcs\/\",\"name\":\"Bottle veskid, v\u00e4ikesed, 2tk - Lartusihome.com\",\"isPartOf\":{\"@id\":\"https:\/\/lartusihome.com\/et\/#website\"},\"primaryImageOfPage\":{\"@id\":\"https:\/\/lartusihome.com\/et\/toode\/bottle-grinder-small-2pcs\/#primaryimage\"},\"image\":{\"@id\":\"https:\/\/lartusihome.com\/et\/toode\/bottle-grinder-small-2pcs\/#primaryimage\"},\"thumbnailUrl\":\"https:\/\/lartusihome.com\/wp-content\/uploads\/2023\/10\/4413399_Bottle_Grinder_Beech_Lidt_Ash_Carbon_Front2.jpg\",\"datePublished\":\"2023-10-02T14:17:49+00:00\",\"dateModified\":\"2024-12-01T18:58:03+00:00\",\"breadcrumb\":{\"@id\":\"https:\/\/lartusihome.com\/et\/toode\/bottle-grinder-small-2pcs\/#breadcrumb\"},\"inLanguage\":\"et\",\"potentialAction\":[{\"@type\":\"ReadAction\",\"target\":[\"https:\/\/lartusihome.com\/et\/toode\/bottle-grinder-small-2pcs\/\"]}]},{\"@type\":\"ImageObject\",\"inLanguage\":\"et\",\"@id\":\"https:\/\/lartusihome.com\/et\/toode\/bottle-grinder-small-2pcs\/#primaryimage\",\"url\":\"https:\/\/lartusihome.com\/wp-content\/uploads\/2023\/10\/4413399_Bottle_Grinder_Beech_Lidt_Ash_Carbon_Front2.jpg\",\"contentUrl\":\"https:\/\/lartusihome.com\/wp-content\/uploads\/2023\/10\/4413399_Bottle_Grinder_Beech_Lidt_Ash_Carbon_Front2.jpg\",\"width\":2000,\"height\":2000},{\"@type\":\"BreadcrumbList\",\"@id\":\"https:\/\/lartusihome.com\/et\/toode\/bottle-grinder-small-2pcs\/#breadcrumb\",\"itemListElement\":[{\"@type\":\"ListItem\",\"position\":1,\"name\":\"Home\",\"item\":\"https:\/\/lartusihome.com\/et\/\"},{\"@type\":\"ListItem\",\"position\":2,\"name\":\"Pood\",\"item\":\"https:\/\/lartusihome.com\/et\/pood\/\"},{\"@type\":\"ListItem\",\"position\":3,\"name\":\"Bottle veskid, v\u00e4ikesed, 2tk\"}]},{\"@type\":\"WebSite\",\"@id\":\"https:\/\/lartusihome.com\/et\/#website\",\"url\":\"https:\/\/lartusihome.com\/et\/\",\"name\":\"Lartusihome.com\",\"description\":\"Kodu \/ sisustus\",\"potentialAction\":[{\"@type\":\"SearchAction\",\"target\":{\"@type\":\"EntryPoint\",\"urlTemplate\":\"https:\/\/lartusihome.com\/et\/?s={search_term_string}\"},\"query-input\":{\"@type\":\"PropertyValueSpecification\",\"valueRequired\":true,\"valueName\":\"search_term_string\"}}],\"inLanguage\":\"et\"}]}<\/script>\n<!-- \/ Yoast SEO plugin. -->","yoast_head_json":{"title":"Bottle veskid, v\u00e4ikesed, 2tk - Lartusihome.com","robots":{"index":"index","follow":"follow","max-snippet":"max-snippet:-1","max-image-preview":"max-image-preview:large","max-video-preview":"max-video-preview:-1"},"canonical":"https:\/\/lartusihome.com\/et\/toode\/bottle-grinder-small-2pcs\/","og_locale":"et_EE","og_type":"article","og_title":"Bottle veskid, v\u00e4ikesed, 2tk - Lartusihome.com","og_description":"plastik, silikoon, keraamiline jahvatusmehhanism ja p\u00f6\u00f6k v\u00f5i p\u00e4hkel k\u00f5rgus: 11,5 cm \u00d8: 6,8 cm mahutavus: 1 dl Disainer: Norm Architects","og_url":"https:\/\/lartusihome.com\/et\/toode\/bottle-grinder-small-2pcs\/","og_site_name":"Lartusihome.com","article_publisher":"https:\/\/www.facebook.com\/lartusihome\/","article_modified_time":"2024-12-01T18:58:03+00:00","og_image":[{"width":2000,"height":2000,"url":"https:\/\/lartusihome.com\/wp-content\/uploads\/2023\/10\/4413399_Bottle_Grinder_Beech_Lidt_Ash_Carbon_Front2.jpg","type":"image\/jpeg"}],"twitter_card":"summary_large_image","twitter_misc":{"Est. reading time":"1 minut"},"schema":{"@context":"https:\/\/schema.org","@graph":[{"@type":"WebPage","@id":"https:\/\/lartusihome.com\/et\/toode\/bottle-grinder-small-2pcs\/","url":"https:\/\/lartusihome.com\/et\/toode\/bottle-grinder-small-2pcs\/","name":"Bottle veskid, v\u00e4ikesed, 2tk - Lartusihome.com","isPartOf":{"@id":"https:\/\/lartusihome.com\/et\/#website"},"primaryImageOfPage":{"@id":"https:\/\/lartusihome.com\/et\/toode\/bottle-grinder-small-2pcs\/#primaryimage"},"image":{"@id":"https:\/\/lartusihome.com\/et\/toode\/bottle-grinder-small-2pcs\/#primaryimage"},"thumbnailUrl":"https:\/\/lartusihome.com\/wp-content\/uploads\/2023\/10\/4413399_Bottle_Grinder_Beech_Lidt_Ash_Carbon_Front2.jpg","datePublished":"2023-10-02T14:17:49+00:00","dateModified":"2024-12-01T18:58:03+00:00","breadcrumb":{"@id":"https:\/\/lartusihome.com\/et\/toode\/bottle-grinder-small-2pcs\/#breadcrumb"},"inLanguage":"et","potentialAction":[{"@type":"ReadAction","target":["https:\/\/lartusihome.com\/et\/toode\/bottle-grinder-small-2pcs\/"]}]},{"@type":"ImageObject","inLanguage":"et","@id":"https:\/\/lartusihome.com\/et\/toode\/bottle-grinder-small-2pcs\/#primaryimage","url":"https:\/\/lartusihome.com\/wp-content\/uploads\/2023\/10\/4413399_Bottle_Grinder_Beech_Lidt_Ash_Carbon_Front2.jpg","contentUrl":"https:\/\/lartusihome.com\/wp-content\/uploads\/2023\/10\/4413399_Bottle_Grinder_Beech_Lidt_Ash_Carbon_Front2.jpg","width":2000,"height":2000},{"@type":"BreadcrumbList","@id":"https:\/\/lartusihome.com\/et\/toode\/bottle-grinder-small-2pcs\/#breadcrumb","itemListElement":[{"@type":"ListItem","position":1,"name":"Home","item":"https:\/\/lartusihome.com\/et\/"},{"@type":"ListItem","position":2,"name":"Pood","item":"https:\/\/lartusihome.com\/et\/pood\/"},{"@type":"ListItem","position":3,"name":"Bottle veskid, v\u00e4ikesed, 2tk"}]},{"@type":"WebSite","@id":"https:\/\/lartusihome.com\/et\/#website","url":"https:\/\/lartusihome.com\/et\/","name":"Lartusihome.com","description":"Kodu \/ sisustus","potentialAction":[{"@type":"SearchAction","target":{"@type":"EntryPoint","urlTemplate":"https:\/\/lartusihome.com\/et\/?s={search_term_string}"},"query-input":{"@type":"PropertyValueSpecification","valueRequired":true,"valueName":"search_term_string"}}],"inLanguage":"et"}]}},"_links":{"self":[{"href":"https:\/\/lartusihome.com\/et\/wp-json\/wp\/v2\/product\/332884"}],"collection":[{"href":"https:\/\/lartusihome.com\/et\/wp-json\/wp\/v2\/product"}],"about":[{"href":"https:\/\/lartusihome.com\/et\/wp-json\/wp\/v2\/types\/product"}],"wp:featuredmedia":[{"embeddable":true,"href":"https:\/\/lartusihome.com\/et\/wp-json\/wp\/v2\/media\/332877"}],"wp:attachment":[{"href":"https:\/\/lartusihome.com\/et\/wp-json\/wp\/v2\/media?parent=332884"}],"wp:term":[{"taxonomy":"product_cat","embeddable":true,"href":"https:\/\/lartusihome.com\/et\/wp-json\/wp\/v2\/product_cat?post=332884"},{"taxonomy":"product_tag","embeddable":true,"href":"https:\/\/lartusihome.com\/et\/wp-json\/wp\/v2\/product_tag?post=332884"},{"taxonomy":"giftcard-category","embeddable":true,"href":"https:\/\/lartusihome.com\/et\/wp-json\/wp\/v2\/giftcard-category?post=332884"}],"curies":[{"name":"wp","href":"https:\/\/api.w.org\/{rel}","templated":true}]}}