{"id":332168,"date":"2023-09-22T16:30:56","date_gmt":"2023-09-22T13:30:56","guid":{"rendered":"https:\/\/lartusihome.com\/product\/ginger-lime-diffuser\/"},"modified":"2025-05-11T20:00:44","modified_gmt":"2025-05-11T17:00:44","slug":"ginger-lime-diffuser","status":"publish","type":"product","link":"https:\/\/lartusihome.com\/et\/toode\/ginger-lime-diffuser\/","title":{"rendered":"Ginger Lime ruumil\u00f5hnastaja"},"content":{"rendered":"<p>laim, sidrun, ingver, vetiver, valge pipar, eebenipuu ja guajak<\/p>\n<p>L\u00f5hna heaks hajutamiseks soovitame:<\/p>\n<p>5\u201310 ruutmeetri suurustele ruumidele* 1 v\u00f5i 2 250 ml pudelit<br \/>\n10\u201320 ruutmeetri suurustele ruumidele* 1 v\u00f5i 2 500 ml pudelit<br \/>\n20\u201330 ruutmeetri suurustele ruumidele* 1 v\u00f5i 2 1250 ml pudelit<\/p>\n<p>*(soovitatav valik on arvestatud lae k\u00f5rgusele 3 m kuni 4,50 m)<\/p>\n<p>P\u00f5hi (\u00d8) x k\u00f5rgus (cm):<\/p>\n<p>100 ml: 5,6 x 11,7<br \/>\n250 ml: 7,4 x 15,2<br \/>\n500 ml: 9,1 x 19<br \/>\n1250 ml: 12 x 24<\/p>\n<p>K\u00f5rgus pulkadega:<\/p>\n<p>100 ml: 17 cm<br \/>\n250 ml: 34 cm<br \/>\n500 ml: 40 cm<br \/>\n1250 ml: 54 cm<\/p>\n","protected":false},"excerpt":{"rendered":"<p>laim, sidrun, ingver, vetiver, valge pipar, eebenipuu ja guajak L\u00f5hna heaks hajutamiseks soovitame: 5\u201310 ruutmeetri suurustele ruumidele* 1 v\u00f5i 2 250 ml pudelit 10\u201320 ruutmeetri suurustele ruumidele* 1 v\u00f5i 2 500 ml pudelit 20\u201330 ruutmeetri suurustele ruumidele* 1 v\u00f5i 2 1250 ml pudelit *(soovitatav valik on arvestatud lae k\u00f5rgusele 3 m kuni 4,50 m) P\u00f5hi&hellip;<\/p>\n","protected":false},"featured_media":331981,"template":"","meta":{"_acf_changed":false,"inline_featured_image":false},"product_cat":[25352,25354,4365],"product_tag":[],"giftcard-category":[],"class_list":{"0":"post-332168","1":"product","2":"type-product","3":"status-publish","4":"has-post-thumbnail","6":"product_cat-kodulohnad","7":"product_cat-ruumilohnastajad","8":"product_cat-aksessuaarid","9":"pa_brand-dr-vranjes","11":"first","12":"instock","13":"shipping-taxable","14":"purchasable","15":"product-type-variable"},"acf":[],"yoast_head":"<!-- This site is optimized with the Yoast SEO plugin v25.6 - https:\/\/yoast.com\/wordpress\/plugins\/seo\/ -->\n<title>Ginger Lime ruumil\u00f5hnastaja - Lartusihome.com<\/title>\n<meta name=\"robots\" content=\"index, follow, max-snippet:-1, max-image-preview:large, max-video-preview:-1\" \/>\n<link rel=\"canonical\" href=\"https:\/\/lartusihome.com\/et\/toode\/ginger-lime-diffuser\/\" \/>\n<meta property=\"og:locale\" content=\"et_EE\" \/>\n<meta property=\"og:type\" content=\"article\" \/>\n<meta property=\"og:title\" content=\"Ginger Lime ruumil\u00f5hnastaja - Lartusihome.com\" \/>\n<meta property=\"og:description\" content=\"laim, sidrun, ingver, vetiver, valge pipar, eebenipuu ja guajak L\u00f5hna heaks hajutamiseks soovitame: 5\u201310 ruutmeetri suurustele ruumidele* 1 v\u00f5i 2 250 ml pudelit 10\u201320 ruutmeetri suurustele ruumidele* 1 v\u00f5i 2 500 ml pudelit 20\u201330 ruutmeetri suurustele ruumidele* 1 v\u00f5i 2 1250 ml pudelit *(soovitatav valik on arvestatud lae k\u00f5rgusele 3 m kuni 4,50 m) P\u00f5hi&hellip;\" \/>\n<meta property=\"og:url\" content=\"https:\/\/lartusihome.com\/et\/toode\/ginger-lime-diffuser\/\" \/>\n<meta property=\"og:site_name\" content=\"Lartusihome.com\" \/>\n<meta property=\"article:publisher\" content=\"https:\/\/www.facebook.com\/lartusihome\/\" \/>\n<meta property=\"article:modified_time\" content=\"2025-05-11T17:00:44+00:00\" \/>\n<meta property=\"og:image\" content=\"https:\/\/lartusihome.com\/wp-content\/uploads\/2023\/09\/gingerlime-rl-1024x1024.jpg\" \/>\n\t<meta property=\"og:image:width\" content=\"1024\" \/>\n\t<meta property=\"og:image:height\" content=\"1024\" \/>\n\t<meta property=\"og:image:type\" content=\"image\/jpeg\" \/>\n<meta name=\"twitter:card\" content=\"summary_large_image\" \/>\n<meta name=\"twitter:label1\" content=\"Est. reading time\" \/>\n\t<meta name=\"twitter:data1\" content=\"1 minut\" \/>\n<script type=\"application\/ld+json\" class=\"yoast-schema-graph\">{\"@context\":\"https:\/\/schema.org\",\"@graph\":[{\"@type\":\"WebPage\",\"@id\":\"https:\/\/lartusihome.com\/et\/toode\/ginger-lime-diffuser\/\",\"url\":\"https:\/\/lartusihome.com\/et\/toode\/ginger-lime-diffuser\/\",\"name\":\"Ginger Lime ruumil\u00f5hnastaja - Lartusihome.com\",\"isPartOf\":{\"@id\":\"https:\/\/lartusihome.com\/et\/#website\"},\"primaryImageOfPage\":{\"@id\":\"https:\/\/lartusihome.com\/et\/toode\/ginger-lime-diffuser\/#primaryimage\"},\"image\":{\"@id\":\"https:\/\/lartusihome.com\/et\/toode\/ginger-lime-diffuser\/#primaryimage\"},\"thumbnailUrl\":\"https:\/\/lartusihome.com\/wp-content\/uploads\/2023\/09\/gingerlime-rl.jpg\",\"datePublished\":\"2023-09-22T13:30:56+00:00\",\"dateModified\":\"2025-05-11T17:00:44+00:00\",\"breadcrumb\":{\"@id\":\"https:\/\/lartusihome.com\/et\/toode\/ginger-lime-diffuser\/#breadcrumb\"},\"inLanguage\":\"et\",\"potentialAction\":[{\"@type\":\"ReadAction\",\"target\":[\"https:\/\/lartusihome.com\/et\/toode\/ginger-lime-diffuser\/\"]}]},{\"@type\":\"ImageObject\",\"inLanguage\":\"et\",\"@id\":\"https:\/\/lartusihome.com\/et\/toode\/ginger-lime-diffuser\/#primaryimage\",\"url\":\"https:\/\/lartusihome.com\/wp-content\/uploads\/2023\/09\/gingerlime-rl.jpg\",\"contentUrl\":\"https:\/\/lartusihome.com\/wp-content\/uploads\/2023\/09\/gingerlime-rl.jpg\",\"width\":2000,\"height\":2000},{\"@type\":\"BreadcrumbList\",\"@id\":\"https:\/\/lartusihome.com\/et\/toode\/ginger-lime-diffuser\/#breadcrumb\",\"itemListElement\":[{\"@type\":\"ListItem\",\"position\":1,\"name\":\"Home\",\"item\":\"https:\/\/lartusihome.com\/et\/\"},{\"@type\":\"ListItem\",\"position\":2,\"name\":\"Pood\",\"item\":\"https:\/\/lartusihome.com\/et\/pood\/\"},{\"@type\":\"ListItem\",\"position\":3,\"name\":\"Ginger Lime ruumil\u00f5hnastaja\"}]},{\"@type\":\"WebSite\",\"@id\":\"https:\/\/lartusihome.com\/et\/#website\",\"url\":\"https:\/\/lartusihome.com\/et\/\",\"name\":\"Lartusihome.com\",\"description\":\"Kodu \/ sisustus\",\"potentialAction\":[{\"@type\":\"SearchAction\",\"target\":{\"@type\":\"EntryPoint\",\"urlTemplate\":\"https:\/\/lartusihome.com\/et\/?s={search_term_string}\"},\"query-input\":{\"@type\":\"PropertyValueSpecification\",\"valueRequired\":true,\"valueName\":\"search_term_string\"}}],\"inLanguage\":\"et\"}]}<\/script>\n<!-- \/ Yoast SEO plugin. -->","yoast_head_json":{"title":"Ginger Lime ruumil\u00f5hnastaja - Lartusihome.com","robots":{"index":"index","follow":"follow","max-snippet":"max-snippet:-1","max-image-preview":"max-image-preview:large","max-video-preview":"max-video-preview:-1"},"canonical":"https:\/\/lartusihome.com\/et\/toode\/ginger-lime-diffuser\/","og_locale":"et_EE","og_type":"article","og_title":"Ginger Lime ruumil\u00f5hnastaja - Lartusihome.com","og_description":"laim, sidrun, ingver, vetiver, valge pipar, eebenipuu ja guajak L\u00f5hna heaks hajutamiseks soovitame: 5\u201310 ruutmeetri suurustele ruumidele* 1 v\u00f5i 2 250 ml pudelit 10\u201320 ruutmeetri suurustele ruumidele* 1 v\u00f5i 2 500 ml pudelit 20\u201330 ruutmeetri suurustele ruumidele* 1 v\u00f5i 2 1250 ml pudelit *(soovitatav valik on arvestatud lae k\u00f5rgusele 3 m kuni 4,50 m) P\u00f5hi&hellip;","og_url":"https:\/\/lartusihome.com\/et\/toode\/ginger-lime-diffuser\/","og_site_name":"Lartusihome.com","article_publisher":"https:\/\/www.facebook.com\/lartusihome\/","article_modified_time":"2025-05-11T17:00:44+00:00","og_image":[{"width":1024,"height":1024,"url":"https:\/\/lartusihome.com\/wp-content\/uploads\/2023\/09\/gingerlime-rl-1024x1024.jpg","type":"image\/jpeg"}],"twitter_card":"summary_large_image","twitter_misc":{"Est. reading time":"1 minut"},"schema":{"@context":"https:\/\/schema.org","@graph":[{"@type":"WebPage","@id":"https:\/\/lartusihome.com\/et\/toode\/ginger-lime-diffuser\/","url":"https:\/\/lartusihome.com\/et\/toode\/ginger-lime-diffuser\/","name":"Ginger Lime ruumil\u00f5hnastaja - Lartusihome.com","isPartOf":{"@id":"https:\/\/lartusihome.com\/et\/#website"},"primaryImageOfPage":{"@id":"https:\/\/lartusihome.com\/et\/toode\/ginger-lime-diffuser\/#primaryimage"},"image":{"@id":"https:\/\/lartusihome.com\/et\/toode\/ginger-lime-diffuser\/#primaryimage"},"thumbnailUrl":"https:\/\/lartusihome.com\/wp-content\/uploads\/2023\/09\/gingerlime-rl.jpg","datePublished":"2023-09-22T13:30:56+00:00","dateModified":"2025-05-11T17:00:44+00:00","breadcrumb":{"@id":"https:\/\/lartusihome.com\/et\/toode\/ginger-lime-diffuser\/#breadcrumb"},"inLanguage":"et","potentialAction":[{"@type":"ReadAction","target":["https:\/\/lartusihome.com\/et\/toode\/ginger-lime-diffuser\/"]}]},{"@type":"ImageObject","inLanguage":"et","@id":"https:\/\/lartusihome.com\/et\/toode\/ginger-lime-diffuser\/#primaryimage","url":"https:\/\/lartusihome.com\/wp-content\/uploads\/2023\/09\/gingerlime-rl.jpg","contentUrl":"https:\/\/lartusihome.com\/wp-content\/uploads\/2023\/09\/gingerlime-rl.jpg","width":2000,"height":2000},{"@type":"BreadcrumbList","@id":"https:\/\/lartusihome.com\/et\/toode\/ginger-lime-diffuser\/#breadcrumb","itemListElement":[{"@type":"ListItem","position":1,"name":"Home","item":"https:\/\/lartusihome.com\/et\/"},{"@type":"ListItem","position":2,"name":"Pood","item":"https:\/\/lartusihome.com\/et\/pood\/"},{"@type":"ListItem","position":3,"name":"Ginger Lime ruumil\u00f5hnastaja"}]},{"@type":"WebSite","@id":"https:\/\/lartusihome.com\/et\/#website","url":"https:\/\/lartusihome.com\/et\/","name":"Lartusihome.com","description":"Kodu \/ sisustus","potentialAction":[{"@type":"SearchAction","target":{"@type":"EntryPoint","urlTemplate":"https:\/\/lartusihome.com\/et\/?s={search_term_string}"},"query-input":{"@type":"PropertyValueSpecification","valueRequired":true,"valueName":"search_term_string"}}],"inLanguage":"et"}]}},"_links":{"self":[{"href":"https:\/\/lartusihome.com\/et\/wp-json\/wp\/v2\/product\/332168"}],"collection":[{"href":"https:\/\/lartusihome.com\/et\/wp-json\/wp\/v2\/product"}],"about":[{"href":"https:\/\/lartusihome.com\/et\/wp-json\/wp\/v2\/types\/product"}],"wp:featuredmedia":[{"embeddable":true,"href":"https:\/\/lartusihome.com\/et\/wp-json\/wp\/v2\/media\/331981"}],"wp:attachment":[{"href":"https:\/\/lartusihome.com\/et\/wp-json\/wp\/v2\/media?parent=332168"}],"wp:term":[{"taxonomy":"product_cat","embeddable":true,"href":"https:\/\/lartusihome.com\/et\/wp-json\/wp\/v2\/product_cat?post=332168"},{"taxonomy":"product_tag","embeddable":true,"href":"https:\/\/lartusihome.com\/et\/wp-json\/wp\/v2\/product_tag?post=332168"},{"taxonomy":"giftcard-category","embeddable":true,"href":"https:\/\/lartusihome.com\/et\/wp-json\/wp\/v2\/giftcard-category?post=332168"}],"curies":[{"name":"wp","href":"https:\/\/api.w.org\/{rel}","templated":true}]}}