{"id":329987,"date":"2023-09-06T14:47:48","date_gmt":"2023-09-06T11:47:48","guid":{"rendered":"https:\/\/lartusihome.com\/product\/eave-modular-sofa-86-open-section-audo-boucle\/"},"modified":"2023-09-06T14:49:39","modified_gmt":"2023-09-06T11:49:39","slug":"eave-modular-sofa-86-open-section-audo-boucle","status":"publish","type":"product","link":"https:\/\/lartusihome.com\/et\/toode\/eave-modular-sofa-86-open-section-audo-boucle\/","title":{"rendered":"Eave mooduldiivan 86, avatud osa, Audo boucle"},"content":{"rendered":"<p>Materjalid: PU vaht, 100% granuleeritud pol\u00fcprop\u00fcleen (jalad), kangan\u00e4idised saadaval Lartusi Home esinduskaupluses<\/p>\n<p>Moodulid kinnitatakse \u00fcksteise k\u00fclge reguleeritavate konksudega (komplektis kaasas)<\/p>\n<p>k\u00f5rgus: 70,5 cm<\/p>\n<p>laius: 75 cm<\/p>\n<p>s\u00fcgavus: 86 cm<\/p>\n<p>istumisk\u00f5rgus: 40,5 cm<\/p>\n<p>Disainer: Norm Architects<\/p>\n<p>N\u00e4idised Lartusi Home esinduskaupluses: parem nurk, avatud osa, tumba (k\u00f5ik kangaga Dedar Lupo \u2013 Beige)<\/p>\n","protected":false},"excerpt":{"rendered":"<p>Materjalid: PU vaht, 100% granuleeritud pol\u00fcprop\u00fcleen (jalad), kangan\u00e4idised saadaval Lartusi Home esinduskaupluses Moodulid kinnitatakse \u00fcksteise k\u00fclge reguleeritavate konksudega (komplektis kaasas) k\u00f5rgus: 70,5 cm laius: 75 cm s\u00fcgavus: 86 cm istumisk\u00f5rgus: 40,5 cm Disainer: Norm Architects N\u00e4idised Lartusi Home esinduskaupluses: parem nurk, avatud osa, tumba (k\u00f5ik kangaga Dedar Lupo \u2013 Beige)<\/p>\n","protected":false},"featured_media":329994,"template":"","meta":{"_acf_changed":false,"inline_featured_image":false},"product_cat":[24472,5273,3237],"product_tag":[],"giftcard-category":[],"class_list":{"0":"post-329987","1":"product","2":"type-product","3":"status-publish","4":"has-post-thumbnail","6":"product_cat-diivanid","7":"product_cat-moobel","8":"product_cat-toolid","9":"pa_brand-menu","10":"pa_collection-eave","12":"first","13":"outofstock","14":"shipping-taxable","15":"purchasable","16":"product-type-variable"},"acf":[],"yoast_head":"<!-- This site is optimized with the Yoast SEO plugin v25.6 - https:\/\/yoast.com\/wordpress\/plugins\/seo\/ -->\n<title>Eave mooduldiivan 86, avatud osa, Audo boucle - Lartusihome.com<\/title>\n<meta name=\"robots\" content=\"index, follow, max-snippet:-1, max-image-preview:large, max-video-preview:-1\" \/>\n<link rel=\"canonical\" href=\"https:\/\/lartusihome.com\/et\/toode\/eave-modular-sofa-86-open-section-audo-boucle\/\" \/>\n<meta property=\"og:locale\" content=\"et_EE\" \/>\n<meta property=\"og:type\" content=\"article\" \/>\n<meta property=\"og:title\" content=\"Eave mooduldiivan 86, avatud osa, Audo boucle - Lartusihome.com\" \/>\n<meta property=\"og:description\" content=\"Materjalid: PU vaht, 100% granuleeritud pol\u00fcprop\u00fcleen (jalad), kangan\u00e4idised saadaval Lartusi Home esinduskaupluses Moodulid kinnitatakse \u00fcksteise k\u00fclge reguleeritavate konksudega (komplektis kaasas) k\u00f5rgus: 70,5 cm laius: 75 cm s\u00fcgavus: 86 cm istumisk\u00f5rgus: 40,5 cm Disainer: Norm Architects N\u00e4idised Lartusi Home esinduskaupluses: parem nurk, avatud osa, tumba (k\u00f5ik kangaga Dedar Lupo \u2013 Beige)\" \/>\n<meta property=\"og:url\" content=\"https:\/\/lartusihome.com\/et\/toode\/eave-modular-sofa-86-open-section-audo-boucle\/\" \/>\n<meta property=\"og:site_name\" content=\"Lartusihome.com\" \/>\n<meta property=\"article:publisher\" content=\"https:\/\/www.facebook.com\/lartusihome\/\" \/>\n<meta property=\"article:modified_time\" content=\"2023-09-06T11:49:39+00:00\" \/>\n<meta property=\"og:image\" content=\"https:\/\/lartusihome.com\/wp-content\/uploads\/2023\/09\/9962120-000300ZZ_Eave_Modular_Sofa_86_open_Section_Boucl02_Front.jpg\" \/>\n\t<meta property=\"og:image:width\" content=\"2000\" \/>\n\t<meta property=\"og:image:height\" content=\"2000\" \/>\n\t<meta property=\"og:image:type\" content=\"image\/jpeg\" \/>\n<meta name=\"twitter:card\" content=\"summary_large_image\" \/>\n<meta name=\"twitter:label1\" content=\"Est. reading time\" \/>\n\t<meta name=\"twitter:data1\" content=\"1 minut\" \/>\n<script type=\"application\/ld+json\" class=\"yoast-schema-graph\">{\"@context\":\"https:\/\/schema.org\",\"@graph\":[{\"@type\":\"WebPage\",\"@id\":\"https:\/\/lartusihome.com\/et\/toode\/eave-modular-sofa-86-open-section-audo-boucle\/\",\"url\":\"https:\/\/lartusihome.com\/et\/toode\/eave-modular-sofa-86-open-section-audo-boucle\/\",\"name\":\"Eave mooduldiivan 86, avatud osa, Audo boucle - Lartusihome.com\",\"isPartOf\":{\"@id\":\"https:\/\/lartusihome.com\/et\/#website\"},\"primaryImageOfPage\":{\"@id\":\"https:\/\/lartusihome.com\/et\/toode\/eave-modular-sofa-86-open-section-audo-boucle\/#primaryimage\"},\"image\":{\"@id\":\"https:\/\/lartusihome.com\/et\/toode\/eave-modular-sofa-86-open-section-audo-boucle\/#primaryimage\"},\"thumbnailUrl\":\"https:\/\/lartusihome.com\/wp-content\/uploads\/2023\/09\/9962120-000300ZZ_Eave_Modular_Sofa_86_open_Section_Boucl02_Front2.jpg\",\"datePublished\":\"2023-09-06T11:47:48+00:00\",\"dateModified\":\"2023-09-06T11:49:39+00:00\",\"breadcrumb\":{\"@id\":\"https:\/\/lartusihome.com\/et\/toode\/eave-modular-sofa-86-open-section-audo-boucle\/#breadcrumb\"},\"inLanguage\":\"et\",\"potentialAction\":[{\"@type\":\"ReadAction\",\"target\":[\"https:\/\/lartusihome.com\/et\/toode\/eave-modular-sofa-86-open-section-audo-boucle\/\"]}]},{\"@type\":\"ImageObject\",\"inLanguage\":\"et\",\"@id\":\"https:\/\/lartusihome.com\/et\/toode\/eave-modular-sofa-86-open-section-audo-boucle\/#primaryimage\",\"url\":\"https:\/\/lartusihome.com\/wp-content\/uploads\/2023\/09\/9962120-000300ZZ_Eave_Modular_Sofa_86_open_Section_Boucl02_Front2.jpg\",\"contentUrl\":\"https:\/\/lartusihome.com\/wp-content\/uploads\/2023\/09\/9962120-000300ZZ_Eave_Modular_Sofa_86_open_Section_Boucl02_Front2.jpg\",\"width\":2000,\"height\":2000},{\"@type\":\"BreadcrumbList\",\"@id\":\"https:\/\/lartusihome.com\/et\/toode\/eave-modular-sofa-86-open-section-audo-boucle\/#breadcrumb\",\"itemListElement\":[{\"@type\":\"ListItem\",\"position\":1,\"name\":\"Home\",\"item\":\"https:\/\/lartusihome.com\/et\/\"},{\"@type\":\"ListItem\",\"position\":2,\"name\":\"Pood\",\"item\":\"https:\/\/lartusihome.com\/et\/pood\/\"},{\"@type\":\"ListItem\",\"position\":3,\"name\":\"Eave mooduldiivan 86, avatud osa, Audo boucle\"}]},{\"@type\":\"WebSite\",\"@id\":\"https:\/\/lartusihome.com\/et\/#website\",\"url\":\"https:\/\/lartusihome.com\/et\/\",\"name\":\"Lartusihome.com\",\"description\":\"Kodu \/ sisustus\",\"potentialAction\":[{\"@type\":\"SearchAction\",\"target\":{\"@type\":\"EntryPoint\",\"urlTemplate\":\"https:\/\/lartusihome.com\/et\/?s={search_term_string}\"},\"query-input\":{\"@type\":\"PropertyValueSpecification\",\"valueRequired\":true,\"valueName\":\"search_term_string\"}}],\"inLanguage\":\"et\"}]}<\/script>\n<!-- \/ Yoast SEO plugin. -->","yoast_head_json":{"title":"Eave mooduldiivan 86, avatud osa, Audo boucle - Lartusihome.com","robots":{"index":"index","follow":"follow","max-snippet":"max-snippet:-1","max-image-preview":"max-image-preview:large","max-video-preview":"max-video-preview:-1"},"canonical":"https:\/\/lartusihome.com\/et\/toode\/eave-modular-sofa-86-open-section-audo-boucle\/","og_locale":"et_EE","og_type":"article","og_title":"Eave mooduldiivan 86, avatud osa, Audo boucle - Lartusihome.com","og_description":"Materjalid: PU vaht, 100% granuleeritud pol\u00fcprop\u00fcleen (jalad), kangan\u00e4idised saadaval Lartusi Home esinduskaupluses Moodulid kinnitatakse \u00fcksteise k\u00fclge reguleeritavate konksudega (komplektis kaasas) k\u00f5rgus: 70,5 cm laius: 75 cm s\u00fcgavus: 86 cm istumisk\u00f5rgus: 40,5 cm Disainer: Norm Architects N\u00e4idised Lartusi Home esinduskaupluses: parem nurk, avatud osa, tumba (k\u00f5ik kangaga Dedar Lupo \u2013 Beige)","og_url":"https:\/\/lartusihome.com\/et\/toode\/eave-modular-sofa-86-open-section-audo-boucle\/","og_site_name":"Lartusihome.com","article_publisher":"https:\/\/www.facebook.com\/lartusihome\/","article_modified_time":"2023-09-06T11:49:39+00:00","og_image":[{"width":2000,"height":2000,"url":"https:\/\/lartusihome.com\/wp-content\/uploads\/2023\/09\/9962120-000300ZZ_Eave_Modular_Sofa_86_open_Section_Boucl02_Front.jpg","type":"image\/jpeg"}],"twitter_card":"summary_large_image","twitter_misc":{"Est. reading time":"1 minut"},"schema":{"@context":"https:\/\/schema.org","@graph":[{"@type":"WebPage","@id":"https:\/\/lartusihome.com\/et\/toode\/eave-modular-sofa-86-open-section-audo-boucle\/","url":"https:\/\/lartusihome.com\/et\/toode\/eave-modular-sofa-86-open-section-audo-boucle\/","name":"Eave mooduldiivan 86, avatud osa, Audo boucle - Lartusihome.com","isPartOf":{"@id":"https:\/\/lartusihome.com\/et\/#website"},"primaryImageOfPage":{"@id":"https:\/\/lartusihome.com\/et\/toode\/eave-modular-sofa-86-open-section-audo-boucle\/#primaryimage"},"image":{"@id":"https:\/\/lartusihome.com\/et\/toode\/eave-modular-sofa-86-open-section-audo-boucle\/#primaryimage"},"thumbnailUrl":"https:\/\/lartusihome.com\/wp-content\/uploads\/2023\/09\/9962120-000300ZZ_Eave_Modular_Sofa_86_open_Section_Boucl02_Front2.jpg","datePublished":"2023-09-06T11:47:48+00:00","dateModified":"2023-09-06T11:49:39+00:00","breadcrumb":{"@id":"https:\/\/lartusihome.com\/et\/toode\/eave-modular-sofa-86-open-section-audo-boucle\/#breadcrumb"},"inLanguage":"et","potentialAction":[{"@type":"ReadAction","target":["https:\/\/lartusihome.com\/et\/toode\/eave-modular-sofa-86-open-section-audo-boucle\/"]}]},{"@type":"ImageObject","inLanguage":"et","@id":"https:\/\/lartusihome.com\/et\/toode\/eave-modular-sofa-86-open-section-audo-boucle\/#primaryimage","url":"https:\/\/lartusihome.com\/wp-content\/uploads\/2023\/09\/9962120-000300ZZ_Eave_Modular_Sofa_86_open_Section_Boucl02_Front2.jpg","contentUrl":"https:\/\/lartusihome.com\/wp-content\/uploads\/2023\/09\/9962120-000300ZZ_Eave_Modular_Sofa_86_open_Section_Boucl02_Front2.jpg","width":2000,"height":2000},{"@type":"BreadcrumbList","@id":"https:\/\/lartusihome.com\/et\/toode\/eave-modular-sofa-86-open-section-audo-boucle\/#breadcrumb","itemListElement":[{"@type":"ListItem","position":1,"name":"Home","item":"https:\/\/lartusihome.com\/et\/"},{"@type":"ListItem","position":2,"name":"Pood","item":"https:\/\/lartusihome.com\/et\/pood\/"},{"@type":"ListItem","position":3,"name":"Eave mooduldiivan 86, avatud osa, Audo boucle"}]},{"@type":"WebSite","@id":"https:\/\/lartusihome.com\/et\/#website","url":"https:\/\/lartusihome.com\/et\/","name":"Lartusihome.com","description":"Kodu \/ sisustus","potentialAction":[{"@type":"SearchAction","target":{"@type":"EntryPoint","urlTemplate":"https:\/\/lartusihome.com\/et\/?s={search_term_string}"},"query-input":{"@type":"PropertyValueSpecification","valueRequired":true,"valueName":"search_term_string"}}],"inLanguage":"et"}]}},"_links":{"self":[{"href":"https:\/\/lartusihome.com\/et\/wp-json\/wp\/v2\/product\/329987"}],"collection":[{"href":"https:\/\/lartusihome.com\/et\/wp-json\/wp\/v2\/product"}],"about":[{"href":"https:\/\/lartusihome.com\/et\/wp-json\/wp\/v2\/types\/product"}],"wp:featuredmedia":[{"embeddable":true,"href":"https:\/\/lartusihome.com\/et\/wp-json\/wp\/v2\/media\/329994"}],"wp:attachment":[{"href":"https:\/\/lartusihome.com\/et\/wp-json\/wp\/v2\/media?parent=329987"}],"wp:term":[{"taxonomy":"product_cat","embeddable":true,"href":"https:\/\/lartusihome.com\/et\/wp-json\/wp\/v2\/product_cat?post=329987"},{"taxonomy":"product_tag","embeddable":true,"href":"https:\/\/lartusihome.com\/et\/wp-json\/wp\/v2\/product_tag?post=329987"},{"taxonomy":"giftcard-category","embeddable":true,"href":"https:\/\/lartusihome.com\/et\/wp-json\/wp\/v2\/giftcard-category?post=329987"}],"curies":[{"name":"wp","href":"https:\/\/api.w.org\/{rel}","templated":true}]}}