{"id":329658,"date":"2023-09-05T12:20:44","date_gmt":"2023-09-05T09:20:44","guid":{"rendered":"https:\/\/lartusihome.com\/product\/sky-ice-bucket-with-tongs\/"},"modified":"2024-03-11T13:59:45","modified_gmt":"2024-03-11T11:59:45","slug":"sky-ice-bucket-with-tongs","status":"publish","type":"product","link":"https:\/\/lartusihome.com\/et\/toode\/sky-ice-bucket-with-tongs\/","title":{"rendered":"Sky j\u00e4\u00e4n\u00f5u tangidega"},"content":{"rendered":"<p>roostevaba teras<\/p>\n<p>k\u00f5rgus: 15 cm<\/p>\n<p>laius: 17 cm<\/p>\n","protected":false},"excerpt":{"rendered":"<p>roostevaba teras k\u00f5rgus: 15 cm laius: 17 cm<\/p>\n","protected":false},"featured_media":329606,"template":"","meta":{"_acf_changed":false,"inline_featured_image":false},"product_cat":[25290,3588,310],"product_tag":[],"giftcard-category":[],"class_list":{"0":"post-329658","1":"product","2":"type-product","3":"status-publish","4":"has-post-thumbnail","6":"product_cat-kuulerid","7":"product_cat-kook","8":"product_cat-baaritarvikud","9":"pa_brand-georg-jensen-et","10":"pa_collection-sky","12":"first","13":"outofstock","14":"shipping-taxable","15":"purchasable","16":"product-type-simple"},"acf":[],"yoast_head":"<!-- This site is optimized with the Yoast SEO plugin v25.6 - https:\/\/yoast.com\/wordpress\/plugins\/seo\/ -->\n<title>Sky j\u00e4\u00e4n\u00f5u tangidega - Lartusihome.com<\/title>\n<meta name=\"robots\" content=\"index, follow, max-snippet:-1, max-image-preview:large, max-video-preview:-1\" \/>\n<link rel=\"canonical\" href=\"https:\/\/lartusihome.com\/et\/toode\/sky-ice-bucket-with-tongs\/\" \/>\n<meta property=\"og:locale\" content=\"et_EE\" \/>\n<meta property=\"og:type\" content=\"article\" \/>\n<meta property=\"og:title\" content=\"Sky j\u00e4\u00e4n\u00f5u tangidega - Lartusihome.com\" \/>\n<meta property=\"og:description\" content=\"roostevaba teras k\u00f5rgus: 15 cm laius: 17 cm\" \/>\n<meta property=\"og:url\" content=\"https:\/\/lartusihome.com\/et\/toode\/sky-ice-bucket-with-tongs\/\" \/>\n<meta property=\"og:site_name\" content=\"Lartusihome.com\" \/>\n<meta property=\"article:publisher\" content=\"https:\/\/www.facebook.com\/lartusihome\/\" \/>\n<meta property=\"article:modified_time\" content=\"2024-03-11T11:59:45+00:00\" \/>\n<meta property=\"og:image\" content=\"https:\/\/lartusihome.com\/wp-content\/uploads\/2023\/09\/3586375_SKY_ICE_BUCKET_AND_ICE_TONG-1024x1024.jpg\" \/>\n\t<meta property=\"og:image:width\" content=\"1024\" \/>\n\t<meta property=\"og:image:height\" content=\"1024\" \/>\n\t<meta property=\"og:image:type\" content=\"image\/jpeg\" \/>\n<meta name=\"twitter:card\" content=\"summary_large_image\" \/>\n<meta name=\"twitter:label1\" content=\"Est. reading time\" \/>\n\t<meta name=\"twitter:data1\" content=\"1 minut\" \/>\n<script type=\"application\/ld+json\" class=\"yoast-schema-graph\">{\"@context\":\"https:\/\/schema.org\",\"@graph\":[{\"@type\":\"WebPage\",\"@id\":\"https:\/\/lartusihome.com\/et\/toode\/sky-ice-bucket-with-tongs\/\",\"url\":\"https:\/\/lartusihome.com\/et\/toode\/sky-ice-bucket-with-tongs\/\",\"name\":\"Sky j\u00e4\u00e4n\u00f5u tangidega - Lartusihome.com\",\"isPartOf\":{\"@id\":\"https:\/\/lartusihome.com\/et\/#website\"},\"primaryImageOfPage\":{\"@id\":\"https:\/\/lartusihome.com\/et\/toode\/sky-ice-bucket-with-tongs\/#primaryimage\"},\"image\":{\"@id\":\"https:\/\/lartusihome.com\/et\/toode\/sky-ice-bucket-with-tongs\/#primaryimage\"},\"thumbnailUrl\":\"https:\/\/lartusihome.com\/wp-content\/uploads\/2023\/09\/3586375_SKY_ICE_BUCKET_AND_ICE_TONG.jpg\",\"datePublished\":\"2023-09-05T09:20:44+00:00\",\"dateModified\":\"2024-03-11T11:59:45+00:00\",\"breadcrumb\":{\"@id\":\"https:\/\/lartusihome.com\/et\/toode\/sky-ice-bucket-with-tongs\/#breadcrumb\"},\"inLanguage\":\"et\",\"potentialAction\":[{\"@type\":\"ReadAction\",\"target\":[\"https:\/\/lartusihome.com\/et\/toode\/sky-ice-bucket-with-tongs\/\"]}]},{\"@type\":\"ImageObject\",\"inLanguage\":\"et\",\"@id\":\"https:\/\/lartusihome.com\/et\/toode\/sky-ice-bucket-with-tongs\/#primaryimage\",\"url\":\"https:\/\/lartusihome.com\/wp-content\/uploads\/2023\/09\/3586375_SKY_ICE_BUCKET_AND_ICE_TONG.jpg\",\"contentUrl\":\"https:\/\/lartusihome.com\/wp-content\/uploads\/2023\/09\/3586375_SKY_ICE_BUCKET_AND_ICE_TONG.jpg\",\"width\":2000,\"height\":2000},{\"@type\":\"BreadcrumbList\",\"@id\":\"https:\/\/lartusihome.com\/et\/toode\/sky-ice-bucket-with-tongs\/#breadcrumb\",\"itemListElement\":[{\"@type\":\"ListItem\",\"position\":1,\"name\":\"Home\",\"item\":\"https:\/\/lartusihome.com\/et\/\"},{\"@type\":\"ListItem\",\"position\":2,\"name\":\"Pood\",\"item\":\"https:\/\/lartusihome.com\/et\/pood\/\"},{\"@type\":\"ListItem\",\"position\":3,\"name\":\"Sky j\u00e4\u00e4n\u00f5u tangidega\"}]},{\"@type\":\"WebSite\",\"@id\":\"https:\/\/lartusihome.com\/et\/#website\",\"url\":\"https:\/\/lartusihome.com\/et\/\",\"name\":\"Lartusihome.com\",\"description\":\"Kodu \/ sisustus\",\"potentialAction\":[{\"@type\":\"SearchAction\",\"target\":{\"@type\":\"EntryPoint\",\"urlTemplate\":\"https:\/\/lartusihome.com\/et\/?s={search_term_string}\"},\"query-input\":{\"@type\":\"PropertyValueSpecification\",\"valueRequired\":true,\"valueName\":\"search_term_string\"}}],\"inLanguage\":\"et\"}]}<\/script>\n<!-- \/ Yoast SEO plugin. -->","yoast_head_json":{"title":"Sky j\u00e4\u00e4n\u00f5u tangidega - Lartusihome.com","robots":{"index":"index","follow":"follow","max-snippet":"max-snippet:-1","max-image-preview":"max-image-preview:large","max-video-preview":"max-video-preview:-1"},"canonical":"https:\/\/lartusihome.com\/et\/toode\/sky-ice-bucket-with-tongs\/","og_locale":"et_EE","og_type":"article","og_title":"Sky j\u00e4\u00e4n\u00f5u tangidega - Lartusihome.com","og_description":"roostevaba teras k\u00f5rgus: 15 cm laius: 17 cm","og_url":"https:\/\/lartusihome.com\/et\/toode\/sky-ice-bucket-with-tongs\/","og_site_name":"Lartusihome.com","article_publisher":"https:\/\/www.facebook.com\/lartusihome\/","article_modified_time":"2024-03-11T11:59:45+00:00","og_image":[{"width":1024,"height":1024,"url":"https:\/\/lartusihome.com\/wp-content\/uploads\/2023\/09\/3586375_SKY_ICE_BUCKET_AND_ICE_TONG-1024x1024.jpg","type":"image\/jpeg"}],"twitter_card":"summary_large_image","twitter_misc":{"Est. reading time":"1 minut"},"schema":{"@context":"https:\/\/schema.org","@graph":[{"@type":"WebPage","@id":"https:\/\/lartusihome.com\/et\/toode\/sky-ice-bucket-with-tongs\/","url":"https:\/\/lartusihome.com\/et\/toode\/sky-ice-bucket-with-tongs\/","name":"Sky j\u00e4\u00e4n\u00f5u tangidega - Lartusihome.com","isPartOf":{"@id":"https:\/\/lartusihome.com\/et\/#website"},"primaryImageOfPage":{"@id":"https:\/\/lartusihome.com\/et\/toode\/sky-ice-bucket-with-tongs\/#primaryimage"},"image":{"@id":"https:\/\/lartusihome.com\/et\/toode\/sky-ice-bucket-with-tongs\/#primaryimage"},"thumbnailUrl":"https:\/\/lartusihome.com\/wp-content\/uploads\/2023\/09\/3586375_SKY_ICE_BUCKET_AND_ICE_TONG.jpg","datePublished":"2023-09-05T09:20:44+00:00","dateModified":"2024-03-11T11:59:45+00:00","breadcrumb":{"@id":"https:\/\/lartusihome.com\/et\/toode\/sky-ice-bucket-with-tongs\/#breadcrumb"},"inLanguage":"et","potentialAction":[{"@type":"ReadAction","target":["https:\/\/lartusihome.com\/et\/toode\/sky-ice-bucket-with-tongs\/"]}]},{"@type":"ImageObject","inLanguage":"et","@id":"https:\/\/lartusihome.com\/et\/toode\/sky-ice-bucket-with-tongs\/#primaryimage","url":"https:\/\/lartusihome.com\/wp-content\/uploads\/2023\/09\/3586375_SKY_ICE_BUCKET_AND_ICE_TONG.jpg","contentUrl":"https:\/\/lartusihome.com\/wp-content\/uploads\/2023\/09\/3586375_SKY_ICE_BUCKET_AND_ICE_TONG.jpg","width":2000,"height":2000},{"@type":"BreadcrumbList","@id":"https:\/\/lartusihome.com\/et\/toode\/sky-ice-bucket-with-tongs\/#breadcrumb","itemListElement":[{"@type":"ListItem","position":1,"name":"Home","item":"https:\/\/lartusihome.com\/et\/"},{"@type":"ListItem","position":2,"name":"Pood","item":"https:\/\/lartusihome.com\/et\/pood\/"},{"@type":"ListItem","position":3,"name":"Sky j\u00e4\u00e4n\u00f5u tangidega"}]},{"@type":"WebSite","@id":"https:\/\/lartusihome.com\/et\/#website","url":"https:\/\/lartusihome.com\/et\/","name":"Lartusihome.com","description":"Kodu \/ sisustus","potentialAction":[{"@type":"SearchAction","target":{"@type":"EntryPoint","urlTemplate":"https:\/\/lartusihome.com\/et\/?s={search_term_string}"},"query-input":{"@type":"PropertyValueSpecification","valueRequired":true,"valueName":"search_term_string"}}],"inLanguage":"et"}]}},"_links":{"self":[{"href":"https:\/\/lartusihome.com\/et\/wp-json\/wp\/v2\/product\/329658"}],"collection":[{"href":"https:\/\/lartusihome.com\/et\/wp-json\/wp\/v2\/product"}],"about":[{"href":"https:\/\/lartusihome.com\/et\/wp-json\/wp\/v2\/types\/product"}],"wp:featuredmedia":[{"embeddable":true,"href":"https:\/\/lartusihome.com\/et\/wp-json\/wp\/v2\/media\/329606"}],"wp:attachment":[{"href":"https:\/\/lartusihome.com\/et\/wp-json\/wp\/v2\/media?parent=329658"}],"wp:term":[{"taxonomy":"product_cat","embeddable":true,"href":"https:\/\/lartusihome.com\/et\/wp-json\/wp\/v2\/product_cat?post=329658"},{"taxonomy":"product_tag","embeddable":true,"href":"https:\/\/lartusihome.com\/et\/wp-json\/wp\/v2\/product_tag?post=329658"},{"taxonomy":"giftcard-category","embeddable":true,"href":"https:\/\/lartusihome.com\/et\/wp-json\/wp\/v2\/giftcard-category?post=329658"}],"curies":[{"name":"wp","href":"https:\/\/api.w.org\/{rel}","templated":true}]}}